{"id":5061,"date":"2025-01-08T18:30:01","date_gmt":"2025-01-08T15:30:01","guid":{"rendered":"https:\/\/blackbird-moving.com\/moving-guide-to-uk-a-seamless-relocation-with-blackbird-moving\/"},"modified":"2025-08-23T16:42:59","modified_gmt":"2025-08-23T13:42:59","slug":"birlesik-krallika-tasinma-rehberi-blackbird-moving-ile-sorunsuz-tasinma","status":"publish","type":"page","link":"https:\/\/blackbird-moving.com\/tr\/birlesik-krallika-tasinma-rehberi-blackbird-moving-ile-sorunsuz-tasinma\/","title":{"rendered":"Birle\u015fik Krall\u0131k\u2019a Ta\u015f\u0131nma Rehberi: Blackbird Moving ile Sorunsuz Ta\u015f\u0131nma"},"content":{"rendered":"\t\t<div data-elementor-type=\"wp-page\" data-elementor-id=\"5061\" class=\"elementor elementor-5061 elementor-4388\" data-elementor-post-type=\"page\">\n\t\t\t\t<div data-lqd-color-scheme=\"dark\" class=\"elementor-element elementor-element-78c2f443 e-flex e-con-boxed e-con e-parent\" data-id=\"78c2f443\" data-element_type=\"container\" data-settings=\"{&quot;background_background&quot;:&quot;slideshow&quot;,&quot;background_slideshow_gallery&quot;:[{&quot;id&quot;:4397,&quot;url&quot;:&quot;https:\\\/\\\/blackbird-moving.com\\\/wp-content\\\/uploads\\\/2025\\\/01\\\/Adsiz-tasarim-6-1.png&quot;}],&quot;background_slideshow_slide_duration&quot;:2500,&quot;background_slideshow_ken_burns&quot;:&quot;yes&quot;,&quot;background_slideshow_loop&quot;:&quot;yes&quot;,&quot;background_slideshow_slide_transition&quot;:&quot;fade&quot;,&quot;background_slideshow_transition_duration&quot;:500,&quot;background_slideshow_ken_burns_zoom_direction&quot;:&quot;in&quot;}\">\n\t\t\t\t\t<div class=\"e-con-inner\">\n\t\t<div class=\"elementor-element elementor-element-11468c53 e-con-full e-flex e-con e-child\" data-id=\"11468c53\" data-element_type=\"container\">\n\t\t\t\t<div class=\"elementor-element elementor-element-60b9deda lqd-text-tag-h1 elementor-widget elementor-widget-lqd-text\" data-id=\"60b9deda\" data-element_type=\"widget\" data-widget_type=\"lqd-text.default\" data-lqd-has-inner-animatables=\"true\">\n\t\t\t\t<div class=\"elementor-widget-container\">\n\t\t\t\t\t<h1 class=\"lqd-text-el m-0 p-0\" data-lqd-split-text-el=\"1\" data-lqd-split-type=\"words\"><span class=\"lqd-text-item relative elementor-repeater-item-6b6ba9d\"><span class=\"lqd-split-text-words inline-flex bg-inherit relative\" data-lqd-inner-animatable-el>Birle\u015fik<\/span>&nbsp;<span class=\"lqd-split-text-words inline-flex bg-inherit relative\" data-lqd-inner-animatable-el>Krall\u0131k\u2019a<\/span>&nbsp;<span class=\"lqd-split-text-words inline-flex bg-inherit relative\" data-lqd-inner-animatable-el>Ta\u015f\u0131nma<\/span>&nbsp;<span class=\"lqd-split-text-words inline-flex bg-inherit relative\" data-lqd-inner-animatable-el>Rehberi:<\/span>&nbsp;<span class=\"lqd-split-text-words inline-flex bg-inherit relative\" data-lqd-inner-animatable-el><\/span><\/span><span class=\"lqd-text-item relative elementor-repeater-item-6935af4\"><span class=\"lqd-split-text-words inline-flex bg-inherit relative\" data-lqd-inner-animatable-el>Blackbird<\/span>&nbsp;<span class=\"lqd-split-text-words inline-flex bg-inherit relative\" data-lqd-inner-animatable-el>Moving<\/span>&nbsp;<span class=\"lqd-split-text-words inline-flex bg-inherit relative\" data-lqd-inner-animatable-el>ile<\/span>&nbsp;<span class=\"lqd-split-text-words inline-flex bg-inherit relative\" data-lqd-inner-animatable-el>Sorunsuz<\/span>&nbsp;<span class=\"lqd-split-text-words inline-flex bg-inherit relative\" data-lqd-inner-animatable-el>Ta\u015f\u0131nma<\/span><\/span><\/h1>\t\t\t\t<\/div>\n\t\t\t\t<\/div>\n\t\t<style>.elementor-element-60b9deda .lqd-split-text-words {\n   transform: translate3d(0px,120px,0px) scale(3, 3) rotateX(0deg) rotateY(0deg) rotateZ(0deg) skew(0deg, 0deg);\n   opacity: 0;\n}\n<\/style><script>\n\t\twindow.liquid.behaviors.push( {\n\t\t\tdataId: \"60b9deda\",\n\t\t\tbehaviors:[\n\t\t\t\t{behaviorName:'liquidSplitText',options:{splitDoneFromBackend:true,splitType:'words'}},{behaviorName:'liquidGetElementComputedStyles',options:{includeSelf:true,getRect:true,getStyles:['position']}},{behaviorName:'liquidAdaptiveColor'},{behaviorName:'liquidGetElementComputedStyles',options:{includeSelf:true,getRect:true,addGhosts:true}},{behaviorName:'liquidAnimations',options:{domain:'inview',trigger:'ghost',duration:0.65,ease:'expo.out',stagger:{each:0.065,from:'start'},delay:0,start:'top+=30px bottom',startElementOffset:0,startViewportOffset:0,animations:[{elements:'selfAnimatables',breakpointsKeyframes:{all:{keyframes:[{scaleX:1,scaleY:1,skewX:0,skewY:0,x:'0px',y:'0px',z:'0px',rotateX:0,rotateY:0,rotateZ:0,opacity:1}]}}}]}},\n\t\t\t]\n\t\t} );\n\t\t\n\t\t\twindow.liquid.behaviors.push( {\n\t\t\t\tlayoutRegion: \"liquidPageContent\",\n\t\t\t\tbehaviors:[\n\t\t\t\t\t{behaviorName:'liquidGetElementComputedStyles',options:{includeChildren:true,includeSelf:true,getOnlyContainers:true,getStyles:['backgroundColor'],getBrightnessOf:['backgroundColor'],getRect:true}},\n\t\t\t\t]\n\t\t\t} );\n\t\t<\/script><div class=\"elementor-element elementor-element-b1113b1 e-con-full e-flex e-con e-child\" data-id=\"b1113b1\" data-element_type=\"container\">\n\t\t\t\t<\/div>\n\t\t\t\t<\/div>\n\t\t\t\t\t<\/div>\n\t\t\t\t<\/div>\n\t\t<div class=\"elementor-element elementor-element-b940aac e-flex e-con-boxed e-con e-parent\" data-id=\"b940aac\" data-element_type=\"container\">\n\t\t\t\t\t<div class=\"e-con-inner\">\n\t\t\t\t<div class=\"elementor-element elementor-element-450bdb3 guide-heading elementor-widget elementor-widget-text-editor\" data-id=\"450bdb3\" data-element_type=\"widget\" data-widget_type=\"text-editor.default\">\n\t\t\t\t<div class=\"elementor-widget-container\">\n\t\t\t\t\t\t\t\t\t<p>Birle\u015fik Krall\u0131k\u2019a Ta\u015f\u0131nmak: Yeni Hayat\u0131n\u0131za M\u00fckemmel Bir Ba\u015flang\u0131\u00e7<\/p><p>Birle\u015fik Krall\u0131k\u2019a ta\u015f\u0131nmak, yeni f\u0131rsatlar ve taze ba\u015flang\u0131\u00e7larla dolu heyecan verici bir macerad\u0131r. Ancak d\u00fcr\u00fcst olal\u0131m, bazen bunlar bunalt\u0131c\u0131 olabilir. G\u00fcmr\u00fck i\u015flemleri, paketleme ve yeni evinize yerle\u015fme aras\u0131nda s\u00fcre\u00e7 yorucu g\u00f6r\u00fcnebilir. \u0130\u015fte bu noktada g\u00fcvenilir bir ta\u015f\u0131nma \u015firketiyle \u00e7al\u0131\u015fmak devreye girer. Uluslararas\u0131 ta\u015f\u0131nma konusunda uzmanla\u015fm\u0131\u015f Blackbird Moving, bu s\u00fcre\u00e7te a\u011f\u0131r y\u00fck\u00fc\u2014hem fiziksel hem de fig\u00fcratif olarak\u2014\u00fcstlenir, b\u00f6ylece siz yeni ba\u015flang\u0131c\u0131n\u0131za odaklanabilirsiniz.<\/p><p>Birle\u015fik Krall\u0131k\u2019a ta\u015f\u0131nman\u0131z\u0131 kolayla\u015ft\u0131racak kapsaml\u0131 rehberimize g\u00f6z atal\u0131m.<\/p><h2>Neden Blackbird Moving\u2019i Se\u00e7melisiniz?<\/h2><p>Blackbird Moving olarak, ta\u015f\u0131nman\u0131z\u0131 sorunsuz ve zahmetsiz hale getirmek i\u00e7in her zaman bir ad\u0131m daha ileri gitmeye \u00f6zen g\u00f6steriyoruz. E\u015fyalar\u0131n\u0131z\u0131 sadece ta\u015f\u0131m\u0131yoruz; g\u00fcmr\u00fck i\u015flemlerini y\u00f6netmekten mobilyalar\u0131n\u0131z\u0131 monte etmeye kadar her detay\u0131 biz hallediyoruz. Y\u0131llar\u0131n deneyimiyle ta\u015f\u0131nman\u0131z\u0131 verimli, g\u00fcvenli ve en \u00f6nemlisi stressiz hale getirmeyi biliyoruz.<\/p><p>Sonu\u00e7ta, kim bu b\u00fcy\u00fck ge\u00e7i\u015f s\u0131ras\u0131nda huzur i\u00e7inde olmak istemez ki?<\/p><h3>Ta\u015f\u0131nma S\u00fcreci: Ne Beklemelisiniz?<\/h3><p>Birle\u015fik Krall\u0131k\u2019a ta\u015f\u0131nmak, dikkatli bir planlama ve s\u00fcre\u00e7lerin net bir \u015fekilde anla\u015f\u0131lmas\u0131n\u0131 gerektirir. \u0130\u015fte bilmeniz gerekenler:<\/p><p>G\u00fcmr\u00fck \u0130\u015flemlerini Y\u00f6netmek<\/p><p>G\u00fcmr\u00fck i\u015flemleri, uluslararas\u0131 ta\u015f\u0131nman\u0131n en korkutucu k\u0131sm\u0131 olabilir. Ancak Blackbird Moving yan\u0131n\u0131zda oldu\u011funda endi\u015felenmenize gerek yok. Her ad\u0131mda size rehberlik ederiz, b\u00f6ylece s\u00fcre\u00e7 sorunsuz ge\u00e7er.<\/p><h3>Birle\u015fik Krall\u0131k G\u00fcmr\u00fck D\u00fczenlemeleri<\/h3><p>Ki\u015fisel E\u015fyalar: \u00c7o\u011fu ki\u015fisel e\u015fya, ta\u015f\u0131nmadan \u00f6nce en az alt\u0131 ay boyunca sizinle birlikte oldularsa vergi muafiyetinden faydalanabilir.<br \/>K\u0131s\u0131tl\u0131 E\u015fyalar: Alkol, t\u00fct\u00fcn, ate\u015fli silahlar ve tehlikeli maddeler, \u00f6zel izinler gerektirebilir veya tamamen yasaklanm\u0131\u015f olabilir.<br \/>Gerekli Belgeler<br \/>Pasaport ve Kimlik: Kimlik do\u011frulama ve ta\u015f\u0131nma amac\u0131n\u0131z i\u00e7in gereklidir.<br \/>Envanter Listesi: Ta\u015f\u0131nacak t\u00fcm e\u015fyalar\u0131n, tahmini de\u011ferleri ile birlikte detayl\u0131 bir listesi gereklidir.<br \/>Yerle\u015fim De\u011fi\u015fikli\u011fi (ToR) Formu: Bu belge, e\u015fyalar\u0131n\u0131z\u0131n vergi muafiyetinden faydalanmas\u0131n\u0131 sa\u011flar.<br \/>ToR Ba\u015fvuru S\u00fcreci:<br \/>ToR ba\u015fvurunuzu HMRC\u2019ye g\u00f6nderin.<br \/>G\u00fcmr\u00fck i\u015flemlerini h\u0131zland\u0131rmak i\u00e7in bir referans numaras\u0131 al\u0131rs\u0131n\u0131z.<br \/>Vergiler ve G\u00fcmr\u00fck \u00dccretleri: Yeni veya ticari kullan\u0131m amac\u0131yla olan e\u015fyalar KDV veya ithalat vergilerine tabi olabilir. Do\u011fru bir envanter, beklenmeyen \u00fccretlerden ka\u00e7\u0131nman\u0131za yard\u0131mc\u0131 olabilir.<br \/>S\u00fcreci Kolayla\u015ft\u0131rmam\u0131z<\/p><p>Blackbird Moving, evrak i\u015flemlerini halleder, g\u00fcmr\u00fck yetkilileriyle takibi yapar ve ta\u015f\u0131nman\u0131z\u0131 aksatabilecek sorunlar\u0131 \u00e7\u00f6zer. K\u0131rm\u0131z\u0131 \u015ferit yok, stres yok.<\/p><h3>Ta\u015f\u0131nma Maliyetlerini Y\u00f6netmek<\/h3><p>Hadi, rakamlara bakal\u0131m. Ta\u015f\u0131nman\u0131z\u0131n maliyeti \u015funlara ba\u011fl\u0131d\u0131r:<\/p><p>E\u015fyalar\u0131n\u0131z\u0131n hacmi<br \/>Se\u00e7ti\u011finiz ta\u015f\u0131ma y\u00f6ntemi (kara, deniz veya hava)<br \/>Ta\u015f\u0131nma mesafesi<br \/>Blackbird Moving olarak, \u015feffaf fiyatland\u0131rmaya inan\u0131yoruz. Ki\u015fiye \u00f6zel se\u00e7eneklerimiz, b\u00fct\u00e7enize uygun bir plan bulman\u0131z\u0131 sa\u011flar.<\/p><p>Ta\u015f\u0131nma \u0130\u00e7in Haz\u0131rl\u0131k Yapmak<\/p><p>E\u015fyalar\u0131n\u0131z\u0131 D\u00fczenlemek<\/p><p>Biraz \u00f6n haz\u0131rl\u0131k b\u00fcy\u00fck fark yarat\u0131r:<\/p><p>Envanter Olu\u015fturun: Yan\u0131n\u0131za alaca\u011f\u0131n\u0131z e\u015fyalar\u0131 belirleyin ve geride b\u0131rakacaklar\u0131n\u0131z\u0131 se\u00e7in.<br \/>Kaliteli Paketleme Malzemeleri Kullan\u0131n: K\u0131r\u0131lgan e\u015fyalar i\u00e7in kabarc\u0131k film, k\u00f6p\u00fck ve sa\u011flam kutular gereklidir.<br \/>Profesyonellerden Yard\u0131m Al\u0131n: Blackbird Moving, e\u015fyalar\u0131n\u0131z\u0131 g\u00fcvenli ve sa\u011flam bir \u015fekilde paketlemek i\u00e7in profesyonel paketleme hizmetleri sunar.<br \/>Zaman\u0131 Verimli Y\u00f6netmek<\/p><p>Mevcut evinizdeki t\u00fcm hizmetlerin (elektrik, su, internet) iptal edildi\u011finden veya aktar\u0131ld\u0131\u011f\u0131ndan emin olun.<br \/>T\u00fcm \u00f6nemli belgeleri bir arada toplay\u0131n\u2014bize g\u00fcvenin, bu son dakika paniklerinden sizi kurtar\u0131r.<br \/>Blackbird Moving Hizmetleri<\/p><p>Uluslararas\u0131 ta\u015f\u0131nmalar i\u00e7in hepsi bir arada \u00e7\u00f6z\u00fcm sunuyoruz. \u0130\u015fte masaya getirdi\u011fimiz baz\u0131 hizmetler:<\/p><p>Kap\u0131dan Kap\u0131ya Ta\u015f\u0131nma<br \/>Mevcut evinizde paketleme i\u015fleminden, yeni evinizde a\u00e7ma i\u015flemlerine kadar her \u015fey sizin i\u00e7in haz\u0131rlan\u0131r.<br \/>Mobilya Montaj\u0131 ve S\u00f6k\u00fclmesi<br \/>B\u00fcy\u00fck mobilyalar\u0131n ta\u015f\u0131nmas\u0131 zor olabilir, ancak ekibimiz i\u00e7in de\u011fil. E\u015fyalar\u0131n\u0131z\u0131 ta\u015f\u0131madan \u00f6nce dikkatlice s\u00f6k\u00fcyoruz ve yeni evinizde montaj\u0131n\u0131 yap\u0131yoruz.<br \/>Evcil Hayvan Ta\u015f\u0131nma Hizmetleri<br \/>Evcil hayvanlar\u0131n\u0131zla m\u0131 ta\u015f\u0131n\u0131yorsunuz? Sorun de\u011fil. Evinizden yeni evinize kadar dostlar\u0131n\u0131z\u0131n g\u00fcvenli\u011fini ve konforunu sa\u011flar\u0131z.<br \/>Esnek Ta\u015f\u0131ma Se\u00e7enekleri<br \/>B\u00fct\u00e7enize ve zamanlaman\u0131za g\u00f6re kara, deniz veya hava ta\u015f\u0131mac\u0131l\u0131\u011f\u0131 se\u00e7eneklerinden birini se\u00e7ebilirsiniz.<br \/>Yeni Birle\u015fik Krall\u0131k Hayat\u0131n\u0131za Yerle\u015fmek<\/p><p>Ta\u015f\u0131nma sadece e\u015fyalar\u0131 yerle\u015ftirmekle bitmez. \u0130\u015fte uyum sa\u011flaman\u0131za yard\u0131mc\u0131 olacak birka\u00e7 ipucu:<\/p><p>Yeni Evinizde Rahat Hissetmek<br \/>Blackbird Moving, alan\u0131n\u0131z\u0131 tam istedi\u011finiz gibi organize etmeniz i\u00e7in yerle\u015ftirme hizmetleri sunar. Mobilyalar\u0131n\u0131z\u0131n yerle\u015fimini d\u00fczenlemek mi istiyorsunuz? Biz buna da yard\u0131mc\u0131 oluruz.<\/p><p>Yerel Hizmetleri Ke\u015ffetmek<\/p><p>Toplu Ta\u015f\u0131ma: Otob\u00fcsler, trenler ve metroya kolay eri\u015fim i\u00e7in Oyster Kart edinin.<br \/>Hizmet Sa\u011flay\u0131c\u0131lar\u0131: Ta\u015f\u0131nma g\u00fcn\u00fc \u00f6ncesinde t\u00fcm gerekli hizmetlerin \u00e7al\u0131\u015f\u0131r durumda oldu\u011fundan emin olun.<br \/>Toplumla Uyum Sa\u011flamak<br \/>Yerel pazarlara g\u00f6z at\u0131n, topluluk etkinliklerine kat\u0131l\u0131n ve kom\u015fular\u0131n\u0131zla tan\u0131\u015f\u0131n. Yeni bir yerinize al\u0131\u015fmak i\u00e7in ba\u011flant\u0131lar kurmak \u00f6nemlidir.<\/p><p>Ta\u015f\u0131nma Kontrol Listesi<\/p><p>Ta\u015f\u0131nma s\u00fcrecinizi basitle\u015ftirmek i\u00e7in i\u015fleri ad\u0131m ad\u0131m belirledik:<\/p><p>Ta\u015f\u0131nmadan \u00d6nce<\/p><p>Detayl\u0131 bir envanter olu\u015fturun.<br \/>T\u00fcm g\u00fcmr\u00fck belgelerini haz\u0131rlay\u0131n.<br \/>Profesyonel kalite paketleme malzemelerini temin edin.<br \/>Hizmetleri transfer edin veya iptal edin.<br \/>Ta\u015f\u0131ma g\u00fcn\u00fc i\u00e7in ula\u015f\u0131m plan\u0131 yap\u0131n.<br \/>Ta\u015f\u0131nma Sonras\u0131<\/p><p>E\u015fyalar\u0131n\u0131z\u0131n g\u00fcvenli bir \u015fekilde geldi\u011finden emin olun.<br \/>Mobilyalar\u0131n\u0131z\u0131 yeniden monte edin ve d\u00fczenleyin.<br \/>Yeni mahallenizi ke\u015ffedin.<br \/>Ta\u015f\u0131nma Zaman\u0131!<\/p><p>Blackbird Moving olarak, uluslararas\u0131 ta\u015f\u0131nmalar\u0131n\u0131z\u0131 basitle\u015ftirmeye odaklan\u0131yoruz. \u0130ster birka\u00e7 kutu, ister t\u00fcm evinizi ta\u015f\u0131yor olun, s\u00fcreci h\u0131zl\u0131, g\u00fcvenli ve stresiz hale getiriyoruz. Birle\u015fik Krall\u0131k maceran\u0131za ba\u015flamak i\u00e7in haz\u0131r m\u0131s\u0131n\u0131z?<\/p><p>Bug\u00fcn Blackbird Moving ile ileti\u015fime ge\u00e7in ve sorunsuz ta\u015f\u0131nman\u0131z\u0131 planlay\u0131n.<br \/>Birle\u015fik Krall\u0131k sizi \u00e7a\u011f\u0131r\u0131yor\u2014stresiz bir \u015fekilde oraya ula\u015fal\u0131m!<\/p>\t\t\t\t\t\t\t\t<\/div>\n\t\t\t\t<\/div>\n\t\t\t\t\t<\/div>\n\t\t\t\t<\/div>\n\t\t\t\t<\/div>\n\t\t","protected":false},"excerpt":{"rendered":"<p>Birle\u015fik&nbsp;Krall\u0131k\u2019a&nbsp;Ta\u015f\u0131nma&nbsp;Rehberi:&nbsp;Blackbird&nbsp;Moving&nbsp;ile&nbsp;Sorunsuz&nbsp;Ta\u015f\u0131nma Birle\u015fik Krall\u0131k\u2019a Ta\u015f\u0131nmak: Yeni Hayat\u0131n\u0131za M\u00fckemmel Bir Ba\u015flang\u0131\u00e7 Birle\u015fik Krall\u0131k\u2019a ta\u015f\u0131nmak, yeni f\u0131rsatlar ve taze ba\u015flang\u0131\u00e7larla dolu heyecan verici bir macerad\u0131r. Ancak d\u00fcr\u00fcst olal\u0131m, bazen bunlar bunalt\u0131c\u0131 olabilir. G\u00fcmr\u00fck i\u015flemleri, paketleme ve yeni evinize yerle\u015fme aras\u0131nda s\u00fcre\u00e7 yorucu g\u00f6r\u00fcnebilir. \u0130\u015fte bu noktada g\u00fcvenilir bir ta\u015f\u0131nma \u015firketiyle \u00e7al\u0131\u015fmak devreye girer. Uluslararas\u0131 ta\u015f\u0131nma konusunda uzmanla\u015fm\u0131\u015f Blackbird [&hellip;]<\/p>\n","protected":false},"author":3,"featured_media":4883,"parent":0,"menu_order":0,"comment_status":"closed","ping_status":"closed","template":"","meta":{"_acf_changed":false,"footnotes":""},"class_list":["post-5061","page","type-page","status-publish","has-post-thumbnail","hentry"],"acf":[],"_links":{"self":[{"href":"https:\/\/blackbird-moving.com\/tr\/wp-json\/wp\/v2\/pages\/5061","targetHints":{"allow":["GET"]}}],"collection":[{"href":"https:\/\/blackbird-moving.com\/tr\/wp-json\/wp\/v2\/pages"}],"about":[{"href":"https:\/\/blackbird-moving.com\/tr\/wp-json\/wp\/v2\/types\/page"}],"author":[{"embeddable":true,"href":"https:\/\/blackbird-moving.com\/tr\/wp-json\/wp\/v2\/users\/3"}],"replies":[{"embeddable":true,"href":"https:\/\/blackbird-moving.com\/tr\/wp-json\/wp\/v2\/comments?post=5061"}],"version-history":[{"count":11,"href":"https:\/\/blackbird-moving.com\/tr\/wp-json\/wp\/v2\/pages\/5061\/revisions"}],"predecessor-version":[{"id":8551,"href":"https:\/\/blackbird-moving.com\/tr\/wp-json\/wp\/v2\/pages\/5061\/revisions\/8551"}],"wp:featuredmedia":[{"embeddable":true,"href":"https:\/\/blackbird-moving.com\/tr\/wp-json\/wp\/v2\/media\/4883"}],"wp:attachment":[{"href":"https:\/\/blackbird-moving.com\/tr\/wp-json\/wp\/v2\/media?parent=5061"}],"curies":[{"name":"wp","href":"https:\/\/api.w.org\/{rel}","templated":true}]}}