{"id":5059,"date":"2024-11-08T17:11:23","date_gmt":"2024-11-08T14:11:23","guid":{"rendered":"https:\/\/blackbird-moving.com\/moving-guide-to-dubai-a-seamless-relocation-with-blackbird-moving\/"},"modified":"2025-08-22T16:56:45","modified_gmt":"2025-08-22T13:56:45","slug":"dubaiye-tasinma-rehberi-blackbird-moving-ile-sorunsuz-bir-tasinma","status":"publish","type":"page","link":"https:\/\/blackbird-moving.com\/tr\/dubaiye-tasinma-rehberi-blackbird-moving-ile-sorunsuz-bir-tasinma\/","title":{"rendered":"Dubai&#8217;ye Ta\u015f\u0131nma Rehberi: Blackbird Moving ile Sorunsuz Bir Ta\u015f\u0131nma"},"content":{"rendered":"\t\t<div data-elementor-type=\"wp-page\" data-elementor-id=\"5059\" class=\"elementor elementor-5059 elementor-4028\" data-elementor-post-type=\"page\">\n\t\t\t\t<div data-lqd-color-scheme=\"dark\" class=\"elementor-element elementor-element-78c2f443 e-flex e-con-boxed e-con e-parent\" data-id=\"78c2f443\" data-element_type=\"container\" data-settings=\"{&quot;background_background&quot;:&quot;slideshow&quot;,&quot;background_slideshow_gallery&quot;:[{&quot;id&quot;:4036,&quot;url&quot;:&quot;https:\\\/\\\/blackbird-moving.com\\\/wp-content\\\/uploads\\\/2024\\\/11\\\/david-rodrigo-Fr6zexbmjmc-unsplash.jpg&quot;}],&quot;background_slideshow_slide_duration&quot;:2500,&quot;background_slideshow_ken_burns&quot;:&quot;yes&quot;,&quot;background_slideshow_loop&quot;:&quot;yes&quot;,&quot;background_slideshow_slide_transition&quot;:&quot;fade&quot;,&quot;background_slideshow_transition_duration&quot;:500,&quot;background_slideshow_ken_burns_zoom_direction&quot;:&quot;in&quot;}\">\n\t\t\t\t\t<div class=\"e-con-inner\">\n\t\t<div class=\"elementor-element elementor-element-11468c53 e-con-full e-flex e-con e-child\" data-id=\"11468c53\" data-element_type=\"container\">\n\t\t\t\t<div class=\"elementor-element elementor-element-60b9deda lqd-text-tag-h1 elementor-widget elementor-widget-lqd-text\" data-id=\"60b9deda\" data-element_type=\"widget\" data-widget_type=\"lqd-text.default\" data-lqd-has-inner-animatables=\"true\">\n\t\t\t\t<div class=\"elementor-widget-container\">\n\t\t\t\t\t<h1 class=\"lqd-text-el m-0 p-0\" data-lqd-split-text-el=\"1\" data-lqd-split-type=\"words\"><span class=\"lqd-text-item relative elementor-repeater-item-6b6ba9d\"><span class=\"lqd-split-text-words inline-flex bg-inherit relative\" data-lqd-inner-animatable-el>Dubai'ye<\/span>&nbsp;<span class=\"lqd-split-text-words inline-flex bg-inherit relative\" data-lqd-inner-animatable-el>Ta\u015f\u0131nma<\/span>&nbsp;<span class=\"lqd-split-text-words inline-flex bg-inherit relative\" data-lqd-inner-animatable-el>Rehberi:<\/span>&nbsp;<span class=\"lqd-split-text-words inline-flex bg-inherit relative\" data-lqd-inner-animatable-el><\/span><\/span><span class=\"lqd-text-item relative elementor-repeater-item-6935af4\"><span class=\"lqd-split-text-words inline-flex bg-inherit relative\" data-lqd-inner-animatable-el>Blackbird<\/span>&nbsp;<span class=\"lqd-split-text-words inline-flex bg-inherit relative\" data-lqd-inner-animatable-el>Moving<\/span>&nbsp;<span class=\"lqd-split-text-words inline-flex bg-inherit relative\" data-lqd-inner-animatable-el>ile<\/span>&nbsp;<span class=\"lqd-split-text-words inline-flex bg-inherit relative\" data-lqd-inner-animatable-el>Sorunsuz<\/span>&nbsp;<span class=\"lqd-split-text-words inline-flex bg-inherit relative\" data-lqd-inner-animatable-el>Bir<\/span>&nbsp;<span class=\"lqd-split-text-words inline-flex bg-inherit relative\" data-lqd-inner-animatable-el>Ta\u015f\u0131nma<\/span><\/span><\/h1>\t\t\t\t<\/div>\n\t\t\t\t<\/div>\n\t\t<style>.elementor-element-60b9deda .lqd-split-text-words {\n   transform: translate3d(0px,120px,0px) scale(3, 3) rotateX(0deg) rotateY(0deg) rotateZ(0deg) skew(0deg, 0deg);\n   opacity: 0;\n}\n<\/style><script>\n\t\twindow.liquid.behaviors.push( {\n\t\t\tdataId: \"60b9deda\",\n\t\t\tbehaviors:[\n\t\t\t\t{behaviorName:'liquidSplitText',options:{splitDoneFromBackend:true,splitType:'words'}},{behaviorName:'liquidGetElementComputedStyles',options:{includeSelf:true,getRect:true,addGhosts:true}},{behaviorName:'liquidAnimations',options:{domain:'inview',trigger:'ghost',duration:0.65,ease:'expo.out',stagger:{each:0.065,from:'start'},delay:0,start:'top+=30px bottom',startElementOffset:0,startViewportOffset:0,animations:[{elements:'selfAnimatables',breakpointsKeyframes:{all:{keyframes:[{scaleX:1,scaleY:1,skewX:0,skewY:0,x:'0px',y:'0px',z:'0px',rotateX:0,rotateY:0,rotateZ:0,opacity:1}]}}}]}},\n\t\t\t]\n\t\t} );\n\t\t\n\t\t<\/script>\t\t<\/div>\n\t\t\t\t\t<\/div>\n\t\t\t\t<\/div>\n\t\t<div class=\"elementor-element elementor-element-b940aac e-flex e-con-boxed e-con e-parent\" data-id=\"b940aac\" data-element_type=\"container\">\n\t\t\t\t\t<div class=\"e-con-inner\">\n\t\t\t\t<div class=\"elementor-element elementor-element-6170fdd elementor-widget elementor-widget-heading\" data-id=\"6170fdd\" data-element_type=\"widget\" data-widget_type=\"heading.default\">\n\t\t\t\t<div class=\"elementor-widget-container\">\n\t\t\t\t\t<h2 class=\"elementor-heading-title elementor-size-default\">Dubai'ye Sorunsuz Bir Ta\u015f\u0131nma Yolculu\u011fu<\/h2>\t\t\t\t<\/div>\n\t\t\t\t<\/div>\n\t\t\t\t<div class=\"elementor-element elementor-element-450bdb3 elementor-widget elementor-widget-text-editor\" data-id=\"450bdb3\" data-element_type=\"widget\" data-widget_type=\"text-editor.default\">\n\t\t\t\t<div class=\"elementor-widget-container\">\n\t\t\t\t\t\t\t\t\t<p>Dubai&#8217;ye ta\u015f\u0131nmak, d\u00fcnyan\u0131n en modern, canl\u0131 ve kozmopolit \u015fehirlerinden birinde ya\u015fama f\u0131rsat\u0131 sunar. \u0130ster kariyer f\u0131rsatlar\u0131, ister aile i\u00e7in, ister yeni bir ya\u015fam tarz\u0131 benimsemek i\u00e7in ta\u015f\u0131n\u0131yor olun, Dubai, gelece\u011fe d\u00f6n\u00fck kentsel manzaralarla zengin k\u00fclt\u00fcrel miras\u0131 birle\u015ftiren bir \u015fehirdir. Ancak, bu h\u0131zl\u0131 tempolu ve \u00e7e\u015fitlilik i\u00e7eren ortama ta\u015f\u0131nmak, her detay\u0131n do\u011fru \u015fekilde ele al\u0131nmas\u0131 i\u00e7in dikkatli bir planlama ve hassasiyet gerektirir.<\/p><h3>Blackbird Moving ile Ki\u015fiselle\u015ftirilmi\u015f Ta\u015f\u0131nma \u00c7\u00f6z\u00fcmleri<\/h3><p>Blackbird Moving, uluslararas\u0131 ta\u015f\u0131nmalarda kapsaml\u0131 ve ki\u015fiselle\u015ftirilmi\u015f \u00e7\u00f6z\u00fcmler sunma konusunda uzmanla\u015fm\u0131\u015ft\u0131r. \u0130svi\u00e7re&#8217;den veya d\u00fcnyan\u0131n herhangi bir yerinden ta\u015f\u0131n\u0131yor olun, uzmanl\u0131\u011f\u0131m\u0131z ve detaylara verdi\u011fimiz \u00f6nem, ta\u015f\u0131nman\u0131z\u0131n titizlikle, \u00f6zenle ve profesyonellikle ger\u00e7ekle\u015ftirilmesini sa\u011flar.<\/p><h3>Dubai&#8217;ye Ta\u015f\u0131n\u0131rken G\u00fcmr\u00fck ve Belgeler<\/h3><p>Dubai&#8217;ye ta\u015f\u0131n\u0131rken g\u00fcmr\u00fck d\u00fczenlemelerine uyum sa\u011flamak, sorunsuz bir giri\u015f i\u00e7in kritik \u00f6neme sahiptir. Blackbird Moving, gerekli belgelerin haz\u0131rlanmas\u0131ndan gecikmelerin veya beklenmeyen maliyetlerin \u00f6nlenmesine kadar her ad\u0131mda size rehberlik eder.<\/p><h3>Dubai&#8217;ye Ta\u015f\u0131nmak \u0130\u00e7in Gerekli Belgeler:<\/h3><p>Ge\u00e7erli Pasaport: Kimlik do\u011frulama ve g\u00fcmr\u00fck i\u015flemleri i\u00e7in en az alt\u0131 ay ge\u00e7erli bir pasaport gereklidir.<br \/>BAE Oturum Vizesi: Ge\u00e7erli bir BAE oturum vizesi, g\u00fcmr\u00fck i\u015flemlerinin tamamlanabilmesi i\u00e7in zorunludur. Vizesiz, g\u00f6nderi serbest b\u0131rak\u0131lmaz.<br \/>Yetki Belgesi: Blackbird Moving\u2019in g\u00fcmr\u00fck i\u015flemlerini sizin ad\u0131n\u0131za yapabilmesi i\u00e7in yaz\u0131l\u0131 onay belgesi gerekmektedir.<br \/>Envanter\/Paketleme Listesi: G\u00f6nderilen t\u00fcm e\u015fyalar\u0131n durumu (yeni veya kullan\u0131lm\u0131\u015f) ve de\u011feri ile ilgili detayl\u0131 bir liste, g\u00fcmr\u00fck yetkililerine yard\u0131mc\u0131 olacakt\u0131r.<br \/>Kon\u015fimento (B\/L): Blackbird Moving taraf\u0131ndan y\u00f6netilen bu \u00f6nemli belge, g\u00f6nderinizi limandan serbest b\u0131rakmak i\u00e7in gereklidir.<br \/>G\u00fcmr\u00fck \u0130\u015flemleri:<\/p><p>Dubai\u2019nin g\u00fcmr\u00fck s\u00fcreci \u00f6zel d\u00fczenlemeler i\u00e7erir. Bu d\u00fczenlemeleri anlamak, zaman, para tasarrufu sa\u011flar ve stresi \u00f6nler:<\/p><p>Ki\u015fisel E\u015fyalar i\u00e7in G\u00fcmr\u00fck Vergisi Muafiyeti: En az alt\u0131 ay kullan\u0131lan ki\u015fisel e\u015fyalar ve ev e\u015fyalar\u0131, Dubai&#8217;ye g\u00fcmr\u00fck vergisi \u00f6demeden ithal edilebilir. Ancak, yeni e\u015fyalar CIF (Maliyet, Sigorta ve Ta\u015f\u0131ma) de\u011ferinin %5&#8217;lik g\u00fcmr\u00fck vergisine ve KDV&#8217;ye tabidir.<br \/>Fiziksel Muayene: Dubai\u2019ye gelen g\u00f6nderiler fiziksel muayene veya X-ray taramas\u0131na tabi tutulur. Blackbird Moving, t\u00fcm e\u015fyalar\u0131n do\u011fru \u015fekilde belgelendi\u011finden ve etiketlendi\u011finden emin olur, b\u00f6ylece gecikmelerin \u00f6n\u00fcne ge\u00e7ilir ve g\u00fcmr\u00fck i\u015flemleri sorunsuz bir \u015fekilde tamamlan\u0131r.<br \/>Prohibited and Restricted Items (Yasakl\u0131 ve S\u0131n\u0131rl\u0131 E\u015fyalar):<\/p><p>BAE, ithal edilebilecek ve edilemeyecek e\u015fyalar konusunda s\u0131k\u0131 d\u00fczenlemelere sahiptir. Yasakl\u0131 e\u015fyalar aras\u0131nda \u015funlar bulunur:<\/p><p>Silahlar: Ate\u015fli silahlar, m\u00fchimmat ve di\u011fer silahlar \u00f6zel izin olmadan ithal edilemez.<br \/>Alkol: Alkol\u00fcn ki\u015fisel g\u00f6nderileri s\u0131n\u0131rl\u0131d\u0131r, ancak belirli \u015fartlar alt\u0131nda yerel olarak sat\u0131n al\u0131nabilir.<br \/>Bas\u0131l\u0131 Materyaller ve Medya: Baz\u0131 kitaplar, yay\u0131nlar ve medya, i\u00e7eriklerinin politik olarak hassas veya sald\u0131rgan kabul edilmesi durumunda s\u0131n\u0131rl\u0131d\u0131r.<br \/>Blackbird Moving, yasakl\u0131 ve s\u0131n\u0131rl\u0131 e\u015fya konusunda size kapsaml\u0131 rehberlik sunar, b\u00f6ylece BAE g\u00fcmr\u00fck d\u00fczenlemelerine tam uyum sa\u011flayarak ta\u015f\u0131nman\u0131z\u0131n sorunsuz ilerlemesini sa\u011flar.<\/p><h3>Dubai\u2019ye Ta\u015f\u0131nman\u0131z \u0130\u00e7in Uzman Paketleme ve Ta\u015f\u0131ma Hizmetleri<\/h3><p>Uluslararas\u0131 bir ta\u015f\u0131nma i\u00e7in paketleme, do\u011fru planlama ve kaliteli malzemeler gerektirir. Blackbird Moving, t\u00fcm e\u015fyalar\u0131n\u0131z\u0131n g\u00fcvenli bir \u015fekilde Dubai&#8217;ye ula\u015fmas\u0131 i\u00e7in uzman paketleme ve ta\u015f\u0131ma hizmetleri sunar.<\/p><p>Giysi Kartonlar\u0131: \u00d6zel giysi kartonlar\u0131m\u0131z, giysilerinizi g\u00fcvenle ta\u015f\u0131man\u0131z\u0131 sa\u011flar, b\u00f6ylece Dubai&#8217;ye k\u0131r\u0131\u015f\u0131ks\u0131z ve giymeye haz\u0131r olarak var\u0131r.<br \/>Elektronik ve Hassas E\u015fyalar i\u00e7in \u00d6zel Paketleme: Hassas elektronik cihazlar i\u00e7in antistatik malzemeler ve \u00f6zel tasarlanm\u0131\u015f kutular kullan\u0131r\u0131z. Ayr\u0131ca, sanat eserleri, aynalar veya koleksiyonluk e\u015fyalar i\u00e7in \u00f6zel \u00e7\u00f6z\u00fcmler sunarak gereken \u00f6zeni g\u00f6steririz.<br \/>Mobilya Montaj\u0131 ve Demontaj\u0131: B\u00fcy\u00fck e\u015fyalar, yataklar, dolaplar ve masalar dikkatlice s\u00f6k\u00fcl\u00fcr, paketlenir ve Dubai\u2019deki yeni evinizde tekrar montajlan\u0131r.<\/p><h3>Dubai\u2019ye Ta\u015f\u0131n\u0131rken Farkl\u0131 Ta\u015f\u0131ma Se\u00e7enekleri<\/h3><p>Her ta\u015f\u0131nma farkl\u0131d\u0131r ve Blackbird Moving, ihtiyac\u0131n\u0131za ve b\u00fct\u00e7enize g\u00f6re esnek ta\u015f\u0131ma se\u00e7enekleri sunar. \u0130ster t\u00fcm evinizi ister birka\u00e7 temel e\u015fyan\u0131z\u0131 ta\u015f\u0131yor olun, en uygun se\u00e7enekleri sizlere sunuyoruz.<\/p><p>Deniz Ta\u015f\u0131mac\u0131l\u0131\u011f\u0131: Daha b\u00fcy\u00fck g\u00f6nderiler i\u00e7in deniz ta\u015f\u0131mac\u0131l\u0131\u011f\u0131, maliyet a\u00e7\u0131s\u0131ndan uygun bir \u00e7\u00f6z\u00fcm sunar. Full Container Load (FCL) ve Less-than-Container Load (LCL) se\u00e7enekleriyle g\u00fcvenlik ve tasarruf sa\u011flan\u0131r.<br \/>Hava Ta\u015f\u0131mac\u0131l\u0131\u011f\u0131: K\u00fc\u00e7\u00fck veya zaman k\u0131s\u0131tl\u0131 g\u00f6nderiler i\u00e7in ideal olan hava ta\u015f\u0131mac\u0131l\u0131\u011f\u0131, e\u015fyalar\u0131n\u0131z\u0131n h\u0131zl\u0131 bir \u015fekilde ula\u015fmas\u0131n\u0131 sa\u011flar. Ancak daha pahal\u0131d\u0131r, bu se\u00e7enek acil ev e\u015fyalar\u0131, elektronik cihazlar veya \u00f6nemli belgeler i\u00e7in m\u00fckemmeldir.<br \/>Dubai&#8217;de Yerel Ta\u015f\u0131ma: Dubai&#8217;ye var\u0131\u015f\u0131n ard\u0131ndan, Blackbird Moving yerel ta\u015f\u0131ma d\u00fczenler ve \u015fehre kap\u0131dan kap\u0131ya teslimat sa\u011flar.<\/p><h3>Yerel Hizmetler ve Ev Bak\u0131m Deste\u011fi<\/h3><p>Dubai&#8217;de yeni bir eve ta\u015f\u0131nmak sadece kutular\u0131 ta\u015f\u0131makla ilgili de\u011fildir. Blackbird Moving, yeni evinizin tamamen i\u015flevsel ve konforlu olmas\u0131n\u0131 sa\u011flamak i\u00e7in ek yerel destek hizmetleri sunar. Bu hizmetler aras\u0131nda elektrik, su ve internet gibi temel hizmetlerin kurulumu ve ev bak\u0131m d\u00fczenlemeleri yer al\u0131r. Bu seviyede sa\u011flanan destek, Dubai\u2019deki ya\u015fam\u0131n\u0131za uyum sa\u011flaman\u0131z\u0131 kolayla\u015ft\u0131r\u0131r ve kurulum lojisti\u011fini y\u00f6netme stresinden sizi kurtar\u0131r.<\/p><h3>\u0130svi\u00e7re&#8217;den Dubai&#8217;ye Ta\u015f\u0131nmak i\u00e7in Blackbird Moving<\/h3><p>Blackbird Moving, \u0130svi\u00e7re&#8217;de sa\u011flam bir temele ve uluslararas\u0131 ta\u015f\u0131nmalarda y\u0131llara dayanan deneyime sahip olup, \u0130svi\u00e7re\u2019den Dubai\u2019ye ta\u015f\u0131nmalar\u0131 rahatl\u0131kla y\u00f6netebilir. \u0130svi\u00e7re ve BAE g\u00fcmr\u00fck d\u00fczenlemelerini iyi bilmemiz, ilk a\u015famalardan son teslimata kadar ta\u015f\u0131nma s\u00fcrecinizi sorunsuz hale getirmemizi sa\u011flar. \u0130ster t\u00fcm evinizi ta\u015f\u0131mak ister sadece birka\u00e7 e\u015fya g\u00f6ndermek isteyin, \u00e7\u00f6z\u00fcm\u00fcm\u00fcz her ihtiyaca uygun olarak ki\u015fiselle\u015ftirilmi\u015ftir.<\/p><h3>Neden Blackbird Moving\u2019i Tercih Etmelisiniz?<\/h3><p>Ki\u015fiselle\u015ftirilmi\u015f Ta\u015f\u0131nma \u00c7\u00f6z\u00fcmleri: Her ta\u015f\u0131nma farkl\u0131d\u0131r ve Blackbird Moving, ta\u015f\u0131nman\u0131z\u0131 olabildi\u011fince sorunsuz ve verimli hale getirmek i\u00e7in \u00f6zelle\u015ftirilmi\u015f \u00e7\u00f6z\u00fcmler sunar.<br \/>Uzman Paketleme ve Ta\u015f\u0131ma: Dikkat ve hassasiyetle, ekibimiz her bir e\u015fyay\u0131 paketler ve ta\u015f\u0131r, elektronik e\u015fyalar\u0131n\u0131zdan b\u00fcy\u00fck mobilyalar\u0131n\u0131za kadar her detay\u0131 en ince \u015fekilde ele al\u0131r.<br \/>M\u00fckemmel \u0130leti\u015fim ve Ger\u00e7ek Zamanl\u0131 Destek: Blackbird Moving, \u015feffaf ileti\u015fime ve g\u00fcvenilir deste\u011fe \u00f6ncelik verir. M\u00fc\u015fteri hizmetleri ekibimiz d\u00fczenli olarak g\u00fcncellemeler sa\u011flar ve ta\u015f\u0131nman\u0131z s\u00fcresince her t\u00fcrl\u00fc soruyu yan\u0131tlamak i\u00e7in her zaman haz\u0131rd\u0131r, b\u00f6ylece stressiz bir deneyim ya\u015fars\u0131n\u0131z.<\/p><h3>Dubai\u2019ye Ta\u015f\u0131nmak \u0130\u00e7in Blackbird Moving ile Yolculu\u011funuzu Ba\u015flat\u0131n<\/h3><p>Blackbird Moving\u2019i tercih ederek Dubai\u2019ye ta\u015f\u0131nman\u0131z, ba\u015far\u0131l\u0131 bir ta\u015f\u0131nma i\u00e7in deneyimli profesyonellerle \u00e7al\u0131\u015fmak anlam\u0131na gelir. Kapsaml\u0131 hizmetlerimiz, k\u00fcresel a\u011f\u0131m\u0131z ve kaliteye olan ba\u011fl\u0131l\u0131\u011f\u0131m\u0131z, e\u015fyalar\u0131n\u0131z\u0131n g\u00fcvenli, zaman\u0131nda ve en y\u00fcksek \u00f6zenle teslim edilmesini garanti eder. \u0130ster t\u00fcm evinizi ta\u015f\u0131mak, de\u011ferli e\u015fyalar\u0131n\u0131z\u0131 ya da i\u015f ekipmanlar\u0131n\u0131z\u0131 g\u00f6ndermek isteyin, her detay\u0131 deneyim ve hassasiyetle y\u00f6netiyoruz. Bug\u00fcn bizimle ileti\u015fime ge\u00e7in, Dubai\u2019ye ta\u015f\u0131nman\u0131z\u0131 nas\u0131l sorunsuz ve stressiz bir \u015fekilde planlayabilece\u011finiz hakk\u0131nda bilgi alarak yeni heyecan verici ya\u015fam\u0131n\u0131za ad\u0131m at\u0131n.<\/p>\t\t\t\t\t\t\t\t<\/div>\n\t\t\t\t<\/div>\n\t\t\t\t\t<\/div>\n\t\t\t\t<\/div>\n\t\t\t\t<\/div>\n\t\t","protected":false},"excerpt":{"rendered":"<p>Dubai&#8217;ye&nbsp;Ta\u015f\u0131nma&nbsp;Rehberi:&nbsp;Blackbird&nbsp;Moving&nbsp;ile&nbsp;Sorunsuz&nbsp;Bir&nbsp;Ta\u015f\u0131nma Dubai&#8217;ye Sorunsuz Bir Ta\u015f\u0131nma Yolculu\u011fu Dubai&#8217;ye ta\u015f\u0131nmak, d\u00fcnyan\u0131n en modern, canl\u0131 ve kozmopolit \u015fehirlerinden birinde ya\u015fama f\u0131rsat\u0131 sunar. \u0130ster kariyer f\u0131rsatlar\u0131, ister aile i\u00e7in, ister yeni bir ya\u015fam tarz\u0131 benimsemek i\u00e7in ta\u015f\u0131n\u0131yor olun, Dubai, gelece\u011fe d\u00f6n\u00fck kentsel manzaralarla zengin k\u00fclt\u00fcrel miras\u0131 birle\u015ftiren bir \u015fehirdir. Ancak, bu h\u0131zl\u0131 tempolu ve \u00e7e\u015fitlilik i\u00e7eren ortama ta\u015f\u0131nmak, her [&hellip;]<\/p>\n","protected":false},"author":3,"featured_media":0,"parent":0,"menu_order":0,"comment_status":"closed","ping_status":"closed","template":"","meta":{"_acf_changed":false,"footnotes":""},"class_list":["post-5059","page","type-page","status-publish","hentry"],"acf":[],"_links":{"self":[{"href":"https:\/\/blackbird-moving.com\/tr\/wp-json\/wp\/v2\/pages\/5059","targetHints":{"allow":["GET"]}}],"collection":[{"href":"https:\/\/blackbird-moving.com\/tr\/wp-json\/wp\/v2\/pages"}],"about":[{"href":"https:\/\/blackbird-moving.com\/tr\/wp-json\/wp\/v2\/types\/page"}],"author":[{"embeddable":true,"href":"https:\/\/blackbird-moving.com\/tr\/wp-json\/wp\/v2\/users\/3"}],"replies":[{"embeddable":true,"href":"https:\/\/blackbird-moving.com\/tr\/wp-json\/wp\/v2\/comments?post=5059"}],"version-history":[{"count":20,"href":"https:\/\/blackbird-moving.com\/tr\/wp-json\/wp\/v2\/pages\/5059\/revisions"}],"predecessor-version":[{"id":8327,"href":"https:\/\/blackbird-moving.com\/tr\/wp-json\/wp\/v2\/pages\/5059\/revisions\/8327"}],"wp:attachment":[{"href":"https:\/\/blackbird-moving.com\/tr\/wp-json\/wp\/v2\/media?parent=5059"}],"curies":[{"name":"wp","href":"https:\/\/api.w.org\/{rel}","templated":true}]}}