{"id":5057,"date":"2025-01-20T21:15:17","date_gmt":"2025-01-20T18:15:17","guid":{"rendered":"https:\/\/blackbird-moving.com\/moving-guide-to-canada-a-comprehensive-guide-to-everything-you-need-to-know\/"},"modified":"2025-10-09T13:03:43","modified_gmt":"2025-10-09T10:03:43","slug":"kanadaya-tasinma-rehberi-bilmeniz-gereken-her-seyin-yer-aldigi-kapsamli-rehber","status":"publish","type":"page","link":"https:\/\/blackbird-moving.com\/tr\/kanadaya-tasinma-rehberi-bilmeniz-gereken-her-seyin-yer-aldigi-kapsamli-rehber\/","title":{"rendered":"Moving Guide to Canada: A Comprehensive Guide to Everything You Need to Know"},"content":{"rendered":"\t\t<div data-elementor-type=\"wp-page\" data-elementor-id=\"5057\" class=\"elementor elementor-5057 elementor-4452\" data-elementor-post-type=\"page\">\n\t\t\t\t<div data-lqd-color-scheme=\"dark\" class=\"elementor-element elementor-element-78c2f443 e-flex e-con-boxed e-con e-parent\" data-id=\"78c2f443\" data-element_type=\"container\" data-settings=\"{&quot;background_background&quot;:&quot;slideshow&quot;,&quot;background_slideshow_gallery&quot;:[{&quot;id&quot;:4397,&quot;url&quot;:&quot;https:\\\/\\\/blackbird-moving.com\\\/wp-content\\\/uploads\\\/2025\\\/01\\\/Adsiz-tasarim-6-1.png&quot;}],&quot;background_slideshow_slide_duration&quot;:2500,&quot;background_slideshow_ken_burns&quot;:&quot;yes&quot;,&quot;background_slideshow_loop&quot;:&quot;yes&quot;,&quot;background_slideshow_slide_transition&quot;:&quot;fade&quot;,&quot;background_slideshow_transition_duration&quot;:500,&quot;background_slideshow_ken_burns_zoom_direction&quot;:&quot;in&quot;}\">\n\t\t\t\t\t<div class=\"e-con-inner\">\n\t\t<div class=\"elementor-element elementor-element-11468c53 e-con-full e-flex e-con e-child\" data-id=\"11468c53\" data-element_type=\"container\">\n\t\t\t\t<div class=\"elementor-element elementor-element-60b9deda lqd-text-tag-h1 elementor-widget elementor-widget-lqd-text\" data-id=\"60b9deda\" data-element_type=\"widget\" data-widget_type=\"lqd-text.default\" data-lqd-has-inner-animatables=\"true\">\n\t\t\t\t<div class=\"elementor-widget-container\">\n\t\t\t\t\t<h1 class=\"lqd-text-el m-0 p-0\" data-lqd-split-text-el=\"1\" data-lqd-split-type=\"words\"><span class=\"lqd-text-item relative elementor-repeater-item-6b6ba9d\"><span class=\"lqd-split-text-words inline-flex bg-inherit relative\" data-lqd-inner-animatable-el>Kanada'ya<\/span>&nbsp;<span class=\"lqd-split-text-words inline-flex bg-inherit relative\" data-lqd-inner-animatable-el>Ta\u015f\u0131nma<\/span>&nbsp;<span class=\"lqd-split-text-words inline-flex bg-inherit relative\" data-lqd-inner-animatable-el>Rehberi:<\/span><\/span><span class=\"lqd-text-item relative elementor-repeater-item-6935af4\"><span class=\"lqd-split-text-words inline-flex bg-inherit relative\" data-lqd-inner-animatable-el>Bilmeniz<\/span>&nbsp;<span class=\"lqd-split-text-words inline-flex bg-inherit relative\" data-lqd-inner-animatable-el>Gereken<\/span>&nbsp;<span class=\"lqd-split-text-words inline-flex bg-inherit relative\" data-lqd-inner-animatable-el>Her<\/span>&nbsp;<span class=\"lqd-split-text-words inline-flex bg-inherit relative\" data-lqd-inner-animatable-el>\u015eeyin<\/span>&nbsp;<span class=\"lqd-split-text-words inline-flex bg-inherit relative\" data-lqd-inner-animatable-el>Kapsaml\u0131<\/span>&nbsp;<span class=\"lqd-split-text-words inline-flex bg-inherit relative\" data-lqd-inner-animatable-el>Rehberi<\/span><\/span><\/h1>\t\t\t\t<\/div>\n\t\t\t\t<\/div>\n\t\t<style>.elementor-element-60b9deda .lqd-split-text-words {\n   transform: translate3d(0px,120px,0px) scale(3, 3) rotateX(0deg) rotateY(0deg) rotateZ(0deg) skew(0deg, 0deg);\n   opacity: 0;\n}\n<\/style><script>\n\t\twindow.liquid.behaviors.push( {\n\t\t\tdataId: \"60b9deda\",\n\t\t\tbehaviors:[\n\t\t\t\t{behaviorName:'liquidSplitText',options:{splitDoneFromBackend:true,splitType:'words'}},{behaviorName:'liquidGetElementComputedStyles',options:{includeSelf:true,getRect:true,getStyles:['position']}},{behaviorName:'liquidAdaptiveColor'},{behaviorName:'liquidGetElementComputedStyles',options:{includeSelf:true,getRect:true,addGhosts:true}},{behaviorName:'liquidAnimations',options:{domain:'inview',trigger:'ghost',duration:0.65,ease:'expo.out',stagger:{each:0.065,from:'start'},delay:0,start:'top+=30px bottom',startElementOffset:0,startViewportOffset:0,animations:[{elements:'selfAnimatables',breakpointsKeyframes:{all:{keyframes:[{scaleX:1,scaleY:1,skewX:0,skewY:0,x:'0px',y:'0px',z:'0px',rotateX:0,rotateY:0,rotateZ:0,opacity:1}]}}}]}},\n\t\t\t]\n\t\t} );\n\t\t\n\t\t\twindow.liquid.behaviors.push( {\n\t\t\t\tlayoutRegion: \"liquidPageContent\",\n\t\t\t\tbehaviors:[\n\t\t\t\t\t{behaviorName:'liquidGetElementComputedStyles',options:{includeChildren:true,includeSelf:true,getOnlyContainers:true,getStyles:['backgroundColor'],getBrightnessOf:['backgroundColor'],getRect:true}},\n\t\t\t\t]\n\t\t\t} );\n\t\t<\/script><div class=\"elementor-element elementor-element-b1113b1 e-con-full e-flex e-con e-child\" data-id=\"b1113b1\" data-element_type=\"container\">\n\t\t\t\t<\/div>\n\t\t\t\t<\/div>\n\t\t\t\t\t<\/div>\n\t\t\t\t<\/div>\n\t\t<div class=\"elementor-element elementor-element-b940aac e-flex e-con-boxed e-con e-parent\" data-id=\"b940aac\" data-element_type=\"container\">\n\t\t\t\t\t<div class=\"e-con-inner\">\n\t\t\t\t<div class=\"elementor-element elementor-element-450bdb3 elementor-widget elementor-widget-text-editor\" data-id=\"450bdb3\" data-element_type=\"widget\" data-widget_type=\"text-editor.default\">\n\t\t\t\t<div class=\"elementor-widget-container\">\n\t\t\t\t\t\t\t\t\t<p>Kanada&#8217;ya ta\u015f\u0131nmak heyecan verici bir d\u00f6n\u00fcm noktas\u0131d\u0131r. \u0130ster Toronto&#8217;nun hareketli \u015fehir hayat\u0131na, ister Vancouver&#8217;\u0131n nefes kesen sahil manzaralar\u0131na, ister Montreal&#8217;in b\u00fcy\u00fcleyici Avrupa esintilerine kap\u0131l\u0131n, Kanada herkese sunabilece\u011fi bir \u015feyler sunar. \u00c7e\u015fitli k\u00fclt\u00fcrleri, misafirperver topluluklar\u0131 ve g\u00f6z al\u0131c\u0131 manzaralar\u0131yla, bir\u00e7ok insan\u0131n Kanada&#8217;y\u0131 yeni yuvas\u0131 olarak se\u00e7mesi \u015fa\u015f\u0131rt\u0131c\u0131 de\u011fil.<\/p><p>Bununla birlikte, ister i\u015f, ister e\u011fitim, ister yeni bir ba\u015flang\u0131\u00e7 \u200b\u200bi\u00e7in olsun, Kanada&#8217;ya ta\u015f\u0131nmak dikkatli bir haz\u0131rl\u0131k ve belirli d\u00fczenlemelere uymay\u0131 gerektirir. Blackbird Moving olarak, uluslararas\u0131 ta\u015f\u0131mac\u0131l\u0131kta uzmanla\u015f\u0131yor ve bireylerin ve ailelerin sorunsuz, verimli ve stressiz bir ta\u015f\u0131nma deneyimi ya\u015famalar\u0131na yard\u0131mc\u0131 oluyoruz. E\u015fyalar\u0131n\u0131z\u0131 paketlemekten g\u00fcmr\u00fck i\u015flemlerine ve yeni evinizde e\u015fyalar\u0131n\u0131z\u0131 yerle\u015ftirmeye kadar her ayr\u0131nt\u0131yla biz ilgileniyoruz, b\u00f6ylece siz yeni ba\u015flang\u0131c\u0131n\u0131za odaklanabilirsiniz.<\/p><h3>Kanada G\u00fcmr\u00fck ve Yer De\u011fi\u015ftirme Gereksinimlerinde Yol Almak<\/h3><p>Kanada g\u00fcmr\u00fck y\u00f6netmeliklerine a\u015fina olmak, ta\u015f\u0131nman\u0131z\u0131n \u00f6nemli bir par\u00e7as\u0131d\u0131r. Blackbird Moving, gerekli t\u00fcm belgelerin haz\u0131r oldu\u011fundan emin olmak i\u00e7in uzman rehberli\u011fi sunarak gecikmelerden veya beklenmedik sorunlardan ka\u00e7\u0131nman\u0131za yard\u0131mc\u0131 olur.<\/p><h3>Kanada&#8217;ya Giri\u015f \u0130\u00e7in \u0130htiya\u00e7 Duyaca\u011f\u0131n\u0131z Temel Belgeler<\/h3><p>Ta\u015f\u0131nmadan \u00f6nce a\u015fa\u011f\u0131dakilere sahip oldu\u011funuzdan emin olun:<\/p><ul><li style=\"font-weight: 400;\" aria-level=\"1\"><strong>Ge\u00e7erli Pasaport:<\/strong> Pasaportunuzun planlanan var\u0131\u015f tarihinizden itibaren en az alt\u0131 ay ge\u00e7erlili\u011fi olmal\u0131d\u0131r.<\/li><li style=\"font-weight: 400;\" aria-level=\"1\"><strong>Vize veya Oturma \u0130zni:<\/strong> Kal\u0131\u015f amac\u0131n\u0131za ba\u011fl\u0131 olarak \u00e7al\u0131\u015fma izni, \u00f6\u011frenci izni veya daimi oturma izni belgelerine ihtiyac\u0131n\u0131z olabilir.<\/li><li style=\"font-weight: 400;\" aria-level=\"1\"><strong>Takip Edilecek Mallar Formu (BSF186):<\/strong> Bu form, Kanada g\u00fcmr\u00fck y\u00f6netmelikleri uyar\u0131nca uygun ev e\u015fyalar\u0131n\u0131n g\u00fcmr\u00fcks\u00fcz giri\u015fine izin verir.<\/li><li style=\"font-weight: 400;\" aria-level=\"1\"><strong>Ayr\u0131nt\u0131l\u0131 Envanter Listesi:<\/strong> G\u00f6nderdi\u011finiz \u00fcr\u00fcnlerin a\u00e7\u0131klamalar\u0131, durumlar\u0131 ve de\u011ferleri dahil olmak \u00fczere eksiksiz bir envanteri, g\u00fcmr\u00fck i\u015flemleri i\u00e7in \u00f6nemlidir.<\/li><\/ul><h4>G\u00fcmr\u00fck Gecikmelerinden Ka\u00e7\u0131nmak \u0130\u00e7in \u0130pu\u00e7lar\u0131<\/h4><ul><li style=\"font-weight: 400;\" aria-level=\"1\"><strong>G\u00fcmr\u00fcks\u00fcz Ev E\u015fyalar\u0131:<\/strong> Ta\u015f\u0131nmadan \u00f6nce en az alt\u0131 ay boyunca sahip oldu\u011funuz ve kulland\u0131\u011f\u0131n\u0131z e\u015fyalar genellikle g\u00fcmr\u00fcks\u00fcz ithalat i\u00e7in uygundur.<\/li><li style=\"font-weight: 400;\" aria-level=\"1\"><strong>Nelerin Yasak Oldu\u011funu Bilin:<\/strong> Ate\u015fli silahlar, bitkiler ve baz\u0131 g\u0131da \u00fcr\u00fcnleri gibi \u00fcr\u00fcnler k\u0131s\u0131tlanabilir veya \u00f6zel izinler gerektirebilir. Blackbird Moving, Kanada&#8217;ya neleri getirip getiremeyece\u011finiz konusunda size \u00f6zel tavsiyeler sunar.<\/li><\/ul><h3>E\u015fyalar\u0131n\u0131z\u0131n G\u00fcvenli\u011fini Sa\u011flamak: Paketleme ve Ta\u015f\u0131ma Hizmetleri<\/h3><p>E\u015fyalar\u0131n\u0131z\u0131n nakliye s\u0131ras\u0131nda g\u00fcvenli\u011fi bizim i\u00e7in en \u00f6nemli \u00f6nceliktir. Blackbird Moving olarak, her \u015feyin m\u00fckemmel durumda var\u0131\u015f noktan\u0131za ula\u015fmas\u0131n\u0131 sa\u011flamak i\u00e7in y\u00fcksek kaliteli paketleme malzemeleri ve kan\u0131tlanm\u0131\u015f teknikler kullan\u0131yoruz.<\/p><h4>\u00d6zel Paketleme \u00c7\u00f6z\u00fcmleri<\/h4><ul><li style=\"font-weight: 400;\" aria-level=\"1\"><strong>Giysiler \u0130\u00e7in Gard\u0131rop Kutular\u0131:<\/strong> Giysilerinizi ask\u0131larda ta\u015f\u0131yarak k\u0131r\u0131\u015fmadan ve giyilmeye haz\u0131r halde saklay\u0131n.<\/li><li style=\"font-weight: 400;\" aria-level=\"1\"><strong>Elektronik E\u015fya Korumas\u0131:<\/strong> Elektronik e\u015fyalar\u0131n\u0131z\u0131 ve k\u0131r\u0131lgan e\u015fyalar\u0131n\u0131z\u0131 korumak i\u00e7in anti-statik balonlu naylon ve \u00f6zel yap\u0131m kutular kullan\u0131yoruz.<\/li><li style=\"font-weight: 400;\" aria-level=\"1\"><strong>De\u011ferli E\u015fyalar \u0130\u00e7in \u00d6zel Kasalar:<\/strong> Sanat eserleri, aynalar ve cam e\u015fyalar gibi e\u015fyalar, maksimum koruma i\u00e7in \u00f6zel olarak haz\u0131rlanm\u0131\u015f kasalara paketlenir.<\/li><li style=\"font-weight: 400;\" aria-level=\"1\"><strong>Mobilya S\u00f6k\u00fcm\u00fc ve Montaj\u0131:<\/strong> Yatak ve gard\u0131rop gibi b\u00fcy\u00fck mobilya par\u00e7alar\u0131 g\u00fcvenli bir \u015fekilde ta\u015f\u0131nabilmesi i\u00e7in s\u00f6k\u00fcl\u00fcr ve var\u0131\u015fta tekrar monte edilir.<\/li><\/ul><h3>\u0130htiya\u00e7lar\u0131n\u0131za G\u00f6re Uyarlanm\u0131\u015f Kargo Se\u00e7enekleri<\/h3><p>Her ta\u015f\u0131nma benzersizdir, bu nedenle zaman \u00e7izelgenize ve b\u00fct\u00e7enize uyacak \u015fekilde tasarlanm\u0131\u015f esnek nakliye se\u00e7enekleri sunuyoruz.<\/p><h4>Kanada&#8217;ya G\u00f6nderim<\/h4><ul><li style=\"font-weight: 400;\" aria-level=\"1\"><strong>Deniz Ta\u015f\u0131mac\u0131l\u0131\u011f\u0131:<\/strong> \u0130ster tam konteyner y\u00fck\u00fc (FCL) ister konteynerden az y\u00fck (LCL) olsun, b\u00fcy\u00fck g\u00f6nderiler i\u00e7in uygun maliyetli bir se\u00e7enek. Hizmetlerimiz aras\u0131nda kap\u0131dan kap\u0131ya teslimat\u0131 garanti alt\u0131na almak i\u00e7in i\u00e7 hat karayolu ta\u015f\u0131mac\u0131l\u0131\u011f\u0131 da bulunmaktad\u0131r.<\/li><li style=\"font-weight: 400;\" aria-level=\"1\"><strong>Hava Ta\u015f\u0131mac\u0131l\u0131\u011f\u0131:<\/strong> Acil veya y\u00fcksek de\u011ferli e\u015fyalar\u0131n\u0131z i\u00e7in en h\u0131zl\u0131 \u00e7\u00f6z\u00fcm, zaman\u0131n \u00f6nemli oldu\u011fu durumlarda g\u00f6n\u00fcl rahatl\u0131\u011f\u0131 sa\u011flar.<\/li><\/ul><h3>Kanada&#8217;daki Yeni Evinize Yerle\u015fmek<\/h3><p>Yeni bir \u00fclkeye ta\u015f\u0131nmak, e\u015fyalar\u0131n\u0131z\u0131 ta\u015f\u0131maktan \u00e7ok daha fazlas\u0131n\u0131 i\u00e7erir; yeni bir sayfa a\u00e7mak demektir. Blackbird Moving, Kanada&#8217;da kendinizi evinizde hissetmeniz i\u00e7in lojisti\u011fin \u00f6tesine ge\u00e7er.<\/p><h4>Temel Hizmetlerin Kurulumu<\/h4><p>Yeni evinizin ilk g\u00fcnden itibaren tam i\u015flevsel olmas\u0131n\u0131 sa\u011flamak i\u00e7in elektrik, su, do\u011falgaz ve internet gibi kritik hizmetlerin d\u00fczenlenmesinde size rehberlik ediyoruz.<\/p><h4>Yerel Destek ve \u00d6neriler<\/h4><ul><li style=\"font-weight: 400;\" aria-level=\"1\">Ev onar\u0131mlar\u0131 veya kurulumlar\u0131 i\u00e7in g\u00fcvenilir yerel m\u00fcteahhitler.<\/li><li style=\"font-weight: 400;\" aria-level=\"1\">Herhangi bir acil bak\u0131m ihtiyac\u0131n\u0131zda g\u00fcvenilir servis sa\u011flay\u0131c\u0131lar\u0131.<\/li><\/ul><h3>Ta\u015f\u0131nman\u0131z \u0130\u00e7in Neden Blackbird Moving&#8217;i Se\u00e7melisiniz?<\/h3><ol><li style=\"font-weight: 400;\" aria-level=\"1\"><strong>Kanada G\u00fcmr\u00fcklerinde Uzmanl\u0131k:<\/strong> Ekibimizin g\u00fcmr\u00fck d\u00fczenlemeleri konusundaki derin anlay\u0131\u015f\u0131, ev e\u015fyalar\u0131n\u0131z\u0131n sorunsuz bir \u015fekilde giri\u015fini sa\u011flar.<\/li><li style=\"font-weight: 400;\" aria-level=\"1\"><strong>Kapsaml\u0131 Ta\u015f\u0131mac\u0131l\u0131k \u00c7\u00f6z\u00fcmleri:<\/strong> Paketlemeden teslimata ve kuruluma kadar her ayr\u0131nt\u0131y\u0131 \u00f6zen ve hassasiyetle ele al\u0131yoruz.<\/li><li style=\"font-weight: 400;\" aria-level=\"1\"><strong>\u015eeffaf \u0130leti\u015fim:<\/strong> Ta\u015f\u0131nma s\u00fcrecinin her a\u015famas\u0131nda sizi bilgilendiriyoruz.<\/li><li style=\"font-weight: 400;\" aria-level=\"1\"><strong>G\u00fcvenebilece\u011finiz K\u00fcresel A\u011f:<\/strong> D\u00fcnya \u00e7ap\u0131ndaki g\u00fc\u00e7l\u00fc ortakl\u0131klar\u0131m\u0131zla, ta\u015f\u0131nman\u0131z\u0131n her a\u015famas\u0131n\u0131 profesyonellikle y\u00f6netiyoruz.<\/li><\/ol><h3>Kanada&#8217;daki Yeni B\u00f6l\u00fcm\u00fcn\u00fcze G\u00fcvenle Ba\u015flay\u0131n<\/h3><p>Kanada&#8217;ya ta\u015f\u0131nmak inan\u0131lmaz bir f\u0131rsat ve Blackbird Moving, bu ge\u00e7i\u015fi olabildi\u011fince sorunsuz hale getirmek i\u00e7in burada. E\u015fyalar\u0131n\u0131z\u0131 g\u00fcvenli bir \u015fekilde ta\u015f\u0131maktan yeni evinize yerle\u015fmenize yard\u0131mc\u0131 olmaya kadar, stressiz bir deneyim sunmaya kararl\u0131y\u0131z.<\/p><p>Ta\u015f\u0131nmaya haz\u0131r m\u0131s\u0131n\u0131z? Uluslararas\u0131 ta\u015f\u0131mac\u0131l\u0131k hizmetlerimiz hakk\u0131nda daha fazla bilgi edinmek ve Kanada&#8217;ya yapaca\u011f\u0131n\u0131z yolculu\u011fu g\u00fcvenle ve kolayca planlamaya ba\u015flamak i\u00e7in bug\u00fcn Blackbird Moving ile ileti\u015fime ge\u00e7in. Hayalinizdeki ta\u015f\u0131nmay\u0131 kusursuz bir ger\u00e7e\u011fe d\u00f6n\u00fc\u015ft\u00fcrelim!<\/p>\t\t\t\t\t\t\t\t<\/div>\n\t\t\t\t<\/div>\n\t\t\t\t\t<\/div>\n\t\t\t\t<\/div>\n\t\t\t\t<\/div>\n\t\t","protected":false},"excerpt":{"rendered":"<p>Kanada&#8217;ya&nbsp;Ta\u015f\u0131nma&nbsp;Rehberi:Bilmeniz&nbsp;Gereken&nbsp;Her&nbsp;\u015eeyin&nbsp;Kapsaml\u0131&nbsp;Rehberi Kanada&#8217;ya ta\u015f\u0131nmak heyecan verici bir d\u00f6n\u00fcm noktas\u0131d\u0131r. \u0130ster Toronto&#8217;nun hareketli \u015fehir hayat\u0131na, ister Vancouver&#8217;\u0131n nefes kesen sahil manzaralar\u0131na, ister Montreal&#8217;in b\u00fcy\u00fcleyici Avrupa esintilerine kap\u0131l\u0131n, Kanada herkese sunabilece\u011fi bir \u015feyler sunar. \u00c7e\u015fitli k\u00fclt\u00fcrleri, misafirperver topluluklar\u0131 ve g\u00f6z al\u0131c\u0131 manzaralar\u0131yla, bir\u00e7ok insan\u0131n Kanada&#8217;y\u0131 yeni yuvas\u0131 olarak se\u00e7mesi \u015fa\u015f\u0131rt\u0131c\u0131 de\u011fil. Bununla birlikte, ister i\u015f, ister e\u011fitim, ister [&hellip;]<\/p>\n","protected":false},"author":3,"featured_media":4895,"parent":0,"menu_order":0,"comment_status":"closed","ping_status":"closed","template":"","meta":{"_acf_changed":false,"footnotes":""},"class_list":["post-5057","page","type-page","status-publish","has-post-thumbnail","hentry"],"acf":[],"_links":{"self":[{"href":"https:\/\/blackbird-moving.com\/tr\/wp-json\/wp\/v2\/pages\/5057","targetHints":{"allow":["GET"]}}],"collection":[{"href":"https:\/\/blackbird-moving.com\/tr\/wp-json\/wp\/v2\/pages"}],"about":[{"href":"https:\/\/blackbird-moving.com\/tr\/wp-json\/wp\/v2\/types\/page"}],"author":[{"embeddable":true,"href":"https:\/\/blackbird-moving.com\/tr\/wp-json\/wp\/v2\/users\/3"}],"replies":[{"embeddable":true,"href":"https:\/\/blackbird-moving.com\/tr\/wp-json\/wp\/v2\/comments?post=5057"}],"version-history":[{"count":16,"href":"https:\/\/blackbird-moving.com\/tr\/wp-json\/wp\/v2\/pages\/5057\/revisions"}],"predecessor-version":[{"id":11491,"href":"https:\/\/blackbird-moving.com\/tr\/wp-json\/wp\/v2\/pages\/5057\/revisions\/11491"}],"wp:featuredmedia":[{"embeddable":true,"href":"https:\/\/blackbird-moving.com\/tr\/wp-json\/wp\/v2\/media\/4895"}],"wp:attachment":[{"href":"https:\/\/blackbird-moving.com\/tr\/wp-json\/wp\/v2\/media?parent=5057"}],"curies":[{"name":"wp","href":"https:\/\/api.w.org\/{rel}","templated":true}]}}