{"id":5055,"date":"2024-11-08T18:52:28","date_gmt":"2024-11-08T15:52:28","guid":{"rendered":"https:\/\/blackbird-moving.com\/moving-guide-to-the-uae-seamless-relocation-with-blackbird-moving\/"},"modified":"2025-08-23T15:24:16","modified_gmt":"2025-08-23T12:24:16","slug":"baeye-tasinma-rehberi-blackbird-moving-ile-sorunsuz-bir-tasinma","status":"publish","type":"page","link":"https:\/\/blackbird-moving.com\/tr\/baeye-tasinma-rehberi-blackbird-moving-ile-sorunsuz-bir-tasinma\/","title":{"rendered":"BAE&#8217;ye Ta\u015f\u0131nma Rehberi: Blackbird Moving ile Sorunsuz Bir Ta\u015f\u0131nma"},"content":{"rendered":"\t\t<div data-elementor-type=\"wp-page\" data-elementor-id=\"5055\" class=\"elementor elementor-5055 elementor-4060\" data-elementor-post-type=\"page\">\n\t\t\t\t<div data-lqd-color-scheme=\"dark\" class=\"elementor-element elementor-element-78c2f443 e-flex e-con-boxed e-con e-parent\" data-id=\"78c2f443\" data-element_type=\"container\" data-settings=\"{&quot;background_background&quot;:&quot;slideshow&quot;,&quot;background_slideshow_gallery&quot;:[{&quot;id&quot;:4062,&quot;url&quot;:&quot;https:\\\/\\\/blackbird-moving.com\\\/wp-content\\\/uploads\\\/2024\\\/11\\\/uaae.webp&quot;}],&quot;background_slideshow_slide_duration&quot;:2500,&quot;background_slideshow_ken_burns&quot;:&quot;yes&quot;,&quot;background_slideshow_loop&quot;:&quot;yes&quot;,&quot;background_slideshow_slide_transition&quot;:&quot;fade&quot;,&quot;background_slideshow_transition_duration&quot;:500,&quot;background_slideshow_ken_burns_zoom_direction&quot;:&quot;in&quot;}\">\n\t\t\t\t\t<div class=\"e-con-inner\">\n\t\t<div class=\"elementor-element elementor-element-11468c53 e-con-full e-flex e-con e-child\" data-id=\"11468c53\" data-element_type=\"container\">\n\t\t\t\t<div class=\"elementor-element elementor-element-60b9deda lqd-text-tag-h1 elementor-widget elementor-widget-lqd-text\" data-id=\"60b9deda\" data-element_type=\"widget\" data-widget_type=\"lqd-text.default\" data-lqd-has-inner-animatables=\"true\">\n\t\t\t\t<div class=\"elementor-widget-container\">\n\t\t\t\t\t<h1 class=\"lqd-text-el m-0 p-0\" data-lqd-split-text-el=\"1\" data-lqd-split-type=\"words\"><span class=\"lqd-text-item relative elementor-repeater-item-6b6ba9d\"><span class=\"lqd-split-text-words inline-flex bg-inherit relative\" data-lqd-inner-animatable-el>BAE'ye<\/span>&nbsp;<span class=\"lqd-split-text-words inline-flex bg-inherit relative\" data-lqd-inner-animatable-el>Ta\u015f\u0131nma<\/span>&nbsp;<span class=\"lqd-split-text-words inline-flex bg-inherit relative\" data-lqd-inner-animatable-el>Rehberi:<\/span>&nbsp;<span class=\"lqd-split-text-words inline-flex bg-inherit relative\" data-lqd-inner-animatable-el><\/span><\/span><span class=\"lqd-text-item relative elementor-repeater-item-6935af4\"><span class=\"lqd-split-text-words inline-flex bg-inherit relative\" data-lqd-inner-animatable-el>Blackbird<\/span>&nbsp;<span class=\"lqd-split-text-words inline-flex bg-inherit relative\" data-lqd-inner-animatable-el>Moving<\/span>&nbsp;<span class=\"lqd-split-text-words inline-flex bg-inherit relative\" data-lqd-inner-animatable-el>ile<\/span>&nbsp;<span class=\"lqd-split-text-words inline-flex bg-inherit relative\" data-lqd-inner-animatable-el>Sorunsuz<\/span>&nbsp;<span class=\"lqd-split-text-words inline-flex bg-inherit relative\" data-lqd-inner-animatable-el>Bir<\/span>&nbsp;<span class=\"lqd-split-text-words inline-flex bg-inherit relative\" data-lqd-inner-animatable-el>Ta\u015f\u0131nma<\/span><\/span><\/h1>\t\t\t\t<\/div>\n\t\t\t\t<\/div>\n\t\t<style>.elementor-element-60b9deda .lqd-split-text-words {\n   transform: translate3d(0px,120px,0px) scale(3, 3) rotateX(0deg) rotateY(0deg) rotateZ(0deg) skew(0deg, 0deg);\n   opacity: 0;\n}\n<\/style><script>\n\t\twindow.liquid.behaviors.push( {\n\t\t\tdataId: \"60b9deda\",\n\t\t\tbehaviors:[\n\t\t\t\t{behaviorName:'liquidSplitText',options:{splitDoneFromBackend:true,splitType:'words'}},{behaviorName:'liquidGetElementComputedStyles',options:{includeSelf:true,getRect:true,addGhosts:true}},{behaviorName:'liquidAnimations',options:{domain:'inview',trigger:'ghost',duration:0.65,ease:'expo.out',stagger:{each:0.065,from:'start'},delay:0,start:'top+=30px bottom',startElementOffset:0,startViewportOffset:0,animations:[{elements:'selfAnimatables',breakpointsKeyframes:{all:{keyframes:[{scaleX:1,scaleY:1,skewX:0,skewY:0,x:'0px',y:'0px',z:'0px',rotateX:0,rotateY:0,rotateZ:0,opacity:1}]}}}]}},\n\t\t\t]\n\t\t} );\n\t\t\n\t\t<\/script>\t\t<\/div>\n\t\t\t\t\t<\/div>\n\t\t\t\t<\/div>\n\t\t<div class=\"elementor-element elementor-element-b940aac e-flex e-con-boxed e-con e-parent\" data-id=\"b940aac\" data-element_type=\"container\">\n\t\t\t\t\t<div class=\"e-con-inner\">\n\t\t\t\t<div class=\"elementor-element elementor-element-450bdb3 guide-heading elementor-widget elementor-widget-text-editor\" data-id=\"450bdb3\" data-element_type=\"widget\" data-widget_type=\"text-editor.default\">\n\t\t\t\t<div class=\"elementor-widget-container\">\n\t\t\t\t\t\t\t\t\t<p>Birle\u015fik Arap Emirlikleri\u2019ne (BAE) ta\u015f\u0131nmak, ister i\u015f, ister aile veya yeni bir ya\u015fam tarz\u0131 i\u00e7in olsun, heyecan verici bir yolculuktur. Dubai gibi hareketli bir \u015fehre veya Abu Dabi gibi daha geleneksel bir alana ta\u015f\u0131nmak, titiz bir planlama, g\u00fcmr\u00fck d\u00fczenlemelerine s\u0131k\u0131 bir uyum sa\u011flama ve sorunsuz bir koordinasyon gerektirir.<\/p><p>Blackbird Moving, uluslararas\u0131 ta\u015f\u0131nmalarda kapsaml\u0131 ve ki\u015fiselle\u015ftirilmi\u015f \u00e7\u00f6z\u00fcmler sunma konusunda uzmanla\u015fm\u0131\u015ft\u0131r. Ba\u015flang\u0131\u00e7tan biti\u015fe kadar her detay\u0131 y\u00f6netiyor ve BAE&#8217;ye ta\u015f\u0131nman\u0131z\u0131 sorunsuz, stressiz ve verimli hale getiriyoruz. Uluslararas\u0131 ta\u015f\u0131nma konusundaki derin uzmanl\u0131\u011f\u0131m\u0131zla, e\u015fyalar\u0131n\u0131z\u0131 koruyor, s\u00fcreci kolayla\u015ft\u0131r\u0131yor ve e\u015fsiz bir ta\u015f\u0131nma deneyimi sunuyoruz.<\/p><h2>BAE&#8217;ye Ta\u015f\u0131nma \u0130\u00e7in G\u00fcmr\u00fck ve Belgeler<\/h2><p>BAE&#8217;ye ta\u015f\u0131n\u0131rken, g\u00fcmr\u00fck d\u00fczenlemelerine uyum sa\u011flamak ta\u015f\u0131nman\u0131z\u0131n sorunsuz ge\u00e7mesi i\u00e7in kritik \u00f6nem ta\u015f\u0131r. Uygun belge haz\u0131rl\u0131\u011f\u0131, gecikmeleri, beklenmedik maliyetleri veya yasal komplikasyonlar\u0131 \u00f6nler. Blackbird Moving ile her ad\u0131mda size rehberlik ederiz, t\u00fcm evraklar\u0131 \u00f6nceden haz\u0131rlayarak g\u00fcmr\u00fck i\u015flemlerinin zahmetsiz olmas\u0131n\u0131 sa\u011flar\u0131z.<\/p><h3>BAE&#8217;ye Ta\u015f\u0131nmak \u0130\u00e7in Gerekli Belgeler:<\/h3><p>Ge\u00e7erli Pasaport: Kimlik do\u011frulamas\u0131 i\u00e7in ge\u00e7erli bir pasaport gereklidir.<br \/>BAE \u0130kamet Vizesi: G\u00fcmr\u00fck i\u015flemleri i\u00e7in ge\u00e7erli bir BAE ikamet vizesi gereklidir.<br \/>Yetki Belgesi: Blackbird Moving&#8217;e g\u00fcmr\u00fck i\u015flemlerini sizin ad\u0131n\u0131za ger\u00e7ekle\u015ftirme yetkisini verdi\u011finizi belirten yaz\u0131l\u0131 bir belge gereklidir.<br \/>Envanter\/Paketleme Listesi: G\u00f6nderilen e\u015fyalar\u0131n durumu ve de\u011feri hakk\u0131nda ayr\u0131nt\u0131l\u0131 bir liste, g\u00fcmr\u00fck i\u015flemleri i\u00e7in gereklidir.<br \/>Bill of Lading (B\/L): G\u00f6nderinizi limandan serbest b\u0131rakmak i\u00e7in gerekli olan bu belge, Blackbird Moving taraf\u0131ndan sorunsuz bir \u015fekilde y\u00f6netilmektedir.<br \/>G\u00fcmr\u00fck \u0130\u015flemleri:<\/p><p>Kullan\u0131lm\u0131\u015f Ki\u015fisel E\u015fyalar \u0130\u00e7in G\u00fcmr\u00fcks\u00fcz Giri\u015f: Genellikle, en az alt\u0131 ay kullan\u0131lm\u0131\u015f ev e\u015fyalar\u0131, g\u00fcmr\u00fckten muaf olarak BAE&#8217;ye ithal edilebilir. Ancak yeni e\u015fyalar, CIF (Maliyet, Sigorta ve Navlun) de\u011feri \u00fczerinden %5 g\u00fcmr\u00fck vergisine ve KDV&#8217;ye tabi olacakt\u0131r.<br \/>Fiziksel \u0130nceleme: \u00c7o\u011fu g\u00f6nderi fiziksel incelemeye veya X-ray taramas\u0131na tabi tutulur. Blackbird Moving, t\u00fcm e\u015fyalar\u0131n do\u011fru bir \u015fekilde belgelenmesini ve etiketlenmesini sa\u011flayarak gecikmeleri \u00f6nler ve g\u00fcmr\u00fck i\u015flemlerinin sorunsuz ge\u00e7mesini sa\u011flar.<br \/>Prohibited and Restricted Items:<\/p><h3>BAE&#8217;nin, ithalat\u0131 s\u0131n\u0131rl\u0131 veya yasaklanm\u0131\u015f baz\u0131 e\u015fyalar bulunmaktad\u0131r:<\/h3><p>Silahlar: Uygun lisanslar olmadan ate\u015fli silahlar, m\u00fchimmat ve di\u011fer silahlar yasakt\u0131r.<br \/>Alkol: Ki\u015fisel g\u00f6nderiler i\u00e7in alkol s\u0131n\u0131rl\u0131d\u0131r, ancak belirli \u015fartlar alt\u0131nda yerel olarak sat\u0131n al\u0131nabilir.<br \/>Bas\u0131l\u0131 Materyaller ve Medya: Offensive veya politik a\u00e7\u0131dan hassas i\u00e7eriklere sahip olan baz\u0131 kitaplar, yay\u0131nlar ve medyalar k\u0131s\u0131tlanabilir.<br \/>Blackbird Moving, ta\u015f\u0131nacak e\u015fyalar\u0131n\u0131z\u0131n ne olabilece\u011fi ve ne olamayaca\u011f\u0131 konusunda uzman rehberlik sunarak, BAE g\u00fcmr\u00fck d\u00fczenlemelerine tamamen uyum sa\u011flayarak ta\u015f\u0131nman\u0131z\u0131n sorunsuz ilerlemesini sa\u011flar.<\/p><h3>G\u00fcvenli Ta\u015f\u0131ma \u0130\u00e7in Uzman Paketleme ve Y\u00f6netim<\/h3><p>Uluslararas\u0131 ta\u015f\u0131nmalarda e\u015fyalar\u0131n\u0131z\u0131n g\u00fcvenli\u011fi \u00f6nceli\u011fimizdir. Blackbird Moving, her e\u015fyan\u0131z\u0131 korumak i\u00e7in y\u00fcksek kaliteli malzemeler ve sekt\u00f6rdeki en iyi teknikleri kullan\u0131r. \u0130ster hassas antikalar ister b\u00fcy\u00fck mobilyalar olsun, paketleme hizmetlerimiz, e\u015fyalar\u0131n\u0131z\u0131n BAE&#8217;ye m\u00fckemmel bir \u015fekilde ula\u015fmas\u0131n\u0131 sa\u011flar.<\/p><h3>Farkl\u0131 Nakliye Se\u00e7enekleriyle BAE&#8217;ye Ta\u015f\u0131ma<\/h3><p>Her ta\u015f\u0131nma benzersizdir ve Blackbird Moving, \u00e7e\u015fitli zaman \u00e7izelgeleri ve b\u00fct\u00e7elere uygun esnek nakliye se\u00e7enekleri sunar. \u0130ster t\u00fcm bir evinizi, ister birka\u00e7 \u00f6nemli e\u015fyay\u0131 ta\u015f\u0131yor olun, ihtiyac\u0131n\u0131za uygun do\u011fru \u00e7\u00f6z\u00fcm\u00fc sunuyoruz.<\/p><h3>Yerel Hizmetler ve Ev Bak\u0131m Deste\u011fi<\/h3><p>Yeni bir \u00fclkeye ta\u015f\u0131nmak sadece e\u015fyalar\u0131n ta\u015f\u0131nmas\u0131yla ilgili de\u011fildir; yeni bir ortama sorunsuzca adapte olabilmek de \u00f6nemlidir. Blackbird Moving, yeni evinizin tamamen fonksiyonel ve konforlu olmas\u0131 i\u00e7in gerekli yerel hizmetler ve ev bak\u0131m deste\u011fi sunar. Elektrik, su ve internet gibi temel hizmetlerin kurulumu ve ev bak\u0131m\u0131 hizmetleri sa\u011flan\u0131r, b\u00f6ylece yeni eviniz birinci g\u00fcnden itibaren kullan\u0131labilir hale gelir.<\/p><h3>Blackbird Moving ile \u0130svi\u00e7re&#8217;den BAE&#8217;ye Ta\u015f\u0131nmak<\/h3><p>Blackbird Moving, \u0130svi\u00e7re merkezli g\u00fc\u00e7l\u00fc bir altyap\u0131ya sahip olup, uluslararas\u0131 ta\u015f\u0131nmalar konusunda y\u0131llar\u0131n deneyimine sahiptir. \u0130svi\u00e7re ve BAE g\u00fcmr\u00fck d\u00fczenlemelerini \u00e7ok iyi bilen ekibimiz, her a\u015famada ta\u015f\u0131nma s\u00fcrecinizi sorunsuz bir \u015fekilde y\u00f6netmenizi sa\u011flar.<\/p><h3>Neden Blackbird Moving\u2019i Se\u00e7melisiniz?<\/h3><p>\u00d6zelle\u015ftirilmi\u015f \u00c7\u00f6z\u00fcmler: Her ta\u015f\u0131nma farkl\u0131d\u0131r, bu y\u00fczden durumunuza \u00f6zel ta\u015f\u0131nma planlar\u0131 sunuyoruz. E\u015fyalar\u0131n\u0131z\u0131 ta\u015f\u0131mak ne kadar b\u00fcy\u00fck olursa olsun, uzmanl\u0131\u011f\u0131m\u0131z her detay\u0131 ele al\u0131r.<br \/>Uzman Paketleme ve Y\u00f6netim: Ekibimiz sekt\u00f6rdeki en iyi uygulamalar\u0131 kullanarak, her e\u015fyay\u0131 g\u00fcvenle paketler ve ta\u015f\u0131r.<br \/>M\u00fckemmel \u0130leti\u015fim ve Destek: Blackbird Moving, net ve s\u00fcrekli ileti\u015fimi \u00f6n planda tutar. Destek ekibimiz, ta\u015f\u0131nma s\u00fcrecinizin her a\u015famas\u0131nda size d\u00fczenli olarak bilgi verir ve sorular\u0131n\u0131z\u0131 yan\u0131tlar.<br \/>Sorunsuz Bir Ta\u015f\u0131nma \u0130\u00e7in Blackbird Moving \u0130le Yolculu\u011funuza Ba\u015flay\u0131n<\/p><p>Blackbird Moving, BAE&#8217;ye ta\u015f\u0131nman\u0131z\u0131 m\u00fcmk\u00fcn oldu\u011funca sorunsuz ve stressiz hale getirmek i\u00e7in \u00e7aba g\u00f6steriyor. Ki\u015fiselle\u015ftirilmi\u015f hizmetlerimiz, k\u00fcresel a\u011f\u0131m\u0131z ve g\u00fcmr\u00fck d\u00fczenlemeleri konusundaki uzmanl\u0131\u011f\u0131m\u0131zla, ta\u015f\u0131nma deneyiminizi her y\u00f6n\u00fcyle eksiksiz bir \u015fekilde sunuyoruz. \u0130svi\u00e7re&#8217;den ya da d\u00fcnyan\u0131n herhangi bir yerinden ta\u015f\u0131n\u0131yor olun, ekibimiz her detay\u0131 y\u00f6neterek size yard\u0131mc\u0131 olacakt\u0131r. Bug\u00fcn bizimle ileti\u015fime ge\u00e7in ve BAE&#8217;ye ta\u015f\u0131nman\u0131z\u0131 kolay, g\u00fcvenli ve profesyonel bir \u015fekilde planlay\u0131n.<\/p>\t\t\t\t\t\t\t\t<\/div>\n\t\t\t\t<\/div>\n\t\t\t\t\t<\/div>\n\t\t\t\t<\/div>\n\t\t\t\t<\/div>\n\t\t","protected":false},"excerpt":{"rendered":"<p>BAE&#8217;ye&nbsp;Ta\u015f\u0131nma&nbsp;Rehberi:&nbsp;Blackbird&nbsp;Moving&nbsp;ile&nbsp;Sorunsuz&nbsp;Bir&nbsp;Ta\u015f\u0131nma Birle\u015fik Arap Emirlikleri\u2019ne (BAE) ta\u015f\u0131nmak, ister i\u015f, ister aile veya yeni bir ya\u015fam tarz\u0131 i\u00e7in olsun, heyecan verici bir yolculuktur. Dubai gibi hareketli bir \u015fehre veya Abu Dabi gibi daha geleneksel bir alana ta\u015f\u0131nmak, titiz bir planlama, g\u00fcmr\u00fck d\u00fczenlemelerine s\u0131k\u0131 bir uyum sa\u011flama ve sorunsuz bir koordinasyon gerektirir. Blackbird Moving, uluslararas\u0131 ta\u015f\u0131nmalarda kapsaml\u0131 ve [&hellip;]<\/p>\n","protected":false},"author":3,"featured_media":0,"parent":0,"menu_order":0,"comment_status":"closed","ping_status":"closed","template":"","meta":{"_acf_changed":false,"footnotes":""},"class_list":["post-5055","page","type-page","status-publish","hentry"],"acf":[],"_links":{"self":[{"href":"https:\/\/blackbird-moving.com\/tr\/wp-json\/wp\/v2\/pages\/5055","targetHints":{"allow":["GET"]}}],"collection":[{"href":"https:\/\/blackbird-moving.com\/tr\/wp-json\/wp\/v2\/pages"}],"about":[{"href":"https:\/\/blackbird-moving.com\/tr\/wp-json\/wp\/v2\/types\/page"}],"author":[{"embeddable":true,"href":"https:\/\/blackbird-moving.com\/tr\/wp-json\/wp\/v2\/users\/3"}],"replies":[{"embeddable":true,"href":"https:\/\/blackbird-moving.com\/tr\/wp-json\/wp\/v2\/comments?post=5055"}],"version-history":[{"count":23,"href":"https:\/\/blackbird-moving.com\/tr\/wp-json\/wp\/v2\/pages\/5055\/revisions"}],"predecessor-version":[{"id":8496,"href":"https:\/\/blackbird-moving.com\/tr\/wp-json\/wp\/v2\/pages\/5055\/revisions\/8496"}],"wp:attachment":[{"href":"https:\/\/blackbird-moving.com\/tr\/wp-json\/wp\/v2\/media?parent=5055"}],"curies":[{"name":"wp","href":"https:\/\/api.w.org\/{rel}","templated":true}]}}