{"id":5053,"date":"2024-11-08T18:47:39","date_gmt":"2024-11-08T15:47:39","guid":{"rendered":"https:\/\/blackbird-moving.com\/moving-guide-to-italy-your-seamless-relocation-with-blackbird-moving\/"},"modified":"2025-08-23T15:39:32","modified_gmt":"2025-08-23T12:39:32","slug":"italyaya-tasinma-rehberi-blackbird-moving-ile-sorunsuz-bir-tasinma","status":"publish","type":"page","link":"https:\/\/blackbird-moving.com\/tr\/italyaya-tasinma-rehberi-blackbird-moving-ile-sorunsuz-bir-tasinma\/","title":{"rendered":"\u0130talya&#8217;ya Ta\u015f\u0131nma Rehberi: Blackbird Moving ile Sorunsuz Bir Ta\u015f\u0131nma"},"content":{"rendered":"\t\t<div data-elementor-type=\"wp-page\" data-elementor-id=\"5053\" class=\"elementor elementor-5053 elementor-4054\" data-elementor-post-type=\"page\">\n\t\t\t\t<div data-lqd-color-scheme=\"dark\" class=\"elementor-element elementor-element-78c2f443 e-flex e-con-boxed e-con e-parent\" data-id=\"78c2f443\" data-element_type=\"container\" data-settings=\"{&quot;background_background&quot;:&quot;slideshow&quot;,&quot;background_slideshow_gallery&quot;:[{&quot;id&quot;:4056,&quot;url&quot;:&quot;https:\\\/\\\/blackbird-moving.com\\\/wp-content\\\/uploads\\\/2024\\\/11\\\/italy.jpg&quot;}],&quot;background_slideshow_slide_duration&quot;:2500,&quot;background_slideshow_ken_burns&quot;:&quot;yes&quot;,&quot;background_slideshow_loop&quot;:&quot;yes&quot;,&quot;background_slideshow_slide_transition&quot;:&quot;fade&quot;,&quot;background_slideshow_transition_duration&quot;:500,&quot;background_slideshow_ken_burns_zoom_direction&quot;:&quot;in&quot;}\">\n\t\t\t\t\t<div class=\"e-con-inner\">\n\t\t<div class=\"elementor-element elementor-element-11468c53 e-con-full e-flex e-con e-child\" data-id=\"11468c53\" data-element_type=\"container\">\n\t\t\t\t<div class=\"elementor-element elementor-element-60b9deda lqd-text-tag-h1 elementor-widget elementor-widget-lqd-text\" data-id=\"60b9deda\" data-element_type=\"widget\" data-widget_type=\"lqd-text.default\" data-lqd-has-inner-animatables=\"true\">\n\t\t\t\t<div class=\"elementor-widget-container\">\n\t\t\t\t\t<h1 class=\"lqd-text-el m-0 p-0\" data-lqd-split-text-el=\"1\" data-lqd-split-type=\"words\"><span class=\"lqd-text-item relative elementor-repeater-item-6b6ba9d\"><span class=\"lqd-split-text-words inline-flex bg-inherit relative\" data-lqd-inner-animatable-el>\u0130talya'ya<\/span>&nbsp;<span class=\"lqd-split-text-words inline-flex bg-inherit relative\" data-lqd-inner-animatable-el>Ta\u015f\u0131nma<\/span>&nbsp;<span class=\"lqd-split-text-words inline-flex bg-inherit relative\" data-lqd-inner-animatable-el>Rehberi:<\/span>&nbsp;<span class=\"lqd-split-text-words inline-flex bg-inherit relative\" data-lqd-inner-animatable-el>\n<\/span><\/span><span class=\"lqd-text-item relative elementor-repeater-item-6935af4\"><span class=\"lqd-split-text-words inline-flex bg-inherit relative\" data-lqd-inner-animatable-el>Blackbird<\/span>&nbsp;<span class=\"lqd-split-text-words inline-flex bg-inherit relative\" data-lqd-inner-animatable-el>Moving<\/span>&nbsp;<span class=\"lqd-split-text-words inline-flex bg-inherit relative\" data-lqd-inner-animatable-el>ile<\/span>&nbsp;<span class=\"lqd-split-text-words inline-flex bg-inherit relative\" data-lqd-inner-animatable-el>Sorunsuz<\/span>&nbsp;<span class=\"lqd-split-text-words inline-flex bg-inherit relative\" data-lqd-inner-animatable-el>Bir<\/span>&nbsp;<span class=\"lqd-split-text-words inline-flex bg-inherit relative\" data-lqd-inner-animatable-el>Ta\u015f\u0131nma\n<\/span><\/span><\/h1>\t\t\t\t<\/div>\n\t\t\t\t<\/div>\n\t\t<style>.elementor-element-60b9deda .lqd-split-text-words {\n   transform: translate3d(0px,120px,0px) scale(3, 3) rotateX(0deg) rotateY(0deg) rotateZ(0deg) skew(0deg, 0deg);\n   opacity: 0;\n}\n<\/style><script>\n\t\twindow.liquid.behaviors.push( {\n\t\t\tdataId: \"60b9deda\",\n\t\t\tbehaviors:[\n\t\t\t\t{behaviorName:'liquidSplitText',options:{splitDoneFromBackend:true,splitType:'words'}},{behaviorName:'liquidGetElementComputedStyles',options:{includeSelf:true,getRect:true,addGhosts:true}},{behaviorName:'liquidAnimations',options:{domain:'inview',trigger:'ghost',duration:0.65,ease:'expo.out',stagger:{each:0.065,from:'start'},delay:0,start:'top+=30px bottom',startElementOffset:0,startViewportOffset:0,animations:[{elements:'selfAnimatables',breakpointsKeyframes:{all:{keyframes:[{scaleX:1,scaleY:1,skewX:0,skewY:0,x:'0px',y:'0px',z:'0px',rotateX:0,rotateY:0,rotateZ:0,opacity:1}]}}}]}},\n\t\t\t]\n\t\t} );\n\t\t\n\t\t<\/script>\t\t<\/div>\n\t\t\t\t\t<\/div>\n\t\t\t\t<\/div>\n\t\t<div class=\"elementor-element elementor-element-b940aac e-flex e-con-boxed e-con e-parent\" data-id=\"b940aac\" data-element_type=\"container\">\n\t\t\t\t\t<div class=\"e-con-inner\">\n\t\t\t\t<div class=\"elementor-element elementor-element-900ba16 elementor-widget elementor-widget-heading\" data-id=\"900ba16\" data-element_type=\"widget\" data-widget_type=\"heading.default\">\n\t\t\t\t<div class=\"elementor-widget-container\">\n\t\t\t\t\t<h2 class=\"elementor-heading-title elementor-size-default\">\u0130talya\u2019da Yeni Hayat\u0131n\u0131za M\u00fckemmel Bir Ba\u015flang\u0131\u00e7<\/h2>\t\t\t\t<\/div>\n\t\t\t\t<\/div>\n\t\t\t\t<div class=\"elementor-element elementor-element-450bdb3 elementor-widget elementor-widget-text-editor\" data-id=\"450bdb3\" data-element_type=\"widget\" data-widget_type=\"text-editor.default\">\n\t\t\t\t<div class=\"elementor-widget-container\">\n\t\t\t\t\t\t\t\t\t<p>\u0130talya\u2019ya ta\u015f\u0131nmak, d\u00fcnyan\u0131n en k\u00fclt\u00fcrel zenginli\u011fe sahip ve g\u00f6rsel olarak b\u00fcy\u00fcleyici \u00fclkelerinden birinde, canl\u0131 bir ya\u015fam tarz\u0131na kap\u0131 a\u00e7ar. \u0130ster Roma\u2019n\u0131n tarihi harikalar\u0131na, Milano\u2019nun hareketli moda d\u00fcnyas\u0131na, ister Toskana\u2019daki sakin bir villaya y\u00f6neliyor olun, \u0130talya\u2019ya ta\u015f\u0131nmak dikkatli bir planlama ve detaylara \u00f6zen gerektirir. G\u00fcmr\u00fck i\u015flemlerinden e\u015fyalar\u0131n\u0131z\u0131n g\u00fcvenli ta\u015f\u0131nmas\u0131na kadar, \u0130talya\u2019ya uluslararas\u0131 bir ta\u015f\u0131nma, uzmanl\u0131k isteyen bir s\u00fcre\u00e7tir.<\/p><p>Blackbird Moving olarak, \u00f6zellikle \u0130talya\u2019ya yap\u0131lan ta\u015f\u0131nmalarda sorunsuz ve verimli bir deneyim sunma konusunda uzman\u0131z. \u0130talya s\u0131n\u0131r\u0131na yak\u0131n Lugano, Ticino\u2019daki stratejik konumumuz, \u0130talyan g\u00fcmr\u00fck ve lojistik s\u00fcre\u00e7lerine dair derin bir anlay\u0131\u015f kazand\u0131r\u0131r. Uzmanlar\u0131m\u0131z, g\u00fcmr\u00fck i\u015flemlerinden e\u015fyalar\u0131n g\u00fcvenli ta\u015f\u0131nmas\u0131na kadar t\u00fcm s\u00fcreci profesyonelce ve \u00f6zenle y\u00f6netir. \u0130ster k\u00fc\u00e7\u00fck bir daireyi, ister b\u00fcy\u00fck bir aile evini ya da kurumsal bir ofisi ta\u015f\u0131yor olun, size \u00f6zel ve endi\u015fesiz bir ta\u015f\u0131nma deneyimi sunuyoruz.<\/p><h3>Blackbird Moving Neden \u0130talya\u2019ya Ta\u015f\u0131nmalarda \u00d6ne \u00c7\u0131k\u0131yor?<\/h3><p>Blackbird Moving olarak, \u0130talya\u2019ya yap\u0131lan s\u0131n\u0131r \u00f6tesi ta\u015f\u0131nmalardaki kapsaml\u0131 deneyimimiz bizi rakiplerimizden ay\u0131r\u0131r. \u0130talya\u2019ya yak\u0131n konumumuz ve g\u00fcmr\u00fck d\u00fczenlemelerine dair derin bilgimiz, ta\u015f\u0131nma s\u00fcrecinizi verimli ve stressiz bir deneyim haline getirir. \u0130talyan pazar\u0131na ve yerel lojisti\u011fe dair uzmanl\u0131\u011f\u0131m\u0131zla m\u00fc\u015fterilerimize ki\u015fiselle\u015ftirilmi\u015f, sorunsuz hizmetler sunarak ta\u015f\u0131nman\u0131z\u0131n her a\u015famas\u0131n\u0131 kolayla\u015ft\u0131r\u0131yoruz.<\/p><h3>\u0130talya\u2019ya Ta\u015f\u0131nma \u0130\u00e7in G\u00fcmr\u00fck ve Belgeler<\/h3><p>\u0130talyan g\u00fcmr\u00fck d\u00fczenlemelerini anlamak, \u0130talya\u2019ya ta\u015f\u0131nman\u0131n en kritik ad\u0131mlar\u0131ndan biridir. \u0130talya, ki\u015fisel e\u015fyalar\u0131n ithalat\u0131na dair belirli gerekliliklere sahiptir ve belgelerin eksiksiz olmas\u0131, gecikmeleri veya cezalar\u0131 \u00f6nlemek i\u00e7in \u00f6nemlidir. Blackbird Moving, bu s\u00fcre\u00e7te size rehberlik eder ve gerekli t\u00fcm belgeleri eksiksiz haz\u0131rlayarak g\u00fcmr\u00fck i\u015flemlerinizin sorunsuz olmas\u0131n\u0131 sa\u011flar.<\/p><h3>\u0130talya\u2019ya Ta\u015f\u0131nmak \u0130\u00e7in Gerekli Belgeler:<\/h3><p>Ge\u00e7erli Pasaport: G\u00fcmr\u00fckte kimlik do\u011frulama i\u00e7in zorunludur.<br \/>\u0130talyan \u0130kamet Kayd\u0131 (Iscrizione Anagrafica): Kira s\u00f6zle\u015fmesi gibi bir ikamet kayd\u0131 belgesi, g\u00fcmr\u00fck i\u015flemleri i\u00e7in gereklidir.<br \/>Codice Fiscale: \u0130talya\u2019n\u0131n vergi kimlik numaras\u0131d\u0131r ve g\u00fcmr\u00fck ile di\u011fer yasal i\u015flemler i\u00e7in gereklidir.<br \/>G\u00f6nderi Envanteri: \u0130thal edilen t\u00fcm e\u015fyalar\u0131n durumu (yeni veya kullan\u0131lm\u0131\u015f) ve de\u011ferlerini i\u00e7eren ayr\u0131nt\u0131l\u0131 bir liste haz\u0131rlanmal\u0131d\u0131r.<br \/>G\u00fcmr\u00fck Formlar\u0131: Mod. F-01A ve Dichiarazione di libera importazione gibi belgeler, g\u00fcmr\u00fck i\u015flemleri i\u00e7in eksiksiz doldurulmal\u0131d\u0131r.<br \/>Ev E\u015fyalar\u0131n\u0131n G\u00fcmr\u00fck Vergisinden Muaf Giri\u015fi: Alt\u0131 aydan uzun s\u00fcredir kullan\u0131lan ev e\u015fyalar\u0131, t\u00fcm belgelerin eksiksiz olmas\u0131 durumunda \u0130talya\u2019ya g\u00fcmr\u00fcks\u00fcz olarak ithal edilebilir. Blackbird Moving, t\u00fcm belgelerin do\u011fru haz\u0131rlanmas\u0131n\u0131 sa\u011flayarak e\u015fyalar\u0131n\u0131z\u0131n sorunsuz giri\u015f yapmas\u0131n\u0131 m\u00fcmk\u00fcn k\u0131lar.<\/p><p>G\u00fcmr\u00fck Denetimleri: \u0130talyan g\u00fcmr\u00fc\u011f\u00fc, g\u00fcmr\u00fck vergisinden muaf olan e\u015fyalar dahil olmak \u00fczere ithal edilen \u00fcr\u00fcnlerde denetim yapabilir. Blackbird Moving, g\u00f6nderi envanterinizin ve g\u00fcmr\u00fck formlar\u0131n\u0131z\u0131n \u0130talyan d\u00fczenlemelerine tam uyumlu olmas\u0131n\u0131 sa\u011flar, b\u00f6ylece gecikmelerin \u00f6n\u00fcne ge\u00e7ilir.<\/p><p>Yasakl\u0131 ve K\u0131s\u0131tl\u0131 \u00dcr\u00fcnler: \u0130talya, silahlar, baz\u0131 bitkiler ve k\u00fclt\u00fcrel eserler gibi belirli \u00fcr\u00fcnler i\u00e7in s\u0131k\u0131 d\u00fczenlemelere sahiptir. Blackbird Moving, hangi \u00fcr\u00fcnlerin ithal edilebilece\u011fi konusunda uzman rehberlik sa\u011flar ve yasalara tam uyum sa\u011flaman\u0131z\u0131 temin eder.<\/p><h3>E\u015fyalar\u0131n\u0131z\u0131 Koruyan Paketleme ve Ta\u015f\u0131ma Hizmetleri<\/h3><p>Blackbird Moving olarak, e\u015fyalar\u0131n\u0131z\u0131n g\u00fcvenli\u011fini sa\u011flamak i\u00e7in y\u00fcksek kaliteli paketleme malzemeleri ve sekt\u00f6r lideri teknikler kullan\u0131yoruz. De\u011ferli antikalardan g\u00fcnl\u00fck ev e\u015fyalar\u0131na kadar her \u015feyin m\u00fckemmel durumda \u0130talya\u2019ya ula\u015fmas\u0131n\u0131 sa\u011fl\u0131yoruz.<\/p><p>Gard\u0131rop Kutular\u0131: K\u0131yafetlerinizi ask\u0131da ta\u015f\u0131man\u0131za olanak tan\u0131r, k\u0131r\u0131\u015f\u0131kl\u0131klar\u0131 \u00f6nler ve giysilerinizi kullan\u0131ma haz\u0131r tutar.<br \/>Elektronik ve K\u0131r\u0131lgan E\u015fyalar: Televizyon ve bilgisayar gibi elektronikler i\u00e7in \u00f6zel ambalajlar ve antistatik malzemeler kullan\u0131r\u0131z. Sanat eserleri ve aynalar gibi hassas e\u015fyalar i\u00e7in \u00f6zel yap\u0131m sand\u0131klar sunar\u0131z.<br \/>Mobilyalar\u0131n S\u00f6k\u00fclmesi ve Yeniden Montaj\u0131: B\u00fcy\u00fck mobilyalar dikkatlice s\u00f6k\u00fcl\u00fcr, g\u00fcvenle ta\u015f\u0131n\u0131r ve yeni evinizde yeniden monte edilir.<br \/>\u0130talya\u2019ya Ta\u015f\u0131nma \u0130\u00e7in Esnek Nakliye Se\u00e7enekleri<\/p><p>\u0130talya\u2019n\u0131n Avrupa i\u00e7indeki konumu, kara ta\u015f\u0131mac\u0131l\u0131\u011f\u0131 i\u00e7in g\u00fc\u00e7l\u00fc bir altyap\u0131 sa\u011flar. Blackbird Moving, kap\u0131dan kap\u0131ya teslimat hizmetiyle \u00f6zel veya grup ta\u015f\u0131mac\u0131l\u0131\u011f\u0131 se\u00e7enekleri sunarak esneklik sa\u011flar.<\/p><p>\u00d6zel Ara\u00e7 Se\u00e7ene\u011fi: B\u00fcy\u00fck ta\u015f\u0131nmalar i\u00e7in ideal olup, yaln\u0131zca sizin e\u015fyalar\u0131n\u0131za ayr\u0131lm\u0131\u015f bir ara\u00e7la do\u011frudan teslimat sa\u011flar.<br \/>Grup Y\u00fck\u00fc (Groupage): Daha k\u00fc\u00e7\u00fck g\u00f6nderiler i\u00e7in uygun maliyetli bir se\u00e7enektir ve di\u011fer g\u00f6nderilerle payla\u015f\u0131m yap\u0131l\u0131rken g\u00fcvenlik ve zaman\u0131nda teslimat sa\u011flan\u0131r.<\/p><h3>Yerel Hizmetler ve Ev Bak\u0131m\u0131 Deste\u011fi<\/h3><p>\u0130talya\u2019ya ta\u015f\u0131nmak sadece e\u015fyalar\u0131n\u0131z\u0131 ta\u015f\u0131makla ilgili de\u011fildir; ayn\u0131 zamanda yeni ya\u015fam tarz\u0131n\u0131za uyum sa\u011flamay\u0131 da i\u00e7erir. Blackbird Moving, yeni evinizi tamamen i\u015flevsel ve konforlu hale getirmek i\u00e7in temel yerel hizmetler ve ev bak\u0131m\u0131 deste\u011fi sunar.<\/p><p>Hizmetlerin Kurulumu:Elektrik, su, gaz ve internet gibi hizmetlerin ba\u011flanmas\u0131 konusunda rehberlik sunar\u0131z.<\/p><p>Ev Bak\u0131m\u0131 ve Onar\u0131mlar: G\u00fcvenilir yerel hizmet sa\u011flay\u0131c\u0131larla ev bak\u0131m ve onar\u0131mlar\u0131n\u0131z\u0131 koordine ederiz. Neden \u0130talya\u2019ya Ta\u015f\u0131nman\u0131z \u0130\u00e7in Blackbird Moving\u2019i Se\u00e7melisiniz?<\/p><p>Ta\u015f\u0131nman\u0131z \u0130\u00e7in \u00d6zel \u00c7\u00f6z\u00fcmler:Blackbird Moving olarak, her ta\u015f\u0131nman\u0131n benzersiz oldu\u011funun fark\u0131nday\u0131z. Ekibimiz, ister k\u00fc\u00e7\u00fck bir daire, ister kurumsal bir ofis ta\u015f\u0131yor olun, ihtiya\u00e7lar\u0131n\u0131za \u00f6zel planlar haz\u0131rlayarak ta\u015f\u0131nma s\u00fcrecinizi tamamen size \u00f6zel hale getirir.<\/p><p>Kapsaml\u0131 Paketleme ve Paket A\u00e7ma Hizmetleri:<br \/>Hizmetlerimiz yaln\u0131zca paketleme ile s\u0131n\u0131rl\u0131 kalmaz. G\u00f6nderiniz \u0130talya\u2019ya ula\u015ft\u0131\u011f\u0131nda, e\u015fyalar\u0131n\u0131z\u0131 paketlerinden \u00e7\u0131kar\u0131r ve yeni evinizde yerle\u015ftirmenize yard\u0131mc\u0131 oluruz. B\u00f6ylece yeni hayat\u0131n\u0131za h\u0131zl\u0131 ve konforlu bir ba\u015flang\u0131\u00e7 yapabilirsiniz.<\/p><p>M\u00fckemmel \u0130leti\u015fim ve Anl\u0131k Destek:<br \/>\u015eeffaf ileti\u015fime olan ba\u011fl\u0131l\u0131\u011f\u0131m\u0131z, s\u00fcrecin her ad\u0131m\u0131nda bilgilendirilmenizi sa\u011flar. Destek ekibimiz, anl\u0131k g\u00fcncellemeler sunarak sorular\u0131n\u0131z\u0131 yan\u0131tlar ve ta\u015f\u0131nman\u0131z boyunca sorunsuz bir deneyim ya\u015faman\u0131z\u0131 sa\u011flar.<\/p><h3>Blackbird Moving ile \u0130talya\u2019daki Yolculu\u011funuza Ba\u015flay\u0131n<\/h3><p>Blackbird Moving olarak, \u0130talya\u2019ya ta\u015f\u0131nman\u0131z\u0131 m\u00fcmk\u00fcn olan en sorunsuz ve stressiz \u015fekilde ger\u00e7ekle\u015ftirmeyi taahh\u00fct ediyoruz. \u0130talya\u2019ya y\u00f6nelik ta\u015f\u0131nmalardaki derin bilgimiz ve \u0130talyan s\u0131n\u0131r\u0131na yak\u0131n stratejik konumumuz sayesinde ta\u015f\u0131nman\u0131z\u0131n her a\u015famas\u0131n\u0131 \u00f6zenle ve profesyonellikle y\u00f6netiyoruz.<\/p><p>Uzman paketleme, g\u00fcvenli kara ta\u015f\u0131mac\u0131l\u0131\u011f\u0131, g\u00fcmr\u00fck i\u015flemleri ve ta\u015f\u0131nma sonras\u0131 destek gibi hizmetlerle ekibimiz, her ad\u0131mda yan\u0131n\u0131zda. Ta\u015f\u0131nman\u0131z\u0131n boyutu veya karma\u015f\u0131kl\u0131\u011f\u0131 ne olursa olsun, Blackbird Moving hizmetlerini ihtiya\u00e7lar\u0131n\u0131za g\u00f6re \u00f6zelle\u015ftirerek \u0130talya\u2019daki yeni hayat\u0131n\u0131za kolay bir ge\u00e7i\u015f yapman\u0131z\u0131 sa\u011flar.<\/p><p>Blackbird Moving ile \u0130talya\u2019daki ta\u015f\u0131nman\u0131z\u0131 planlamaya bug\u00fcn ba\u015flay\u0131n.<br \/>Lojistikle biz ilgilenirken siz bu b\u00fcy\u00fcleyici \u00fclkede sizi bekleyen heyecan verici maceralara odaklanabilirsiniz.<\/p>\t\t\t\t\t\t\t\t<\/div>\n\t\t\t\t<\/div>\n\t\t\t\t\t<\/div>\n\t\t\t\t<\/div>\n\t\t\t\t<\/div>\n\t\t","protected":false},"excerpt":{"rendered":"<p>\u0130talya&#8217;ya&nbsp;Ta\u015f\u0131nma&nbsp;Rehberi:&nbsp; Blackbird&nbsp;Moving&nbsp;ile&nbsp;Sorunsuz&nbsp;Bir&nbsp;Ta\u015f\u0131nma \u0130talya\u2019da Yeni Hayat\u0131n\u0131za M\u00fckemmel Bir Ba\u015flang\u0131\u00e7 \u0130talya\u2019ya ta\u015f\u0131nmak, d\u00fcnyan\u0131n en k\u00fclt\u00fcrel zenginli\u011fe sahip ve g\u00f6rsel olarak b\u00fcy\u00fcleyici \u00fclkelerinden birinde, canl\u0131 bir ya\u015fam tarz\u0131na kap\u0131 a\u00e7ar. \u0130ster Roma\u2019n\u0131n tarihi harikalar\u0131na, Milano\u2019nun hareketli moda d\u00fcnyas\u0131na, ister Toskana\u2019daki sakin bir villaya y\u00f6neliyor olun, \u0130talya\u2019ya ta\u015f\u0131nmak dikkatli bir planlama ve detaylara \u00f6zen gerektirir. G\u00fcmr\u00fck i\u015flemlerinden e\u015fyalar\u0131n\u0131z\u0131n g\u00fcvenli [&hellip;]<\/p>\n","protected":false},"author":3,"featured_media":0,"parent":0,"menu_order":0,"comment_status":"closed","ping_status":"closed","template":"","meta":{"_acf_changed":false,"footnotes":""},"class_list":["post-5053","page","type-page","status-publish","hentry"],"acf":[],"_links":{"self":[{"href":"https:\/\/blackbird-moving.com\/tr\/wp-json\/wp\/v2\/pages\/5053","targetHints":{"allow":["GET"]}}],"collection":[{"href":"https:\/\/blackbird-moving.com\/tr\/wp-json\/wp\/v2\/pages"}],"about":[{"href":"https:\/\/blackbird-moving.com\/tr\/wp-json\/wp\/v2\/types\/page"}],"author":[{"embeddable":true,"href":"https:\/\/blackbird-moving.com\/tr\/wp-json\/wp\/v2\/users\/3"}],"replies":[{"embeddable":true,"href":"https:\/\/blackbird-moving.com\/tr\/wp-json\/wp\/v2\/comments?post=5053"}],"version-history":[{"count":11,"href":"https:\/\/blackbird-moving.com\/tr\/wp-json\/wp\/v2\/pages\/5053\/revisions"}],"predecessor-version":[{"id":8512,"href":"https:\/\/blackbird-moving.com\/tr\/wp-json\/wp\/v2\/pages\/5053\/revisions\/8512"}],"wp:attachment":[{"href":"https:\/\/blackbird-moving.com\/tr\/wp-json\/wp\/v2\/media?parent=5053"}],"curies":[{"name":"wp","href":"https:\/\/api.w.org\/{rel}","templated":true}]}}