{"id":5051,"date":"2024-11-08T18:42:06","date_gmt":"2024-11-08T15:42:06","guid":{"rendered":"https:\/\/blackbird-moving.com\/moving-guide-to-usa-navigate-your-move-with-ease\/"},"modified":"2025-08-22T16:55:36","modified_gmt":"2025-08-22T13:55:36","slug":"moving-guide-to-usa-navigate-your-move-with-ease","status":"publish","type":"page","link":"https:\/\/blackbird-moving.com\/tr\/moving-guide-to-usa-navigate-your-move-with-ease\/","title":{"rendered":"ABD&#8217;ye Ta\u015f\u0131nma Rehberi: Ta\u015f\u0131nman\u0131z\u0131 Kolayca Y\u00f6netin"},"content":{"rendered":"\t\t<div data-elementor-type=\"wp-page\" data-elementor-id=\"5051\" class=\"elementor elementor-5051 elementor-4046\" data-elementor-post-type=\"page\">\n\t\t\t\t<div data-lqd-color-scheme=\"dark\" class=\"elementor-element elementor-element-78c2f443 e-flex e-con-boxed e-con e-parent\" data-id=\"78c2f443\" data-element_type=\"container\" data-settings=\"{&quot;background_background&quot;:&quot;slideshow&quot;,&quot;background_slideshow_gallery&quot;:[{&quot;id&quot;:4050,&quot;url&quot;:&quot;https:\\\/\\\/blackbird-moving.com\\\/wp-content\\\/uploads\\\/2024\\\/11\\\/USA2.jpg&quot;}],&quot;background_slideshow_slide_duration&quot;:2500,&quot;background_slideshow_ken_burns&quot;:&quot;yes&quot;,&quot;background_slideshow_loop&quot;:&quot;yes&quot;,&quot;background_slideshow_slide_transition&quot;:&quot;fade&quot;,&quot;background_slideshow_transition_duration&quot;:500,&quot;background_slideshow_ken_burns_zoom_direction&quot;:&quot;in&quot;}\">\n\t\t\t\t\t<div class=\"e-con-inner\">\n\t\t<div class=\"elementor-element elementor-element-11468c53 e-con-full e-flex e-con e-child\" data-id=\"11468c53\" data-element_type=\"container\">\n\t\t\t\t<div class=\"elementor-element elementor-element-60b9deda lqd-text-tag-h1 elementor-widget elementor-widget-lqd-text\" data-id=\"60b9deda\" data-element_type=\"widget\" data-widget_type=\"lqd-text.default\" data-lqd-has-inner-animatables=\"true\">\n\t\t\t\t<div class=\"elementor-widget-container\">\n\t\t\t\t\t<h1 class=\"lqd-text-el m-0 p-0\" data-lqd-split-text-el=\"1\" data-lqd-split-type=\"words\"><span class=\"lqd-text-item relative elementor-repeater-item-6b6ba9d\"><span class=\"lqd-split-text-words inline-flex bg-inherit relative\" data-lqd-inner-animatable-el>ABD'ye<\/span>&nbsp;<span class=\"lqd-split-text-words inline-flex bg-inherit relative\" data-lqd-inner-animatable-el>Ta\u015f\u0131nma<\/span>&nbsp;<span class=\"lqd-split-text-words inline-flex bg-inherit relative\" data-lqd-inner-animatable-el>Rehberi:<\/span>&nbsp;<span class=\"lqd-split-text-words inline-flex bg-inherit relative\" data-lqd-inner-animatable-el><\/span><\/span><span class=\"lqd-text-item relative elementor-repeater-item-6935af4\"><span class=\"lqd-split-text-words inline-flex bg-inherit relative\" data-lqd-inner-animatable-el>Ta\u015f\u0131nman\u0131z\u0131<\/span>&nbsp;<span class=\"lqd-split-text-words inline-flex bg-inherit relative\" data-lqd-inner-animatable-el>Kolayca<\/span>&nbsp;<span class=\"lqd-split-text-words inline-flex bg-inherit relative\" data-lqd-inner-animatable-el>Y\u00f6netin<\/span><\/span><\/h1>\t\t\t\t<\/div>\n\t\t\t\t<\/div>\n\t\t<style>.elementor-element-60b9deda .lqd-split-text-words {\n   transform: translate3d(0px,120px,0px) scale(3, 3) rotateX(0deg) rotateY(0deg) rotateZ(0deg) skew(0deg, 0deg);\n   opacity: 0;\n}\n<\/style><script>\n\t\twindow.liquid.behaviors.push( {\n\t\t\tdataId: \"60b9deda\",\n\t\t\tbehaviors:[\n\t\t\t\t{behaviorName:'liquidSplitText',options:{splitDoneFromBackend:true,splitType:'words'}},{behaviorName:'liquidGetElementComputedStyles',options:{includeSelf:true,getRect:true,addGhosts:true}},{behaviorName:'liquidAnimations',options:{domain:'inview',trigger:'ghost',duration:0.65,ease:'expo.out',stagger:{each:0.065,from:'start'},delay:0,start:'top+=30px bottom',startElementOffset:0,startViewportOffset:0,animations:[{elements:'selfAnimatables',breakpointsKeyframes:{all:{keyframes:[{scaleX:1,scaleY:1,skewX:0,skewY:0,x:'0px',y:'0px',z:'0px',rotateX:0,rotateY:0,rotateZ:0,opacity:1}]}}}]}},\n\t\t\t]\n\t\t} );\n\t\t\n\t\t<\/script>\t\t<\/div>\n\t\t\t\t\t<\/div>\n\t\t\t\t<\/div>\n\t\t<div class=\"elementor-element elementor-element-b940aac e-flex e-con-boxed e-con e-parent\" data-id=\"b940aac\" data-element_type=\"container\">\n\t\t\t\t\t<div class=\"e-con-inner\">\n\t\t\t\t<div class=\"elementor-element elementor-element-2bde794 elementor-widget elementor-widget-heading\" data-id=\"2bde794\" data-element_type=\"widget\" data-widget_type=\"heading.default\">\n\t\t\t\t<div class=\"elementor-widget-container\">\n\t\t\t\t\t<h2 class=\"elementor-heading-title elementor-size-default\">ABD'ye Yolculu\u011funuz Burada Ba\u015fl\u0131yor<\/h2>\t\t\t\t<\/div>\n\t\t\t\t<\/div>\n\t\t\t\t<div class=\"elementor-element elementor-element-450bdb3 elementor-widget elementor-widget-text-editor\" data-id=\"450bdb3\" data-element_type=\"widget\" data-widget_type=\"text-editor.default\">\n\t\t\t\t<div class=\"elementor-widget-container\">\n\t\t\t\t\t\t\t\t\t<p>Amerika Birle\u015fik Devletleri\u2019ne ta\u015f\u0131nmak, New York ve Los Angeles gibi hareketli \u015fehirlere ya da daha sakin bir banliy\u00f6 ya\u015fam\u0131na ge\u00e7i\u015f yap\u0131yor olsan\u0131z da \u00f6nemli bir d\u00f6n\u00fcm noktas\u0131d\u0131r. ABD&#8217;nin \u00e7e\u015fitlili\u011fi, geni\u015f co\u011frafyas\u0131 ve farkl\u0131 eyalet d\u00fczenlemeleri, ta\u015f\u0131nma s\u00fcrecini karma\u015f\u0131k hale getirebilir. G\u00fcvenilir bir ta\u015f\u0131mac\u0131l\u0131k \u015firketiyle i\u015f birli\u011fi yapmak, bu s\u00fcreci sorunsuz, verimli ve stressiz bir deneyime d\u00f6n\u00fc\u015ft\u00fcrebilir.<\/p><h3>Blackbird Moving ile Ki\u015fiselle\u015ftirilmi\u015f Ta\u015f\u0131nma \u00c7\u00f6z\u00fcmleri<\/h3><p>Blackbird Moving, uluslararas\u0131 ta\u015f\u0131nma konusunda kapsaml\u0131 ve ki\u015fiselle\u015ftirilmi\u015f \u00e7\u00f6z\u00fcmler sunma konusunda uzmanla\u015fm\u0131\u015ft\u0131r. \u0130svi\u00e7re&#8217;den veya d\u00fcnyan\u0131n herhangi bir yerinden ta\u015f\u0131n\u0131yor olun, uzmanl\u0131\u011f\u0131m\u0131z ve detaylara verdi\u011fimiz \u00f6nem, ta\u015f\u0131nman\u0131z\u0131n titizlikle, \u00f6zenle ve profesyonellikle ger\u00e7ekle\u015ftirilmesini sa\u011flar.<\/p><h3>ABD&#8217;ye Ta\u015f\u0131nma \u0130\u00e7in G\u00fcmr\u00fck ve Belgeler<\/h3><p>ABD\u2019ye ta\u015f\u0131n\u0131rken g\u00fcmr\u00fck d\u00fczenlemelerine uyum sa\u011flamak, sorunsuz bir giri\u015f i\u00e7in kritik \u00f6neme sahiptir. Blackbird Moving, gerekli belgelerin haz\u0131rlanmas\u0131ndan gecikme veya beklenmeyen maliyetlerin \u00f6nlenmesine kadar her ad\u0131mda size rehberlik eder.<\/p><h3>Gerekli Belgeler:<\/h3><p>Ge\u00e7erli Pasaport: G\u00fcmr\u00fckte sorun ya\u015famamak i\u00e7in en az alt\u0131 ay ge\u00e7erli bir pasaporta sahip olun.<br \/>Vize veya Oturum Belgeleri: Green Card veya \u00e7al\u0131\u015fma vizesi gibi g\u00f6\u00e7menlik durumunuzu kan\u0131tlayan belgeler zorunludur.<br \/>ABD G\u00fcmr\u00fck Formu 3299: Bu form, uygun ko\u015fullardaki ev e\u015fyalar\u0131n\u0131n g\u00fcmr\u00fck vergisinden muaf olarak giri\u015fine izin verir.<br \/>G\u00f6nderi Envanteri: G\u00f6nderilen e\u015fyalar\u0131n durumu (yeni veya kullan\u0131lm\u0131\u015f) ve de\u011ferini i\u00e7eren detayl\u0131 bir liste, g\u00fcmr\u00fck i\u015flemleri i\u00e7in zorunludur.<br \/>E\u015fyalar\u0131n\u0131z\u0131 Korumak \u0130\u00e7in Paketleme ve Ta\u015f\u0131ma Hizmetleri<br \/>Blackbird Moving, her e\u015fyay\u0131 koruyacak y\u00fcksek kaliteli malzemeler ve uzman teknikler kullan\u0131r. Giysilerden elektroniklere ve mobilyalara kadar t\u00fcm e\u015fyalar\u0131n\u0131z\u0131n m\u00fckemmel durumda ABD&#8217;ye ula\u015fmas\u0131n\u0131 sa\u011flar\u0131z.<\/p><p>Deniz Ta\u015f\u0131mac\u0131l\u0131\u011f\u0131: B\u00fcy\u00fck ve acil olmayan g\u00f6nderiler i\u00e7in uygun maliyetli bir se\u00e7enektir.<br \/>Havayolu Ta\u015f\u0131mac\u0131l\u0131\u011f\u0131: H\u0131zl\u0131, ancak daha pahal\u0131 bir se\u00e7enek olup zaman duyarl\u0131 e\u015fyalar i\u00e7in idealdir.<br \/>Yerel Hizmetler: Yeni evinizde elektrik, su ve internet gibi temel hizmetlerin kurulumunu kolayla\u015ft\u0131r\u0131r\u0131z.<br \/>Neden Blackbird Moving&#8217;i Se\u00e7melisiniz?<\/p><p>Ki\u015fiselle\u015ftirilmi\u015f \u00c7\u00f6z\u00fcmler: Her ta\u015f\u0131nma farkl\u0131d\u0131r ve \u00f6zel ihtiya\u00e7lar\u0131n\u0131za uygun planlar sunar\u0131z.<br \/>Eksiksiz Paketleme ve Kurulum: T\u00fcm e\u015fyalar\u0131n\u0131z\u0131 koruyarak paketleme ve yeni evinizde yerle\u015ftirme hizmeti sa\u011fl\u0131yoruz.<br \/>M\u00fckemmel \u0130leti\u015fim: S\u00fcre\u00e7 boyunca net bilgi ve destek sunar, size huzurlu bir deneyim ya\u015fat\u0131r\u0131z.<\/p>\t\t\t\t\t\t\t\t<\/div>\n\t\t\t\t<\/div>\n\t\t\t\t\t<\/div>\n\t\t\t\t<\/div>\n\t\t\t\t<\/div>\n\t\t","protected":false},"excerpt":{"rendered":"<p>ABD&#8217;ye&nbsp;Ta\u015f\u0131nma&nbsp;Rehberi:&nbsp;Ta\u015f\u0131nman\u0131z\u0131&nbsp;Kolayca&nbsp;Y\u00f6netin ABD&#8217;ye Yolculu\u011funuz Burada Ba\u015fl\u0131yor Amerika Birle\u015fik Devletleri\u2019ne ta\u015f\u0131nmak, New York ve Los Angeles gibi hareketli \u015fehirlere ya da daha sakin bir banliy\u00f6 ya\u015fam\u0131na ge\u00e7i\u015f yap\u0131yor olsan\u0131z da \u00f6nemli bir d\u00f6n\u00fcm noktas\u0131d\u0131r. ABD&#8217;nin \u00e7e\u015fitlili\u011fi, geni\u015f co\u011frafyas\u0131 ve farkl\u0131 eyalet d\u00fczenlemeleri, ta\u015f\u0131nma s\u00fcrecini karma\u015f\u0131k hale getirebilir. G\u00fcvenilir bir ta\u015f\u0131mac\u0131l\u0131k \u015firketiyle i\u015f birli\u011fi yapmak, bu s\u00fcreci sorunsuz, [&hellip;]<\/p>\n","protected":false},"author":3,"featured_media":0,"parent":0,"menu_order":0,"comment_status":"closed","ping_status":"closed","template":"","meta":{"_acf_changed":false,"footnotes":""},"class_list":["post-5051","page","type-page","status-publish","hentry"],"acf":[],"_links":{"self":[{"href":"https:\/\/blackbird-moving.com\/tr\/wp-json\/wp\/v2\/pages\/5051","targetHints":{"allow":["GET"]}}],"collection":[{"href":"https:\/\/blackbird-moving.com\/tr\/wp-json\/wp\/v2\/pages"}],"about":[{"href":"https:\/\/blackbird-moving.com\/tr\/wp-json\/wp\/v2\/types\/page"}],"author":[{"embeddable":true,"href":"https:\/\/blackbird-moving.com\/tr\/wp-json\/wp\/v2\/users\/3"}],"replies":[{"embeddable":true,"href":"https:\/\/blackbird-moving.com\/tr\/wp-json\/wp\/v2\/comments?post=5051"}],"version-history":[{"count":35,"href":"https:\/\/blackbird-moving.com\/tr\/wp-json\/wp\/v2\/pages\/5051\/revisions"}],"predecessor-version":[{"id":8310,"href":"https:\/\/blackbird-moving.com\/tr\/wp-json\/wp\/v2\/pages\/5051\/revisions\/8310"}],"wp:attachment":[{"href":"https:\/\/blackbird-moving.com\/tr\/wp-json\/wp\/v2\/media?parent=5051"}],"curies":[{"name":"wp","href":"https:\/\/api.w.org\/{rel}","templated":true}]}}