{"id":4935,"date":"2025-01-23T00:11:42","date_gmt":"2025-01-22T21:11:42","guid":{"rendered":"https:\/\/blackbird-moving.com\/moving-guide-to-australia-a-complete-guide-to-what-to-expect\/"},"modified":"2025-10-09T12:59:32","modified_gmt":"2025-10-09T09:59:32","slug":"avustralyaya-tasinma-rehberi-ne-bekleyeceginize-dair-eksiksiz-bir-rehber","status":"publish","type":"page","link":"https:\/\/blackbird-moving.com\/tr\/avustralyaya-tasinma-rehberi-ne-bekleyeceginize-dair-eksiksiz-bir-rehber\/","title":{"rendered":"Moving Guide to Australia: A Complete Guide to What to Expect"},"content":{"rendered":"\t\t<div data-elementor-type=\"wp-page\" data-elementor-id=\"4935\" class=\"elementor elementor-4935 elementor-4481\" data-elementor-post-type=\"page\">\n\t\t\t\t<div data-lqd-color-scheme=\"dark\" class=\"elementor-element elementor-element-78c2f443 e-flex e-con-boxed e-con e-parent\" data-id=\"78c2f443\" data-element_type=\"container\" data-settings=\"{&quot;background_background&quot;:&quot;slideshow&quot;,&quot;background_slideshow_gallery&quot;:[{&quot;id&quot;:4397,&quot;url&quot;:&quot;https:\\\/\\\/blackbird-moving.com\\\/wp-content\\\/uploads\\\/2025\\\/01\\\/Adsiz-tasarim-6-1.png&quot;}],&quot;background_slideshow_slide_duration&quot;:2500,&quot;background_slideshow_ken_burns&quot;:&quot;yes&quot;,&quot;background_slideshow_loop&quot;:&quot;yes&quot;,&quot;background_slideshow_slide_transition&quot;:&quot;fade&quot;,&quot;background_slideshow_transition_duration&quot;:500,&quot;background_slideshow_ken_burns_zoom_direction&quot;:&quot;in&quot;}\">\n\t\t\t\t\t<div class=\"e-con-inner\">\n\t\t<div class=\"elementor-element elementor-element-11468c53 e-con-full e-flex e-con e-child\" data-id=\"11468c53\" data-element_type=\"container\">\n\t\t\t\t<div class=\"elementor-element elementor-element-60b9deda lqd-text-tag-h1 elementor-widget elementor-widget-lqd-text\" data-id=\"60b9deda\" data-element_type=\"widget\" data-widget_type=\"lqd-text.default\" data-lqd-has-inner-animatables=\"true\">\n\t\t\t\t<div class=\"elementor-widget-container\">\n\t\t\t\t\t<h1 class=\"lqd-text-el m-0 p-0\" data-lqd-split-text-el=\"1\" data-lqd-split-type=\"words\"><span class=\"lqd-text-item relative elementor-repeater-item-6b6ba9d\"><span class=\"lqd-split-text-words inline-flex bg-inherit relative\" data-lqd-inner-animatable-el>Avustralya'ya<\/span>&nbsp;<span class=\"lqd-split-text-words inline-flex bg-inherit relative\" data-lqd-inner-animatable-el>Yakla\u015fan<\/span>&nbsp;<span class=\"lqd-split-text-words inline-flex bg-inherit relative\" data-lqd-inner-animatable-el>Ta\u015f\u0131nman\u0131z:<\/span><\/span><span class=\"lqd-text-item relative elementor-repeater-item-6935af4\"><span class=\"lqd-split-text-words inline-flex bg-inherit relative\" data-lqd-inner-animatable-el>Neler<\/span>&nbsp;<span class=\"lqd-split-text-words inline-flex bg-inherit relative\" data-lqd-inner-animatable-el>Bekleyece\u011finize<\/span>&nbsp;<span class=\"lqd-split-text-words inline-flex bg-inherit relative\" data-lqd-inner-animatable-el>Dair<\/span>&nbsp;<span class=\"lqd-split-text-words inline-flex bg-inherit relative\" data-lqd-inner-animatable-el>Eksiksiz<\/span>&nbsp;<span class=\"lqd-split-text-words inline-flex bg-inherit relative\" data-lqd-inner-animatable-el>Bir<\/span>&nbsp;<span class=\"lqd-split-text-words inline-flex bg-inherit relative\" data-lqd-inner-animatable-el>K\u0131lavuz<\/span><\/span><\/h1>\t\t\t\t<\/div>\n\t\t\t\t<\/div>\n\t\t<style>.elementor-element-60b9deda .lqd-split-text-words {\n   transform: translate3d(0px,120px,0px) scale(3, 3) rotateX(0deg) rotateY(0deg) rotateZ(0deg) skew(0deg, 0deg);\n   opacity: 0;\n}\n<\/style><script>\n\t\twindow.liquid.behaviors.push( {\n\t\t\tdataId: \"60b9deda\",\n\t\t\tbehaviors:[\n\t\t\t\t{behaviorName:'liquidSplitText',options:{splitDoneFromBackend:true,splitType:'words'}},{behaviorName:'liquidGetElementComputedStyles',options:{includeSelf:true,getRect:true,getStyles:['position']}},{behaviorName:'liquidAdaptiveColor'},{behaviorName:'liquidGetElementComputedStyles',options:{includeSelf:true,getRect:true,addGhosts:true}},{behaviorName:'liquidAnimations',options:{domain:'inview',trigger:'ghost',duration:0.65,ease:'expo.out',stagger:{each:0.065,from:'start'},delay:0,start:'top+=30px bottom',startElementOffset:0,startViewportOffset:0,animations:[{elements:'selfAnimatables',breakpointsKeyframes:{all:{keyframes:[{scaleX:1,scaleY:1,skewX:0,skewY:0,x:'0px',y:'0px',z:'0px',rotateX:0,rotateY:0,rotateZ:0,opacity:1}]}}}]}},\n\t\t\t]\n\t\t} );\n\t\t\n\t\t\twindow.liquid.behaviors.push( {\n\t\t\t\tlayoutRegion: \"liquidPageContent\",\n\t\t\t\tbehaviors:[\n\t\t\t\t\t{behaviorName:'liquidGetElementComputedStyles',options:{includeChildren:true,includeSelf:true,getOnlyContainers:true,getStyles:['backgroundColor'],getBrightnessOf:['backgroundColor'],getRect:true}},\n\t\t\t\t]\n\t\t\t} );\n\t\t<\/script><div class=\"elementor-element elementor-element-b1113b1 e-con-full e-flex e-con e-child\" data-id=\"b1113b1\" data-element_type=\"container\">\n\t\t\t\t<\/div>\n\t\t\t\t<\/div>\n\t\t\t\t\t<\/div>\n\t\t\t\t<\/div>\n\t\t<div class=\"elementor-element elementor-element-b940aac e-flex e-con-boxed e-con e-parent\" data-id=\"b940aac\" data-element_type=\"container\">\n\t\t\t\t\t<div class=\"e-con-inner\">\n\t\t\t\t<div class=\"elementor-element elementor-element-450bdb3 guide-heading elementor-widget elementor-widget-text-editor\" data-id=\"450bdb3\" data-element_type=\"widget\" data-widget_type=\"text-editor.default\">\n\t\t\t\t<div class=\"elementor-widget-container\">\n\t\t\t\t\t\t\t\t\t<p>Avustralya&#8217;ya ta\u015f\u0131nmak, yaln\u0131zca adres de\u011fi\u015fikli\u011finden \u00e7ok daha fazlas\u0131d\u0131r; heyecan verici yeni bir d\u00f6nemin ba\u015flang\u0131c\u0131d\u0131r. Simgesel manzaralar\u0131, Sidney, Melbourne ve Brisbane gibi hareketli \u015fehirleri ve rahat, kaliteli ya\u015fam tarz\u0131yla bilinen Avustralya, b\u00fcy\u00fcme ve macera i\u00e7in sonsuz f\u0131rsatlar diyar\u0131d\u0131r. Ancak d\u00fcr\u00fcst olal\u0131m: Avustralya&#8217;ya ta\u015f\u0131nmak u\u00e7a\u011fa atlamak kadar kolay de\u011fildir. Detayl\u0131 planlama, g\u00fcmr\u00fck mevzuat\u0131n\u0131 anlama ve uluslararas\u0131 bir ta\u015f\u0131nman\u0131n zorluklar\u0131yla ba\u015fa \u00e7\u0131kma gerektirir.<\/p><p>Blackbird Moving tam da bu noktada devreye giriyor. Uluslararas\u0131 ta\u015f\u0131mac\u0131l\u0131kta uzmanla\u015f\u0131yoruz ve Avustralya&#8217;ya ta\u015f\u0131nman\u0131z\u0131n her ad\u0131m\u0131n\u0131n sorunsuz ve stressiz olmas\u0131n\u0131 sa\u011fl\u0131yoruz. Belgelerinizi d\u00fczenlemekten yeni evinizi kurmaya kadar, siz \u00f6n\u00fcn\u00fczdeki maceraya odaklan\u0131n, t\u00fcm detaylarla biz ilgileniyoruz.<\/p><h2>Avustralya G\u00fcmr\u00fck ve Yer De\u011fi\u015ftirme Gereksinimlerinde Gezinme<\/h2><p>Avustralya, kendine \u00f6zg\u00fc ekosistemini korumak i\u00e7in tasarlanm\u0131\u015f kat\u0131 biyog\u00fcvenlik yasalar\u0131yla \u00fcnl\u00fcd\u00fcr. Bu d\u00fczenlemeler ilk bak\u0131\u015fta bunalt\u0131c\u0131 g\u00f6r\u00fcnse de, do\u011fru rehberlikle tamamen y\u00f6netilebilirler. Blackbird Moving olarak, ta\u015f\u0131nman\u0131z\u0131n t\u00fcm gerekliliklere uygun olmas\u0131n\u0131 sa\u011flayaca\u011f\u0131z.<\/p><h3>Avustralya&#8217;ya Giri\u015f \u0130\u00e7in Gerekli Temel Belgeler<\/h3><p>\u00c7antalar\u0131n\u0131z\u0131 toplamadan \u00f6nce \u015fu temel belgelere sahip oldu\u011funuzdan emin olun:<\/p><ul><li><strong>Ge\u00e7erli Pasaport:<\/strong> Planlad\u0131\u011f\u0131n\u0131z var\u0131\u015f tarihinden itibaren en az alt\u0131 ay ge\u00e7erli oldu\u011fundan emin olun.<\/li><li><strong>Vize Belgeleri:<\/strong> Planlar\u0131n\u0131za ba\u011fl\u0131 olarak \u00e7al\u0131\u015fma vizesi, \u00f6\u011frenci izni veya daimi ikamet belgesine ihtiyac\u0131n\u0131z olacakt\u0131r.<\/li><li><strong>Refakatsiz Ki\u015fisel E\u015fya Beyan\u0131 (B534):<\/strong> Bu form, ev e\u015fyalar\u0131 ve ki\u015fisel e\u015fyalar\u0131n g\u00f6nderimi i\u00e7in zorunludur.<\/li><li><strong>Ayr\u0131nt\u0131l\u0131 Envanter Listesi:<\/strong> G\u00fcmr\u00fck i\u015flemlerini kolayla\u015ft\u0131rmak i\u00e7in g\u00f6nderilen t\u00fcm e\u015fyalar\u0131n a\u00e7\u0131klamalar\u0131n\u0131, durumlar\u0131n\u0131 ve de\u011ferlerini ekleyin.<\/li><\/ul><h3>Avustralya G\u00fcmr\u00fcklerinde Gecikmelerden Ka\u00e7\u0131nmak \u0130\u00e7in \u0130pu\u00e7lar\u0131<\/h3><ol><li><strong>G\u00fcmr\u00fcks\u00fcz Ev E\u015fyalar\u0131:<\/strong> 12 aydan uzun s\u00fcredir sahip oldu\u011funuz ve kulland\u0131\u011f\u0131n\u0131z e\u015fyalar genellikle g\u00fcmr\u00fcks\u00fczd\u00fcr.<\/li><li><strong>K\u0131s\u0131tl\u0131 ve Yasakl\u0131 \u00dcr\u00fcnler:<\/strong><ul><li><strong>G\u0131da \u00dcr\u00fcnleri:<\/strong> \u00c7o\u011fu g\u0131da yasakt\u0131r veya izin gerektirir.<\/li><li><strong>Bitkiler ve Ah\u015fap \u00dcr\u00fcnler:<\/strong> \u0130\u015flenmemi\u015f ah\u015fap mobilyalar, tohumlar ve bitkiler i\u00e7in kat\u0131 kurallar ge\u00e7erlidir.<\/li><li><strong>Ate\u015fli Silahlar:<\/strong> Yerel makamlardan \u00f6zel izin gerektirir.<\/li><\/ul><\/li><\/ol><p>Blackbird Moving olarak, bu d\u00fczenlemeler konusunda size rehberlik edecek ve t\u00fcm evraklar\u0131n do\u011fru olmas\u0131n\u0131 sa\u011flayarak g\u00fcmr\u00fckte gecikmelerin veya beklenmedik masraflar\u0131n \u00f6n\u00fcne ge\u00e7ece\u011fiz.<\/p><p>Paketleme ve Ta\u015f\u0131ma Hizmetleri: E\u015fyalar\u0131n\u0131z\u0131 Koruma<\/p><p>Uluslararas\u0131 bir ta\u015f\u0131nma \u00f6nemli bir i\u015ftir ve e\u015fyalar\u0131n\u0131z\u0131 ta\u015f\u0131ma s\u0131ras\u0131nda korumak \u00e7ok \u00f6nemlidir. Blackbird Moving olarak, e\u015fyalar\u0131n\u0131z\u0131n g\u00fcvenli\u011fine \u00f6ncelik veriyor, her \u015feyin sa\u011flam bir \u015fekilde ula\u015fmas\u0131n\u0131 sa\u011flamak i\u00e7in y\u00fcksek kaliteli malzemeler ve \u00f6zel teknikler kullan\u0131yoruz.<\/p><h4>\u00d6zel Paketleme \u00c7\u00f6z\u00fcmleri<\/h4><ul><li><strong>Giysiler \u0130\u00e7in Gard\u0131rop Kutular\u0131:<\/strong> Giysilerinizin \u015feklini korumak ve k\u0131r\u0131\u015f\u0131kl\u0131klar\u0131 en aza indirmek i\u00e7in onlar\u0131 ask\u0131larda saklay\u0131n.<\/li><li><strong>K\u0131r\u0131lgan E\u015fyalar \u0130\u00e7in \u00d6zel Kasalar:<\/strong> Aynalar, cam e\u015fyalar ve sanat eserleri maksimum g\u00fcvenlik i\u00e7in \u00f6zel olarak tasarlanm\u0131\u015f kasalara paketlenir.<\/li><li><strong>Elektronik Paketleme:<\/strong> Anti-statik balonlu naylon ve \u00f6zel kutular cihazlar\u0131n\u0131z\u0131 korur.<\/li><li><strong>Mobilya S\u00f6k\u00fcm\u00fc ve Montaj\u0131:<\/strong> B\u00fcy\u00fck e\u015fyalar\u0131n\u0131z dikkatlice s\u00f6k\u00fcl\u00fcr, paketlenir ve yeni evinizde tekrar monte edilir.<\/li><\/ul><h3>Avustralya&#8217;ya Ta\u015f\u0131nman\u0131za \u00d6zel Kargo Se\u00e7enekleri<\/h3><p>Her ta\u015f\u0131nma benzersizdir ve nakliye y\u00f6nteminiz bunu yans\u0131tmal\u0131d\u0131r. Blackbird Moving olarak, zaman \u00e7izelgenize ve b\u00fct\u00e7enize uygun esnek \u00e7\u00f6z\u00fcmler sunuyoruz.<\/p><p><strong>Nakliye Y\u00f6ntemleri<\/strong><\/p><ol><li><strong>Deniz Ta\u015f\u0131mac\u0131l\u0131\u011f\u0131:<\/strong> B\u00fcy\u00fck g\u00f6nderiler i\u00e7in m\u00fckemmel olan bu uygun maliyetli se\u00e7enek \u015funlar\u0131 i\u00e7erir:<\/li><li><strong>Tam Konteyner Y\u00fck\u00fc (FCL):<\/strong> T\u00fcm bir evi ta\u015f\u0131mak i\u00e7in idealdir.<\/li><li><strong>Parsiyel Konteyner Y\u00fck\u00fc (LCL):<\/strong> Daha k\u00fc\u00e7\u00fck g\u00f6nderiler i\u00e7in b\u00fct\u00e7e dostu bir se\u00e7enek.<\/li><li><strong>Hava Ta\u015f\u0131mac\u0131l\u0131\u011f\u0131:<\/strong> Acil veya y\u00fcksek de\u011ferli e\u015fyalar i\u00e7in daha h\u0131zl\u0131 ancak daha pahal\u0131 bir \u00e7\u00f6z\u00fcm.<\/li><\/ol><p><strong>Avustralya&#8217;da Yerel Teslimat<\/strong><\/p><p>E\u015fyalar\u0131n\u0131z ula\u015ft\u0131\u011f\u0131nda, g\u00fcvenilir yerel ortaklar\u0131m\u0131z kap\u0131n\u0131za zaman\u0131nda ve g\u00fcvenli bir \u015fekilde teslimat\u0131 sa\u011flar.<\/p><p>Avustralya&#8217;daki Yeni Evinize Yerle\u015fmek<\/p><p>Ta\u015f\u0131nma, e\u015fyalar\u0131n\u0131z\u0131 yerle\u015ftirmekle bitmez; yeni ortam\u0131n\u0131zda kendinizi evinizde hissetmenizle ilgilidir. Blackbird Moving, Avustralya ya\u015fam\u0131na kolayca uyum sa\u011flaman\u0131za yard\u0131mc\u0131 olacak hizmetler sunar.<\/p><p><strong>Yard\u0131mc\u0131 Program Kurulum Yard\u0131m\u0131<\/strong><\/p><ul><li>Elektrik, su, gaz ve internet ba\u011flant\u0131lar\u0131n\u0131z\u0131 yapman\u0131za yard\u0131mc\u0131 olarak yeni evinizin ilk g\u00fcnden itibaren kullan\u0131ma haz\u0131r olmas\u0131n\u0131 sa\u011fl\u0131yoruz.<\/li><\/ul><p><strong>Yerel Koordinasyon Deste\u011fi<\/strong><\/p><ul><li>Ev onar\u0131mlar\u0131 veya tesisatlar\u0131 i\u00e7in g\u00fcvenilir m\u00fcteahhit \u00f6nerileri.<\/li><li>Acil bak\u0131m ihtiya\u00e7lar\u0131n\u0131z i\u00e7in g\u00fcvenilir servis sa\u011flay\u0131c\u0131lar\u0131 bulma konusunda yard\u0131m.<\/li><\/ul><h3><strong>Avustralya&#8217;da Ya\u015fam \u0130\u00e7in K\u00fclt\u00fcrel ve Pratik \u0130pu\u00e7lar\u0131<\/strong><\/h3><p>Yeni bir \u00fclkeye uyum sa\u011flamak, \u00f6\u011frenme s\u00fcreci gerektirir. \u0130\u015fte uyum sa\u011flaman\u0131za yard\u0131mc\u0131 olacak baz\u0131 ipu\u00e7lar\u0131:<\/p><ol><li><strong>Biyog\u00fcvenlik Bilinci<br \/><\/strong>\u00dclkeye g\u0131da, bitki veya hayvansal \u00fcr\u00fcnler getirirken dikkatli olun; bu \u00fcr\u00fcnler s\u0131k\u0131 d\u00fczenlemelere tabidir.<\/li><li><strong>\u0130klim Haz\u0131rl\u0131\u011f\u0131<br \/><\/strong>Avustralya&#8217;n\u0131n iklimi b\u00f6lgeye g\u00f6re de\u011fi\u015fiklik g\u00f6sterir. Melbourne&#8217;de k\u0131\u015flar daha serinken, Brisbane&#8217;de daha s\u0131cak, subtropikal bir iklim hakimdir. Buna g\u00f6re bavulunuzu haz\u0131rlay\u0131n!<\/li><li><strong>Ula\u015f\u0131m Se\u00e7enekleri<br \/><\/strong>B\u00fcy\u00fck \u015fehirlerde otob\u00fcs, tren ve feribot gibi g\u00fc\u00e7l\u00fc toplu ta\u015f\u0131ma sistemleri bulunur. B\u00f6lgesel b\u00f6lgelerde ise araba sahibi olmak zorunlu olabilir.<\/li><li><strong>Sa\u011fl\u0131k Kayd\u0131<br \/><\/strong>Uygun durumdaysan\u0131z, Avustralya&#8217;n\u0131n kamu sa\u011fl\u0131k sistemi olan Medicare&#8217;e kaydolun. Vizenize ba\u011fl\u0131 olarak \u00f6zel sa\u011fl\u0131k sigortas\u0131 da gerekebilir.<\/li><\/ol><h3>Avustralya&#8217;ya Ta\u015f\u0131nman\u0131z \u0130\u00e7in Neden Blackbird Moving&#8217;i Se\u00e7melisiniz?<\/h3><p>Avustralya&#8217;ya ta\u015f\u0131nmak b\u00fcy\u00fck bir ad\u0131md\u0131r ve do\u011fru ta\u015f\u0131ma orta\u011f\u0131n\u0131 se\u00e7mek her \u015feyi de\u011fi\u015ftirir. \u0130\u015fte m\u00fc\u015fterilerin Blackbird Moving&#8217;e g\u00fcvenmesinin nedenleri:<\/p><ol><li><strong>Avustralya G\u00fcmr\u00fcklerinde Uzmanl\u0131k<br \/><\/strong>Avustralya g\u00fcmr\u00fck ve biyog\u00fcvenlik d\u00fczenlemeleri konusundaki derinlemesine bilgimiz, sorunsuz ve zahmetsiz bir ta\u015f\u0131nma sa\u011flar.<\/li><li><strong>Kapsaml\u0131 Hizmetler<br \/><\/strong>Paketleme ve nakliyeden teslimat ve kuruluma kadar her ayr\u0131nt\u0131y\u0131 sizin yerinize biz y\u00f6netiyoruz.<\/li><li><strong>G\u00fcvenebilece\u011finiz K\u00fcresel A\u011f<br \/><\/strong>Lojistik ortaklar\u0131m\u0131z, yolculu\u011fun her a\u015famas\u0131nda e\u015fyalar\u0131n\u0131z\u0131 \u00f6zenle ta\u015f\u0131r.<\/li><li><strong>\u015eeffaf \u0130leti\u015fim<br \/><\/strong>S\u00fcre\u00e7 boyunca sizi bilgilendiriyor, endi\u015felerinizi gideriyor ve ger\u00e7ek zamanl\u0131 g\u00fcncellemeler sa\u011fl\u0131yoruz.<\/li><\/ol><h3>Blackbird Moving ile Avustralya&#8217;da Yeni Bir B\u00f6l\u00fcm Ba\u015flat\u0131n<\/h3><p>Avustralya&#8217;ya ta\u015f\u0131nmak hayat\u0131n\u0131z\u0131 de\u011fi\u015ftirecek bir deneyimdir ve Blackbird Moving olarak, bu s\u00fcreci olabildi\u011fince sorunsuz hale getirmek i\u00e7in buraday\u0131z. E\u015fyalar\u0131n\u0131z\u0131 uzmanca paketlemekten, g\u00fcvenli bir \u015fekilde ula\u015fmalar\u0131n\u0131 sa\u011flamaya ve yerle\u015fmenize yard\u0131mc\u0131 olmaya kadar, lojistikle biz ilgileniyoruz, b\u00f6ylece siz yeni hayat\u0131n\u0131z\u0131 kurmaya odaklanabilirsiniz.<\/p><p>\u0130ster Avrupa&#8217;dan, ister Kuzey Amerika&#8217;dan veya d\u00fcnyan\u0131n herhangi bir yerinden ta\u015f\u0131n\u0131yor olun, sorunsuz bir ta\u015f\u0131nma i\u00e7in Blackbird Moving&#8217;e g\u00fcvenin. Hizmetlerimiz hakk\u0131nda daha fazla bilgi edinmek ve Avustralya&#8217;ya kusursuz ta\u015f\u0131nman\u0131z\u0131 planlamaya ba\u015flamak i\u00e7in bug\u00fcn bizimle ileti\u015fime ge\u00e7in. Yeni maceran\u0131z sizi bekliyor!<\/p><p>\u00a0<\/p>\t\t\t\t\t\t\t\t<\/div>\n\t\t\t\t<\/div>\n\t\t\t\t\t<\/div>\n\t\t\t\t<\/div>\n\t\t\t\t<\/div>\n\t\t","protected":false},"excerpt":{"rendered":"<p>Avustralya&#8217;ya&nbsp;Yakla\u015fan&nbsp;Ta\u015f\u0131nman\u0131z:Neler&nbsp;Bekleyece\u011finize&nbsp;Dair&nbsp;Eksiksiz&nbsp;Bir&nbsp;K\u0131lavuz Avustralya&#8217;ya ta\u015f\u0131nmak, yaln\u0131zca adres de\u011fi\u015fikli\u011finden \u00e7ok daha fazlas\u0131d\u0131r; heyecan verici yeni bir d\u00f6nemin ba\u015flang\u0131c\u0131d\u0131r. Simgesel manzaralar\u0131, Sidney, Melbourne ve Brisbane gibi hareketli \u015fehirleri ve rahat, kaliteli ya\u015fam tarz\u0131yla bilinen Avustralya, b\u00fcy\u00fcme ve macera i\u00e7in sonsuz f\u0131rsatlar diyar\u0131d\u0131r. Ancak d\u00fcr\u00fcst olal\u0131m: Avustralya&#8217;ya ta\u015f\u0131nmak u\u00e7a\u011fa atlamak kadar kolay de\u011fildir. Detayl\u0131 planlama, g\u00fcmr\u00fck mevzuat\u0131n\u0131 anlama ve uluslararas\u0131 [&hellip;]<\/p>\n","protected":false},"author":3,"featured_media":4899,"parent":0,"menu_order":0,"comment_status":"closed","ping_status":"closed","template":"","meta":{"_acf_changed":false,"footnotes":""},"class_list":["post-4935","page","type-page","status-publish","has-post-thumbnail","hentry"],"acf":[],"_links":{"self":[{"href":"https:\/\/blackbird-moving.com\/tr\/wp-json\/wp\/v2\/pages\/4935","targetHints":{"allow":["GET"]}}],"collection":[{"href":"https:\/\/blackbird-moving.com\/tr\/wp-json\/wp\/v2\/pages"}],"about":[{"href":"https:\/\/blackbird-moving.com\/tr\/wp-json\/wp\/v2\/types\/page"}],"author":[{"embeddable":true,"href":"https:\/\/blackbird-moving.com\/tr\/wp-json\/wp\/v2\/users\/3"}],"replies":[{"embeddable":true,"href":"https:\/\/blackbird-moving.com\/tr\/wp-json\/wp\/v2\/comments?post=4935"}],"version-history":[{"count":13,"href":"https:\/\/blackbird-moving.com\/tr\/wp-json\/wp\/v2\/pages\/4935\/revisions"}],"predecessor-version":[{"id":11496,"href":"https:\/\/blackbird-moving.com\/tr\/wp-json\/wp\/v2\/pages\/4935\/revisions\/11496"}],"wp:featuredmedia":[{"embeddable":true,"href":"https:\/\/blackbird-moving.com\/tr\/wp-json\/wp\/v2\/media\/4899"}],"wp:attachment":[{"href":"https:\/\/blackbird-moving.com\/tr\/wp-json\/wp\/v2\/media?parent=4935"}],"curies":[{"name":"wp","href":"https:\/\/api.w.org\/{rel}","templated":true}]}}