{"id":4929,"date":"2023-12-04T09:24:17","date_gmt":"2023-12-04T06:24:17","guid":{"rendered":"https:\/\/blackbird-moving.com\/vaka-calismalari\/"},"modified":"2025-09-02T17:15:47","modified_gmt":"2025-09-02T14:15:47","slug":"vaka-calismalari","status":"publish","type":"page","link":"https:\/\/blackbird-moving.com\/tr\/vaka-calismalari\/","title":{"rendered":"Vaka \u00c7al\u0131\u015fmalar\u0131"},"content":{"rendered":"\t\t<div data-elementor-type=\"wp-page\" data-elementor-id=\"4929\" class=\"elementor elementor-4929 elementor-1686\" data-elementor-post-type=\"page\">\n\t\t\t\t<div class=\"elementor-element elementor-element-0bc8203 e-flex e-con-boxed e-con e-parent\" data-id=\"0bc8203\" data-element_type=\"container\">\n\t\t\t\t\t<div class=\"e-con-inner\">\n\t\t\t\t<div class=\"elementor-element elementor-element-c27ad4b elementor-widget-tablet_extra__width-initial elementor-widget elementor-widget-heading\" data-id=\"c27ad4b\" data-element_type=\"widget\" data-widget_type=\"heading.default\">\n\t\t\t\t<div class=\"elementor-widget-container\">\n\t\t\t\t\t<h2 class=\"elementor-heading-title elementor-size-default\">Blackbird Uluslararas\u0131 Nakliyat Vaka \u00c7al\u0131\u015fmalar\u0131<\/h2>\t\t\t\t<\/div>\n\t\t\t\t<\/div>\n\t\t\t\t\t<\/div>\n\t\t\t\t<\/div>\n\t\t<div class=\"elementor-element elementor-element-fa299f8 e-flex e-con-boxed e-con e-parent\" data-id=\"fa299f8\" data-element_type=\"container\">\n\t\t\t\t\t<div class=\"e-con-inner\">\n\t\t\t\t<div class=\"elementor-element elementor-element-d00a21b blog-a elementor-widget elementor-widget-lqd-posts-list lqd-widget-container-flex lqd-widget-container-flex-wrap w-full\" data-id=\"d00a21b\" data-element_type=\"widget\" data-widget_type=\"lqd-posts-list.default\">\n\t\t\t\t<div class=\"elementor-widget-container\">\n\t\t\t\t\t\n\t\t<article id=\"post-5114\" class=\"lqd-post relative transition-all post-5114 liquid-portfolio type-liquid-portfolio status-publish format-standard has-post-thumbnail hentry liquid-portfolio-category-international-moving-services-tr\" data-lqd-post-type=\"liquid-portfolio\">\t\t<div class=\"lqd-post-media relative z-0 elementor-repeater-item-1a0493b\">\n\t\t\t<figure class=\"lqd-post-media-fig rounded-inherit\">\n\t\t\t\t\t\t\t\t<a href=\"https:\/\/blackbird-moving.com\/tr\/portfolio\/additional-services\/\">\n\t\t\t\t\t\t\t\t<img loading=\"lazy\" decoding=\"async\" width=\"2304\" height=\"1792\" src=\"https:\/\/blackbird-moving.com\/wp-content\/uploads\/2024\/04\/blackbird-moving-air-freight.jpeg\" class=\"w-full rounded-inherit object-cover object-center wp-post-image\" alt=\"\" srcset=\"https:\/\/blackbird-moving.com\/wp-content\/uploads\/2024\/04\/blackbird-moving-air-freight.jpeg 2304w, https:\/\/blackbird-moving.com\/wp-content\/uploads\/2024\/04\/blackbird-moving-air-freight-300x233.jpeg 300w, https:\/\/blackbird-moving.com\/wp-content\/uploads\/2024\/04\/blackbird-moving-air-freight-1024x796.jpeg 1024w\" sizes=\"auto, (max-width: 2304px) 100vw, 2304px\" \/>\t\t\t\t\t\t\t\t<\/a>\n\t\t\t\t\t\t\t<\/figure>\t\t<\/div>\n\t\t<h3 class=\"lqd-post-title m-0 p-0 relative z-1 elementor-repeater-item-1f8a5cc\"><a class=\"text-inherit transition-colors\" href=\"https:\/\/blackbird-moving.com\/tr\/portfolio\/additional-services\/\">Additional Services\u200b<\/a><\/h3>\n\t\t<div class=\"lqd-post-meta flex flex-wrap items-center relative z-1 transition-colors elementor-repeater-item-63df33d\">\t\t\t\t<span class=\"lqd-post-meta-part inline-flex flex-wrap items-center transition-colors\" data-lqd-post-meta-part=\"categories\">\n\t\t\t\t\n\t\t<span class=\"screen-reader-text\">\n\t\t\tCategories\t\t<\/span>\n\t\t\t\t<a href=\"https:\/\/blackbird-moving.com\/tr\/portfolio-category\/international-moving-services-tr\/\" class=\"text-inherit rounded-inherit transition-colors\" rel=\"category\">International Moving Services<\/a>\n\t\t\t\t\t\t<\/span><\/div>\n\n\t\t<\/article>\n\n\t\t\n\t\t<article id=\"post-5109\" class=\"lqd-post relative transition-all post-5109 liquid-portfolio type-liquid-portfolio status-publish format-standard has-post-thumbnail hentry liquid-portfolio-category-international-moving-services-tr\" data-lqd-post-type=\"liquid-portfolio\">\t\t<div class=\"lqd-post-media relative z-0 elementor-repeater-item-1a0493b\">\n\t\t\t<figure class=\"lqd-post-media-fig rounded-inherit\">\n\t\t\t\t\t\t\t\t<a href=\"https:\/\/blackbird-moving.com\/tr\/portfolio\/temizlik-ve-boya-hizmetleri\/\">\n\t\t\t\t\t\t\t\t<img loading=\"lazy\" decoding=\"async\" width=\"2304\" height=\"1792\" src=\"https:\/\/blackbird-moving.com\/wp-content\/uploads\/2024\/04\/blackbird-moving-air-freight.jpeg\" class=\"w-full rounded-inherit object-cover object-center wp-post-image\" alt=\"\" srcset=\"https:\/\/blackbird-moving.com\/wp-content\/uploads\/2024\/04\/blackbird-moving-air-freight.jpeg 2304w, https:\/\/blackbird-moving.com\/wp-content\/uploads\/2024\/04\/blackbird-moving-air-freight-300x233.jpeg 300w, https:\/\/blackbird-moving.com\/wp-content\/uploads\/2024\/04\/blackbird-moving-air-freight-1024x796.jpeg 1024w\" sizes=\"auto, (max-width: 2304px) 100vw, 2304px\" \/>\t\t\t\t\t\t\t\t<\/a>\n\t\t\t\t\t\t\t<\/figure>\t\t<\/div>\n\t\t<h3 class=\"lqd-post-title m-0 p-0 relative z-1 elementor-repeater-item-1f8a5cc\"><a class=\"text-inherit transition-colors\" href=\"https:\/\/blackbird-moving.com\/tr\/portfolio\/temizlik-ve-boya-hizmetleri\/\">Temizlik ve Boya Hizmetleri<\/a><\/h3>\n\t\t<div class=\"lqd-post-meta flex flex-wrap items-center relative z-1 transition-colors elementor-repeater-item-63df33d\">\t\t\t\t<span class=\"lqd-post-meta-part inline-flex flex-wrap items-center transition-colors\" data-lqd-post-meta-part=\"categories\">\n\t\t\t\t\n\t\t<span class=\"screen-reader-text\">\n\t\t\tCategories\t\t<\/span>\n\t\t\t\t<a href=\"https:\/\/blackbird-moving.com\/tr\/portfolio-category\/international-moving-services-tr\/\" class=\"text-inherit rounded-inherit transition-colors\" rel=\"category\">International Moving Services<\/a>\n\t\t\t\t\t\t<\/span><\/div>\n\n\t\t<\/article>\n\n\t\t\n\t\t<article id=\"post-5104\" class=\"lqd-post relative transition-all post-5104 liquid-portfolio type-liquid-portfolio status-publish format-standard has-post-thumbnail hentry liquid-portfolio-category-international-moving-services-tr\" data-lqd-post-type=\"liquid-portfolio\">\t\t<div class=\"lqd-post-media relative z-0 elementor-repeater-item-1a0493b\">\n\t\t\t<figure class=\"lqd-post-media-fig rounded-inherit\">\n\t\t\t\t\t\t\t\t<a href=\"https:\/\/blackbird-moving.com\/tr\/portfolio\/mobilya-sokme-ve-yeniden-kurulum\/\">\n\t\t\t\t\t\t\t\t<img loading=\"lazy\" decoding=\"async\" width=\"2304\" height=\"1792\" src=\"https:\/\/blackbird-moving.com\/wp-content\/uploads\/2024\/04\/blackbird-moving-air-freight.jpeg\" class=\"w-full rounded-inherit object-cover object-center wp-post-image\" alt=\"\" srcset=\"https:\/\/blackbird-moving.com\/wp-content\/uploads\/2024\/04\/blackbird-moving-air-freight.jpeg 2304w, https:\/\/blackbird-moving.com\/wp-content\/uploads\/2024\/04\/blackbird-moving-air-freight-300x233.jpeg 300w, https:\/\/blackbird-moving.com\/wp-content\/uploads\/2024\/04\/blackbird-moving-air-freight-1024x796.jpeg 1024w\" sizes=\"auto, (max-width: 2304px) 100vw, 2304px\" \/>\t\t\t\t\t\t\t\t<\/a>\n\t\t\t\t\t\t\t<\/figure>\t\t<\/div>\n\t\t<h3 class=\"lqd-post-title m-0 p-0 relative z-1 elementor-repeater-item-1f8a5cc\"><a class=\"text-inherit transition-colors\" href=\"https:\/\/blackbird-moving.com\/tr\/portfolio\/mobilya-sokme-ve-yeniden-kurulum\/\">Mobilya S\u00f6kme ve Yeniden Kurulum<\/a><\/h3>\n\t\t<div class=\"lqd-post-meta flex flex-wrap items-center relative z-1 transition-colors elementor-repeater-item-63df33d\">\t\t\t\t<span class=\"lqd-post-meta-part inline-flex flex-wrap items-center transition-colors\" data-lqd-post-meta-part=\"categories\">\n\t\t\t\t\n\t\t<span class=\"screen-reader-text\">\n\t\t\tCategories\t\t<\/span>\n\t\t\t\t<a href=\"https:\/\/blackbird-moving.com\/tr\/portfolio-category\/international-moving-services-tr\/\" class=\"text-inherit rounded-inherit transition-colors\" rel=\"category\">International Moving Services<\/a>\n\t\t\t\t\t\t<\/span><\/div>\n\n\t\t<\/article>\n\n\t\t\n\t\t<article id=\"post-5099\" class=\"lqd-post relative transition-all post-5099 liquid-portfolio type-liquid-portfolio status-publish format-standard has-post-thumbnail hentry liquid-portfolio-category-international-moving-services-tr\" data-lqd-post-type=\"liquid-portfolio\">\t\t<div class=\"lqd-post-media relative z-0 elementor-repeater-item-1a0493b\">\n\t\t\t<figure class=\"lqd-post-media-fig rounded-inherit\">\n\t\t\t\t\t\t\t\t<a href=\"https:\/\/blackbird-moving.com\/tr\/portfolio\/gumruk-islemleri-destegi\/\">\n\t\t\t\t\t\t\t\t<img loading=\"lazy\" decoding=\"async\" width=\"2304\" height=\"1792\" src=\"https:\/\/blackbird-moving.com\/wp-content\/uploads\/2024\/04\/blackbird-moving-air-freight.jpeg\" class=\"w-full rounded-inherit object-cover object-center wp-post-image\" alt=\"\" srcset=\"https:\/\/blackbird-moving.com\/wp-content\/uploads\/2024\/04\/blackbird-moving-air-freight.jpeg 2304w, https:\/\/blackbird-moving.com\/wp-content\/uploads\/2024\/04\/blackbird-moving-air-freight-300x233.jpeg 300w, https:\/\/blackbird-moving.com\/wp-content\/uploads\/2024\/04\/blackbird-moving-air-freight-1024x796.jpeg 1024w\" sizes=\"auto, (max-width: 2304px) 100vw, 2304px\" \/>\t\t\t\t\t\t\t\t<\/a>\n\t\t\t\t\t\t\t<\/figure>\t\t<\/div>\n\t\t<h3 class=\"lqd-post-title m-0 p-0 relative z-1 elementor-repeater-item-1f8a5cc\"><a class=\"text-inherit transition-colors\" href=\"https:\/\/blackbird-moving.com\/tr\/portfolio\/gumruk-islemleri-destegi\/\">G\u00fcmr\u00fck \u0130\u015flemleri Deste\u011fi<\/a><\/h3>\n\t\t<div class=\"lqd-post-meta flex flex-wrap items-center relative z-1 transition-colors elementor-repeater-item-63df33d\">\t\t\t\t<span class=\"lqd-post-meta-part inline-flex flex-wrap items-center transition-colors\" data-lqd-post-meta-part=\"categories\">\n\t\t\t\t\n\t\t<span class=\"screen-reader-text\">\n\t\t\tCategories\t\t<\/span>\n\t\t\t\t<a href=\"https:\/\/blackbird-moving.com\/tr\/portfolio-category\/international-moving-services-tr\/\" class=\"text-inherit rounded-inherit transition-colors\" rel=\"category\">International Moving Services<\/a>\n\t\t\t\t\t\t<\/span><\/div>\n\n\t\t<\/article>\n\n\t\t\n\t\t<article id=\"post-5094\" class=\"lqd-post relative transition-all post-5094 liquid-portfolio type-liquid-portfolio status-publish format-standard has-post-thumbnail hentry liquid-portfolio-category-international-moving-services-tr\" data-lqd-post-type=\"liquid-portfolio\">\t\t<div class=\"lqd-post-media relative z-0 elementor-repeater-item-1a0493b\">\n\t\t\t<figure class=\"lqd-post-media-fig rounded-inherit\">\n\t\t\t\t\t\t\t\t<a href=\"https:\/\/blackbird-moving.com\/tr\/portfolio\/paketleme-ve-yerlestirme\/\">\n\t\t\t\t\t\t\t\t<img loading=\"lazy\" decoding=\"async\" width=\"2304\" height=\"1792\" src=\"https:\/\/blackbird-moving.com\/wp-content\/uploads\/2024\/04\/blackbird-moving-air-freight.jpeg\" class=\"w-full rounded-inherit object-cover object-center wp-post-image\" alt=\"\" srcset=\"https:\/\/blackbird-moving.com\/wp-content\/uploads\/2024\/04\/blackbird-moving-air-freight.jpeg 2304w, https:\/\/blackbird-moving.com\/wp-content\/uploads\/2024\/04\/blackbird-moving-air-freight-300x233.jpeg 300w, https:\/\/blackbird-moving.com\/wp-content\/uploads\/2024\/04\/blackbird-moving-air-freight-1024x796.jpeg 1024w\" sizes=\"auto, (max-width: 2304px) 100vw, 2304px\" \/>\t\t\t\t\t\t\t\t<\/a>\n\t\t\t\t\t\t\t<\/figure>\t\t<\/div>\n\t\t<h3 class=\"lqd-post-title m-0 p-0 relative z-1 elementor-repeater-item-1f8a5cc\"><a class=\"text-inherit transition-colors\" href=\"https:\/\/blackbird-moving.com\/tr\/portfolio\/paketleme-ve-yerlestirme\/\">Paketleme ve Yerle\u015ftirme<\/a><\/h3>\n\t\t<div class=\"lqd-post-meta flex flex-wrap items-center relative z-1 transition-colors elementor-repeater-item-63df33d\">\t\t\t\t<span class=\"lqd-post-meta-part inline-flex flex-wrap items-center transition-colors\" data-lqd-post-meta-part=\"categories\">\n\t\t\t\t\n\t\t<span class=\"screen-reader-text\">\n\t\t\tCategories\t\t<\/span>\n\t\t\t\t<a href=\"https:\/\/blackbird-moving.com\/tr\/portfolio-category\/international-moving-services-tr\/\" class=\"text-inherit rounded-inherit transition-colors\" rel=\"category\">International Moving Services<\/a>\n\t\t\t\t\t\t<\/span><\/div>\n\n\t\t<\/article>\n\n\t\t\n\t\t<article id=\"post-5089\" class=\"lqd-post relative transition-all post-5089 liquid-portfolio type-liquid-portfolio status-publish format-standard has-post-thumbnail hentry liquid-portfolio-category-international-moving-services-tr\" data-lqd-post-type=\"liquid-portfolio\">\t\t<div class=\"lqd-post-media relative z-0 elementor-repeater-item-1a0493b\">\n\t\t\t<figure class=\"lqd-post-media-fig rounded-inherit\">\n\t\t\t\t\t\t\t\t<a href=\"https:\/\/blackbird-moving.com\/tr\/portfolio\/international-moving-services\/\">\n\t\t\t\t\t\t\t\t<img loading=\"lazy\" decoding=\"async\" width=\"2304\" height=\"1792\" src=\"https:\/\/blackbird-moving.com\/wp-content\/uploads\/2024\/04\/blackbird-moving-air-freight.jpeg\" class=\"w-full rounded-inherit object-cover object-center wp-post-image\" alt=\"\" srcset=\"https:\/\/blackbird-moving.com\/wp-content\/uploads\/2024\/04\/blackbird-moving-air-freight.jpeg 2304w, https:\/\/blackbird-moving.com\/wp-content\/uploads\/2024\/04\/blackbird-moving-air-freight-300x233.jpeg 300w, https:\/\/blackbird-moving.com\/wp-content\/uploads\/2024\/04\/blackbird-moving-air-freight-1024x796.jpeg 1024w\" sizes=\"auto, (max-width: 2304px) 100vw, 2304px\" \/>\t\t\t\t\t\t\t\t<\/a>\n\t\t\t\t\t\t\t<\/figure>\t\t<\/div>\n\t\t<h3 class=\"lqd-post-title m-0 p-0 relative z-1 elementor-repeater-item-1f8a5cc\"><a class=\"text-inherit transition-colors\" href=\"https:\/\/blackbird-moving.com\/tr\/portfolio\/international-moving-services\/\">International Moving Services<\/a><\/h3>\n\t\t<div class=\"lqd-post-meta flex flex-wrap items-center relative z-1 transition-colors elementor-repeater-item-63df33d\">\t\t\t\t<span class=\"lqd-post-meta-part inline-flex flex-wrap items-center transition-colors\" data-lqd-post-meta-part=\"categories\">\n\t\t\t\t\n\t\t<span class=\"screen-reader-text\">\n\t\t\tCategories\t\t<\/span>\n\t\t\t\t<a href=\"https:\/\/blackbird-moving.com\/tr\/portfolio-category\/international-moving-services-tr\/\" class=\"text-inherit rounded-inherit transition-colors\" rel=\"category\">International Moving Services<\/a>\n\t\t\t\t\t\t<\/span><\/div>\n\n\t\t<\/article>\n\n\t\t\t\t\t\t<\/div>\n\t\t\t\t<\/div>\n\t\t\t\t\t<\/div>\n\t\t\t\t<\/div>\n\t\t\t\t<\/div>\n\t\t","protected":false},"excerpt":{"rendered":"<p>Blackbird Uluslararas\u0131 Nakliyat Vaka \u00c7al\u0131\u015fmalar\u0131 Additional Services\u200b Categories International Moving Services Cleaning and Painting Services Categories International Moving Services Furniture Disassembly and Reassembly Categories International Moving Services Customs Assistance Categories International Moving Services Packing and Unpacking Categories International Moving Services International Moving Services Categories International Moving Services<\/p>\n","protected":false},"author":3,"featured_media":0,"parent":0,"menu_order":0,"comment_status":"closed","ping_status":"closed","template":"","meta":{"_acf_changed":false,"footnotes":""},"class_list":["post-4929","page","type-page","status-publish","hentry"],"acf":[],"_links":{"self":[{"href":"https:\/\/blackbird-moving.com\/tr\/wp-json\/wp\/v2\/pages\/4929","targetHints":{"allow":["GET"]}}],"collection":[{"href":"https:\/\/blackbird-moving.com\/tr\/wp-json\/wp\/v2\/pages"}],"about":[{"href":"https:\/\/blackbird-moving.com\/tr\/wp-json\/wp\/v2\/types\/page"}],"author":[{"embeddable":true,"href":"https:\/\/blackbird-moving.com\/tr\/wp-json\/wp\/v2\/users\/3"}],"replies":[{"embeddable":true,"href":"https:\/\/blackbird-moving.com\/tr\/wp-json\/wp\/v2\/comments?post=4929"}],"version-history":[{"count":11,"href":"https:\/\/blackbird-moving.com\/tr\/wp-json\/wp\/v2\/pages\/4929\/revisions"}],"predecessor-version":[{"id":11128,"href":"https:\/\/blackbird-moving.com\/tr\/wp-json\/wp\/v2\/pages\/4929\/revisions\/11128"}],"wp:attachment":[{"href":"https:\/\/blackbird-moving.com\/tr\/wp-json\/wp\/v2\/media?parent=4929"}],"curies":[{"name":"wp","href":"https:\/\/api.w.org\/{rel}","templated":true}]}}