{"id":4925,"date":"2024-12-11T22:34:13","date_gmt":"2024-12-11T19:34:13","guid":{"rendered":"https:\/\/blackbird-moving.com\/blog\/"},"modified":"2025-09-02T17:06:32","modified_gmt":"2025-09-02T14:06:32","slug":"blog","status":"publish","type":"page","link":"https:\/\/blackbird-moving.com\/tr\/blog\/","title":{"rendered":"Blog"},"content":{"rendered":"\t\t<div data-elementor-type=\"wp-page\" data-elementor-id=\"4925\" class=\"elementor elementor-4925 elementor-4120\" data-elementor-post-type=\"page\">\n\t\t\t\t<div class=\"elementor-element elementor-element-d3c9282 e-flex e-con-boxed e-con e-parent\" data-id=\"d3c9282\" data-element_type=\"container\">\n\t\t\t\t\t<div class=\"e-con-inner\">\n\t\t\t\t<div class=\"elementor-element elementor-element-298277a elementor-widget-tablet__width-initial elementor-widget elementor-widget-heading\" data-id=\"298277a\" data-element_type=\"widget\" data-widget_type=\"heading.default\">\n\t\t\t\t<div class=\"elementor-widget-container\">\n\t\t\t\t\t<h2 class=\"elementor-heading-title elementor-size-default\">Blackbird Uluslararas\u0131 Ta\u015f\u0131mac\u0131lar Blogu<\/h2>\t\t\t\t<\/div>\n\t\t\t\t<\/div>\n\t\t\t\t\t<\/div>\n\t\t\t\t<\/div>\n\t\t<div class=\"elementor-element elementor-element-9c91085 e-flex e-con-boxed e-con e-parent\" data-id=\"9c91085\" data-element_type=\"container\">\n\t\t\t\t\t<div class=\"e-con-inner\">\n\t\t\t\t<div class=\"elementor-element elementor-element-d9b5864 elementor-widget-mobile__width-inherit blog-a elementor-widget elementor-widget-lqd-posts-list lqd-widget-container-flex lqd-widget-container-flex-wrap w-full\" data-id=\"d9b5864\" data-element_type=\"widget\" data-widget_type=\"lqd-posts-list.default\">\n\t\t\t\t<div class=\"elementor-widget-container\">\n\t\t\t\t\t\n\t\t<article id=\"post-5119\" class=\"lqd-post relative transition-all post-5119 post type-post status-publish format-standard has-post-thumbnail hentry category-blackbird-moving-tr\" data-lqd-post-type=\"post\">\t\t<div class=\"lqd-post-media relative z-0 elementor-repeater-item-94b45fa\">\n\t\t\t<figure class=\"lqd-post-media-fig rounded-inherit\">\n\t\t\t\t\t\t\t\t<a href=\"https:\/\/blackbird-moving.com\/tr\/the-science-of-packing-why-every-detail-matters-for-a-seamless-move\/\">\n\t\t\t\t\t\t\t\t<img loading=\"lazy\" decoding=\"async\" width=\"2048\" height=\"1536\" src=\"https:\/\/blackbird-moving.com\/wp-content\/uploads\/2025\/01\/Adsiz-tasarim-14.png\" class=\"w-full rounded-inherit object-cover object-center wp-post-image\" alt=\"\" srcset=\"https:\/\/blackbird-moving.com\/wp-content\/uploads\/2025\/01\/Adsiz-tasarim-14.png 2048w, https:\/\/blackbird-moving.com\/wp-content\/uploads\/2025\/01\/Adsiz-tasarim-14-300x225.png 300w, https:\/\/blackbird-moving.com\/wp-content\/uploads\/2025\/01\/Adsiz-tasarim-14-1024x768.png 1024w\" sizes=\"auto, (max-width: 2048px) 100vw, 2048px\" \/>\t\t\t\t\t\t\t\t<\/a>\n\t\t\t\t\t\t\t<\/figure>\t\t<\/div>\n\t\t<h3 class=\"lqd-post-title m-0 p-0 relative z-1 elementor-repeater-item-9e70b1f\"><a class=\"text-inherit transition-colors\" href=\"https:\/\/blackbird-moving.com\/tr\/the-science-of-packing-why-every-detail-matters-for-a-seamless-move\/\">Paketlemenin Bilimi: Sorunsuz Bir Ta\u015f\u0131nma \u0130\u00e7in Her Detay\u0131n \u00d6nemi<\/a><\/h3><\/article>\n\n\t\t\n\t\t<article id=\"post-5128\" class=\"lqd-post relative transition-all post-5128 post type-post status-publish format-standard has-post-thumbnail hentry category-blackbird-moving-tr\" data-lqd-post-type=\"post\">\t\t<div class=\"lqd-post-media relative z-0 elementor-repeater-item-94b45fa\">\n\t\t\t<figure class=\"lqd-post-media-fig rounded-inherit\">\n\t\t\t\t\t\t\t\t<a href=\"https:\/\/blackbird-moving.com\/tr\/kusursuz-tasinma-deneyimi-uluslararasi-tasinma-hizmetlerinde-yeni-bir-standart\/\">\n\t\t\t\t\t\t\t\t<img loading=\"lazy\" decoding=\"async\" width=\"2048\" height=\"1536\" src=\"https:\/\/blackbird-moving.com\/wp-content\/uploads\/2025\/01\/Adsiz-tasarim-12.png\" class=\"w-full rounded-inherit object-cover object-center wp-post-image\" alt=\"\" srcset=\"https:\/\/blackbird-moving.com\/wp-content\/uploads\/2025\/01\/Adsiz-tasarim-12.png 2048w, https:\/\/blackbird-moving.com\/wp-content\/uploads\/2025\/01\/Adsiz-tasarim-12-300x225.png 300w, https:\/\/blackbird-moving.com\/wp-content\/uploads\/2025\/01\/Adsiz-tasarim-12-1024x768.png 1024w\" sizes=\"auto, (max-width: 2048px) 100vw, 2048px\" \/>\t\t\t\t\t\t\t\t<\/a>\n\t\t\t\t\t\t\t<\/figure>\t\t<\/div>\n\t\t<h3 class=\"lqd-post-title m-0 p-0 relative z-1 elementor-repeater-item-9e70b1f\"><a class=\"text-inherit transition-colors\" href=\"https:\/\/blackbird-moving.com\/tr\/kusursuz-tasinma-deneyimi-uluslararasi-tasinma-hizmetlerinde-yeni-bir-standart\/\">Kusursuz Ta\u015f\u0131nma Deneyimi: Uluslararas\u0131 Ta\u015f\u0131nma Hizmetlerinde Yeni Bir Standart<\/a><\/h3><\/article>\n\n\t\t\n\t\t<article id=\"post-5133\" class=\"lqd-post relative transition-all post-5133 post type-post status-publish format-standard has-post-thumbnail hentry category-blackbird-moving-tr\" data-lqd-post-type=\"post\">\t\t<div class=\"lqd-post-media relative z-0 elementor-repeater-item-94b45fa\">\n\t\t\t<figure class=\"lqd-post-media-fig rounded-inherit\">\n\t\t\t\t\t\t\t\t<a href=\"https:\/\/blackbird-moving.com\/tr\/luganodan-istanbula-blackbird-moving-ile-sorunsuz-bir-tasinma-deneyimi\/\">\n\t\t\t\t\t\t\t\t<img loading=\"lazy\" decoding=\"async\" width=\"2048\" height=\"1536\" src=\"https:\/\/blackbird-moving.com\/wp-content\/uploads\/2025\/01\/Adsiz-tasarim-10.png\" class=\"w-full rounded-inherit object-cover object-center wp-post-image\" alt=\"\" srcset=\"https:\/\/blackbird-moving.com\/wp-content\/uploads\/2025\/01\/Adsiz-tasarim-10.png 2048w, https:\/\/blackbird-moving.com\/wp-content\/uploads\/2025\/01\/Adsiz-tasarim-10-300x225.png 300w, https:\/\/blackbird-moving.com\/wp-content\/uploads\/2025\/01\/Adsiz-tasarim-10-1024x768.png 1024w\" sizes=\"auto, (max-width: 2048px) 100vw, 2048px\" \/>\t\t\t\t\t\t\t\t<\/a>\n\t\t\t\t\t\t\t<\/figure>\t\t<\/div>\n\t\t<h3 class=\"lqd-post-title m-0 p-0 relative z-1 elementor-repeater-item-9e70b1f\"><a class=\"text-inherit transition-colors\" href=\"https:\/\/blackbird-moving.com\/tr\/luganodan-istanbula-blackbird-moving-ile-sorunsuz-bir-tasinma-deneyimi\/\">Lugano&#8217;dan \u0130stanbul&#8217;a: Blackbird Moving ile Sorunsuz Bir Ta\u015f\u0131nma Deneyimi<\/a><\/h3><\/article>\n\n\t\t\n\t\t<article id=\"post-5138\" class=\"lqd-post relative transition-all post-5138 post type-post status-publish format-standard has-post-thumbnail hentry category-blackbird-moving-tr\" data-lqd-post-type=\"post\">\t\t<div class=\"lqd-post-media relative z-0 elementor-repeater-item-94b45fa\">\n\t\t\t<figure class=\"lqd-post-media-fig rounded-inherit\">\n\t\t\t\t\t\t\t\t<a href=\"https:\/\/blackbird-moving.com\/tr\/blackbird-moving-surdurulebilir-tasinma-uygulamalarinda-nasil-onculuk-ediyor\/\">\n\t\t\t\t\t\t\t\t<img loading=\"lazy\" decoding=\"async\" width=\"2048\" height=\"1536\" src=\"https:\/\/blackbird-moving.com\/wp-content\/uploads\/2025\/01\/Adsiz-tasarim-9.png\" class=\"w-full rounded-inherit object-cover object-center wp-post-image\" alt=\"\" srcset=\"https:\/\/blackbird-moving.com\/wp-content\/uploads\/2025\/01\/Adsiz-tasarim-9.png 2048w, https:\/\/blackbird-moving.com\/wp-content\/uploads\/2025\/01\/Adsiz-tasarim-9-300x225.png 300w, https:\/\/blackbird-moving.com\/wp-content\/uploads\/2025\/01\/Adsiz-tasarim-9-1024x768.png 1024w\" sizes=\"auto, (max-width: 2048px) 100vw, 2048px\" \/>\t\t\t\t\t\t\t\t<\/a>\n\t\t\t\t\t\t\t<\/figure>\t\t<\/div>\n\t\t<h3 class=\"lqd-post-title m-0 p-0 relative z-1 elementor-repeater-item-9e70b1f\"><a class=\"text-inherit transition-colors\" href=\"https:\/\/blackbird-moving.com\/tr\/blackbird-moving-surdurulebilir-tasinma-uygulamalarinda-nasil-onculuk-ediyor\/\">Blackbird Moving, S\u00fcrd\u00fcr\u00fclebilir Ta\u015f\u0131nma Uygulamalar\u0131nda Nas\u0131l \u00d6nc\u00fcl\u00fck Ediyor?<\/a><\/h3><\/article>\n\n\t\t\n\t\t<article id=\"post-5143\" class=\"lqd-post relative transition-all post-5143 post type-post status-publish format-standard has-post-thumbnail hentry category-blackbird-moving-tr\" data-lqd-post-type=\"post\">\t\t<div class=\"lqd-post-media relative z-0 elementor-repeater-item-94b45fa\">\n\t\t\t<figure class=\"lqd-post-media-fig rounded-inherit\">\n\t\t\t\t\t\t\t\t<a href=\"https:\/\/blackbird-moving.com\/tr\/blackbird-moving-ile-kurumsal-tasinma-ihtiyaclarinizda-lider-olmanin-5-nedeni\/\">\n\t\t\t\t\t\t\t\t<img loading=\"lazy\" decoding=\"async\" width=\"2048\" height=\"1536\" src=\"https:\/\/blackbird-moving.com\/wp-content\/uploads\/2025\/01\/Adsiz-tasarim-7.png\" class=\"w-full rounded-inherit object-cover object-center wp-post-image\" alt=\"\" srcset=\"https:\/\/blackbird-moving.com\/wp-content\/uploads\/2025\/01\/Adsiz-tasarim-7.png 2048w, https:\/\/blackbird-moving.com\/wp-content\/uploads\/2025\/01\/Adsiz-tasarim-7-300x225.png 300w, https:\/\/blackbird-moving.com\/wp-content\/uploads\/2025\/01\/Adsiz-tasarim-7-1024x768.png 1024w\" sizes=\"auto, (max-width: 2048px) 100vw, 2048px\" \/>\t\t\t\t\t\t\t\t<\/a>\n\t\t\t\t\t\t\t<\/figure>\t\t<\/div>\n\t\t<h3 class=\"lqd-post-title m-0 p-0 relative z-1 elementor-repeater-item-9e70b1f\"><a class=\"text-inherit transition-colors\" href=\"https:\/\/blackbird-moving.com\/tr\/blackbird-moving-ile-kurumsal-tasinma-ihtiyaclarinizda-lider-olmanin-5-nedeni\/\">Blackbird Moving ile Kurumsal Ta\u015f\u0131nma \u0130htiya\u00e7lar\u0131n\u0131zda Lider Olman\u0131n 5 Nedeni<\/a><\/h3><\/article>\n\n\t\t\n\t\t<article id=\"post-5148\" class=\"lqd-post relative transition-all post-5148 post type-post status-publish format-standard has-post-thumbnail hentry category-blackbird-moving-tr\" data-lqd-post-type=\"post\">\t\t<div class=\"lqd-post-media relative z-0 elementor-repeater-item-94b45fa\">\n\t\t\t<figure class=\"lqd-post-media-fig rounded-inherit\">\n\t\t\t\t\t\t\t\t<a href=\"https:\/\/blackbird-moving.com\/tr\/blackbird-moving-ile-stressiz-tasinma-icin-nihai-rehber-basari-icin-ipuclari\/\">\n\t\t\t\t\t\t\t\t<img loading=\"lazy\" decoding=\"async\" width=\"2048\" height=\"1536\" src=\"https:\/\/blackbird-moving.com\/wp-content\/uploads\/2025\/01\/Adsiz-tasarim-8.png\" class=\"w-full rounded-inherit object-cover object-center wp-post-image\" alt=\"\" srcset=\"https:\/\/blackbird-moving.com\/wp-content\/uploads\/2025\/01\/Adsiz-tasarim-8.png 2048w, https:\/\/blackbird-moving.com\/wp-content\/uploads\/2025\/01\/Adsiz-tasarim-8-300x225.png 300w, https:\/\/blackbird-moving.com\/wp-content\/uploads\/2025\/01\/Adsiz-tasarim-8-1024x768.png 1024w\" sizes=\"auto, (max-width: 2048px) 100vw, 2048px\" \/>\t\t\t\t\t\t\t\t<\/a>\n\t\t\t\t\t\t\t<\/figure>\t\t<\/div>\n\t\t<h3 class=\"lqd-post-title m-0 p-0 relative z-1 elementor-repeater-item-9e70b1f\"><a class=\"text-inherit transition-colors\" href=\"https:\/\/blackbird-moving.com\/tr\/blackbird-moving-ile-stressiz-tasinma-icin-nihai-rehber-basari-icin-ipuclari\/\">Blackbird Moving ile Stressiz Ta\u015f\u0131nma \u0130\u00e7in Nihai Rehber: Ba\u015far\u0131 \u0130\u00e7in \u0130pu\u00e7lar\u0131<\/a><\/h3><\/article>\n\n\t\t\n\t\t<article id=\"post-5153\" class=\"lqd-post relative transition-all post-5153 post type-post status-publish format-standard has-post-thumbnail hentry category-blackbird-moving-tr\" data-lqd-post-type=\"post\">\t\t<div class=\"lqd-post-media relative z-0 elementor-repeater-item-94b45fa\">\n\t\t\t<figure class=\"lqd-post-media-fig rounded-inherit\">\n\t\t\t\t\t\t\t\t<a href=\"https:\/\/blackbird-moving.com\/tr\/blackbird-moving-uluslararasi-tasinmalarda-degerli-esyalarinizin-guvenligini-nasil-saglar\/\">\n\t\t\t\t\t\t\t\t<img loading=\"lazy\" decoding=\"async\" width=\"2048\" height=\"1536\" src=\"https:\/\/blackbird-moving.com\/wp-content\/uploads\/2025\/01\/Adsiz-tasarim-18.jpg\" class=\"w-full rounded-inherit object-cover object-center wp-post-image\" alt=\"\" srcset=\"https:\/\/blackbird-moving.com\/wp-content\/uploads\/2025\/01\/Adsiz-tasarim-18.jpg 2048w, https:\/\/blackbird-moving.com\/wp-content\/uploads\/2025\/01\/Adsiz-tasarim-18-300x225.jpg 300w, https:\/\/blackbird-moving.com\/wp-content\/uploads\/2025\/01\/Adsiz-tasarim-18-1024x768.jpg 1024w\" sizes=\"auto, (max-width: 2048px) 100vw, 2048px\" \/>\t\t\t\t\t\t\t\t<\/a>\n\t\t\t\t\t\t\t<\/figure>\t\t<\/div>\n\t\t<h3 class=\"lqd-post-title m-0 p-0 relative z-1 elementor-repeater-item-9e70b1f\"><a class=\"text-inherit transition-colors\" href=\"https:\/\/blackbird-moving.com\/tr\/blackbird-moving-uluslararasi-tasinmalarda-degerli-esyalarinizin-guvenligini-nasil-saglar\/\">Blackbird Moving, Uluslararas\u0131 Ta\u015f\u0131nmalarda De\u011ferli E\u015fyalar\u0131n\u0131z\u0131n G\u00fcvenli\u011fini Nas\u0131l Sa\u011flar?<\/a><\/h3><\/article>\n\n\t\t\n\t\t<article id=\"post-5158\" class=\"lqd-post relative transition-all post-5158 post type-post status-publish format-standard has-post-thumbnail hentry category-blackbird-moving-tr\" data-lqd-post-type=\"post\">\t\t<div class=\"lqd-post-media relative z-0 elementor-repeater-item-94b45fa\">\n\t\t\t<figure class=\"lqd-post-media-fig rounded-inherit\">\n\t\t\t\t\t\t\t\t<a href=\"https:\/\/blackbird-moving.com\/tr\/hayalinizdeki-tasinma-hizli-sorunsuz-ve-kusursuz-bir-deneyim\/\">\n\t\t\t\t\t\t\t\t<img loading=\"lazy\" decoding=\"async\" width=\"2048\" height=\"1536\" src=\"https:\/\/blackbird-moving.com\/wp-content\/uploads\/2025\/01\/Adsiz-tasarim-17.jpg\" class=\"w-full rounded-inherit object-cover object-center wp-post-image\" alt=\"\" srcset=\"https:\/\/blackbird-moving.com\/wp-content\/uploads\/2025\/01\/Adsiz-tasarim-17.jpg 2048w, https:\/\/blackbird-moving.com\/wp-content\/uploads\/2025\/01\/Adsiz-tasarim-17-300x225.jpg 300w, https:\/\/blackbird-moving.com\/wp-content\/uploads\/2025\/01\/Adsiz-tasarim-17-1024x768.jpg 1024w\" sizes=\"auto, (max-width: 2048px) 100vw, 2048px\" \/>\t\t\t\t\t\t\t\t<\/a>\n\t\t\t\t\t\t\t<\/figure>\t\t<\/div>\n\t\t<h3 class=\"lqd-post-title m-0 p-0 relative z-1 elementor-repeater-item-9e70b1f\"><a class=\"text-inherit transition-colors\" href=\"https:\/\/blackbird-moving.com\/tr\/hayalinizdeki-tasinma-hizli-sorunsuz-ve-kusursuz-bir-deneyim\/\">Hayalinizdeki Ta\u015f\u0131nma: H\u0131zl\u0131, Sorunsuz ve Kusursuz Bir Deneyim<\/a><\/h3><\/article>\n\n\t\t\n\t\t<article id=\"post-5165\" class=\"lqd-post relative transition-all post-5165 post type-post status-publish format-standard has-post-thumbnail hentry category-blackbird-moving-tr\" data-lqd-post-type=\"post\">\t\t<div class=\"lqd-post-media relative z-0 elementor-repeater-item-94b45fa\">\n\t\t\t<figure class=\"lqd-post-media-fig rounded-inherit\">\n\t\t\t\t\t\t\t\t<a href=\"https:\/\/blackbird-moving.com\/tr\/tasinmanizi-ozellestirme-blackbird-movingin-ihtiyaclariniza-gore-cozumler-sunma\/\">\n\t\t\t\t\t\t\t\t<img loading=\"lazy\" decoding=\"async\" width=\"2048\" height=\"1536\" src=\"https:\/\/blackbird-moving.com\/wp-content\/uploads\/2025\/01\/Adsiz-tasarim-16.jpg\" class=\"w-full rounded-inherit object-cover object-center wp-post-image\" alt=\"\" srcset=\"https:\/\/blackbird-moving.com\/wp-content\/uploads\/2025\/01\/Adsiz-tasarim-16.jpg 2048w, https:\/\/blackbird-moving.com\/wp-content\/uploads\/2025\/01\/Adsiz-tasarim-16-300x225.jpg 300w, https:\/\/blackbird-moving.com\/wp-content\/uploads\/2025\/01\/Adsiz-tasarim-16-1024x768.jpg 1024w\" sizes=\"auto, (max-width: 2048px) 100vw, 2048px\" \/>\t\t\t\t\t\t\t\t<\/a>\n\t\t\t\t\t\t\t<\/figure>\t\t<\/div>\n\t\t<h3 class=\"lqd-post-title m-0 p-0 relative z-1 elementor-repeater-item-9e70b1f\"><a class=\"text-inherit transition-colors\" href=\"https:\/\/blackbird-moving.com\/tr\/tasinmanizi-ozellestirme-blackbird-movingin-ihtiyaclariniza-gore-cozumler-sunma\/\">Ta\u015f\u0131nman\u0131z\u0131 \u00d6zelle\u015ftirme: Blackbird Moving\u2019in \u0130htiya\u00e7lar\u0131n\u0131za G\u00f6re \u00c7\u00f6z\u00fcmler Sunma<\/a><\/h3><\/article>\n\n\t\t\t\t\t\t<\/div>\n\t\t\t\t<\/div>\n\t\t\t\t\t<\/div>\n\t\t\t\t<\/div>\n\t\t\t\t<\/div>\n\t\t","protected":false},"excerpt":{"rendered":"<p>Blackbird Uluslararas\u0131 Ta\u015f\u0131mac\u0131lar Blogu International Relocation from Switzerland Redefined: How Blackbird Moving Services Make Your Move Effortless Blackbird Moving Services That Make Your Relocation Stress-Free Best Moving Company for Long Distance &amp; International Relocation Hidden Challenges of Apartment Moves: How Blackbird Moving Solves Urban Moving Problems The Ultimate International Moving Checklist: Blackbird Moving\u2019s Guide to [&hellip;]<\/p>\n","protected":false},"author":3,"featured_media":0,"parent":0,"menu_order":0,"comment_status":"closed","ping_status":"closed","template":"","meta":{"_acf_changed":false,"footnotes":""},"class_list":["post-4925","page","type-page","status-publish","hentry"],"acf":[],"_links":{"self":[{"href":"https:\/\/blackbird-moving.com\/tr\/wp-json\/wp\/v2\/pages\/4925","targetHints":{"allow":["GET"]}}],"collection":[{"href":"https:\/\/blackbird-moving.com\/tr\/wp-json\/wp\/v2\/pages"}],"about":[{"href":"https:\/\/blackbird-moving.com\/tr\/wp-json\/wp\/v2\/types\/page"}],"author":[{"embeddable":true,"href":"https:\/\/blackbird-moving.com\/tr\/wp-json\/wp\/v2\/users\/3"}],"replies":[{"embeddable":true,"href":"https:\/\/blackbird-moving.com\/tr\/wp-json\/wp\/v2\/comments?post=4925"}],"version-history":[{"count":10,"href":"https:\/\/blackbird-moving.com\/tr\/wp-json\/wp\/v2\/pages\/4925\/revisions"}],"predecessor-version":[{"id":9294,"href":"https:\/\/blackbird-moving.com\/tr\/wp-json\/wp\/v2\/pages\/4925\/revisions\/9294"}],"wp:attachment":[{"href":"https:\/\/blackbird-moving.com\/tr\/wp-json\/wp\/v2\/media?parent=4925"}],"curies":[{"name":"wp","href":"https:\/\/api.w.org\/{rel}","templated":true}]}}