{"id":4922,"date":"2023-11-21T09:51:39","date_gmt":"2023-11-21T06:51:39","guid":{"rendered":"https:\/\/blackbird-moving.com\/hakkimizda\/"},"modified":"2025-08-21T15:17:26","modified_gmt":"2025-08-21T12:17:26","slug":"hakkimizda","status":"publish","type":"page","link":"https:\/\/blackbird-moving.com\/tr\/hakkimizda\/","title":{"rendered":"Hakk\u0131m\u0131zda"},"content":{"rendered":"\t\t<div data-elementor-type=\"wp-page\" data-elementor-id=\"4922\" class=\"elementor elementor-4922 elementor-914\" data-elementor-post-type=\"page\">\n\t\t\t\t<div class=\"elementor-element elementor-element-d398d9d e-flex e-con-boxed e-con e-parent\" data-id=\"d398d9d\" data-element_type=\"container\" data-settings=\"{&quot;background_background&quot;:&quot;classic&quot;}\">\n\t\t\t\t\t<div class=\"e-con-inner\">\n\t\t<div class=\"elementor-element elementor-element-9bd01c1 e-con-full e-flex e-con e-child\" data-id=\"9bd01c1\" data-element_type=\"container\">\n\t\t\t\t<div class=\"elementor-element elementor-element-ac0ef5c lqd-text-tag-h2 elementor-widget elementor-widget-lqd-text\" data-id=\"ac0ef5c\" data-element_type=\"widget\" data-widget_type=\"lqd-text.default\">\n\t\t\t\t<div class=\"elementor-widget-container\">\n\t\t\t\t\t<h2 class=\"lqd-text-el m-0 p-0\"><span class=\"lqd-text-item relative elementor-repeater-item-5e3578d\">Blackbird International Movers'\u0131 Tan\u0131t\u0131yoruz: Karakus.ch ile M\u00fckemmellik Miras\u0131n\u0131 S\u00fcrd\u00fcrmek<\/span><\/h2>\t\t\t\t<\/div>\n\t\t\t\t<\/div>\n\t\t\t\t<div class=\"elementor-element elementor-element-bde9e71 lqd-text-tag-p elementor-widget elementor-widget-lqd-text\" data-id=\"bde9e71\" data-element_type=\"widget\" data-widget_type=\"lqd-text.default\">\n\t\t\t\t<div class=\"elementor-widget-container\">\n\t\t\t\t\t<p class=\"lqd-text-el m-0 p-0\"><span class=\"lqd-text-item relative elementor-repeater-item-5e3578d\">Sayg\u0131n miras\u0131m\u0131z\u0131n bir uzant\u0131s\u0131 olarak kurulan Blackbird International Movers, sekt\u00f6r\u00fcnde 25 y\u0131l\u0131 a\u015fk\u0131n s\u00fcredir \u0130svi\u00e7re ve \u0130talya genelinde g\u00fcvenilir bir isim olan Karakus.ch'nin karde\u015f \u015firketi olmaktan gurur duyar. Karakus.ch'nin b\u00fcnyesinde bar\u0131nd\u0131rd\u0131\u011f\u0131 zengin deneyim ve m\u00fckemmeliyete olan sars\u0131lmaz ba\u011fl\u0131l\u0131\u011f\u0131ndan g\u00fc\u00e7 alan Blackbird International Movers, ola\u011fan\u00fcst\u00fc hizmet gelene\u011fini ve kesintisiz ta\u015f\u0131nma \u00e7\u00f6z\u00fcmleri sunmaya adanm\u0131\u015f deneyimli bir ekipten olu\u015fan bir miras\u0131 devralm\u0131\u015ft\u0131r. G\u00fcvenilirlik ve m\u00fc\u015fteri memnuniyeti konusundaki ortak yakla\u015f\u0131m\u0131m\u0131zla, Karakus.ch'nin tan\u0131nm\u0131\u015f miras\u0131n\u0131 Blackbird International Movers'\u0131n yenilik\u00e7i bak\u0131\u015f a\u00e7\u0131s\u0131 ve k\u00fcresel hedefleriyle birle\u015ftiriyoruz. B\u00f6ylece her m\u00fc\u015fterimizin, \u015firketler ailemizin birle\u015fik g\u00fcc\u00fcnden faydalanmas\u0131n\u0131 sa\u011fl\u0131yoruz.<\/span><\/p>\t\t\t\t<\/div>\n\t\t\t\t<\/div>\n\t\t\t\t<\/div>\n\t\t<div class=\"elementor-element elementor-element-f158ad5 e-con-full e-flex e-con e-child\" data-id=\"f158ad5\" data-element_type=\"container\">\n\t\t\t\t<div class=\"elementor-element elementor-element-2e20d27 elementor-widget elementor-widget-lqd-image\" data-id=\"2e20d27\" data-element_type=\"widget\" data-widget_type=\"lqd-image.default\">\n\t\t\t\t<div class=\"elementor-widget-container\">\n\t\t\t\t\t\n\t\t<figure class=\"inline-block relative align-middle overflow-hidden lqd-transform-perspective transition-colors\" data-lqd-look-at-mouse data-lqd-hover3d-el>\n\n\t\t\t\n\t\t\t\t\n\t\t\t\t<img loading=\"lazy\" decoding=\"async\" width=\"1080\" height=\"1080\" src=\"https:\/\/blackbird-moving.com\/wp-content\/uploads\/2024\/09\/Untitled-design-15.jpg\" class=\"attachment-full size-full wp-image-3451\" alt=\"\" srcset=\"https:\/\/blackbird-moving.com\/wp-content\/uploads\/2024\/09\/Untitled-design-15.jpg 1080w, https:\/\/blackbird-moving.com\/wp-content\/uploads\/2024\/09\/Untitled-design-15-300x300.jpg 300w, https:\/\/blackbird-moving.com\/wp-content\/uploads\/2024\/09\/Untitled-design-15-1024x1024.jpg 1024w, https:\/\/blackbird-moving.com\/wp-content\/uploads\/2024\/09\/Untitled-design-15-150x150.jpg 150w\" sizes=\"auto, (max-width: 1080px) 100vw, 1080px\" \/>\n\t\t\t\t\n\t\t\t\t\n\t\t\t\t\n\t\t\t\n\t\t\t\n\t\t<\/figure>\n\n\t\t\t\t\t\t<\/div>\n\t\t\t\t<\/div>\n\t\t\t\t<\/div>\n\t\t\t\t\t<\/div>\n\t\t\t\t<\/div>\n\t\t<div class=\"elementor-element elementor-element-5b973e5 e-flex e-con-boxed e-con e-parent\" data-id=\"5b973e5\" data-element_type=\"container\" data-settings=\"{&quot;background_background&quot;:&quot;classic&quot;}\">\n\t\t\t\t\t<div class=\"e-con-inner\">\n\t\t\t\t<div class=\"elementor-element elementor-element-96559c4 lqd-tabs-nav-align-v-center lqd-tabs-nav-items-align-h-center lqd-tabs-nav-placement-top lqd-tabs-nav-align-v-center lqd-tabs-nav-items-align-h-center lqd-tabs-nav-placement-top elementor-widget elementor-widget-lqd-tabs lqd-widget-container-flex w-full\" data-id=\"96559c4\" data-element_type=\"widget\" data-widget_type=\"lqd-tabs.default\">\n\t\t\t\t<div class=\"elementor-widget-container\">\n\t\t\t\t\t\t\t<nav class=\"lqd-tabs-nav flex grow-0 shrink-0 relative z-2\">\n\t\t\t\n\t\t\t<a class=\"lqd-tabs-trigger lqd-togglable-trigger lqd-widget-trigger flex basis-0 shrink bg-transparent transition-colors cursor-pointer items-center lqd-is-active elementor-repeater-item-7b6cf66\" href=\"#lqd-tabs-content-7b6cf66-7b6cf66\">\n\t\t\t\t\t<span class=\"lqd-tabs-trigger-content block grow pointer-events-none\">\t\t\t\t\t<span class=\"lqd-tabs-trigger-title block\">Ekibimiz<\/span>\n\t\t\t\t<\/span>\n\t\t<\/a>\n\n\t\t\n\t\t\t<a class=\"lqd-tabs-trigger lqd-togglable-trigger lqd-widget-trigger flex basis-0 shrink bg-transparent transition-colors cursor-pointer items-center elementor-repeater-item-aa0052d\" href=\"#lqd-tabs-content-aa0052d-aa0052d\">\n\t\t\t\t\t<span class=\"lqd-tabs-trigger-content block grow pointer-events-none\">\t\t\t\t\t<span class=\"lqd-tabs-trigger-title block\">Vizyonumuz<\/span>\n\t\t\t\t<\/span>\n\t\t<\/a>\n\n\t\t\n\t\t\t<a class=\"lqd-tabs-trigger lqd-togglable-trigger lqd-widget-trigger flex basis-0 shrink bg-transparent transition-colors cursor-pointer items-center elementor-repeater-item-6f7e444\" href=\"#lqd-tabs-content-6f7e444-6f7e444\">\n\t\t\t\t\t<span class=\"lqd-tabs-trigger-content block grow pointer-events-none\">\t\t\t\t\t<span class=\"lqd-tabs-trigger-title block\">Misyonumuz<\/span>\n\t\t\t\t<\/span>\n\t\t<\/a>\n\n\t\t\t\t<\/nav>\n\t\t\n\t\t<div class=\"lqd-tabs-content lqd-togglable-element elementor-repeater-item-7b6cf66 lqd-is-active\" id=\"lqd-tabs-content-7b6cf66-ekibimiz\"><style>.elementor-5021 .elementor-element.elementor-element-2a0c530{--display:flex;--flex-direction:column;--container-widget-width:100%;--container-widget-height:initial;--container-widget-flex-grow:0;--container-widget-align-self:initial;--flex-wrap-mobile:wrap;}.elementor-5021 .elementor-element.elementor-element-a2045f0{text-align:center;}<\/style>\t\t<div data-elementor-type=\"container\" data-elementor-id=\"5021\" class=\"elementor elementor-5021 elementor-936\" data-elementor-post-type=\"elementor_library\">\n\t\t\t\t<div class=\"elementor-element elementor-element-2a0c530 e-flex e-con-boxed e-con e-parent\" data-id=\"2a0c530\" data-element_type=\"container\">\n\t\t\t\t\t<div class=\"e-con-inner\">\n\t\t\t\t<div class=\"elementor-element elementor-element-a2045f0 lqd-text-tag-p elementor-widget elementor-widget-lqd-text\" data-id=\"a2045f0\" data-element_type=\"widget\" data-widget_type=\"lqd-text.default\">\n\t\t\t\t<div class=\"elementor-widget-container\">\n\t\t\t\t\t<p class=\"lqd-text-el m-0 p-0\"><span class=\"lqd-text-item relative elementor-repeater-item-55e179c\">Blackbird Moving'de ekibimiz, operasyonlar\u0131m\u0131z\u0131n kalbini ve ruhunu olu\u015fturur. Lojistik sekt\u00f6r\u00fcnde y\u0131llara dayanan deneyime sahip, i\u015fine adanm\u0131\u015f profesyonellerden olu\u015fan ekibimiz, her bir g\u00f6nderinin ba\u015far\u0131s\u0131n\u0131 sa\u011flamak i\u00e7in kusursuz bir uyum i\u00e7inde \u00e7al\u0131\u015f\u0131r. \u015eof\u00f6rlerimizden m\u00fc\u015fteri hizmetleri temsilcilerimize kadar, ekibimizin her bir \u00fcyesi m\u00fckemmeliyet ve m\u00fc\u015fteri memnuniyeti i\u00e7in \u00e7al\u0131\u015fmaktad\u0131r.<\/span><\/p>\t\t\t\t<\/div>\n\t\t\t\t<\/div>\n\t\t\t\t\t<\/div>\n\t\t\t\t<\/div>\n\t\t\t\t<\/div>\n\t\t<\/div>\n\n\t\t\n\t\t<div class=\"lqd-tabs-content lqd-togglable-element elementor-repeater-item-aa0052d hidden\" id=\"lqd-tabs-content-aa0052d-vizyonumuz\"><style>.elementor-5025 .elementor-element.elementor-element-199ec39d{--display:flex;--flex-direction:column;--container-widget-width:100%;--container-widget-height:initial;--container-widget-flex-grow:0;--container-widget-align-self:initial;--flex-wrap-mobile:wrap;}.elementor-5025 .elementor-element.elementor-element-8b5d392{text-align:center;}<\/style>\t\t<div data-elementor-type=\"container\" data-elementor-id=\"5025\" class=\"elementor elementor-5025 elementor-1104\" data-elementor-post-type=\"elementor_library\">\n\t\t\t\t<div class=\"elementor-element elementor-element-199ec39d e-flex e-con-boxed e-con e-parent\" data-id=\"199ec39d\" data-element_type=\"container\">\n\t\t\t\t\t<div class=\"e-con-inner\">\n\t\t\t\t<div class=\"elementor-element elementor-element-8b5d392 lqd-text-tag-p elementor-widget elementor-widget-lqd-text\" data-id=\"8b5d392\" data-element_type=\"widget\" data-widget_type=\"lqd-text.default\">\n\t\t\t\t<div class=\"elementor-widget-container\">\n\t\t\t\t\t<p class=\"lqd-text-el m-0 p-0\"><span class=\"lqd-text-item relative elementor-repeater-item-55e179c\">Blackbird Moving olarak vizyonumuz, uluslararas\u0131 ta\u015f\u0131mac\u0131l\u0131k standartlar\u0131n\u0131 yeniden tan\u0131mlamakt\u0131r. G\u00fcvenilir, verimli ve uygun maliyetli ta\u015f\u0131mac\u0131l\u0131k \u00e7\u00f6z\u00fcmleri arayan bireyler ve i\u015fletmeler i\u00e7in ilk tercih olmay\u0131 hedefliyoruz. En son teknolojileri ve sekt\u00f6r\u00fcn en iyi uygulamalar\u0131n\u0131 kullanarak, m\u00fc\u015fterilerimize daha iyi hizmet verebilmek ve beklentilerini a\u015fmak i\u00e7in s\u00fcrekli geli\u015fim ve yenilik pe\u015findeyiz.<\/span><\/p>\t\t\t\t<\/div>\n\t\t\t\t<\/div>\n\t\t\t\t\t<\/div>\n\t\t\t\t<\/div>\n\t\t\t\t<\/div>\n\t\t<\/div>\n\n\t\t\n\t\t<div class=\"lqd-tabs-content lqd-togglable-element elementor-repeater-item-6f7e444 hidden\" id=\"lqd-tabs-content-6f7e444-misyonumuz\"><style>.elementor-5023 .elementor-element.elementor-element-1265a3eb{--display:flex;--flex-direction:column;--container-widget-width:100%;--container-widget-height:initial;--container-widget-flex-grow:0;--container-widget-align-self:initial;--flex-wrap-mobile:wrap;}.elementor-5023 .elementor-element.elementor-element-685f0993{text-align:center;}<\/style>\t\t<div data-elementor-type=\"container\" data-elementor-id=\"5023\" class=\"elementor elementor-5023 elementor-1106\" data-elementor-post-type=\"elementor_library\">\n\t\t\t\t<div class=\"elementor-element elementor-element-1265a3eb e-flex e-con-boxed e-con e-parent\" data-id=\"1265a3eb\" data-element_type=\"container\">\n\t\t\t\t\t<div class=\"e-con-inner\">\n\t\t\t\t<div class=\"elementor-element elementor-element-685f0993 lqd-text-tag-p elementor-widget elementor-widget-lqd-text\" data-id=\"685f0993\" data-element_type=\"widget\" data-widget_type=\"lqd-text.default\">\n\t\t\t\t<div class=\"elementor-widget-container\">\n\t\t\t\t\t<p class=\"lqd-text-el m-0 p-0\"><span class=\"lqd-text-item relative elementor-repeater-item-55e179c\">Misyonumuz, ta\u015f\u0131mac\u0131l\u0131k s\u00fcrecini basitle\u015ftirerek m\u00fc\u015fterilerimize e\u015fsiz bir huzur sunmakt\u0131r. Ki\u015fiselle\u015ftirilmi\u015f hizmet, detaylara g\u00f6sterilen \u00f6zen ve kaliteye olan sars\u0131lmaz ba\u011fl\u0131l\u0131kla, Blackbird Moving ile yap\u0131lan her g\u00f6nderiyi sorunsuz ve stressiz bir deneyime d\u00f6n\u00fc\u015ft\u00fcrmeyi ama\u00e7l\u0131yoruz. \u0130ster ayn\u0131 sokakta, ister d\u00fcnyan\u0131n \u00f6b\u00fcr ucuna ta\u015f\u0131n\u0131yor olun, e\u015fyalar\u0131n\u0131z\u0131 g\u00fcvenli, emniyetli ve zaman\u0131nda teslim edece\u011fimize g\u00fcvenebilirsiniz.<\/span><\/p>\t\t\t\t<\/div>\n\t\t\t\t<\/div>\n\t\t\t\t\t<\/div>\n\t\t\t\t<\/div>\n\t\t\t\t<\/div>\n\t\t<\/div>\n\n\t\t\t\t\t\t\t<\/div>\n\t\t\t\t<\/div>\n\t\t<script>\n\t\twindow.liquid.behaviors.push( {\n\t\t\tdataId: \"96559c4\",\n\t\t\tbehaviors:[\n\t\t\t\t{behaviorName:'liquidToggle',options:{openedItem:0,toggleOffActiveItem:true,keepOneItemActive:true,changePropPrefix:'lqdTabsToggle-96559c4',ui:{togglableTriggers:'.lqd-tabs-trigger',togglableElements:'.lqd-tabs-content'}}},{behaviorName:'liquidEffectsDisplayToggle',options:{changePropPrefix:'lqdTabsToggle-96559c4'}},{behaviorName:'liquidEffectsFadeToggle',options:{changePropPrefix:'lqdTabsToggle-96559c4'}},\n\t\t\t]\n\t\t} );\n\t\t\n\t\t<\/script>\t\t\t<\/div>\n\t\t\t\t<\/div>\n\t\t<div class=\"elementor-element elementor-element-b44bee9 e-flex e-con-boxed e-con e-parent\" data-id=\"b44bee9\" data-element_type=\"container\" data-settings=\"{&quot;background_background&quot;:&quot;classic&quot;}\">\n\t\t\t\t\t<div class=\"e-con-inner\">\n\t\t<div class=\"elementor-element elementor-element-74618ea e-con-full e-flex e-con e-child\" data-id=\"74618ea\" data-element_type=\"container\">\n\t\t\t\t<div class=\"elementor-element elementor-element-99f09ea lqd-text-tag-h2 elementor-widget elementor-widget-lqd-text\" data-id=\"99f09ea\" data-element_type=\"widget\" data-widget_type=\"lqd-text.default\">\n\t\t\t\t<div class=\"elementor-widget-container\">\n\t\t\t\t\t<h2 class=\"lqd-text-el m-0 p-0\"><span class=\"lqd-text-item relative elementor-repeater-item-5e3578d\">Her Ad\u0131mda Profesyonel Hizmet<\/span><\/h2>\t\t\t\t<\/div>\n\t\t\t\t<\/div>\n\t\t\t\t<div class=\"elementor-element elementor-element-ebfb109 lqd-text-tag-p elementor-widget elementor-widget-lqd-text\" data-id=\"ebfb109\" data-element_type=\"widget\" data-widget_type=\"lqd-text.default\">\n\t\t\t\t<div class=\"elementor-widget-container\">\n\t\t\t\t\t<p class=\"lqd-text-el m-0 p-0\"><span class=\"lqd-text-item relative elementor-repeater-item-5e3578d\">Blackbird Moving olarak, her ta\u015f\u0131nman\u0131n benzersiz oldu\u011funu biliyoruz.\nPlanlamadan paketlemeye, g\u00fcmr\u00fck i\u015flemlerinden nihai teslimata kadar, i\u015fine adanm\u0131\u015f ekibimiz t\u00fcm s\u00fcre\u00e7 boyunca yan\u0131n\u0131zda. Her detay\u0131 titizlikle y\u00f6neterek, sorunsuz ve stressiz bir ta\u015f\u0131nma deneyimi sunuyoruz. Size \u00f6zel \u00e7\u00f6z\u00fcmler ve m\u00fckemmeliyete olan ba\u011fl\u0131l\u0131\u011f\u0131m\u0131zla, uluslararas\u0131 ta\u015f\u0131nman\u0131z\u0131 m\u00fcmk\u00fcn olan en sorunsuz ve verimli \u015fekilde ger\u00e7ekle\u015ftiriyoruz<\/span><\/p>\t\t\t\t<\/div>\n\t\t\t\t<\/div>\n\t\t\t\t<div class=\"elementor-element elementor-element-1a40c0a elementor-widget elementor-widget-lqd-accordion lqd-accordion w-full\" data-id=\"1a40c0a\" data-element_type=\"widget\" data-widget_type=\"lqd-accordion.default\">\n\t\t\t\t<div class=\"elementor-widget-container\">\n\t\t\t\t\t\n\t\t<div class=\"lqd-accordion-item elementor-repeater-item-99f981c transition-colors lqd-is-active\">\n\t\t\t<h3 class=\"lqd-accordion-heading m-0 p-0\" tabindex=\"-1\">\n\t\t\t\t<a class=\"lqd-accordion-trigger lqd-togglable-trigger lqd-widget-trigger flex items-center w-full cursor-pointer transition-colors lqd-is-active\" href=\"#lqd-accordion-1a40c0a-content\" aria-expanded=\"true\" aria-controls=\"lqd-accordion-1a40c0a-content\" tabindex=\"0\">\n\t\t\t\t\t<span class=\"lqd-accordion-heading-txt pointer-events-none\">E\u015fyalar\u0131m\u0131n ta\u015f\u0131nma s\u0131ras\u0131nda g\u00fcvenli\u011fini nas\u0131l sa\u011fl\u0131yorsunuz?<\/span>\n\t\t\t\t\t\t\t\t\t<\/a>\n\t\t\t<\/h3>\n\t\t\t<div class=\"lqd-accordion-content-wrap lqd-togglable-element lqd-is-active\" id=\"lqd-accordion-1a40c0a-content\">\n\t\t\t\t<div class=\"lqd-accordion-content\">\n\t\t\t\t\t<p>Blackbird Moving olarak, e\u015fyalar\u0131n\u0131z\u0131n g\u00fcvenli\u011fi ve korunmas\u0131n\u0131 her \u015feyin \u00fczerinde tutuyoruz.<br \/>Sekt\u00f6r lideri paketleme teknikleri uyguluyor, y\u00fcksek kaliteli malzemeler kullan\u0131yor ve yolculuk boyunca e\u015fyalar\u0131n\u0131z\u0131n korunmas\u0131n\u0131 sa\u011flamak i\u00e7in s\u0131k\u0131 kalite kontrol \u00f6nlemleri al\u0131yoruz.<\/p>\t\t\t\t<\/div>\n\t\t\t<\/div>\n\t\t<\/div>\n\n\t\t\n\t\t<div class=\"lqd-accordion-item elementor-repeater-item-222fa37 transition-colors\">\n\t\t\t<h3 class=\"lqd-accordion-heading m-0 p-0\" tabindex=\"-1\">\n\t\t\t\t<a class=\"lqd-accordion-trigger lqd-togglable-trigger lqd-widget-trigger flex items-center w-full cursor-pointer transition-colors\" href=\"#lqd-accordion-1a40c0a-content\" aria-expanded=\"false\" aria-controls=\"lqd-accordion-1a40c0a-content\" tabindex=\"0\">\n\t\t\t\t\t<span class=\"lqd-accordion-heading-txt pointer-events-none\">Blackbird Moving'i di\u011fer nakliye \u015firketlerinden ay\u0131ran \u00f6zellikler nelerdir?<\/span>\n\t\t\t\t\t\t\t\t\t<\/a>\n\t\t\t<\/h3>\n\t\t\t<div class=\"lqd-accordion-content-wrap lqd-togglable-element hidden\" id=\"lqd-accordion-1a40c0a-content\">\n\t\t\t\t<div class=\"lqd-accordion-content\">\n\t\t\t\t\t<p>Blackbird Moving'i farkl\u0131 k\u0131lan, profesyonellik ve m\u00fc\u015fteri memnuniyetine olan sars\u0131lmaz ba\u011fl\u0131l\u0131\u011f\u0131m\u0131zd\u0131r.<br \/>Y\u0131llar\u0131n deneyimini ki\u015fiselle\u015ftirilmi\u015f bir yakla\u015f\u0131mla birle\u015ftirerek her m\u00fc\u015fterimizin \u00f6zel \u00e7\u00f6z\u00fcmler ve ola\u011fan\u00fcst\u00fc hizmet almas\u0131n\u0131 sa\u011fl\u0131yoruz. Bizimle \u00e7al\u0131\u015ft\u0131\u011f\u0131n\u0131zda, g\u00fcvenilirlik, \u015feffafl\u0131k ve huzur dolu bir deneyim bekleyebilirsiniz.<\/p>\t\t\t\t<\/div>\n\t\t\t<\/div>\n\t\t<\/div>\n\n\t\t\t\t\t\t<\/div>\n\t\t\t\t<\/div>\n\t\t<script>\n\t\twindow.liquid.behaviors.push( {\n\t\t\tdataId: \"1a40c0a\",\n\t\t\tbehaviors:[\n\t\t\t\t{behaviorName:'liquidToggle',options:{changePropPrefix:'lqdAccordionToggle-1a40c0a',openedItems:[0],parentToChangeClassname:'.lqd-accordion-item',toggleOffActiveItem:true,ui:{togglableTriggers:'.lqd-accordion-trigger',togglableElements:'.lqd-accordion-content-wrap'}}},{behaviorName:'liquidEffectsSlideToggle',options:{changePropPrefix:'lqdAccordionToggle-1a40c0a'}},\n\t\t\t]\n\t\t} );\n\t\t\n\t\t<\/script>\t\t<\/div>\n\t\t<div class=\"elementor-element elementor-element-5555d4f e-con-full e-flex e-con e-child\" data-id=\"5555d4f\" data-element_type=\"container\">\n\t\t\t\t<div class=\"elementor-element elementor-element-bab0f98 elementor-widget elementor-widget-lqd-image\" data-id=\"bab0f98\" data-element_type=\"widget\" data-widget_type=\"lqd-image.default\">\n\t\t\t\t<div class=\"elementor-widget-container\">\n\t\t\t\t\t\n\t\t<figure class=\"inline-block relative align-middle overflow-hidden lqd-transform-perspective transition-colors\" data-lqd-look-at-mouse data-lqd-hover3d-el>\n\n\t\t\t\n\t\t\t\t\n\t\t\t\t<img loading=\"lazy\" decoding=\"async\" width=\"1920\" height=\"2710\" src=\"https:\/\/blackbird-moving.com\/wp-content\/uploads\/2024\/11\/blackbirdk-moving-truck.jpg\" class=\"attachment-full size-full wp-image-4082\" alt=\"\" srcset=\"https:\/\/blackbird-moving.com\/wp-content\/uploads\/2024\/11\/blackbirdk-moving-truck.jpg 1920w, https:\/\/blackbird-moving.com\/wp-content\/uploads\/2024\/11\/blackbirdk-moving-truck-213x300.jpg 213w, https:\/\/blackbird-moving.com\/wp-content\/uploads\/2024\/11\/blackbirdk-moving-truck-725x1024.jpg 725w\" sizes=\"auto, (max-width: 1920px) 100vw, 1920px\" \/>\n\t\t\t\t\n\t\t\t\t\n\t\t\t\t\n\t\t\t\n\t\t\t\n\t\t<\/figure>\n\n\t\t\t\t\t\t<\/div>\n\t\t\t\t<\/div>\n\t\t\t\t<\/div>\n\t\t\t\t\t<\/div>\n\t\t\t\t<\/div>\n\t\t\t\t<\/div>\n\t\t","protected":false},"excerpt":{"rendered":"<p>Blackbird International Movers&#8217;\u0131 Tan\u0131t\u0131yoruz: Karakus.ch ile M\u00fckemmellik Miras\u0131n\u0131 S\u00fcrd\u00fcrmek Sayg\u0131n miras\u0131m\u0131z\u0131n bir uzant\u0131s\u0131 olarak kurulan Blackbird International Movers, sekt\u00f6r\u00fcnde 25 y\u0131l\u0131 a\u015fk\u0131n s\u00fcredir \u0130svi\u00e7re ve \u0130talya genelinde g\u00fcvenilir bir isim olan Karakus.ch&#8217;nin karde\u015f \u015firketi olmaktan gurur duyar. Karakus.ch&#8217;nin b\u00fcnyesinde bar\u0131nd\u0131rd\u0131\u011f\u0131 zengin deneyim ve m\u00fckemmeliyete olan sars\u0131lmaz ba\u011fl\u0131l\u0131\u011f\u0131ndan g\u00fc\u00e7 alan Blackbird International Movers, ola\u011fan\u00fcst\u00fc hizmet gelene\u011fini [&hellip;]<\/p>\n","protected":false},"author":3,"featured_media":0,"parent":0,"menu_order":0,"comment_status":"closed","ping_status":"closed","template":"","meta":{"_acf_changed":false,"footnotes":""},"class_list":["post-4922","page","type-page","status-publish","hentry"],"acf":[],"_links":{"self":[{"href":"https:\/\/blackbird-moving.com\/tr\/wp-json\/wp\/v2\/pages\/4922","targetHints":{"allow":["GET"]}}],"collection":[{"href":"https:\/\/blackbird-moving.com\/tr\/wp-json\/wp\/v2\/pages"}],"about":[{"href":"https:\/\/blackbird-moving.com\/tr\/wp-json\/wp\/v2\/types\/page"}],"author":[{"embeddable":true,"href":"https:\/\/blackbird-moving.com\/tr\/wp-json\/wp\/v2\/users\/3"}],"replies":[{"embeddable":true,"href":"https:\/\/blackbird-moving.com\/tr\/wp-json\/wp\/v2\/comments?post=4922"}],"version-history":[{"count":25,"href":"https:\/\/blackbird-moving.com\/tr\/wp-json\/wp\/v2\/pages\/4922\/revisions"}],"predecessor-version":[{"id":8150,"href":"https:\/\/blackbird-moving.com\/tr\/wp-json\/wp\/v2\/pages\/4922\/revisions\/8150"}],"wp:attachment":[{"href":"https:\/\/blackbird-moving.com\/tr\/wp-json\/wp\/v2\/media?parent=4922"}],"curies":[{"name":"wp","href":"https:\/\/api.w.org\/{rel}","templated":true}]}}