{"id":5460,"date":"2024-11-08T18:52:28","date_gmt":"2024-11-08T15:52:28","guid":{"rendered":"https:\/\/blackbird-moving.com\/guida-al-trasloco-negli-emirati-arabi-uniti-trasloco-senza-stress-con-blackbird-moving\/"},"modified":"2025-08-23T14:50:44","modified_gmt":"2025-08-23T11:50:44","slug":"guida-al-trasloco-negli-emirati-arabi-uniti-trasloco-senza-stress-con-blackbird-moving","status":"publish","type":"page","link":"https:\/\/blackbird-moving.com\/it\/guida-al-trasloco-negli-emirati-arabi-uniti-trasloco-senza-stress-con-blackbird-moving\/","title":{"rendered":"Guida al trasloco negli Emirati Arabi Uniti: Trasloco senza stress con Blackbird Moving"},"content":{"rendered":"\t\t<div data-elementor-type=\"wp-page\" data-elementor-id=\"5460\" class=\"elementor elementor-5460 elementor-4060\" data-elementor-post-type=\"page\">\n\t\t\t\t<div data-lqd-color-scheme=\"dark\" class=\"elementor-element elementor-element-78c2f443 e-flex e-con-boxed e-con e-parent\" data-id=\"78c2f443\" data-element_type=\"container\" data-settings=\"{&quot;background_background&quot;:&quot;slideshow&quot;,&quot;background_slideshow_gallery&quot;:[{&quot;id&quot;:4062,&quot;url&quot;:&quot;https:\\\/\\\/blackbird-moving.com\\\/wp-content\\\/uploads\\\/2024\\\/11\\\/uaae.webp&quot;}],&quot;background_slideshow_slide_duration&quot;:2500,&quot;background_slideshow_ken_burns&quot;:&quot;yes&quot;,&quot;background_slideshow_loop&quot;:&quot;yes&quot;,&quot;background_slideshow_slide_transition&quot;:&quot;fade&quot;,&quot;background_slideshow_transition_duration&quot;:500,&quot;background_slideshow_ken_burns_zoom_direction&quot;:&quot;in&quot;}\">\n\t\t\t\t\t<div class=\"e-con-inner\">\n\t\t<div class=\"elementor-element elementor-element-11468c53 e-con-full e-flex e-con e-child\" data-id=\"11468c53\" data-element_type=\"container\">\n\t\t\t\t<div class=\"elementor-element elementor-element-60b9deda lqd-text-tag-h1 elementor-widget elementor-widget-lqd-text\" data-id=\"60b9deda\" data-element_type=\"widget\" data-widget_type=\"lqd-text.default\" data-lqd-has-inner-animatables=\"true\">\n\t\t\t\t<div class=\"elementor-widget-container\">\n\t\t\t\t\t<h1 class=\"lqd-text-el m-0 p-0\" data-lqd-split-text-el=\"1\" data-lqd-split-type=\"words\"><span class=\"lqd-text-item relative elementor-repeater-item-6b6ba9d\"><span class=\"lqd-split-text-words inline-flex bg-inherit relative\" data-lqd-inner-animatable-el>Guida<\/span>&nbsp;<span class=\"lqd-split-text-words inline-flex bg-inherit relative\" data-lqd-inner-animatable-el>al<\/span>&nbsp;<span class=\"lqd-split-text-words inline-flex bg-inherit relative\" data-lqd-inner-animatable-el>trasloco<\/span>&nbsp;<span class=\"lqd-split-text-words inline-flex bg-inherit relative\" data-lqd-inner-animatable-el>negli<\/span>&nbsp;<span class=\"lqd-split-text-words inline-flex bg-inherit relative\" data-lqd-inner-animatable-el>Emirati<\/span>&nbsp;<span class=\"lqd-split-text-words inline-flex bg-inherit relative\" data-lqd-inner-animatable-el>Arabi<\/span>&nbsp;<span class=\"lqd-split-text-words inline-flex bg-inherit relative\" data-lqd-inner-animatable-el>Uniti:<\/span>&nbsp;<span class=\"lqd-split-text-words inline-flex bg-inherit relative\" data-lqd-inner-animatable-el><\/span><\/span><span class=\"lqd-text-item relative elementor-repeater-item-6935af4\"><span class=\"lqd-split-text-words inline-flex bg-inherit relative\" data-lqd-inner-animatable-el>Trasloco<\/span>&nbsp;<span class=\"lqd-split-text-words inline-flex bg-inherit relative\" data-lqd-inner-animatable-el>senza<\/span>&nbsp;<span class=\"lqd-split-text-words inline-flex bg-inherit relative\" data-lqd-inner-animatable-el>stress<\/span>&nbsp;<span class=\"lqd-split-text-words inline-flex bg-inherit relative\" data-lqd-inner-animatable-el>con<\/span>&nbsp;<span class=\"lqd-split-text-words inline-flex bg-inherit relative\" data-lqd-inner-animatable-el>Blackbird<\/span>&nbsp;<span class=\"lqd-split-text-words inline-flex bg-inherit relative\" data-lqd-inner-animatable-el>Moving<\/span><\/span><\/h1>\t\t\t\t<\/div>\n\t\t\t\t<\/div>\n\t\t<style>.elementor-element-60b9deda .lqd-split-text-words {\n   transform: translate3d(0px,120px,0px) scale(3, 3) rotateX(0deg) rotateY(0deg) rotateZ(0deg) skew(0deg, 0deg);\n   opacity: 0;\n}\n<\/style><script>\n\t\twindow.liquid.behaviors.push( {\n\t\t\tdataId: \"60b9deda\",\n\t\t\tbehaviors:[\n\t\t\t\t{behaviorName:'liquidSplitText',options:{splitDoneFromBackend:true,splitType:'words'}},{behaviorName:'liquidGetElementComputedStyles',options:{includeSelf:true,getRect:true,addGhosts:true}},{behaviorName:'liquidAnimations',options:{domain:'inview',trigger:'ghost',duration:0.65,ease:'expo.out',stagger:{each:0.065,from:'start'},delay:0,start:'top+=30px bottom',startElementOffset:0,startViewportOffset:0,animations:[{elements:'selfAnimatables',breakpointsKeyframes:{all:{keyframes:[{scaleX:1,scaleY:1,skewX:0,skewY:0,x:'0px',y:'0px',z:'0px',rotateX:0,rotateY:0,rotateZ:0,opacity:1}]}}}]}},\n\t\t\t]\n\t\t} );\n\t\t\n\t\t<\/script>\t\t<\/div>\n\t\t\t\t\t<\/div>\n\t\t\t\t<\/div>\n\t\t<div class=\"elementor-element elementor-element-b940aac e-flex e-con-boxed e-con e-parent\" data-id=\"b940aac\" data-element_type=\"container\">\n\t\t\t\t\t<div class=\"e-con-inner\">\n\t\t\t\t<div class=\"elementor-element elementor-element-450bdb3 elementor-widget elementor-widget-text-editor\" data-id=\"450bdb3\" data-element_type=\"widget\" data-widget_type=\"text-editor.default\">\n\t\t\t\t<div class=\"elementor-widget-container\">\n\t\t\t\t\t\t\t\t\t<p>Trasferirsi negli Emirati Arabi Uniti (EAU), che sia per lavoro, famiglia o un nuovo stile di vita, \u00e8 un viaggio emozionante. Trasferirsi in una citt\u00e0 frenetica come Dubai o in un ambiente pi\u00f9 tradizionale come Abu Dhabi richiede una pianificazione meticolosa, un rigoroso rispetto delle normative doganali e una coordinazione fluida.<\/p><p>Con Blackbird Moving, offriamo un approccio completo e personalizzato al trasloco internazionale. Dall&#8217;inizio alla fine, gestiamo ogni dettaglio, assicurandoci che il tuo trasloco negli EAU sia fluido, senza stress e efficiente. Con una profonda esperienza nei traslochi internazionali, proteggiamo i tuoi beni, snelliamo il processo e forniamo un&#8217;esperienza di trasloco senza pari.<\/p><h3>Comprendere le Normative Doganali e i Documenti per il Trasloco negli EAU<\/h3><p>Navigare nelle normative doganali degli EAU \u00e8 essenziale per garantire un trasferimento fluido. Una corretta documentazione previene ritardi, costi imprevisti o complicazioni legali. Con Blackbird Moving, ti guidiamo attraverso ogni passo, preparando tutta la documentazione in anticipo per rendere la sdoganamento senza problemi.<\/p><h3>Documenti Chiave Richiesti per il Trasloco negli EAU:<\/h3><p>Passaporto valido: \u00c8 necessario un passaporto valido per l&#8217;identificazione. Visto di Residenza negli EAU: Richiesto per la sdoganamento, questo visto consente il rilascio della tua spedizione negli EAU. Lettera di Autorizzazione: \u00c8 necessario fornire una lettera scritta che autorizzi Blackbird Moving a gestire il disbrigo delle formalit\u00e0 doganali per conto tuo. Inventario\/Lista di Imballaggio: Un inventario dettagliato degli articoli spediti, indicandone lo stato, \u00e8 necessario per la dogana. Bill of Lading (B\/L): Un documento essenziale per rilasciare la tua spedizione, gestito senza problemi da Blackbird Moving.<\/p><h3>Procedure Doganali:<\/h3><p>Ingresso senza dazi per effetti personali usati: In generale, gli oggetti domestici usati sono esenti da dazi. Tuttavia, gli oggetti nuovi sono soggetti a un dazio doganale del 5% sul valore CIF (Costo, Assicurazione e Trasporto), pi\u00f9 IVA. Ispezione fisica: La maggior parte delle spedizioni \u00e8 soggetta a ispezione fisica o screening a raggi X. Blackbird Moving garantisce che tutti gli articoli siano accuratamente documentati e etichettati per facilitare il disbrigo doganale senza ritardi.<\/p><h3>Articoli Proibiti e Ristetti:<\/h3><p>Gli EAU hanno normative rigorose su ci\u00f2 che pu\u00f2 e non pu\u00f2 essere importato. Gli articoli proibiti includono:<\/p><p>Armi: Le armi da fuoco, le munizioni e altre armi non sono ammesse senza licenza adeguata. Alcol: Limitato per le spedizioni personali, sebbene disponibile localmente in determinate condizioni. Materiale stampato e media: Materiali ritenuti offensivi o politicamente sensibili sono soggetti a restrizioni.<\/p><p>Blackbird Moving fornisce una guida esperta su ci\u00f2 che pu\u00f2 e non pu\u00f2 essere spedito, assicurando piena conformit\u00e0 con le normative doganali degli EAU per evitare complicazioni e ritardi.<\/p><h3>Imballaggio e Gestione Esperti per un Trasloco Sicuro<\/h3><p>La sicurezza dei tuoi beni durante un trasloco internazionale \u00e8 la nostra priorit\u00e0. Con Blackbird Moving, utilizziamo materiali di imballaggio di alta qualit\u00e0 e tecniche leader nel settore per proteggere ogni articolo. Dai fragili oggetti d&#8217;antiquariato ai mobili ingombranti, i nostri servizi di imballaggio garantiscono che i tuoi beni arrivino negli EAU in condizioni eccellenti.<\/p><h3>Opzioni di Spedizione Flessibili per il Trasloco negli EAU<\/h3><p>Ogni trasloco ha esigenze uniche, e Blackbird Moving offre opzioni di spedizione flessibili che si adattano a vari tempi e budget. Che tu stia traslocando un&#8217;intera casa o solo alcuni articoli, abbiamo la soluzione giusta per te.<\/p><h3>Opzioni di Trasporto Locali e Supporto per il Settling In<\/h3><p>Trasferirsi in un nuovo paese non riguarda solo il trasporto degli effetti personali; si tratta di adattarsi senza problemi a un nuovo ambiente. Blackbird Moving fornisce servizi locali essenziali e supporto per la manutenzione della casa per garantire che la tua nuova residenza sia completamente funzionale e confortevole.<\/p><h3>Perch\u00e9 Scegliere Blackbird Moving per il Tuo Trasloco negli EAU?<\/h3><p>Soluzioni Personalizzate per le Tue Esigenze Uniche: Ogni trasloco \u00e8 diverso, motivo per cui offriamo piani di trasferimento personalizzati per rendere il tuo trasloco negli EAU il pi\u00f9 fluido ed efficiente possibile. Imballaggio e Gestione Esperti: Il nostro team \u00e8 altamente formato nelle migliori pratiche del settore, garantendo che ogni articolo, dall&#8217;arte fragile ai mobili pesanti, sia imballato e trasportato in sicurezza. Comunicazione Eccellente e Supporto in Tempo Reale: Blackbird Moving d\u00e0 la priorit\u00e0 alla comunicazione chiara e al supporto affidabile. Il nostro team di assistenza clienti fornisce aggiornamenti regolari ed \u00e8 sempre disponibile per rispondere a qualsiasi domanda, garantendo un&#8217;esperienza senza stress.<\/p><h3>Inizia il Tuo Viaggio verso gli EAU con Blackbird Moving<\/h3><p>Scegliere Blackbird Moving per il tuo trasloco negli EAU significa collaborare con un team di esperti professionisti impegnati a rendere il tuo trasloco un successo. I nostri servizi completi, la rete globale e l\u2019impegno per la qualit\u00e0 garantiscono che i tuoi beni arrivino in sicurezza, puntuali e con il massimo livello di cura. Che tu stia trasferendo la tua casa, articoli di valore o attrezzature aziendali, gestiamo ogni dettaglio con esperienza e precisione. Contattaci oggi per scoprire come possiamo aiutarti a pianificare un trasloco fluido e senza stress verso gli EAU e iniziare il tuo nuovo capitolo in una delle destinazioni di espatriati pi\u00f9 ambite al mondo.<\/p>\t\t\t\t\t\t\t\t<\/div>\n\t\t\t\t<\/div>\n\t\t\t\t\t<\/div>\n\t\t\t\t<\/div>\n\t\t\t\t<\/div>\n\t\t","protected":false},"excerpt":{"rendered":"<p>Guida&nbsp;al&nbsp;trasloco&nbsp;negli&nbsp;Emirati&nbsp;Arabi&nbsp;Uniti:&nbsp;Trasloco&nbsp;senza&nbsp;stress&nbsp;con&nbsp;Blackbird&nbsp;Moving Trasferirsi negli Emirati Arabi Uniti (EAU), che sia per lavoro, famiglia o un nuovo stile di vita, \u00e8 un viaggio emozionante. Trasferirsi in una citt\u00e0 frenetica come Dubai o in un ambiente pi\u00f9 tradizionale come Abu Dhabi richiede una pianificazione meticolosa, un rigoroso rispetto delle normative doganali e una coordinazione fluida. Con Blackbird Moving, [&hellip;]<\/p>\n","protected":false},"author":3,"featured_media":0,"parent":0,"menu_order":0,"comment_status":"closed","ping_status":"closed","template":"","meta":{"_acf_changed":false,"footnotes":""},"class_list":["post-5460","page","type-page","status-publish","hentry"],"acf":[],"_links":{"self":[{"href":"https:\/\/blackbird-moving.com\/it\/wp-json\/wp\/v2\/pages\/5460","targetHints":{"allow":["GET"]}}],"collection":[{"href":"https:\/\/blackbird-moving.com\/it\/wp-json\/wp\/v2\/pages"}],"about":[{"href":"https:\/\/blackbird-moving.com\/it\/wp-json\/wp\/v2\/types\/page"}],"author":[{"embeddable":true,"href":"https:\/\/blackbird-moving.com\/it\/wp-json\/wp\/v2\/users\/3"}],"replies":[{"embeddable":true,"href":"https:\/\/blackbird-moving.com\/it\/wp-json\/wp\/v2\/comments?post=5460"}],"version-history":[{"count":17,"href":"https:\/\/blackbird-moving.com\/it\/wp-json\/wp\/v2\/pages\/5460\/revisions"}],"predecessor-version":[{"id":8484,"href":"https:\/\/blackbird-moving.com\/it\/wp-json\/wp\/v2\/pages\/5460\/revisions\/8484"}],"wp:attachment":[{"href":"https:\/\/blackbird-moving.com\/it\/wp-json\/wp\/v2\/media?parent=5460"}],"curies":[{"name":"wp","href":"https:\/\/api.w.org\/{rel}","templated":true}]}}