{"id":5455,"date":"2024-11-08T17:11:23","date_gmt":"2024-11-08T14:11:23","guid":{"rendered":"https:\/\/blackbird-moving.com\/guida-al-trasloco-a-dubai-trasloco-senza-problemi-con-blackbird-moving\/"},"modified":"2025-08-22T16:57:17","modified_gmt":"2025-08-22T13:57:17","slug":"guida-al-trasloco-a-dubai-trasloco-senza-problemi-con-blackbird-moving","status":"publish","type":"page","link":"https:\/\/blackbird-moving.com\/it\/guida-al-trasloco-a-dubai-trasloco-senza-problemi-con-blackbird-moving\/","title":{"rendered":"Guida al trasloco a Dubai: Trasloco senza problemi con Blackbird Moving"},"content":{"rendered":"\t\t<div data-elementor-type=\"wp-page\" data-elementor-id=\"5455\" class=\"elementor elementor-5455 elementor-4028\" data-elementor-post-type=\"page\">\n\t\t\t\t<div data-lqd-color-scheme=\"dark\" class=\"elementor-element elementor-element-78c2f443 e-flex e-con-boxed e-con e-parent\" data-id=\"78c2f443\" data-element_type=\"container\" data-settings=\"{&quot;background_background&quot;:&quot;slideshow&quot;,&quot;background_slideshow_gallery&quot;:[{&quot;id&quot;:4036,&quot;url&quot;:&quot;https:\\\/\\\/blackbird-moving.com\\\/wp-content\\\/uploads\\\/2024\\\/11\\\/david-rodrigo-Fr6zexbmjmc-unsplash.jpg&quot;}],&quot;background_slideshow_slide_duration&quot;:2500,&quot;background_slideshow_ken_burns&quot;:&quot;yes&quot;,&quot;background_slideshow_loop&quot;:&quot;yes&quot;,&quot;background_slideshow_slide_transition&quot;:&quot;fade&quot;,&quot;background_slideshow_transition_duration&quot;:500,&quot;background_slideshow_ken_burns_zoom_direction&quot;:&quot;in&quot;}\">\n\t\t\t\t\t<div class=\"e-con-inner\">\n\t\t<div class=\"elementor-element elementor-element-11468c53 e-con-full e-flex e-con e-child\" data-id=\"11468c53\" data-element_type=\"container\">\n\t\t\t\t<div class=\"elementor-element elementor-element-60b9deda lqd-text-tag-h1 elementor-widget elementor-widget-lqd-text\" data-id=\"60b9deda\" data-element_type=\"widget\" data-widget_type=\"lqd-text.default\" data-lqd-has-inner-animatables=\"true\">\n\t\t\t\t<div class=\"elementor-widget-container\">\n\t\t\t\t\t<h1 class=\"lqd-text-el m-0 p-0\" data-lqd-split-text-el=\"1\" data-lqd-split-type=\"words\"><span class=\"lqd-text-item relative elementor-repeater-item-6b6ba9d\"><span class=\"lqd-split-text-words inline-flex bg-inherit relative\" data-lqd-inner-animatable-el>Guida<\/span>&nbsp;<span class=\"lqd-split-text-words inline-flex bg-inherit relative\" data-lqd-inner-animatable-el>al<\/span>&nbsp;<span class=\"lqd-split-text-words inline-flex bg-inherit relative\" data-lqd-inner-animatable-el>trasloco<\/span>&nbsp;<span class=\"lqd-split-text-words inline-flex bg-inherit relative\" data-lqd-inner-animatable-el>a<\/span>&nbsp;<span class=\"lqd-split-text-words inline-flex bg-inherit relative\" data-lqd-inner-animatable-el>Dubai:<\/span>&nbsp;<span class=\"lqd-split-text-words inline-flex bg-inherit relative\" data-lqd-inner-animatable-el><\/span><\/span><span class=\"lqd-text-item relative elementor-repeater-item-6935af4\"><span class=\"lqd-split-text-words inline-flex bg-inherit relative\" data-lqd-inner-animatable-el>Trasloco<\/span>&nbsp;<span class=\"lqd-split-text-words inline-flex bg-inherit relative\" data-lqd-inner-animatable-el>senza<\/span>&nbsp;<span class=\"lqd-split-text-words inline-flex bg-inherit relative\" data-lqd-inner-animatable-el>problemi<\/span>&nbsp;<span class=\"lqd-split-text-words inline-flex bg-inherit relative\" data-lqd-inner-animatable-el>con<\/span>&nbsp;<span class=\"lqd-split-text-words inline-flex bg-inherit relative\" data-lqd-inner-animatable-el>Blackbird<\/span>&nbsp;<span class=\"lqd-split-text-words inline-flex bg-inherit relative\" data-lqd-inner-animatable-el>Moving<\/span><\/span><\/h1>\t\t\t\t<\/div>\n\t\t\t\t<\/div>\n\t\t<style>.elementor-element-60b9deda .lqd-split-text-words {\n   transform: translate3d(0px,120px,0px) scale(3, 3) rotateX(0deg) rotateY(0deg) rotateZ(0deg) skew(0deg, 0deg);\n   opacity: 0;\n}\n<\/style><script>\n\t\twindow.liquid.behaviors.push( {\n\t\t\tdataId: \"60b9deda\",\n\t\t\tbehaviors:[\n\t\t\t\t{behaviorName:'liquidSplitText',options:{splitDoneFromBackend:true,splitType:'words'}},{behaviorName:'liquidGetElementComputedStyles',options:{includeSelf:true,getRect:true,addGhosts:true}},{behaviorName:'liquidAnimations',options:{domain:'inview',trigger:'ghost',duration:0.65,ease:'expo.out',stagger:{each:0.065,from:'start'},delay:0,start:'top+=30px bottom',startElementOffset:0,startViewportOffset:0,animations:[{elements:'selfAnimatables',breakpointsKeyframes:{all:{keyframes:[{scaleX:1,scaleY:1,skewX:0,skewY:0,x:'0px',y:'0px',z:'0px',rotateX:0,rotateY:0,rotateZ:0,opacity:1}]}}}]}},\n\t\t\t]\n\t\t} );\n\t\t\n\t\t<\/script>\t\t<\/div>\n\t\t\t\t\t<\/div>\n\t\t\t\t<\/div>\n\t\t<div class=\"elementor-element elementor-element-b940aac e-flex e-con-boxed e-con e-parent\" data-id=\"b940aac\" data-element_type=\"container\">\n\t\t\t\t\t<div class=\"e-con-inner\">\n\t\t\t\t<div class=\"elementor-element elementor-element-70d0587 elementor-widget elementor-widget-heading\" data-id=\"70d0587\" data-element_type=\"widget\" data-widget_type=\"heading.default\">\n\t\t\t\t<div class=\"elementor-widget-container\">\n\t\t\t\t\t<h2 class=\"elementor-heading-title elementor-size-default\">Guida al trasloco a Dubai: Trasloco senza problemi con Blackbird Moving<\/h2>\t\t\t\t<\/div>\n\t\t\t\t<\/div>\n\t\t\t\t<div class=\"elementor-element elementor-element-450bdb3 elementor-widget elementor-widget-text-editor\" data-id=\"450bdb3\" data-element_type=\"widget\" data-widget_type=\"text-editor.default\">\n\t\t\t\t<div class=\"elementor-widget-container\">\n\t\t\t\t\t\t\t\t\t<p>Trasferirsi a Dubai offre un&#8217;opportunit\u00e0 unica per vivere in una delle citt\u00e0 pi\u00f9 moderne, vibranti e cosmopolite del mondo. Sia che tu stia traslocando per motivi di carriera, per la famiglia o per abbracciare un nuovo stile di vita, Dubai \u00e8 una citt\u00e0 che unisce paesaggi urbani futuristici a un ricco patrimonio culturale. Tuttavia, trasferirsi in un ambiente cos\u00ec dinamico richiede una pianificazione accurata e precisione per garantire che ogni dettaglio venga coperto.<\/p><h3>Soluzioni Personalizzate per il Tuo Trasloco a Dubai<\/h3><p>Blackbird Moving \u00e8 specializzata in traslochi internazionali, offrendo soluzioni personalizzate per ogni fase del trasloco. Con la nostra esperienza e l&#8217;attenzione ai dettagli, ci assicuriamo che il tuo trasloco a Dubai avvenga con cura, precisione e professionalit\u00e0.<\/p><h3>Galleria Doganale e Documentazione per Dubai<\/h3><p>Un aspetto fondamentale del trasferirsi a Dubai \u00e8 assicurarsi che tutta la documentazione doganale venga preparata correttamente. Gli Emirati Arabi Uniti hanno regolamenti specifici per l&#8217;importazione di beni domestici, e qualsiasi disguido potrebbe causare ritardi o costi aggiuntivi. Con Blackbird Moving, puoi essere certo che gestiremo tutti i requisiti doganali per tuo conto, garantendo che il tuo trasloco proceda senza intoppi.<\/p><h3>Documenti Necessari per Trasferirsi a Dubai:<\/h3><p>Passaporto valido: \u00c8 richiesto un passaporto con almeno sei mesi di validit\u00e0 per identificazione e sdoganamento.<br \/>Visto di residenza negli Emirati Arabi Uniti: Un visto di residenza valido \u00e8 obbligatorio per il disbrigo delle pratiche doganali. Senza di esso, la spedizione non pu\u00f2 essere rilasciata.<br \/>Lettera di autorizzazione: Sar\u00e0 necessario fornire un\u2019autorizzazione scritta affinch\u00e9 Blackbird Moving si occupi delle pratiche doganali per tuo conto.<br \/>Inventario\/Lista degli oggetti: Un elenco dettagliato di tutti gli oggetti spediti, comprensivo del loro stato (nuovo o usato), per aiutare gli ufficiali doganali nella valutazione.<br \/>Bill of Lading (B\/L): Questo documento essenziale, gestito da Blackbird Moving, \u00e8 necessario per il rilascio della tua spedizione dal porto.<br \/>Procedure Doganali:<\/p><p>Il processo doganale di Dubai include regolamenti unici. Comprendere questi regolamenti pu\u00f2 risparmiare tempo, denaro e stress:<\/p><p>Ingresso senza dazi per effetti personali: La maggior parte degli effetti personali e dei beni domestici che sono stati utilizzati per almeno sei mesi possono essere importati senza dazi doganali a Dubai. Tuttavia, gli oggetti nuovi saranno soggetti a una tassa doganale del 5% sul loro valore CIF (costo, assicurazione e trasporto), pi\u00f9 IVA.<br \/>Ispezione fisica: Le spedizioni a Dubai sono soggette a ispezioni fisiche o screening a raggi X. Blackbird Moving si assicura che tutti gli oggetti siano documentati e etichettati correttamente per ridurre al minimo i ritardi e garantire un\u2019ispezione doganale fluida.<br \/>Oggetti Proibiti e Limitati:<\/p><p>Gli Emirati Arabi Uniti hanno regolamenti rigorosi su ci\u00f2 che pu\u00f2 e non pu\u00f2 essere importato. Gli oggetti proibiti includono:<\/p><p>Armi: Le armi da fuoco, le munizioni e altre armi non sono ammesse senza una licenza speciale.<br \/>Alcol: Le spedizioni personali di alcol sono limitate, anche se pu\u00f2 essere acquistato localmente in determinate condizioni.<br \/>Materiale stampato e media: Alcuni libri, pubblicazioni e media sono limitati se contengono contenuti considerati offensivi o politicamente sensibili.<br \/>Blackbird Moving fornisce indicazioni complete sugli oggetti proibiti e limitati per garantire la completa conformit\u00e0 alle normative doganali degli Emirati Arabi Uniti, mantenendo il tuo trasloco in pista ed evitando ritardi imprevisti.<\/p><h3>Servizi di Imballaggio e Gestione Esperta per il Tuo Trasloco a Dubai<\/h3><p>Imballare per un trasloco internazionale richiede una pianificazione precisa e materiali di alta qualit\u00e0 per garantire che tutti gli oggetti arrivino a Dubai intatti. Blackbird Moving offre servizi esperti di imballaggio e gestione per ogni tipo di oggetto, dai pi\u00f9 fragili ai mobili ingombranti. L\u2019esperienza del nostro team garantisce che i tuoi beni siano protetti durante il trasporto, indipendentemente dalla distanza.<\/p><p>Cartoni per abiti: I nostri cartoni specializzati per abiti proteggono i vestiti durante il trasporto, consentendo che gli indumenti siano appesi in modo sicuro, arrivando a Dubai senza pieghe.<br \/>Imballaggio personalizzato per elettronica e oggetti fragili: Utilizziamo materiali antistatici e scatole su misura per dispositivi elettronici sensibili, garantendo protezione dall&#8217;inizio alla fine. Il nostro team offre anche soluzioni personalizzate per oggetti fragili, fornendo la cura necessaria per opere d&#8217;arte, specchi o collezionabili.<br \/>Smontaggio e Rimontaggio di Mobili: I pezzi grandi come letti, armadi e tavoli vengono smontati, imballati e rimontati nella tua nuova casa a Dubai, garantendo un trasporto senza problemi e un&#8217;installazione perfetta.<br \/>Opzioni di Spedizione Flessibili per il Trasloco a Dubai<\/p><p>Ogni trasloco \u00e8 unico, e Blackbird Moving offre opzioni di spedizione flessibili per soddisfare le varie esigenze e i budget, sia che tu stia traslocando un&#8217;intera abitazione o solo pochi oggetti essenziali.<\/p><p>Trasporto marittimo: Per spedizioni pi\u00f9 grandi, il trasporto marittimo \u00e8 una soluzione economica. Offriamo il Full Container Load (FCL) per uso esclusivo e il Less-than-Container Load (LCL) per spazio condiviso, garantendo sia sicurezza che risparmio.<br \/>Trasporto aereo: Ideale per spedizioni pi\u00f9 piccole o urgenti, il trasporto aereo consente agli oggetti di arrivare pi\u00f9 rapidamente. Sebbene pi\u00f9 costoso, questa opzione \u00e8 perfetta per beni domestici urgenti, elettronica o documenti importanti.<br \/>Trasporto locale a Dubai: Dopo l&#8217;arrivo a Dubai, Blackbird Moving organizza il trasporto locale, garantendo una consegna porta a porta senza intoppi in citt\u00e0.<br \/>Servizi Locali e Supporto alla Manutenzione della Casa<\/p><p>Il trasferirsi in una nuova casa a Dubai non riguarda solo il trasloco delle scatole. Blackbird Moving offre servizi di supporto locali aggiuntivi per assicurarti che la tua nuova residenza sia completamente operativa e confortevole. I nostri servizi includono assistenza per l\u2019installazione dei servizi essenziali (elettricit\u00e0, acqua, internet) e la gestione della manutenzione della casa, assicurandoti che la tua nuova casa sia pronta fin dal primo giorno. Questo livello di supporto ti aiuta a concentrarti sull&#8217;adattamento alla vita a Dubai senza lo stress della gestione della logistica di installazione.<\/p><h3>Trasloco dalla Svizzera a Dubai con Blackbird Moving<\/h3><p>Con una solida base in Svizzera e anni di esperienza nei traslochi internazionali, Blackbird Moving \u00e8 la scelta ideale per gestire traslochi dalla Svizzera a Dubai. La nostra conoscenza delle normative doganali svizzere e degli Emirati Arabi Uniti ci consente di creare un&#8217;esperienza di trasloco snodato, dalla pianificazione iniziale alla consegna finale a Dubai. Che tu stia trasferendo tutta la tua casa o solo pochi oggetti essenziali, personalizziamo le nostre soluzioni in base alle tue esigenze uniche.<\/p><h3>Perch\u00e9 Scegliere Blackbird Moving per il Tuo Trasloco a Dubai?<\/h3><p>Soluzioni di trasloco su misura: Ogni trasloco \u00e8 diverso, e Blackbird Moving offre servizi personalizzati per rendere il tuo trasloco a Dubai il pi\u00f9 fluido ed efficiente possibile.<br \/>Imballaggio e gestione esperta: Con un focus sulla cura e sulla precisione, il nostro team imballa e trasporta ogni oggetto, dall&#8217;elettronica sensibile ai mobili ingombranti, con la massima attenzione ai dettagli.<br \/>Eccellente comunicazione e supporto in tempo reale: Blackbird Moving d\u00e0 priorit\u00e0 alla comunicazione trasparente e al supporto affidabile. Il nostro team di assistenza clienti fornisce aggiornamenti regolari ed \u00e8 prontamente disponibile per rispondere a qualsiasi domanda durante tutto il trasloco, garantendo un&#8217;esperienza senza stress.<br \/>Inizia il Tuo Viaggio a Dubai con Blackbird Moving<\/p><p>Scegliere Blackbird Moving per il tuo trasloco a Dubai significa collaborare con un team di professionisti esperti dedicati a rendere il tuo trasloco un successo. I nostri servizi completi, la nostra rete globale e l&#8217;impegno per la qualit\u00e0 garantiscono che i tuoi beni arrivino in sicurezza, puntuali e con il massimo della cura. Che tu stia traslocando la tua casa, oggetti di valore o attrezzature aziendali, gestiamo ogni dettaglio con esperienza e precisione. Contattaci oggi per scoprire come possiamo aiutarti a pianificare un trasloco fluido e senza stress a Dubai e iniziare il tuo emozionante nuovo capitolo in una delle destinazioni pi\u00f9 richieste al mondo.<\/p>\t\t\t\t\t\t\t\t<\/div>\n\t\t\t\t<\/div>\n\t\t\t\t\t<\/div>\n\t\t\t\t<\/div>\n\t\t\t\t<\/div>\n\t\t","protected":false},"excerpt":{"rendered":"<p>Guida&nbsp;al&nbsp;trasloco&nbsp;a&nbsp;Dubai:&nbsp;Trasloco&nbsp;senza&nbsp;problemi&nbsp;con&nbsp;Blackbird&nbsp;Moving Guida al trasloco a Dubai: Trasloco senza problemi con Blackbird Moving Trasferirsi a Dubai offre un&#8217;opportunit\u00e0 unica per vivere in una delle citt\u00e0 pi\u00f9 moderne, vibranti e cosmopolite del mondo. Sia che tu stia traslocando per motivi di carriera, per la famiglia o per abbracciare un nuovo stile di vita, Dubai \u00e8 una citt\u00e0 [&hellip;]<\/p>\n","protected":false},"author":3,"featured_media":0,"parent":0,"menu_order":0,"comment_status":"closed","ping_status":"closed","template":"","meta":{"_acf_changed":false,"footnotes":""},"class_list":["post-5455","page","type-page","status-publish","hentry"],"acf":[],"_links":{"self":[{"href":"https:\/\/blackbird-moving.com\/it\/wp-json\/wp\/v2\/pages\/5455","targetHints":{"allow":["GET"]}}],"collection":[{"href":"https:\/\/blackbird-moving.com\/it\/wp-json\/wp\/v2\/pages"}],"about":[{"href":"https:\/\/blackbird-moving.com\/it\/wp-json\/wp\/v2\/types\/page"}],"author":[{"embeddable":true,"href":"https:\/\/blackbird-moving.com\/it\/wp-json\/wp\/v2\/users\/3"}],"replies":[{"embeddable":true,"href":"https:\/\/blackbird-moving.com\/it\/wp-json\/wp\/v2\/comments?post=5455"}],"version-history":[{"count":16,"href":"https:\/\/blackbird-moving.com\/it\/wp-json\/wp\/v2\/pages\/5455\/revisions"}],"predecessor-version":[{"id":8333,"href":"https:\/\/blackbird-moving.com\/it\/wp-json\/wp\/v2\/pages\/5455\/revisions\/8333"}],"wp:attachment":[{"href":"https:\/\/blackbird-moving.com\/it\/wp-json\/wp\/v2\/media?parent=5455"}],"curies":[{"name":"wp","href":"https:\/\/api.w.org\/{rel}","templated":true}]}}