{"id":5450,"date":"2024-11-08T18:42:06","date_gmt":"2024-11-08T15:42:06","guid":{"rendered":"https:\/\/blackbird-moving.com\/guida-per-il-trasloco-negli-stati-uniti-gestisci-facilmente-il-tuo-trasloco\/"},"modified":"2025-08-22T16:55:48","modified_gmt":"2025-08-22T13:55:48","slug":"guida-per-il-trasloco-negli-stati-uniti-gestisci-facilmente-il-tuo-trasloco","status":"publish","type":"page","link":"https:\/\/blackbird-moving.com\/it\/guida-per-il-trasloco-negli-stati-uniti-gestisci-facilmente-il-tuo-trasloco\/","title":{"rendered":"Guida per il trasloco negli Stati Uniti: Gestisci facilmente il tuo trasloco"},"content":{"rendered":"\t\t<div data-elementor-type=\"wp-page\" data-elementor-id=\"5450\" class=\"elementor elementor-5450 elementor-4046\" data-elementor-post-type=\"page\">\n\t\t\t\t<div data-lqd-color-scheme=\"dark\" class=\"elementor-element elementor-element-78c2f443 e-flex e-con-boxed e-con e-parent\" data-id=\"78c2f443\" data-element_type=\"container\" data-settings=\"{&quot;background_background&quot;:&quot;slideshow&quot;,&quot;background_slideshow_gallery&quot;:[{&quot;id&quot;:4050,&quot;url&quot;:&quot;https:\\\/\\\/blackbird-moving.com\\\/wp-content\\\/uploads\\\/2024\\\/11\\\/USA2.jpg&quot;}],&quot;background_slideshow_slide_duration&quot;:2500,&quot;background_slideshow_ken_burns&quot;:&quot;yes&quot;,&quot;background_slideshow_loop&quot;:&quot;yes&quot;,&quot;background_slideshow_slide_transition&quot;:&quot;fade&quot;,&quot;background_slideshow_transition_duration&quot;:500,&quot;background_slideshow_ken_burns_zoom_direction&quot;:&quot;in&quot;}\">\n\t\t\t\t\t<div class=\"e-con-inner\">\n\t\t<div class=\"elementor-element elementor-element-11468c53 e-con-full e-flex e-con e-child\" data-id=\"11468c53\" data-element_type=\"container\">\n\t\t\t\t<div class=\"elementor-element elementor-element-60b9deda lqd-text-tag-h1 elementor-widget elementor-widget-lqd-text\" data-id=\"60b9deda\" data-element_type=\"widget\" data-widget_type=\"lqd-text.default\" data-lqd-has-inner-animatables=\"true\">\n\t\t\t\t<div class=\"elementor-widget-container\">\n\t\t\t\t\t<h1 class=\"lqd-text-el m-0 p-0\" data-lqd-split-text-el=\"1\" data-lqd-split-type=\"words\"><span class=\"lqd-text-item relative elementor-repeater-item-6b6ba9d\"><span class=\"lqd-split-text-words inline-flex bg-inherit relative\" data-lqd-inner-animatable-el>Guida<\/span>&nbsp;<span class=\"lqd-split-text-words inline-flex bg-inherit relative\" data-lqd-inner-animatable-el>per<\/span>&nbsp;<span class=\"lqd-split-text-words inline-flex bg-inherit relative\" data-lqd-inner-animatable-el>il<\/span>&nbsp;<span class=\"lqd-split-text-words inline-flex bg-inherit relative\" data-lqd-inner-animatable-el>trasloco<\/span>&nbsp;<span class=\"lqd-split-text-words inline-flex bg-inherit relative\" data-lqd-inner-animatable-el>negli<\/span>&nbsp;<span class=\"lqd-split-text-words inline-flex bg-inherit relative\" data-lqd-inner-animatable-el>Stati<\/span>&nbsp;<span class=\"lqd-split-text-words inline-flex bg-inherit relative\" data-lqd-inner-animatable-el>Uniti:<\/span>&nbsp;<span class=\"lqd-split-text-words inline-flex bg-inherit relative\" data-lqd-inner-animatable-el><\/span><\/span><span class=\"lqd-text-item relative elementor-repeater-item-6935af4\"><span class=\"lqd-split-text-words inline-flex bg-inherit relative\" data-lqd-inner-animatable-el>Gestisci<\/span>&nbsp;<span class=\"lqd-split-text-words inline-flex bg-inherit relative\" data-lqd-inner-animatable-el>facilmente<\/span>&nbsp;<span class=\"lqd-split-text-words inline-flex bg-inherit relative\" data-lqd-inner-animatable-el>il<\/span>&nbsp;<span class=\"lqd-split-text-words inline-flex bg-inherit relative\" data-lqd-inner-animatable-el>tuo<\/span>&nbsp;<span class=\"lqd-split-text-words inline-flex bg-inherit relative\" data-lqd-inner-animatable-el>trasloco<\/span><\/span><\/h1>\t\t\t\t<\/div>\n\t\t\t\t<\/div>\n\t\t<style>.elementor-element-60b9deda .lqd-split-text-words {\n   transform: translate3d(0px,120px,0px) scale(3, 3) rotateX(0deg) rotateY(0deg) rotateZ(0deg) skew(0deg, 0deg);\n   opacity: 0;\n}\n<\/style><script>\n\t\twindow.liquid.behaviors.push( {\n\t\t\tdataId: \"60b9deda\",\n\t\t\tbehaviors:[\n\t\t\t\t{behaviorName:'liquidSplitText',options:{splitDoneFromBackend:true,splitType:'words'}},{behaviorName:'liquidGetElementComputedStyles',options:{includeSelf:true,getRect:true,addGhosts:true}},{behaviorName:'liquidAnimations',options:{domain:'inview',trigger:'ghost',duration:0.65,ease:'expo.out',stagger:{each:0.065,from:'start'},delay:0,start:'top+=30px bottom',startElementOffset:0,startViewportOffset:0,animations:[{elements:'selfAnimatables',breakpointsKeyframes:{all:{keyframes:[{scaleX:1,scaleY:1,skewX:0,skewY:0,x:'0px',y:'0px',z:'0px',rotateX:0,rotateY:0,rotateZ:0,opacity:1}]}}}]}},\n\t\t\t]\n\t\t} );\n\t\t\n\t\t<\/script>\t\t<\/div>\n\t\t\t\t\t<\/div>\n\t\t\t\t<\/div>\n\t\t<div class=\"elementor-element elementor-element-b940aac e-flex e-con-boxed e-con e-parent\" data-id=\"b940aac\" data-element_type=\"container\">\n\t\t\t\t\t<div class=\"e-con-inner\">\n\t\t\t\t<div class=\"elementor-element elementor-element-dbfb663 elementor-widget elementor-widget-heading\" data-id=\"dbfb663\" data-element_type=\"widget\" data-widget_type=\"heading.default\">\n\t\t\t\t<div class=\"elementor-widget-container\">\n\t\t\t\t\t<h2 class=\"elementor-heading-title elementor-size-default\">Il tuo viaggio verso gli Stati Uniti inizia qui<\/h2>\t\t\t\t<\/div>\n\t\t\t\t<\/div>\n\t\t\t\t<div class=\"elementor-element elementor-element-450bdb3 elementor-widget elementor-widget-text-editor\" data-id=\"450bdb3\" data-element_type=\"widget\" data-widget_type=\"text-editor.default\">\n\t\t\t\t<div class=\"elementor-widget-container\">\n\t\t\t\t\t\t\t\t\t<p>Trasferirsi negli Stati Uniti, che si tratti di una citt\u00e0 vivace come New York o Los Angeles, o di una vita pi\u00f9 tranquilla in un sobborgo, \u00e8 un&#8217;importante pietra miliare. La diversit\u00e0 degli Stati Uniti, la sua vasta geografia e le normative statali differenti possono rendere il processo di trasloco complesso. Collaborare con una compagnia di traslochi affidabile pu\u00f2 trasformare questo processo in un&#8217;esperienza fluida, efficiente e senza stress.<\/p><p>Soluzioni di Trasloco Personalizzate con Blackbird Moving<br \/>Blackbird Moving \u00e8 specializzata nell&#8217;offrire soluzioni complete e personalizzate per il trasloco internazionale. Che tu stia traslocando dalla Svizzera o da qualsiasi altra parte del mondo, la nostra esperienza e l&#8217;attenzione ai dettagli garantiscono che il tuo trasloco venga eseguito con precisione, cura e professionalit\u00e0.<\/p><p>Dogane e Documenti per il Trasloco negli Stati Uniti<br \/>Quando ci si trasferisce negli Stati Uniti, rispettare le normative doganali \u00e8 cruciale per un ingresso senza problemi. Blackbird Moving ti guida in ogni fase, dalla preparazione dei documenti necessari per prevenire ritardi o costi imprevisti.<\/p><h3>Documenti Necessari:<\/h3><p>Passaporto valido: Assicurati di avere un passaporto valido per almeno sei mesi per evitare problemi doganali. Visto o Documenti di Residenza: \u00c8 obbligatorio fornire documenti che dimostrano il tuo status di immigrazione, come la Green Card o il visto di lavoro. Modulo Doganale 3299: Questo modulo consente l&#8217;ingresso esente da dazi doganali per beni domestici idonei. Inventario della Spedizione: Un elenco dettagliato che descrive lo stato (nuovo o usato) e il valore degli oggetti spediti \u00e8 necessario per le procedure doganali.<\/p><p>Servizi di Imballaggio e Trasporto per Proteggere i Tuoi Beni<br \/>Blackbird Moving utilizza materiali di alta qualit\u00e0 e tecniche specializzate per proteggere ogni oggetto. Assicuriamo che tutti i tuoi beni, dai vestiti all&#8217;elettronica e ai mobili, arrivino negli Stati Uniti in perfette condizioni.<\/p><p>Trasporto Marittimo: Un&#8217;opzione economica per spedizioni grandi e non urgenti. Trasporto Aereo: Un&#8217;opzione veloce, ma pi\u00f9 costosa, ideale per oggetti urgenti. Servizi Locali: Facilitiamo l&#8217;installazione dei servizi essenziali come elettricit\u00e0, acqua e internet nel tuo nuovo domicilio.<\/p><h3>Perch\u00e9 Scegliere Blackbird Moving?<\/h3><p>Soluzioni Personalizzate: Ogni trasloco \u00e8 diverso, e offriamo piani su misura per le tue esigenze specifiche. Imballaggio Completo e Installazione: Offriamo servizi di imballaggio e sistemazione nel tuo nuovo domicilio con la massima attenzione alla sicurezza degli oggetti. Comunicazione Eccellente: Ti forniamo informazioni chiare e supporto continuo durante tutto il processo, per un&#8217;esperienza senza stress.<\/p>\t\t\t\t\t\t\t\t<\/div>\n\t\t\t\t<\/div>\n\t\t\t\t\t<\/div>\n\t\t\t\t<\/div>\n\t\t\t\t<\/div>\n\t\t","protected":false},"excerpt":{"rendered":"<p>Guida&nbsp;per&nbsp;il&nbsp;trasloco&nbsp;negli&nbsp;Stati&nbsp;Uniti:&nbsp;Gestisci&nbsp;facilmente&nbsp;il&nbsp;tuo&nbsp;trasloco Il tuo viaggio verso gli Stati Uniti inizia qui Trasferirsi negli Stati Uniti, che si tratti di una citt\u00e0 vivace come New York o Los Angeles, o di una vita pi\u00f9 tranquilla in un sobborgo, \u00e8 un&#8217;importante pietra miliare. La diversit\u00e0 degli Stati Uniti, la sua vasta geografia e le normative statali differenti possono [&hellip;]<\/p>\n","protected":false},"author":3,"featured_media":0,"parent":0,"menu_order":0,"comment_status":"closed","ping_status":"closed","template":"","meta":{"_acf_changed":false,"footnotes":""},"class_list":["post-5450","page","type-page","status-publish","hentry"],"acf":[],"_links":{"self":[{"href":"https:\/\/blackbird-moving.com\/it\/wp-json\/wp\/v2\/pages\/5450","targetHints":{"allow":["GET"]}}],"collection":[{"href":"https:\/\/blackbird-moving.com\/it\/wp-json\/wp\/v2\/pages"}],"about":[{"href":"https:\/\/blackbird-moving.com\/it\/wp-json\/wp\/v2\/types\/page"}],"author":[{"embeddable":true,"href":"https:\/\/blackbird-moving.com\/it\/wp-json\/wp\/v2\/users\/3"}],"replies":[{"embeddable":true,"href":"https:\/\/blackbird-moving.com\/it\/wp-json\/wp\/v2\/comments?post=5450"}],"version-history":[{"count":22,"href":"https:\/\/blackbird-moving.com\/it\/wp-json\/wp\/v2\/pages\/5450\/revisions"}],"predecessor-version":[{"id":8316,"href":"https:\/\/blackbird-moving.com\/it\/wp-json\/wp\/v2\/pages\/5450\/revisions\/8316"}],"wp:attachment":[{"href":"https:\/\/blackbird-moving.com\/it\/wp-json\/wp\/v2\/media?parent=5450"}],"curies":[{"name":"wp","href":"https:\/\/api.w.org\/{rel}","templated":true}]}}