{"id":5382,"date":"2023-11-21T09:51:39","date_gmt":"2023-11-21T06:51:39","guid":{"rendered":"https:\/\/blackbird-moving.com\/chi-siamo\/"},"modified":"2025-08-21T15:37:14","modified_gmt":"2025-08-21T12:37:14","slug":"chi-siamo","status":"publish","type":"page","link":"https:\/\/blackbird-moving.com\/it\/chi-siamo\/","title":{"rendered":"Chi Siamo"},"content":{"rendered":"\t\t<div data-elementor-type=\"wp-page\" data-elementor-id=\"5382\" class=\"elementor elementor-5382 elementor-914\" data-elementor-post-type=\"page\">\n\t\t\t\t<div class=\"elementor-element elementor-element-d398d9d e-flex e-con-boxed e-con e-parent\" data-id=\"d398d9d\" data-element_type=\"container\" data-settings=\"{&quot;background_background&quot;:&quot;classic&quot;}\">\n\t\t\t\t\t<div class=\"e-con-inner\">\n\t\t<div class=\"elementor-element elementor-element-9bd01c1 e-con-full e-flex e-con e-child\" data-id=\"9bd01c1\" data-element_type=\"container\">\n\t\t\t\t<div class=\"elementor-element elementor-element-ac0ef5c lqd-text-tag-h2 elementor-widget elementor-widget-lqd-text\" data-id=\"ac0ef5c\" data-element_type=\"widget\" data-widget_type=\"lqd-text.default\">\n\t\t\t\t<div class=\"elementor-widget-container\">\n\t\t\t\t\t<h2 class=\"lqd-text-el m-0 p-0\"><span class=\"lqd-text-item relative elementor-repeater-item-5e3578d\">Presentiamo Blackbird International Movers: Continuando l'eredit\u00e0 dell'eccellenza con Karakus.ch<\/span><\/h2>\t\t\t\t<\/div>\n\t\t\t\t<\/div>\n\t\t\t\t<div class=\"elementor-element elementor-element-bde9e71 lqd-text-tag-p elementor-widget elementor-widget-lqd-text\" data-id=\"bde9e71\" data-element_type=\"widget\" data-widget_type=\"lqd-text.default\">\n\t\t\t\t<div class=\"elementor-widget-container\">\n\t\t\t\t\t<p class=\"lqd-text-el m-0 p-0\"><span class=\"lqd-text-item relative elementor-repeater-item-5e3578d\">Blackbird International Movers, nata come estensione del nostro stimato patrimonio, \u00e8 orgogliosa di essere una filiale di Karakus.ch, un nome di fiducia in Svizzera e Italia con oltre 25 anni di esperienza nel settore. Forte dell'esperienza consolidata e dell'infaticabile impegno per l'eccellenza di Karakus.ch, Blackbird International Movers eredita una tradizione di servizio straordinario e soluzioni di trasloco senza interruzioni, supportata da un team esperto e dedicato. Unendo l'affidabilit\u00e0 e la soddisfazione del cliente, il nostro approccio condiviso combina l'eredit\u00e0 riconosciuta di Karakus.ch con una visione innovativa e obiettivi globali, permettendo ai nostri clienti di beneficiare della forza unificata delle nostre aziende.<\/span><\/p>\t\t\t\t<\/div>\n\t\t\t\t<\/div>\n\t\t\t\t<\/div>\n\t\t<div class=\"elementor-element elementor-element-f158ad5 e-con-full e-flex e-con e-child\" data-id=\"f158ad5\" data-element_type=\"container\">\n\t\t\t\t<div class=\"elementor-element elementor-element-2e20d27 elementor-widget elementor-widget-lqd-image\" data-id=\"2e20d27\" data-element_type=\"widget\" data-widget_type=\"lqd-image.default\">\n\t\t\t\t<div class=\"elementor-widget-container\">\n\t\t\t\t\t\n\t\t<figure class=\"inline-block relative align-middle overflow-hidden lqd-transform-perspective transition-colors\" data-lqd-look-at-mouse data-lqd-hover3d-el>\n\n\t\t\t\n\t\t\t\t\n\t\t\t\t<img loading=\"lazy\" decoding=\"async\" width=\"1080\" height=\"1080\" src=\"https:\/\/blackbird-moving.com\/wp-content\/uploads\/2024\/09\/Untitled-design-15.jpg\" class=\"attachment-full size-full wp-image-3451\" alt=\"\" srcset=\"https:\/\/blackbird-moving.com\/wp-content\/uploads\/2024\/09\/Untitled-design-15.jpg 1080w, https:\/\/blackbird-moving.com\/wp-content\/uploads\/2024\/09\/Untitled-design-15-300x300.jpg 300w, https:\/\/blackbird-moving.com\/wp-content\/uploads\/2024\/09\/Untitled-design-15-1024x1024.jpg 1024w, https:\/\/blackbird-moving.com\/wp-content\/uploads\/2024\/09\/Untitled-design-15-150x150.jpg 150w\" sizes=\"auto, (max-width: 1080px) 100vw, 1080px\" \/>\n\t\t\t\t\n\t\t\t\t\n\t\t\t\t\n\t\t\t\n\t\t\t\n\t\t<\/figure>\n\n\t\t\t\t\t\t<\/div>\n\t\t\t\t<\/div>\n\t\t\t\t<\/div>\n\t\t\t\t\t<\/div>\n\t\t\t\t<\/div>\n\t\t<div class=\"elementor-element elementor-element-5b973e5 e-flex e-con-boxed e-con e-parent\" data-id=\"5b973e5\" data-element_type=\"container\" data-settings=\"{&quot;background_background&quot;:&quot;classic&quot;}\">\n\t\t\t\t\t<div class=\"e-con-inner\">\n\t\t\t\t<div class=\"elementor-element elementor-element-96559c4 lqd-tabs-nav-align-v-center lqd-tabs-nav-items-align-h-center lqd-tabs-nav-placement-top lqd-tabs-nav-align-v-center lqd-tabs-nav-items-align-h-center lqd-tabs-nav-placement-top elementor-widget elementor-widget-lqd-tabs lqd-widget-container-flex w-full\" data-id=\"96559c4\" data-element_type=\"widget\" data-widget_type=\"lqd-tabs.default\">\n\t\t\t\t<div class=\"elementor-widget-container\">\n\t\t\t\t\t\t\t<nav class=\"lqd-tabs-nav flex grow-0 shrink-0 relative z-2\">\n\t\t\t\n\t\t\t<a class=\"lqd-tabs-trigger lqd-togglable-trigger lqd-widget-trigger flex basis-0 shrink bg-transparent transition-colors cursor-pointer items-center lqd-is-active elementor-repeater-item-7b6cf66\" href=\"#lqd-tabs-content-7b6cf66-7b6cf66\">\n\t\t\t\t\t<span class=\"lqd-tabs-trigger-content block grow pointer-events-none\">\t\t\t\t\t<span class=\"lqd-tabs-trigger-title block\">Il nostro team<\/span>\n\t\t\t\t<\/span>\n\t\t<\/a>\n\n\t\t\n\t\t\t<a class=\"lqd-tabs-trigger lqd-togglable-trigger lqd-widget-trigger flex basis-0 shrink bg-transparent transition-colors cursor-pointer items-center elementor-repeater-item-aa0052d\" href=\"#lqd-tabs-content-aa0052d-aa0052d\">\n\t\t\t\t\t<span class=\"lqd-tabs-trigger-content block grow pointer-events-none\">\t\t\t\t\t<span class=\"lqd-tabs-trigger-title block\">La nostra visione<\/span>\n\t\t\t\t<\/span>\n\t\t<\/a>\n\n\t\t\n\t\t\t<a class=\"lqd-tabs-trigger lqd-togglable-trigger lqd-widget-trigger flex basis-0 shrink bg-transparent transition-colors cursor-pointer items-center elementor-repeater-item-6f7e444\" href=\"#lqd-tabs-content-6f7e444-6f7e444\">\n\t\t\t\t\t<span class=\"lqd-tabs-trigger-content block grow pointer-events-none\">\t\t\t\t\t<span class=\"lqd-tabs-trigger-title block\">La nostra missione<\/span>\n\t\t\t\t<\/span>\n\t\t<\/a>\n\n\t\t\t\t<\/nav>\n\t\t\n\t\t<div class=\"lqd-tabs-content lqd-togglable-element elementor-repeater-item-7b6cf66 lqd-is-active\" id=\"lqd-tabs-content-7b6cf66-il-nostro-team\"><style>.elementor-5588 .elementor-element.elementor-element-2a0c530{--display:flex;--flex-direction:column;--container-widget-width:100%;--container-widget-height:initial;--container-widget-flex-grow:0;--container-widget-align-self:initial;--flex-wrap-mobile:wrap;}.elementor-5588 .elementor-element.elementor-element-a2045f0{text-align:center;}<\/style>\t\t<div data-elementor-type=\"container\" data-elementor-id=\"5588\" class=\"elementor elementor-5588 elementor-936\" data-elementor-post-type=\"elementor_library\">\n\t\t\t\t<div class=\"elementor-element elementor-element-2a0c530 e-flex e-con-boxed e-con e-parent\" data-id=\"2a0c530\" data-element_type=\"container\">\n\t\t\t\t\t<div class=\"e-con-inner\">\n\t\t\t\t<div class=\"elementor-element elementor-element-a2045f0 lqd-text-tag-p elementor-widget elementor-widget-lqd-text\" data-id=\"a2045f0\" data-element_type=\"widget\" data-widget_type=\"lqd-text.default\">\n\t\t\t\t<div class=\"elementor-widget-container\">\n\t\t\t\t\t<p class=\"lqd-text-el m-0 p-0\"><span class=\"lqd-text-item relative elementor-repeater-item-55e179c\">Il nostro team in Blackbird Moving costituisce il cuore e l'anima delle nostre operazioni. Composto da professionisti con anni di esperienza nel settore della logistica e dedizione al proprio lavoro, il nostro team lavora in perfetta armonia per garantire il successo di ogni spedizione. Dai nostri autisti ai rappresentanti del servizio clienti, ogni membro del nostro team \u00e8 impegnato a perseguire l'eccellenza e la soddisfazione del cliente.<\/span><\/p>\t\t\t\t<\/div>\n\t\t\t\t<\/div>\n\t\t\t\t\t<\/div>\n\t\t\t\t<\/div>\n\t\t\t\t<\/div>\n\t\t<\/div>\n\n\t\t\n\t\t<div class=\"lqd-tabs-content lqd-togglable-element elementor-repeater-item-aa0052d hidden\" id=\"lqd-tabs-content-aa0052d-la-nostra-visione\"><style>.elementor-5590 .elementor-element.elementor-element-199ec39d{--display:flex;--flex-direction:column;--container-widget-width:100%;--container-widget-height:initial;--container-widget-flex-grow:0;--container-widget-align-self:initial;--flex-wrap-mobile:wrap;}.elementor-5590 .elementor-element.elementor-element-8b5d392{text-align:center;}<\/style>\t\t<div data-elementor-type=\"container\" data-elementor-id=\"5590\" class=\"elementor elementor-5590 elementor-1104\" data-elementor-post-type=\"elementor_library\">\n\t\t\t\t<div class=\"elementor-element elementor-element-199ec39d e-flex e-con-boxed e-con e-parent\" data-id=\"199ec39d\" data-element_type=\"container\">\n\t\t\t\t\t<div class=\"e-con-inner\">\n\t\t\t\t<div class=\"elementor-element elementor-element-8b5d392 lqd-text-tag-p elementor-widget elementor-widget-lqd-text\" data-id=\"8b5d392\" data-element_type=\"widget\" data-widget_type=\"lqd-text.default\">\n\t\t\t\t<div class=\"elementor-widget-container\">\n\t\t\t\t\t<p class=\"lqd-text-el m-0 p-0\"><span class=\"lqd-text-item relative elementor-repeater-item-55e179c\">La nostra visione in Blackbird Moving \u00e8 ridefinire gli standard del trasporto internazionale. Puntiamo a diventare la scelta preferita per individui e aziende alla ricerca di soluzioni di trasporto affidabili, efficienti ed economiche. Utilizzando le ultime tecnologie e le migliori pratiche del settore, siamo costantemente impegnati a migliorare e innovare per offrire un servizio migliore ai nostri clienti e superare le loro aspettative.<\/span><\/p>\t\t\t\t<\/div>\n\t\t\t\t<\/div>\n\t\t\t\t\t<\/div>\n\t\t\t\t<\/div>\n\t\t\t\t<\/div>\n\t\t<\/div>\n\n\t\t\n\t\t<div class=\"lqd-tabs-content lqd-togglable-element elementor-repeater-item-6f7e444 hidden\" id=\"lqd-tabs-content-6f7e444-la-nostra-missione\"><style>.elementor-5592 .elementor-element.elementor-element-1265a3eb{--display:flex;--flex-direction:column;--container-widget-width:100%;--container-widget-height:initial;--container-widget-flex-grow:0;--container-widget-align-self:initial;--flex-wrap-mobile:wrap;}.elementor-5592 .elementor-element.elementor-element-685f0993{text-align:center;}<\/style>\t\t<div data-elementor-type=\"container\" data-elementor-id=\"5592\" class=\"elementor elementor-5592 elementor-1106\" data-elementor-post-type=\"elementor_library\">\n\t\t\t\t<div class=\"elementor-element elementor-element-1265a3eb e-flex e-con-boxed e-con e-parent\" data-id=\"1265a3eb\" data-element_type=\"container\">\n\t\t\t\t\t<div class=\"e-con-inner\">\n\t\t\t\t<div class=\"elementor-element elementor-element-685f0993 lqd-text-tag-p elementor-widget elementor-widget-lqd-text\" data-id=\"685f0993\" data-element_type=\"widget\" data-widget_type=\"lqd-text.default\">\n\t\t\t\t<div class=\"elementor-widget-container\">\n\t\t\t\t\t<p class=\"lqd-text-el m-0 p-0\"><span class=\"lqd-text-item relative elementor-repeater-item-55e179c\">La nostra missione \u00e8 semplificare il processo di trasloco e offrire ai nostri clienti una tranquillit\u00e0 senza pari. Attraverso un servizio personalizzato, attenzione ai dettagli e una dedizione instancabile alla qualit\u00e0, puntiamo a rendere ogni trasloco con Blackbird Moving un'esperienza fluida e senza stress. Che sia dall'altra parte della strada o dall'altra parte del mondo, puoi fidarti di noi per consegnare i tuoi beni in modo sicuro, protetto e puntuale.<\/span><\/p>\t\t\t\t<\/div>\n\t\t\t\t<\/div>\n\t\t\t\t\t<\/div>\n\t\t\t\t<\/div>\n\t\t\t\t<\/div>\n\t\t<\/div>\n\n\t\t\t\t\t\t\t<\/div>\n\t\t\t\t<\/div>\n\t\t<script>\n\t\twindow.liquid.behaviors.push( {\n\t\t\tdataId: \"96559c4\",\n\t\t\tbehaviors:[\n\t\t\t\t{behaviorName:'liquidToggle',options:{openedItem:0,toggleOffActiveItem:true,keepOneItemActive:true,changePropPrefix:'lqdTabsToggle-96559c4',ui:{togglableTriggers:'.lqd-tabs-trigger',togglableElements:'.lqd-tabs-content'}}},{behaviorName:'liquidEffectsDisplayToggle',options:{changePropPrefix:'lqdTabsToggle-96559c4'}},{behaviorName:'liquidEffectsFadeToggle',options:{changePropPrefix:'lqdTabsToggle-96559c4'}},\n\t\t\t]\n\t\t} );\n\t\t\n\t\t<\/script>\t\t\t<\/div>\n\t\t\t\t<\/div>\n\t\t<div class=\"elementor-element elementor-element-b44bee9 e-flex e-con-boxed e-con e-parent\" data-id=\"b44bee9\" data-element_type=\"container\" data-settings=\"{&quot;background_background&quot;:&quot;classic&quot;}\">\n\t\t\t\t\t<div class=\"e-con-inner\">\n\t\t<div class=\"elementor-element elementor-element-74618ea e-con-full e-flex e-con e-child\" data-id=\"74618ea\" data-element_type=\"container\">\n\t\t\t\t<div class=\"elementor-element elementor-element-99f09ea lqd-text-tag-h2 elementor-widget elementor-widget-lqd-text\" data-id=\"99f09ea\" data-element_type=\"widget\" data-widget_type=\"lqd-text.default\">\n\t\t\t\t<div class=\"elementor-widget-container\">\n\t\t\t\t\t<h2 class=\"lqd-text-el m-0 p-0\"><span class=\"lqd-text-item relative elementor-repeater-item-5e3578d\">Servizio professionale in ogni fase<\/span><\/h2>\t\t\t\t<\/div>\n\t\t\t\t<\/div>\n\t\t\t\t<div class=\"elementor-element elementor-element-ebfb109 lqd-text-tag-p elementor-widget elementor-widget-lqd-text\" data-id=\"ebfb109\" data-element_type=\"widget\" data-widget_type=\"lqd-text.default\">\n\t\t\t\t<div class=\"elementor-widget-container\">\n\t\t\t\t\t<p class=\"lqd-text-el m-0 p-0\"><span class=\"lqd-text-item relative elementor-repeater-item-5e3578d\">In Blackbird Moving, we know that every move is unique. From planning and packing to customs procedures and final delivery, our dedicated team is by your side throughout the entire process. By managing every detail meticulously, we offer a seamless and stress-free moving experience. With personalized solutions and our commitment to excellence, we execute your international move in the smoothest and most efficient way possible.<\/span><\/p>\t\t\t\t<\/div>\n\t\t\t\t<\/div>\n\t\t\t\t<div class=\"elementor-element elementor-element-1a40c0a elementor-widget elementor-widget-lqd-accordion lqd-accordion w-full\" data-id=\"1a40c0a\" data-element_type=\"widget\" data-widget_type=\"lqd-accordion.default\">\n\t\t\t\t<div class=\"elementor-widget-container\">\n\t\t\t\t\t\n\t\t<div class=\"lqd-accordion-item elementor-repeater-item-99f981c transition-colors lqd-is-active\">\n\t\t\t<h3 class=\"lqd-accordion-heading m-0 p-0\" tabindex=\"-1\">\n\t\t\t\t<a class=\"lqd-accordion-trigger lqd-togglable-trigger lqd-widget-trigger flex items-center w-full cursor-pointer transition-colors lqd-is-active\" href=\"#lqd-accordion-1a40c0a-content\" aria-expanded=\"true\" aria-controls=\"lqd-accordion-1a40c0a-content\" tabindex=\"0\">\n\t\t\t\t\t<span class=\"lqd-accordion-heading-txt pointer-events-none\">Come garantite la sicurezza dei miei beni durante il trasporto?<\/span>\n\t\t\t\t\t\t\t\t\t<\/a>\n\t\t\t<\/h3>\n\t\t\t<div class=\"lqd-accordion-content-wrap lqd-togglable-element lqd-is-active\" id=\"lqd-accordion-1a40c0a-content\">\n\t\t\t\t<div class=\"lqd-accordion-content\">\n\t\t\t\t\t<p>Come Blackbird Moving, mettiamo la sicurezza e la protezione dei tuoi beni al di sopra di tutto. Adottiamo tecniche di imballaggio all'avanguardia, utilizziamo materiali di alta qualit\u00e0 e prendiamo rigidi provvedimenti di controllo qualit\u00e0 per garantire che i tuoi beni siano protetti durante tutto il viaggio.<\/p>\t\t\t\t<\/div>\n\t\t\t<\/div>\n\t\t<\/div>\n\n\t\t\n\t\t<div class=\"lqd-accordion-item elementor-repeater-item-222fa37 transition-colors\">\n\t\t\t<h3 class=\"lqd-accordion-heading m-0 p-0\" tabindex=\"-1\">\n\t\t\t\t<a class=\"lqd-accordion-trigger lqd-togglable-trigger lqd-widget-trigger flex items-center w-full cursor-pointer transition-colors\" href=\"#lqd-accordion-1a40c0a-content\" aria-expanded=\"false\" aria-controls=\"lqd-accordion-1a40c0a-content\" tabindex=\"0\">\n\t\t\t\t\t<span class=\"lqd-accordion-heading-txt pointer-events-none\">Cosa distingue Blackbird Moving dalle altre compagnie di traslochi?<\/span>\n\t\t\t\t\t\t\t\t\t<\/a>\n\t\t\t<\/h3>\n\t\t\t<div class=\"lqd-accordion-content-wrap lqd-togglable-element hidden\" id=\"lqd-accordion-1a40c0a-content\">\n\t\t\t\t<div class=\"lqd-accordion-content\">\n\t\t\t\t\t<p>Ci\u00f2 che distingue Blackbird Moving \u00e8 il nostro impegno incrollabile per la professionalit\u00e0 e la soddisfazione del cliente. Combinando anni di esperienza con un approccio personalizzato, garantiamo che ogni cliente riceva soluzioni su misura e un servizio eccezionale. Lavorando con noi, potete aspettarvi affidabilit\u00e0, trasparenza e un'esperienza serena.<\/p>\t\t\t\t<\/div>\n\t\t\t<\/div>\n\t\t<\/div>\n\n\t\t\t\t\t\t<\/div>\n\t\t\t\t<\/div>\n\t\t<script>\n\t\twindow.liquid.behaviors.push( {\n\t\t\tdataId: \"1a40c0a\",\n\t\t\tbehaviors:[\n\t\t\t\t{behaviorName:'liquidToggle',options:{changePropPrefix:'lqdAccordionToggle-1a40c0a',openedItems:[0],parentToChangeClassname:'.lqd-accordion-item',toggleOffActiveItem:true,ui:{togglableTriggers:'.lqd-accordion-trigger',togglableElements:'.lqd-accordion-content-wrap'}}},{behaviorName:'liquidEffectsSlideToggle',options:{changePropPrefix:'lqdAccordionToggle-1a40c0a'}},\n\t\t\t]\n\t\t} );\n\t\t\n\t\t<\/script>\t\t<\/div>\n\t\t<div class=\"elementor-element elementor-element-5555d4f e-con-full e-flex e-con e-child\" data-id=\"5555d4f\" data-element_type=\"container\">\n\t\t\t\t<div class=\"elementor-element elementor-element-bab0f98 elementor-widget elementor-widget-lqd-image\" data-id=\"bab0f98\" data-element_type=\"widget\" data-widget_type=\"lqd-image.default\">\n\t\t\t\t<div class=\"elementor-widget-container\">\n\t\t\t\t\t\n\t\t<figure class=\"inline-block relative align-middle overflow-hidden lqd-transform-perspective transition-colors\" data-lqd-look-at-mouse data-lqd-hover3d-el>\n\n\t\t\t\n\t\t\t\t\n\t\t\t\t<img loading=\"lazy\" decoding=\"async\" width=\"1920\" height=\"2710\" src=\"https:\/\/blackbird-moving.com\/wp-content\/uploads\/2024\/11\/blackbirdk-moving-truck.jpg\" class=\"attachment-full size-full wp-image-4082\" alt=\"\" srcset=\"https:\/\/blackbird-moving.com\/wp-content\/uploads\/2024\/11\/blackbirdk-moving-truck.jpg 1920w, https:\/\/blackbird-moving.com\/wp-content\/uploads\/2024\/11\/blackbirdk-moving-truck-213x300.jpg 213w, https:\/\/blackbird-moving.com\/wp-content\/uploads\/2024\/11\/blackbirdk-moving-truck-725x1024.jpg 725w\" sizes=\"auto, (max-width: 1920px) 100vw, 1920px\" \/>\n\t\t\t\t\n\t\t\t\t\n\t\t\t\t\n\t\t\t\n\t\t\t\n\t\t<\/figure>\n\n\t\t\t\t\t\t<\/div>\n\t\t\t\t<\/div>\n\t\t\t\t<\/div>\n\t\t\t\t\t<\/div>\n\t\t\t\t<\/div>\n\t\t\t\t<\/div>\n\t\t","protected":false},"excerpt":{"rendered":"<p>Presentiamo Blackbird International Movers: Continuando l&#8217;eredit\u00e0 dell&#8217;eccellenza con Karakus.ch Blackbird International Movers, nata come estensione del nostro stimato patrimonio, \u00e8 orgogliosa di essere una filiale di Karakus.ch, un nome di fiducia in Svizzera e Italia con oltre 25 anni di esperienza nel settore. Forte dell&#8217;esperienza consolidata e dell&#8217;infaticabile impegno per l&#8217;eccellenza di Karakus.ch, Blackbird International [&hellip;]<\/p>\n","protected":false},"author":3,"featured_media":0,"parent":0,"menu_order":0,"comment_status":"closed","ping_status":"closed","template":"","meta":{"_acf_changed":false,"footnotes":""},"class_list":["post-5382","page","type-page","status-publish","hentry"],"acf":[],"_links":{"self":[{"href":"https:\/\/blackbird-moving.com\/it\/wp-json\/wp\/v2\/pages\/5382","targetHints":{"allow":["GET"]}}],"collection":[{"href":"https:\/\/blackbird-moving.com\/it\/wp-json\/wp\/v2\/pages"}],"about":[{"href":"https:\/\/blackbird-moving.com\/it\/wp-json\/wp\/v2\/types\/page"}],"author":[{"embeddable":true,"href":"https:\/\/blackbird-moving.com\/it\/wp-json\/wp\/v2\/users\/3"}],"replies":[{"embeddable":true,"href":"https:\/\/blackbird-moving.com\/it\/wp-json\/wp\/v2\/comments?post=5382"}],"version-history":[{"count":19,"href":"https:\/\/blackbird-moving.com\/it\/wp-json\/wp\/v2\/pages\/5382\/revisions"}],"predecessor-version":[{"id":8161,"href":"https:\/\/blackbird-moving.com\/it\/wp-json\/wp\/v2\/pages\/5382\/revisions\/8161"}],"wp:attachment":[{"href":"https:\/\/blackbird-moving.com\/it\/wp-json\/wp\/v2\/media?parent=5382"}],"curies":[{"name":"wp","href":"https:\/\/api.w.org\/{rel}","templated":true}]}}