{"id":5298,"date":"2024-11-08T18:52:28","date_gmt":"2024-11-08T15:52:28","guid":{"rendered":"https:\/\/blackbird-moving.com\/umzugsratgeber-fuer-die-vae-ein-reibungsloser-umzug-mit-blackbird-moving\/"},"modified":"2025-08-23T14:56:59","modified_gmt":"2025-08-23T11:56:59","slug":"umzugsratgeber-fuer-die-vae-ein-reibungsloser-umzug-mit-blackbird-moving","status":"publish","type":"page","link":"https:\/\/blackbird-moving.com\/de\/umzugsratgeber-fuer-die-vae-ein-reibungsloser-umzug-mit-blackbird-moving\/","title":{"rendered":"Umzugsratgeber f\u00fcr die VAE: Ein reibungsloser Umzug mit Blackbird Moving"},"content":{"rendered":"\t\t<div data-elementor-type=\"wp-page\" data-elementor-id=\"5298\" class=\"elementor elementor-5298 elementor-4060\" data-elementor-post-type=\"page\">\n\t\t\t\t<div data-lqd-color-scheme=\"dark\" class=\"elementor-element elementor-element-78c2f443 e-flex e-con-boxed e-con e-parent\" data-id=\"78c2f443\" data-element_type=\"container\" data-settings=\"{&quot;background_background&quot;:&quot;slideshow&quot;,&quot;background_slideshow_gallery&quot;:[{&quot;id&quot;:4062,&quot;url&quot;:&quot;https:\\\/\\\/blackbird-moving.com\\\/wp-content\\\/uploads\\\/2024\\\/11\\\/uaae.webp&quot;}],&quot;background_slideshow_slide_duration&quot;:2500,&quot;background_slideshow_ken_burns&quot;:&quot;yes&quot;,&quot;background_slideshow_loop&quot;:&quot;yes&quot;,&quot;background_slideshow_slide_transition&quot;:&quot;fade&quot;,&quot;background_slideshow_transition_duration&quot;:500,&quot;background_slideshow_ken_burns_zoom_direction&quot;:&quot;in&quot;}\">\n\t\t\t\t\t<div class=\"e-con-inner\">\n\t\t<div class=\"elementor-element elementor-element-11468c53 e-con-full e-flex e-con e-child\" data-id=\"11468c53\" data-element_type=\"container\">\n\t\t\t\t<div class=\"elementor-element elementor-element-60b9deda lqd-text-tag-h1 elementor-widget elementor-widget-lqd-text\" data-id=\"60b9deda\" data-element_type=\"widget\" data-widget_type=\"lqd-text.default\" data-lqd-has-inner-animatables=\"true\">\n\t\t\t\t<div class=\"elementor-widget-container\">\n\t\t\t\t\t<h1 class=\"lqd-text-el m-0 p-0\" data-lqd-split-text-el=\"1\" data-lqd-split-type=\"words\"><span class=\"lqd-text-item relative elementor-repeater-item-6b6ba9d\"><span class=\"lqd-split-text-words inline-flex bg-inherit relative\" data-lqd-inner-animatable-el>Umzugsratgeber<\/span>&nbsp;<span class=\"lqd-split-text-words inline-flex bg-inherit relative\" data-lqd-inner-animatable-el>f\u00fcr<\/span>&nbsp;<span class=\"lqd-split-text-words inline-flex bg-inherit relative\" data-lqd-inner-animatable-el>die<\/span>&nbsp;<span class=\"lqd-split-text-words inline-flex bg-inherit relative\" data-lqd-inner-animatable-el>VAE:<\/span>&nbsp;<span class=\"lqd-split-text-words inline-flex bg-inherit relative\" data-lqd-inner-animatable-el><\/span><\/span><span class=\"lqd-text-item relative elementor-repeater-item-6935af4\"><span class=\"lqd-split-text-words inline-flex bg-inherit relative\" data-lqd-inner-animatable-el>Ein<\/span>&nbsp;<span class=\"lqd-split-text-words inline-flex bg-inherit relative\" data-lqd-inner-animatable-el>reibungsloser<\/span>&nbsp;<span class=\"lqd-split-text-words inline-flex bg-inherit relative\" data-lqd-inner-animatable-el>Umzug<\/span>&nbsp;<span class=\"lqd-split-text-words inline-flex bg-inherit relative\" data-lqd-inner-animatable-el>mit<\/span>&nbsp;<span class=\"lqd-split-text-words inline-flex bg-inherit relative\" data-lqd-inner-animatable-el>Blackbird<\/span>&nbsp;<span class=\"lqd-split-text-words inline-flex bg-inherit relative\" data-lqd-inner-animatable-el>Moving<\/span><\/span><\/h1>\t\t\t\t<\/div>\n\t\t\t\t<\/div>\n\t\t<style>.elementor-element-60b9deda .lqd-split-text-words {\n   transform: translate3d(0px,120px,0px) scale(3, 3) rotateX(0deg) rotateY(0deg) rotateZ(0deg) skew(0deg, 0deg);\n   opacity: 0;\n}\n<\/style><script>\n\t\twindow.liquid.behaviors.push( {\n\t\t\tdataId: \"60b9deda\",\n\t\t\tbehaviors:[\n\t\t\t\t{behaviorName:'liquidSplitText',options:{splitDoneFromBackend:true,splitType:'words'}},{behaviorName:'liquidGetElementComputedStyles',options:{includeSelf:true,getRect:true,addGhosts:true}},{behaviorName:'liquidAnimations',options:{domain:'inview',trigger:'ghost',duration:0.65,ease:'expo.out',stagger:{each:0.065,from:'start'},delay:0,start:'top+=30px bottom',startElementOffset:0,startViewportOffset:0,animations:[{elements:'selfAnimatables',breakpointsKeyframes:{all:{keyframes:[{scaleX:1,scaleY:1,skewX:0,skewY:0,x:'0px',y:'0px',z:'0px',rotateX:0,rotateY:0,rotateZ:0,opacity:1}]}}}]}},\n\t\t\t]\n\t\t} );\n\t\t\n\t\t<\/script>\t\t<\/div>\n\t\t\t\t\t<\/div>\n\t\t\t\t<\/div>\n\t\t<div class=\"elementor-element elementor-element-b940aac e-flex e-con-boxed e-con e-parent\" data-id=\"b940aac\" data-element_type=\"container\">\n\t\t\t\t\t<div class=\"e-con-inner\">\n\t\t\t\t<div class=\"elementor-element elementor-element-24942fa elementor-widget elementor-widget-heading\" data-id=\"24942fa\" data-element_type=\"widget\" data-widget_type=\"heading.default\">\n\t\t\t\t<div class=\"elementor-widget-container\">\n\t\t\t\t\t<h2 class=\"elementor-heading-title elementor-size-default\">Umzugsratgeber f\u00fcr die VAE: Ein reibungsloser Umzug mit Blackbird Moving<\/h2>\t\t\t\t<\/div>\n\t\t\t\t<\/div>\n\t\t\t\t<div class=\"elementor-element elementor-element-450bdb3 elementor-widget elementor-widget-text-editor\" data-id=\"450bdb3\" data-element_type=\"widget\" data-widget_type=\"text-editor.default\">\n\t\t\t\t<div class=\"elementor-widget-container\">\n\t\t\t\t\t\t\t\t\t<p>Ein Umzug in die Vereinigten Arabischen Emirate (VAE) ist eine aufregende Reise, egal ob aus beruflichen Gr\u00fcnden, f\u00fcr die Familie oder f\u00fcr einen neuen Lebensstil. Ob in eine pulsierende Stadt wie Dubai oder in eine traditionellere Umgebung wie Abu Dhabi \u2013 ein erfolgreicher Umzug erfordert sorgf\u00e4ltige Planung, die Einhaltung von Zollbestimmungen und eine pr\u00e4zise Koordination.<\/p><p>Blackbird Moving ist auf internationale Umz\u00fcge spezialisiert und bietet umfassende, ma\u00dfgeschneiderte L\u00f6sungen. Wir verwalten jeden Schritt des Prozesses und machen Ihren Umzug in die VAE reibungslos, stressfrei und effizient. Dank unserer langj\u00e4hrigen Erfahrung im internationalen Transportwesen sch\u00fctzen wir Ihr Eigentum, optimieren den Ablauf und bieten Ihnen ein unvergleichliches Umzugserlebnis.<\/p><h3>Zollabfertigung und erforderliche Dokumente f\u00fcr den Umzug in die VAE<\/h3><p>Die Einhaltung der Zollbestimmungen ist entscheidend f\u00fcr einen problemlosen Umzug in die VAE. Eine sorgf\u00e4ltige Vorbereitung der erforderlichen Dokumente hilft, Verz\u00f6gerungen, unerwartete Kosten und rechtliche Komplikationen zu vermeiden. Blackbird Moving begleitet Sie durch jeden Schritt und stellt sicher, dass alle Formalit\u00e4ten im Voraus erledigt sind, sodass der Zollprozess reibungslos verl\u00e4uft.<\/p><h3>Erforderliche Dokumente f\u00fcr den Umzug in die VAE:<\/h3><p>G\u00fcltiger Reisepass: Ein aktueller Reisepass ist f\u00fcr die Identit\u00e4tspr\u00fcfung erforderlich.<br \/>Aufenthaltsvisum f\u00fcr die VAE: Eine g\u00fcltige Aufenthaltserlaubnis ist notwendig, um die Zollabfertigung abzuschlie\u00dfen.<br \/>Vollmacht: Ein schriftliches Dokument, das Blackbird Moving berechtigt, Zollformalit\u00e4ten in Ihrem Namen zu erledigen.<br \/>Inventarliste\/Packing List: Eine detaillierte Liste mit dem Zustand und Wert aller transportierten Gegenst\u00e4nde ist f\u00fcr die Zollabfertigung erforderlich.<br \/>Frachtbrief (Bill of Lading \u2013 B\/L): Dieses f\u00fcr die Freigabe Ihrer Sendung im Hafen erforderliche Dokument wird von Blackbird Moving professionell verwaltet.<br \/>Zollverfahren in den VAE<br \/>Zollfreie Einfuhr von gebrauchten pers\u00f6nlichen Gegenst\u00e4nden: In der Regel k\u00f6nnen pers\u00f6nliche Haushaltsgegenst\u00e4nde, die mindestens sechs Monate alt sind, zollfrei in die VAE eingef\u00fchrt werden. Neue Waren unterliegen einer 5 % Zollgeb\u00fchr auf den CIF-Wert (Kosten, Versicherung und Fracht) sowie der Mehrwertsteuer (VAT).<\/p><p>Physische Kontrolle: Die meisten Sendungen unterliegen einer physischen Inspektion oder R\u00f6ntgenkontrolle. Blackbird Moving stellt sicher, dass alle Gegenst\u00e4nde korrekt deklariert und gekennzeichnet sind, um Verz\u00f6gerungen zu vermeiden und eine reibungslose Zollabwicklung zu gew\u00e4hrleisten.<\/p><h3>Verbotene und eingeschr\u00e4nkte Waren:<\/h3><p>Die VAE haben strenge Vorschriften f\u00fcr den Import bestimmter Waren. Zu den verbotenen oder eingeschr\u00e4nkten Artikeln geh\u00f6ren:<\/p><p>Waffen: Schusswaffen, Munition und andere Waffen sind ohne spezielle Genehmigungen verboten.<br \/>Alkohol: Der Import von Alkohol ist f\u00fcr den pers\u00f6nlichen Gebrauch eingeschr\u00e4nkt, kann jedoch unter bestimmten Bedingungen lokal erworben werden.<br \/>Druckerzeugnisse und Medien: B\u00fccher, Publikationen oder Medieninhalte mit als anst\u00f6\u00dfig oder politisch sensibel geltenden Inhalten k\u00f6nnen Beschr\u00e4nkungen unterliegen.<br \/>Blackbird Moving bietet umfassende Beratung zu diesen Vorschriften, um sicherzustellen, dass Ihr Umzug vollst\u00e4ndig den Zollbestimmungen der VAE entspricht.<\/p><p>Sichere Verpackung und professionelles Transportmanagement<br \/>Die Sicherheit Ihrer G\u00fcter steht f\u00fcr uns an erster Stelle. Blackbird Moving verwendet hochwertige Verpackungsmaterialien und bew\u00e4hrte Techniken, um sicherzustellen, dass jeder Gegenstand sicher transportiert wird. Ob empfindliche Antiquit\u00e4ten oder gro\u00dfe M\u00f6belst\u00fccke \u2013 unsere spezialisierten Verpackungsdienste garantieren, dass Ihre Habseligkeiten in einwandfreiem Zustand in den VAE ankommen.<\/p><p>Flexible Transportoptionen f\u00fcr Ihren Umzug in die VAE<br \/>Jeder Umzug ist einzigartig. Blackbird Moving bietet verschiedene Transportl\u00f6sungen, die sich an unterschiedliche Zeitrahmen und Budgets anpassen. Ganz gleich, ob Sie Ihr gesamtes Zuhause oder nur einige wichtige Gegenst\u00e4nde transportieren \u2013 wir bieten die passende L\u00f6sung.<\/p><p>Seefracht: Eine kosteng\u00fcnstige L\u00f6sung f\u00fcr gr\u00f6\u00dfere Sendungen. Wir bieten Full Container Load (FCL) f\u00fcr gro\u00dfe Transporte und Less than Container Load (LCL) f\u00fcr kleinere Lieferungen an.<br \/>Luftfracht: Ideal f\u00fcr kleine, zeitkritische Sendungen. Diese Option ist teurer, aber perfekt f\u00fcr dringende Haushaltsgegenst\u00e4nde, Elektronik oder wichtige Dokumente.<br \/>Lokale Transporte in den VAE: Nach der Ankunft organisiert Blackbird Moving den Transport und die Lieferung direkt an Ihre Haust\u00fcr.<br \/>Lokale Dienstleistungen und Unterst\u00fctzung f\u00fcr Ihr neues Zuhause<br \/>Ein internationaler Umzug umfasst mehr als nur den Transport Ihrer Besitzt\u00fcmer. Blackbird Moving bietet zus\u00e4tzliche Dienstleistungen, um sicherzustellen, dass Ihr neues Zuhause sofort bezugsfertig ist.<\/p><p>Anschluss von Strom, Wasser und Internet<br \/>Haushaltsdienstleistungen und Wartung<br \/>Diese Services erleichtern Ihnen die Eingew\u00f6hnung und nehmen Ihnen den Stress der logistischen Organisation ab.<\/p><p>Einfacher Umzug von der Schweiz in die VAE mit Blackbird Moving<br \/>Mit einem starken Fundament in der Schweiz und jahrzehntelanger Erfahrung im internationalen Umzugsgesch\u00e4ft ist Blackbird Moving Ihr vertrauensw\u00fcrdiger Partner f\u00fcr den Umzug in die VAE. Unser tiefgehendes Verst\u00e4ndnis der Zollbestimmungen sowohl in der Schweiz als auch in den VAE gew\u00e4hrleistet einen reibungslosen Prozess von der ersten Planung bis zur endg\u00fcltigen Lieferung.<\/p><p>Ob Sie Ihr gesamtes Zuhause oder nur wertvolle Einzelst\u00fccke transportieren \u2013 wir bieten ma\u00dfgeschneiderte L\u00f6sungen f\u00fcr jede Situation.<\/p><p>Warum Blackbird Moving?<br \/>Individuelle Umzugsl\u00f6sungen: Jeder Umzug ist einzigartig. Wir erstellen ma\u00dfgeschneiderte Pl\u00e4ne, die Ihren Anforderungen entsprechen.<br \/>Experten f\u00fcr Verpackung und Transport: Unser Team verwendet die besten Techniken und Materialien, um Ihre Gegenst\u00e4nde sicher zu transportieren.<br \/>Exzellente Kommunikation und Unterst\u00fctzung: Wir legen Wert auf transparente Kommunikation und regelm\u00e4\u00dfige Updates, damit Sie stets \u00fcber den Stand Ihres Umzugs informiert sind.<br \/>Starten Sie Ihre Umzugsreise in die VAE mit Blackbird Moving<br \/>Mit Blackbird Moving w\u00e4hlen Sie einen reibungslosen, professionellen und stressfreien Umzugsservice. Unser umfassendes Dienstleistungsangebot, unser internationales Netzwerk und unsere Erfahrung mit Zollformalit\u00e4ten garantieren, dass Ihre Gegenst\u00e4nde sicher, termingerecht und mit gr\u00f6\u00dfter Sorgfalt transportiert werden.<\/p><p>Egal, ob Sie Ihr gesamtes Zuhause, wertvolle Besitzt\u00fcmer oder gesch\u00e4ftliche G\u00fcter transportieren m\u00f6chten \u2013 wir k\u00fcmmern uns um jedes Detail mit Fachwissen und Pr\u00e4zision.<\/p><p>Kontaktieren Sie uns noch heute, um mehr dar\u00fcber zu erfahren, wie wir Ihren Umzug in die VAE effizient und stressfrei gestalten k\u00f6nnen!<\/p>\t\t\t\t\t\t\t\t<\/div>\n\t\t\t\t<\/div>\n\t\t\t\t\t<\/div>\n\t\t\t\t<\/div>\n\t\t\t\t<\/div>\n\t\t","protected":false},"excerpt":{"rendered":"<p>Umzugsratgeber&nbsp;f\u00fcr&nbsp;die&nbsp;VAE:&nbsp;Ein&nbsp;reibungsloser&nbsp;Umzug&nbsp;mit&nbsp;Blackbird&nbsp;Moving Umzugsratgeber f\u00fcr die VAE: Ein reibungsloser Umzug mit Blackbird Moving Ein Umzug in die Vereinigten Arabischen Emirate (VAE) ist eine aufregende Reise, egal ob aus beruflichen Gr\u00fcnden, f\u00fcr die Familie oder f\u00fcr einen neuen Lebensstil. Ob in eine pulsierende Stadt wie Dubai oder in eine traditionellere Umgebung wie Abu Dhabi \u2013 ein erfolgreicher Umzug [&hellip;]<\/p>\n","protected":false},"author":3,"featured_media":0,"parent":0,"menu_order":0,"comment_status":"closed","ping_status":"closed","template":"","meta":{"_acf_changed":false,"footnotes":""},"class_list":["post-5298","page","type-page","status-publish","hentry"],"acf":[],"_links":{"self":[{"href":"https:\/\/blackbird-moving.com\/de\/wp-json\/wp\/v2\/pages\/5298","targetHints":{"allow":["GET"]}}],"collection":[{"href":"https:\/\/blackbird-moving.com\/de\/wp-json\/wp\/v2\/pages"}],"about":[{"href":"https:\/\/blackbird-moving.com\/de\/wp-json\/wp\/v2\/types\/page"}],"author":[{"embeddable":true,"href":"https:\/\/blackbird-moving.com\/de\/wp-json\/wp\/v2\/users\/3"}],"replies":[{"embeddable":true,"href":"https:\/\/blackbird-moving.com\/de\/wp-json\/wp\/v2\/comments?post=5298"}],"version-history":[{"count":10,"href":"https:\/\/blackbird-moving.com\/de\/wp-json\/wp\/v2\/pages\/5298\/revisions"}],"predecessor-version":[{"id":8482,"href":"https:\/\/blackbird-moving.com\/de\/wp-json\/wp\/v2\/pages\/5298\/revisions\/8482"}],"wp:attachment":[{"href":"https:\/\/blackbird-moving.com\/de\/wp-json\/wp\/v2\/media?parent=5298"}],"curies":[{"name":"wp","href":"https:\/\/api.w.org\/{rel}","templated":true}]}}