{"id":5293,"date":"2024-11-08T17:11:23","date_gmt":"2024-11-08T14:11:23","guid":{"rendered":"https:\/\/blackbird-moving.com\/umzugsratgeber-fuer-dubai-ein-reibungsloser-umzug-mit-blackbird-moving\/"},"modified":"2025-08-22T16:56:40","modified_gmt":"2025-08-22T13:56:40","slug":"umzugsratgeber-fuer-dubai-ein-reibungsloser-umzug-mit-blackbird-moving","status":"publish","type":"page","link":"https:\/\/blackbird-moving.com\/de\/umzugsratgeber-fuer-dubai-ein-reibungsloser-umzug-mit-blackbird-moving\/","title":{"rendered":"Umzugsratgeber f\u00fcr Dubai: Ein reibungsloser Umzug mit Blackbird Moving"},"content":{"rendered":"\t\t<div data-elementor-type=\"wp-page\" data-elementor-id=\"5293\" class=\"elementor elementor-5293 elementor-4028\" data-elementor-post-type=\"page\">\n\t\t\t\t<div data-lqd-color-scheme=\"dark\" class=\"elementor-element elementor-element-78c2f443 e-flex e-con-boxed e-con e-parent\" data-id=\"78c2f443\" data-element_type=\"container\" data-settings=\"{&quot;background_background&quot;:&quot;slideshow&quot;,&quot;background_slideshow_gallery&quot;:[{&quot;id&quot;:4036,&quot;url&quot;:&quot;https:\\\/\\\/blackbird-moving.com\\\/wp-content\\\/uploads\\\/2024\\\/11\\\/david-rodrigo-Fr6zexbmjmc-unsplash.jpg&quot;}],&quot;background_slideshow_slide_duration&quot;:2500,&quot;background_slideshow_ken_burns&quot;:&quot;yes&quot;,&quot;background_slideshow_loop&quot;:&quot;yes&quot;,&quot;background_slideshow_slide_transition&quot;:&quot;fade&quot;,&quot;background_slideshow_transition_duration&quot;:500,&quot;background_slideshow_ken_burns_zoom_direction&quot;:&quot;in&quot;}\">\n\t\t\t\t\t<div class=\"e-con-inner\">\n\t\t<div class=\"elementor-element elementor-element-11468c53 e-con-full e-flex e-con e-child\" data-id=\"11468c53\" data-element_type=\"container\">\n\t\t\t\t<div class=\"elementor-element elementor-element-60b9deda lqd-text-tag-h1 elementor-widget elementor-widget-lqd-text\" data-id=\"60b9deda\" data-element_type=\"widget\" data-widget_type=\"lqd-text.default\" data-lqd-has-inner-animatables=\"true\">\n\t\t\t\t<div class=\"elementor-widget-container\">\n\t\t\t\t\t<h1 class=\"lqd-text-el m-0 p-0\" data-lqd-split-text-el=\"1\" data-lqd-split-type=\"words\"><span class=\"lqd-text-item relative elementor-repeater-item-6b6ba9d\"><span class=\"lqd-split-text-words inline-flex bg-inherit relative\" data-lqd-inner-animatable-el>Umzugsratgeber<\/span>&nbsp;<span class=\"lqd-split-text-words inline-flex bg-inherit relative\" data-lqd-inner-animatable-el>f\u00fcr<\/span>&nbsp;<span class=\"lqd-split-text-words inline-flex bg-inherit relative\" data-lqd-inner-animatable-el>Dubai:<\/span>&nbsp;<span class=\"lqd-split-text-words inline-flex bg-inherit relative\" data-lqd-inner-animatable-el><\/span><\/span><span class=\"lqd-text-item relative elementor-repeater-item-6935af4\"><span class=\"lqd-split-text-words inline-flex bg-inherit relative\" data-lqd-inner-animatable-el>Ein<\/span>&nbsp;<span class=\"lqd-split-text-words inline-flex bg-inherit relative\" data-lqd-inner-animatable-el>reibungsloser<\/span>&nbsp;<span class=\"lqd-split-text-words inline-flex bg-inherit relative\" data-lqd-inner-animatable-el>Umzug<\/span>&nbsp;<span class=\"lqd-split-text-words inline-flex bg-inherit relative\" data-lqd-inner-animatable-el>mit<\/span>&nbsp;<span class=\"lqd-split-text-words inline-flex bg-inherit relative\" data-lqd-inner-animatable-el>Blackbird<\/span>&nbsp;<span class=\"lqd-split-text-words inline-flex bg-inherit relative\" data-lqd-inner-animatable-el>Moving<\/span><\/span><\/h1>\t\t\t\t<\/div>\n\t\t\t\t<\/div>\n\t\t<style>.elementor-element-60b9deda .lqd-split-text-words {\n   transform: translate3d(0px,120px,0px) scale(3, 3) rotateX(0deg) rotateY(0deg) rotateZ(0deg) skew(0deg, 0deg);\n   opacity: 0;\n}\n<\/style><script>\n\t\twindow.liquid.behaviors.push( {\n\t\t\tdataId: \"60b9deda\",\n\t\t\tbehaviors:[\n\t\t\t\t{behaviorName:'liquidSplitText',options:{splitDoneFromBackend:true,splitType:'words'}},{behaviorName:'liquidGetElementComputedStyles',options:{includeSelf:true,getRect:true,addGhosts:true}},{behaviorName:'liquidAnimations',options:{domain:'inview',trigger:'ghost',duration:0.65,ease:'expo.out',stagger:{each:0.065,from:'start'},delay:0,start:'top+=30px bottom',startElementOffset:0,startViewportOffset:0,animations:[{elements:'selfAnimatables',breakpointsKeyframes:{all:{keyframes:[{scaleX:1,scaleY:1,skewX:0,skewY:0,x:'0px',y:'0px',z:'0px',rotateX:0,rotateY:0,rotateZ:0,opacity:1}]}}}]}},\n\t\t\t]\n\t\t} );\n\t\t\n\t\t<\/script>\t\t<\/div>\n\t\t\t\t\t<\/div>\n\t\t\t\t<\/div>\n\t\t<div class=\"elementor-element elementor-element-b940aac e-flex e-con-boxed e-con e-parent\" data-id=\"b940aac\" data-element_type=\"container\">\n\t\t\t\t\t<div class=\"e-con-inner\">\n\t\t\t\t<div class=\"elementor-element elementor-element-60213c4 elementor-widget elementor-widget-heading\" data-id=\"60213c4\" data-element_type=\"widget\" data-widget_type=\"heading.default\">\n\t\t\t\t<div class=\"elementor-widget-container\">\n\t\t\t\t\t<h2 class=\"elementor-heading-title elementor-size-default\">Eine reibungslose Umzugsreise nach Dubai<\/h2>\t\t\t\t<\/div>\n\t\t\t\t<\/div>\n\t\t\t\t<div class=\"elementor-element elementor-element-450bdb3 elementor-widget elementor-widget-text-editor\" data-id=\"450bdb3\" data-element_type=\"widget\" data-widget_type=\"text-editor.default\">\n\t\t\t\t<div class=\"elementor-widget-container\">\n\t\t\t\t\t\t\t\t\t<p>Ein Umzug nach Dubai bietet die M\u00f6glichkeit, in einer der modernsten, dynamischsten und kosmopolitischsten St\u00e4dte der Welt zu leben. Ob aus beruflichen Gr\u00fcnden, f\u00fcr die Familie oder um einen neuen Lebensstil zu erleben \u2013 Dubai vereint futuristische Stadtlandschaften mit einem reichen kulturellen Erbe. Doch der Umzug in diese schnelllebige und vielf\u00e4ltige Umgebung erfordert sorgf\u00e4ltige Planung und Pr\u00e4zision, um sicherzustellen, dass jeder Schritt reibungslos verl\u00e4uft.<\/p><p>Individuelle Umzugsl\u00f6sungen mit Blackbird Moving<br \/>Blackbird Moving ist auf internationale Umz\u00fcge spezialisiert und bietet umfassende, ma\u00dfgeschneiderte L\u00f6sungen. Egal, ob Sie aus der Schweiz oder einem anderen Teil der Welt umziehen \u2013 unser Fachwissen und unsere Liebe zum Detail gew\u00e4hrleisten, dass Ihr Umzug mit h\u00f6chster Sorgfalt, Pr\u00e4zision und Professionalit\u00e4t durchgef\u00fchrt wird.<\/p><p>Zollabfertigung und Dokumente f\u00fcr den Umzug nach Dubai<br \/>Die Einhaltung der Zollbestimmungen ist entscheidend f\u00fcr eine reibungslose Einreise nach Dubai. Blackbird Moving begleitet Sie bei jedem Schritt \u2013 von der Vorbereitung der erforderlichen Dokumente bis zur Vermeidung von Verz\u00f6gerungen oder unerwarteten Kosten.<\/p><h3>Erforderliche Dokumente f\u00fcr den Umzug nach Dubai:<\/h3><p>G\u00fcltiger Reisepass: Er muss mindestens sechs Monate \u00fcber das Einreisedatum hinaus g\u00fcltig sein.<br \/>Aufenthaltsvisum f\u00fcr die VAE: Ein g\u00fcltiges Aufenthaltsvisum ist erforderlich, um die Zollabfertigung abzuschlie\u00dfen. Ohne dieses wird die Sendung nicht freigegeben.<br \/>Vollmacht: Ein schriftliches Genehmigungsdokument, das Blackbird Moving erm\u00e4chtigt, Zollformalit\u00e4ten in Ihrem Namen durchzuf\u00fchren.<br \/>Inventar-\/Verpackungsliste: Eine detaillierte Liste aller transportierten Gegenst\u00e4nde mit Angabe ihres Zustands (neu oder gebraucht) und ihres Wertes.<br \/>Frachtbrief (B\/L): Ein von Blackbird Moving verwaltetes, entscheidendes Dokument zur Freigabe Ihrer Sendung aus dem Hafen.<br \/>Zollabfertigung in Dubai<br \/>Das Zollverfahren in Dubai unterliegt speziellen Vorschriften. Das Verst\u00e4ndnis dieser Bestimmungen spart Zeit, Geld und minimiert den Stress.<\/p><p>Zollbefreiung f\u00fcr pers\u00f6nliche Gegenst\u00e4nde:<br \/>Gebrauchte pers\u00f6nliche Gegenst\u00e4nde und Haushaltswaren, die mindestens sechs Monate alt sind, k\u00f6nnen zollfrei nach Dubai eingef\u00fchrt werden. Neue Waren unterliegen jedoch einer 5 % Zollgeb\u00fchr auf den CIF-Wert (Kosten, Versicherung und Fracht) sowie der Mehrwertsteuer.<\/p><p>Physische Inspektion:<br \/>Alle nach Dubai eintreffenden Sendungen werden einer physischen Inspektion oder einem R\u00f6ntgenscan unterzogen. Blackbird Moving stellt sicher, dass alle Gegenst\u00e4nde korrekt dokumentiert und etikettiert sind, um Verz\u00f6gerungen zu vermeiden und den Zollprozess reibungslos abzuwickeln.<\/p><p>Verbotene und eingeschr\u00e4nkte Gegenst\u00e4nde:<br \/>Die VAE haben strenge Vorschriften dar\u00fcber, welche Artikel importiert werden d\u00fcrfen. Zu den verbotenen Artikeln geh\u00f6ren:<\/p><p>Waffen: Schusswaffen, Munition und andere Waffen d\u00fcrfen ohne Sondergenehmigung nicht eingef\u00fchrt werden.<br \/>Alkohol: Alkoholische Getr\u00e4nke unterliegen strengen Einfuhrbeschr\u00e4nkungen und d\u00fcrfen nur unter bestimmten Bedingungen lokal erworben werden.<br \/>Druckerzeugnisse und Medien: B\u00fccher, Publikationen und Medieninhalte k\u00f6nnen verboten oder eingeschr\u00e4nkt sein, wenn sie als politisch sensibel oder anst\u00f6\u00dfig gelten.<br \/>Blackbird Moving bietet eine umfassende Beratung zu eingeschr\u00e4nkten oder verbotenen Waren, damit Ihr Umzug vollst\u00e4ndig mit den Zollvorschriften der VAE konform ist und reibungslos verl\u00e4uft.<\/p><p>Professionelle Verpackungs- und Transportdienste f\u00fcr Ihren Umzug nach Dubai<br \/>Ein internationaler Umzug erfordert durchdachte Planung und hochwertige Verpackungsmaterialien. Blackbird Moving stellt sicher, dass alle Ihre Gegenst\u00e4nde sicher in Dubai ankommen.<\/p><p>Kleiderkartons: Spezielle Kartons sorgen f\u00fcr den sicheren Transport Ihrer Kleidung, damit diese knitterfrei und sofort tragbar ankommt.<br \/>Spezialverpackung f\u00fcr Elektronik und empfindliche Gegenst\u00e4nde: Antistatische Materialien und ma\u00dfgeschneiderte Kartons sch\u00fctzen empfindliche Ger\u00e4te. F\u00fcr Kunstwerke, Spiegel oder Sammlerst\u00fccke bieten wir ebenfalls spezielle L\u00f6sungen.<br \/>M\u00f6beldemontage und -montage: Gro\u00dfe M\u00f6belst\u00fccke wie Betten, Schr\u00e4nke und Tische werden fachgerecht zerlegt, verpackt und am Zielort wieder montiert.<br \/>Transportoptionen f\u00fcr Ihren Umzug nach Dubai<br \/>Jeder Umzug ist einzigartig, daher bietet Blackbird Moving flexible Transportm\u00f6glichkeiten, die Ihren Anforderungen und Ihrem Budget entsprechen.<\/p><p>Seefracht: Eine kosteneffiziente Option f\u00fcr gr\u00f6\u00dfere Sendungen. Mit Full Container Load (FCL) und Less than Container Load (LCL) bieten wir sowohl Sicherheit als auch Kosteneffizienz.<br \/>Luftfracht: Ideal f\u00fcr kleinere oder zeitkritische Sendungen. Diese Option ist teurer, bietet jedoch eine schnelle Lieferung f\u00fcr dringende Haushaltsgegenst\u00e4nde, Elektronik oder wichtige Dokumente.<br \/>Lokale Transporte in Dubai: Nach der Ankunft in Dubai organisiert Blackbird Moving den lokalen Transport und die Lieferung bis zur Haust\u00fcr.<br \/>Lokale Dienstleistungen und Unterst\u00fctzung f\u00fcr Ihr neues Zuhause<br \/>Ein Umzug nach Dubai umfasst mehr als nur den Transport von Kartons. Blackbird Moving bietet zus\u00e4tzliche lokale Dienstleistungen, um sicherzustellen, dass Ihr neues Zuhause sofort bezugsfertig ist. Dazu geh\u00f6ren:<\/p><p>Anschluss von Strom, Wasser und Internet<br \/>Haushaltsdienstleistungen und Wartung<br \/>Mit diesen zus\u00e4tzlichen Services erleichtern wir Ihnen den Start in Ihr neues Leben in Dubai und minimieren den organisatorischen Aufwand.<\/p><p>Einfacher Umzug von der Schweiz nach Dubai mit Blackbird Moving<br \/>Mit einem starken Fundament in der Schweiz und jahrelanger Erfahrung im internationalen Umzugssektor ist Blackbird Moving Ihr vertrauensw\u00fcrdiger Partner f\u00fcr internationale Umz\u00fcge in die VAE. Unser fundiertes Wissen \u00fcber die Zollbestimmungen sowohl in der Schweiz als auch in Dubai gew\u00e4hrleistet einen reibungslosen Ablauf von der Planung bis zur Endlieferung.<\/p><p>Ob Sie Ihr gesamtes Zuhause oder nur wenige wertvolle Gegenst\u00e4nde transportieren m\u00f6chten \u2013 wir bieten ma\u00dfgeschneiderte L\u00f6sungen f\u00fcr jede Anforderung.<\/p><p>Warum Blackbird Moving?<br \/>Individuelle Umzugsl\u00f6sungen: Jeder Umzug ist einzigartig. Wir bieten ma\u00dfgeschneiderte Services, um Ihren Umzug so reibungslos und effizient wie m\u00f6glich zu gestalten.<br \/>Fachgerechte Verpackung und Transport: Unser Team verpackt und transportiert mit h\u00f6chster Pr\u00e4zision und Sorgfalt, von Elektronik \u00fcber M\u00f6bel bis hin zu wertvollen Kunstwerken.<br \/>Exzellente Kommunikation und Echtzeit-Support: Wir legen gro\u00dfen Wert auf transparente Kommunikation und einen zuverl\u00e4ssigen Kundensupport. Unser Team h\u00e4lt Sie regelm\u00e4\u00dfig auf dem Laufenden und steht Ihnen f\u00fcr alle Fragen zur Verf\u00fcgung.<br \/>Starten Sie Ihre Umzugsreise nach Dubai mit Blackbird Moving<br \/>Mit Blackbird Moving entscheiden Sie sich f\u00fcr einen reibungslosen und professionell organisierten Umzug. Unser umfassender Service, unser globales Netzwerk und unser Engagement f\u00fcr h\u00f6chste Qualit\u00e4t garantieren, dass Ihre Gegenst\u00e4nde sicher, termingerecht und mit gr\u00f6\u00dfter Sorgfalt geliefert werden.<\/p><p>Egal, ob Sie Ihr gesamtes Zuhause, wertvolle Besitzt\u00fcmer oder gesch\u00e4ftliche G\u00fcter transportieren m\u00f6chten \u2013 wir k\u00fcmmern uns um jedes Detail mit Fachwissen und Pr\u00e4zision.<\/p><p>Kontaktieren Sie uns noch heute, um mehr dar\u00fcber zu erfahren, wie wir Ihren Umzug nach Dubai stressfrei und effizient gestalten k\u00f6nnen!<\/p>\t\t\t\t\t\t\t\t<\/div>\n\t\t\t\t<\/div>\n\t\t\t\t\t<\/div>\n\t\t\t\t<\/div>\n\t\t\t\t<\/div>\n\t\t","protected":false},"excerpt":{"rendered":"<p>Umzugsratgeber&nbsp;f\u00fcr&nbsp;Dubai:&nbsp;Ein&nbsp;reibungsloser&nbsp;Umzug&nbsp;mit&nbsp;Blackbird&nbsp;Moving Eine reibungslose Umzugsreise nach Dubai Ein Umzug nach Dubai bietet die M\u00f6glichkeit, in einer der modernsten, dynamischsten und kosmopolitischsten St\u00e4dte der Welt zu leben. Ob aus beruflichen Gr\u00fcnden, f\u00fcr die Familie oder um einen neuen Lebensstil zu erleben \u2013 Dubai vereint futuristische Stadtlandschaften mit einem reichen kulturellen Erbe. Doch der Umzug in diese schnelllebige [&hellip;]<\/p>\n","protected":false},"author":3,"featured_media":0,"parent":0,"menu_order":0,"comment_status":"closed","ping_status":"closed","template":"","meta":{"_acf_changed":false,"footnotes":""},"class_list":["post-5293","page","type-page","status-publish","hentry"],"acf":[],"_links":{"self":[{"href":"https:\/\/blackbird-moving.com\/de\/wp-json\/wp\/v2\/pages\/5293","targetHints":{"allow":["GET"]}}],"collection":[{"href":"https:\/\/blackbird-moving.com\/de\/wp-json\/wp\/v2\/pages"}],"about":[{"href":"https:\/\/blackbird-moving.com\/de\/wp-json\/wp\/v2\/types\/page"}],"author":[{"embeddable":true,"href":"https:\/\/blackbird-moving.com\/de\/wp-json\/wp\/v2\/users\/3"}],"replies":[{"embeddable":true,"href":"https:\/\/blackbird-moving.com\/de\/wp-json\/wp\/v2\/comments?post=5293"}],"version-history":[{"count":16,"href":"https:\/\/blackbird-moving.com\/de\/wp-json\/wp\/v2\/pages\/5293\/revisions"}],"predecessor-version":[{"id":8324,"href":"https:\/\/blackbird-moving.com\/de\/wp-json\/wp\/v2\/pages\/5293\/revisions\/8324"}],"wp:attachment":[{"href":"https:\/\/blackbird-moving.com\/de\/wp-json\/wp\/v2\/media?parent=5293"}],"curies":[{"name":"wp","href":"https:\/\/api.w.org\/{rel}","templated":true}]}}