{"id":5288,"date":"2024-11-08T18:42:06","date_gmt":"2024-11-08T15:42:06","guid":{"rendered":"https:\/\/blackbird-moving.com\/umzugsratgeber-fuer-die-usa-organisieren-sie-ihren-umzug-muehelos\/"},"modified":"2025-08-22T16:55:42","modified_gmt":"2025-08-22T13:55:42","slug":"umzugsratgeber-fuer-die-usa-organisieren-sie-ihren-umzug-muehelos","status":"publish","type":"page","link":"https:\/\/blackbird-moving.com\/de\/umzugsratgeber-fuer-die-usa-organisieren-sie-ihren-umzug-muehelos\/","title":{"rendered":"Umzugsratgeber f\u00fcr die USA: Organisieren Sie Ihren Umzug m\u00fchelos"},"content":{"rendered":"\t\t<div data-elementor-type=\"wp-page\" data-elementor-id=\"5288\" class=\"elementor elementor-5288 elementor-4046\" data-elementor-post-type=\"page\">\n\t\t\t\t<div data-lqd-color-scheme=\"dark\" class=\"elementor-element elementor-element-78c2f443 e-flex e-con-boxed e-con e-parent\" data-id=\"78c2f443\" data-element_type=\"container\" data-settings=\"{&quot;background_background&quot;:&quot;slideshow&quot;,&quot;background_slideshow_gallery&quot;:[{&quot;id&quot;:4050,&quot;url&quot;:&quot;https:\\\/\\\/blackbird-moving.com\\\/wp-content\\\/uploads\\\/2024\\\/11\\\/USA2.jpg&quot;}],&quot;background_slideshow_slide_duration&quot;:2500,&quot;background_slideshow_ken_burns&quot;:&quot;yes&quot;,&quot;background_slideshow_loop&quot;:&quot;yes&quot;,&quot;background_slideshow_slide_transition&quot;:&quot;fade&quot;,&quot;background_slideshow_transition_duration&quot;:500,&quot;background_slideshow_ken_burns_zoom_direction&quot;:&quot;in&quot;}\">\n\t\t\t\t\t<div class=\"e-con-inner\">\n\t\t<div class=\"elementor-element elementor-element-11468c53 e-con-full e-flex e-con e-child\" data-id=\"11468c53\" data-element_type=\"container\">\n\t\t\t\t<div class=\"elementor-element elementor-element-60b9deda lqd-text-tag-h1 elementor-widget elementor-widget-lqd-text\" data-id=\"60b9deda\" data-element_type=\"widget\" data-widget_type=\"lqd-text.default\" data-lqd-has-inner-animatables=\"true\">\n\t\t\t\t<div class=\"elementor-widget-container\">\n\t\t\t\t\t<h1 class=\"lqd-text-el m-0 p-0\" data-lqd-split-text-el=\"1\" data-lqd-split-type=\"words\"><span class=\"lqd-text-item relative elementor-repeater-item-6b6ba9d\"><span class=\"lqd-split-text-words inline-flex bg-inherit relative\" data-lqd-inner-animatable-el>Umzugsratgeber<\/span>&nbsp;<span class=\"lqd-split-text-words inline-flex bg-inherit relative\" data-lqd-inner-animatable-el>f\u00fcr<\/span>&nbsp;<span class=\"lqd-split-text-words inline-flex bg-inherit relative\" data-lqd-inner-animatable-el>die<\/span>&nbsp;<span class=\"lqd-split-text-words inline-flex bg-inherit relative\" data-lqd-inner-animatable-el>USA:<\/span>&nbsp;<span class=\"lqd-split-text-words inline-flex bg-inherit relative\" data-lqd-inner-animatable-el><\/span><\/span><span class=\"lqd-text-item relative elementor-repeater-item-6935af4\"><span class=\"lqd-split-text-words inline-flex bg-inherit relative\" data-lqd-inner-animatable-el>Organisieren<\/span>&nbsp;<span class=\"lqd-split-text-words inline-flex bg-inherit relative\" data-lqd-inner-animatable-el>Sie<\/span>&nbsp;<span class=\"lqd-split-text-words inline-flex bg-inherit relative\" data-lqd-inner-animatable-el>Ihren<\/span>&nbsp;<span class=\"lqd-split-text-words inline-flex bg-inherit relative\" data-lqd-inner-animatable-el>Umzug<\/span>&nbsp;<span class=\"lqd-split-text-words inline-flex bg-inherit relative\" data-lqd-inner-animatable-el>m\u00fchelos<\/span><\/span><\/h1>\t\t\t\t<\/div>\n\t\t\t\t<\/div>\n\t\t<style>.elementor-element-60b9deda .lqd-split-text-words {\n   transform: translate3d(0px,120px,0px) scale(3, 3) rotateX(0deg) rotateY(0deg) rotateZ(0deg) skew(0deg, 0deg);\n   opacity: 0;\n}\n<\/style><script>\n\t\twindow.liquid.behaviors.push( {\n\t\t\tdataId: \"60b9deda\",\n\t\t\tbehaviors:[\n\t\t\t\t{behaviorName:'liquidSplitText',options:{splitDoneFromBackend:true,splitType:'words'}},{behaviorName:'liquidGetElementComputedStyles',options:{includeSelf:true,getRect:true,addGhosts:true}},{behaviorName:'liquidAnimations',options:{domain:'inview',trigger:'ghost',duration:0.65,ease:'expo.out',stagger:{each:0.065,from:'start'},delay:0,start:'top+=30px bottom',startElementOffset:0,startViewportOffset:0,animations:[{elements:'selfAnimatables',breakpointsKeyframes:{all:{keyframes:[{scaleX:1,scaleY:1,skewX:0,skewY:0,x:'0px',y:'0px',z:'0px',rotateX:0,rotateY:0,rotateZ:0,opacity:1}]}}}]}},\n\t\t\t]\n\t\t} );\n\t\t\n\t\t<\/script>\t\t<\/div>\n\t\t\t\t\t<\/div>\n\t\t\t\t<\/div>\n\t\t<div class=\"elementor-element elementor-element-b940aac e-flex e-con-boxed e-con e-parent\" data-id=\"b940aac\" data-element_type=\"container\">\n\t\t\t\t\t<div class=\"e-con-inner\">\n\t\t\t\t<div class=\"elementor-element elementor-element-280a4d7 elementor-widget elementor-widget-heading\" data-id=\"280a4d7\" data-element_type=\"widget\" data-widget_type=\"heading.default\">\n\t\t\t\t<div class=\"elementor-widget-container\">\n\t\t\t\t\t<h2 class=\"elementor-heading-title elementor-size-default\">Ihre Reise in die USA beginnt hier<\/h2>\t\t\t\t<\/div>\n\t\t\t\t<\/div>\n\t\t\t\t<div class=\"elementor-element elementor-element-450bdb3 elementor-widget elementor-widget-text-editor\" data-id=\"450bdb3\" data-element_type=\"widget\" data-widget_type=\"text-editor.default\">\n\t\t\t\t<div class=\"elementor-widget-container\">\n\t\t\t\t\t\t\t\t\t<p>Ein Umzug in die Vereinigten Staaten ist ein bedeutender Schritt \u2013 egal, ob Sie in pulsierende St\u00e4dte wie New York oder Los Angeles ziehen oder ein ruhigeres Vorstadtleben bevorzugen. Aufgrund der Vielfalt, der weiten geografischen Ausdehnung und der unterschiedlichen staatlichen Vorschriften kann der Umzugsprozess komplex sein. Die Zusammenarbeit mit einem zuverl\u00e4ssigen Transportunternehmen kann diesen \u00dcbergang jedoch reibungslos, effizient und stressfrei gestalten.<\/p><p>Ma\u00dfgeschneiderte Umzugsl\u00f6sungen mit Blackbird Moving<br \/>Blackbird Moving ist auf internationale Umz\u00fcge spezialisiert und bietet individuelle L\u00f6sungen, die auf Ihre spezifischen Bed\u00fcrfnisse zugeschnitten sind. Egal, ob Sie aus der Schweiz oder einem anderen Teil der Welt umziehen \u2013 unsere Erfahrung und unser Auge f\u00fcrs Detail sorgen daf\u00fcr, dass Ihr Umzug mit h\u00f6chster Sorgfalt, Pr\u00e4zision und Professionalit\u00e4t durchgef\u00fchrt wird.<\/p><p>Zollabfertigung und Dokumente f\u00fcr den Umzug in die USA<br \/>Die Einhaltung der Zollvorschriften ist entscheidend f\u00fcr eine reibungslose Einreise in die USA. Blackbird Moving unterst\u00fctzt Sie in jedem Schritt \u2013 von der Vorbereitung der erforderlichen Dokumente bis hin zur Vermeidung von Verz\u00f6gerungen oder unerwarteten Kosten.<\/p><h3>Erforderliche Dokumente:<\/h3><p>G\u00fcltiger Reisepass: Ihr Reisepass sollte mindestens sechs Monate \u00fcber das Einreisedatum hinaus g\u00fcltig sein.<br \/>Visum oder Aufenthaltsgenehmigung: Green Card oder Arbeitsvisum als Nachweis Ihres Einwanderungsstatus.<br \/>US-Zollformular 3299: Erm\u00f6glicht die steuerfreie Einfuhr von Haushaltsgegenst\u00e4nden unter bestimmten Bedingungen.<br \/>Inventarliste: Eine detaillierte Auflistung der Zust\u00e4nde und Werte Ihrer transportierten G\u00fcter, erforderlich f\u00fcr die Zollabfertigung.<br \/>Verpackungs- und Transportdienstleistungen f\u00fcr den Schutz Ihrer G\u00fcter<br \/>Blackbird Moving verwendet hochwertige Materialien und modernste Verpackungstechniken, um Ihre Gegenst\u00e4nde zu sch\u00fctzen. Von Kleidung und Elektronik bis hin zu M\u00f6beln und wertvollen Besitzt\u00fcmern \u2013 wir sorgen daf\u00fcr, dass Ihre G\u00fcter in einwandfreiem Zustand in den USA ankommen.<\/p><h3>Transportoptionen:<\/h3><p>Seefracht: Eine kosteng\u00fcnstige Option f\u00fcr gro\u00dfe und nicht zeitkritische Sendungen.<br \/>Luftfracht: Schnell, aber teurer \u2013 ideal f\u00fcr zeitkritische Waren.<br \/>Lokale Dienstleistungen: Wir helfen Ihnen bei der Einrichtung von Strom, Wasser und Internet in Ihrem neuen Zuhause.<br \/>Warum Blackbird Moving?<br \/>Individuelle L\u00f6sungen: Jeder Umzug ist einzigartig \u2013 wir bieten ma\u00dfgeschneiderte Pl\u00e4ne f\u00fcr Ihre Anforderungen.<br \/>Komplettservice von Verpackung bis Montage: Ihre G\u00fcter werden sorgf\u00e4ltig verpackt, transportiert und am Zielort eingerichtet.<br \/>Exzellente Kommunikation: Klare Informationen und kontinuierlicher Support w\u00e4hrend des gesamten Prozesses f\u00fcr eine stressfreie Erfahrung.<br \/>Mit Blackbird Moving k\u00f6nnen Sie sich auf einen reibungslosen und professionell organisierten Umzug in die USA verlassen.<\/p>\t\t\t\t\t\t\t\t<\/div>\n\t\t\t\t<\/div>\n\t\t\t\t\t<\/div>\n\t\t\t\t<\/div>\n\t\t\t\t<\/div>\n\t\t","protected":false},"excerpt":{"rendered":"<p>Umzugsratgeber&nbsp;f\u00fcr&nbsp;die&nbsp;USA:&nbsp;Organisieren&nbsp;Sie&nbsp;Ihren&nbsp;Umzug&nbsp;m\u00fchelos Ihre Reise in die USA beginnt hier Ein Umzug in die Vereinigten Staaten ist ein bedeutender Schritt \u2013 egal, ob Sie in pulsierende St\u00e4dte wie New York oder Los Angeles ziehen oder ein ruhigeres Vorstadtleben bevorzugen. Aufgrund der Vielfalt, der weiten geografischen Ausdehnung und der unterschiedlichen staatlichen Vorschriften kann der Umzugsprozess komplex sein. Die [&hellip;]<\/p>\n","protected":false},"author":3,"featured_media":0,"parent":0,"menu_order":0,"comment_status":"closed","ping_status":"closed","template":"","meta":{"_acf_changed":false,"footnotes":""},"class_list":["post-5288","page","type-page","status-publish","hentry"],"acf":[],"_links":{"self":[{"href":"https:\/\/blackbird-moving.com\/de\/wp-json\/wp\/v2\/pages\/5288","targetHints":{"allow":["GET"]}}],"collection":[{"href":"https:\/\/blackbird-moving.com\/de\/wp-json\/wp\/v2\/pages"}],"about":[{"href":"https:\/\/blackbird-moving.com\/de\/wp-json\/wp\/v2\/types\/page"}],"author":[{"embeddable":true,"href":"https:\/\/blackbird-moving.com\/de\/wp-json\/wp\/v2\/users\/3"}],"replies":[{"embeddable":true,"href":"https:\/\/blackbird-moving.com\/de\/wp-json\/wp\/v2\/comments?post=5288"}],"version-history":[{"count":22,"href":"https:\/\/blackbird-moving.com\/de\/wp-json\/wp\/v2\/pages\/5288\/revisions"}],"predecessor-version":[{"id":8313,"href":"https:\/\/blackbird-moving.com\/de\/wp-json\/wp\/v2\/pages\/5288\/revisions\/8313"}],"wp:attachment":[{"href":"https:\/\/blackbird-moving.com\/de\/wp-json\/wp\/v2\/media?parent=5288"}],"curies":[{"name":"wp","href":"https:\/\/api.w.org\/{rel}","templated":true}]}}