{"id":5281,"date":"2024-09-12T03:51:19","date_gmt":"2024-09-12T00:51:19","guid":{"rendered":"https:\/\/blackbird-moving.com\/wie-wir-arbeiten\/"},"modified":"2025-08-23T08:52:27","modified_gmt":"2025-08-23T05:52:27","slug":"wie-wir-arbeiten","status":"publish","type":"page","link":"https:\/\/blackbird-moving.com\/de\/wie-wir-arbeiten\/","title":{"rendered":"Wie wir arbeiten?"},"content":{"rendered":"\t\t<div data-elementor-type=\"wp-page\" data-elementor-id=\"5281\" class=\"elementor elementor-5281 elementor-3179\" data-elementor-post-type=\"page\">\n\t\t\t\t<div class=\"elementor-element elementor-element-640c343b e-flex e-con-boxed e-con e-parent\" data-id=\"640c343b\" data-element_type=\"container\" data-settings=\"{&quot;background_background&quot;:&quot;classic&quot;}\">\n\t\t\t\t\t<div class=\"e-con-inner\">\n\t\t\t\t<div class=\"elementor-element elementor-element-2a596325 elementor-widget__width-initial elementor-widget-tablet_extra__width-initial lqd-box-image-top elementor-widget elementor-widget-lqd-box lqd-widget-container-flex lqd-group-box\" data-id=\"2a596325\" data-element_type=\"widget\" data-widget_type=\"lqd-box.default\">\n\t\t\t\t<div class=\"elementor-widget-container\">\n\t\t\t\t\t\n\t\t<div class=\"lqd-box-content relative z-1 transition-all grow\">\n\n\t\t\t\n\t\t\t\n\t\t<span class=\"lqd-box-icon inline-flex shrink-0 grow-0 basis-auto items-center justify-center relative transition-all\"><svg xmlns=\"http:\/\/www.w3.org\/2000\/svg\" fill=\"none\" height=\"66\" viewBox=\"0 0 66 66\" width=\"66\"><g fill=\"#1b1b1b\"><path d=\"m64.625 27.5c-.759 0-1.375-.616-1.375-1.375 0-12.8892-10.4857-23.375-23.375-23.375-.759 0-1.375-.616-1.375-1.375s.616-1.375 1.375-1.375c14.4045 0 26.125 11.7205 26.125 26.125 0 .759-.616 1.375-1.375 1.375z\"><\/path><path d=\"m56.375 27.5c-.759 0-1.375-.616-1.375-1.375 0-8.3407-6.7842-15.125-15.125-15.125-.759 0-1.375-.616-1.375-1.375s.616-1.375 1.375-1.375c9.856 0 17.875 8.019 17.875 17.875 0 .759-.616 1.375-1.375 1.375z\"><\/path><path d=\"m48.125 27.5c-.759 0-1.375-.616-1.375-1.375 0-3.7895-3.0855-6.875-6.875-6.875-.759 0-1.375-.616-1.375-1.375s.616-1.375 1.375-1.375c5.3075 0 9.625 4.3175 9.625 9.625 0 .759-.616 1.375-1.375 1.375z\"><\/path><path d=\"m22 66c-12.13025 0-22-9.8698-22-22s9.86975-22 22-22c12.1302 0 22 9.8698 22 22s-9.8698 22-22 22zm0-41.25c-10.615 0-19.25 8.635-19.25 19.25s8.635 19.25 19.25 19.25 19.25-8.635 19.25-19.25-8.635-19.25-19.25-19.25z\"><\/path><path d=\"m4.7575 52.25h-2.1725c-.759 0-1.375-.616-1.375-1.375s.616-1.375 1.375-1.375h2.1725c1.75725 0 3.135-1.364 3.135-3.1075.033-1.4162.51975-2.7637 1.37225-3.8307.97075-1.1248 2.17795-1.8426 3.52825-2.1121 2.6262-.5637 3.707-2.3732 3.707-6.2397 0-3.542-1.9168-5.2278-5.225-6.9465-.6765-.3493-.9378-1.1798-.5885-1.8535.3492-.6738 1.1797-.9377 1.8535-.5857 3.487 1.8067 6.71 4.1964 6.71 9.3857 0 1.8947 0 7.6643-5.8988 8.9348-.9597.1897-1.6005.7452-1.9717 1.177-.4455.5582-.7205 1.3199-.7398 2.1064.0028 3.1928-2.6372 5.8218-5.8822 5.8218z\"><\/path><path d=\"m32.5132 38.4835c-2.5025 0-4.6887-1.2238-5.9729-3.377-2.0928-3.498-2.3321-7.392-.7068-11.5692.275-.7095 1.0725-1.0643 1.7793-.7838.7067.275 1.0587 1.0725.7837 1.7792-1.3173 3.3935-1.155 6.3911.506 9.1631.8773 1.474 2.3842 2.2027 4.169 2.0075l7.821-.9598c.7617-.121 1.4383.4428 1.5318 1.1963s-.4428 1.4382-1.1963 1.5317l-7.8375.9625c-.297.033-.5913.0495-.8773.0495z\"><\/path><path d=\"m26.5128 65.505c-.4015 0-.8003-.1733-1.0725-.5115l-4.235-5.2525c-2.8078-3.4622-2.5575-8.4727.5857-11.649 2.4805-2.4805 5.5715-2.9425 9.4572-1.4135 1.0588.4235 2.2881.055 2.9178-.8855 1.144-1.7765 3.4678-2.321 5.3928-1.232l3.4182 2.0542c.649.3933.8607 1.2376.4702 1.8893-.396.6518-1.243.858-1.8892.4703l-3.3825-2.035c-.7315-.4125-1.408-.1073-1.7105.3629-1.3557 2.0323-3.9737 2.8353-6.2315 1.9361-2.8627-1.133-4.8097-.891-6.4927.7947-2.1505 2.1753-2.3238 5.6073-.3988 7.9805l4.2378 5.2553c.4757.5912.385 1.4574-.2063 1.9332-.2557.2035-.561.3025-.8607.3025z\"><\/path><\/g><\/svg><\/span>\n\n\t\t<h2 class=\"items-center relative mb-0 transition-effects lqd-box-title\">Organisieren Sie Ihren Umzug<\/h2>\n\t\t<div class=\"relative transition-effects lqd-box-description\"><p>Mit Blackbird International Movers ist Ihr Umzug in erfahrenen H\u00e4nden.<\/p><p>Egal, ob Sie Ihr Zuhause oder Ihr Unternehmen verlegen \u2013 unsere Prozesse sind darauf ausgelegt, Ihnen eine reibungslose und stressfreie Erfahrung zu bieten. Von der Verpackung \u00fcber den Transport bis hin zur Zollabwicklung und finalen Lieferung k\u00fcmmern wir uns um jedes Detail f\u00fcr Sie.<\/p><p>Dank unseres erfahrenen Teams und modernster Infrastruktur werden Ihre G\u00fcter sorgf\u00e4ltig transportiert und p\u00fcnktlich an jeden Ort der Welt geliefert.<\/p><\/div>\n\n\t\t\n\t\t<\/div>\n\n\t\t\t\t\t\t<\/div>\n\t\t\t\t<\/div>\n\t\t<style>.elementor-element-2a596325 {\n   transform: translate3d(-90px,0px,0px) scale(1, 1) rotateX(0deg) rotateY(0deg) rotateZ(0deg) skew(0deg, 0deg);\n   opacity: 0;\n}\n<\/style><script>\n\t\twindow.liquid.behaviors.push( {\n\t\t\tdataId: \"2a596325\",\n\t\t\tbehaviors:[\n\t\t\t\t{behaviorName:'liquidGetElementComputedStyles',options:{includeSelf:true,getRect:true,addGhosts:true}},{behaviorName:'liquidAnimations',options:{domain:'inview',trigger:'ghost',duration:0.65,ease:'expo.out',stagger:{each:0.065,from:'start'},delay:0,start:'top+=30px bottom',startElementOffset:0,startViewportOffset:0,animations:[{elements:'self',breakpointsKeyframes:{all:{keyframes:[{scaleX:1,scaleY:1,skewX:0,skewY:0,x:'0px',y:'0px',z:'0px',rotateX:0,rotateY:0,rotateZ:0,opacity:1}]}}}]}},\n\t\t\t]\n\t\t} );\n\t\t\n\t\t<\/script>\t\t<div class=\"elementor-element elementor-element-122daf85 elementor-widget__width-initial elementor-widget elementor-widget-lqd-image\" data-id=\"122daf85\" data-element_type=\"widget\" data-widget_type=\"lqd-image.default\">\n\t\t\t\t<div class=\"elementor-widget-container\">\n\t\t\t\t\t\n\t\t<figure class=\"inline-block relative align-middle overflow-hidden lqd-transform-perspective transition-colors\" data-lqd-look-at-mouse data-lqd-hover3d-el>\n\n\t\t\t\n\t\t\t\t\n\t\t\t\t<img loading=\"lazy\" decoding=\"async\" width=\"1080\" height=\"1080\" src=\"https:\/\/blackbird-moving.com\/wp-content\/uploads\/2024\/09\/Untitled-design-54.png\" class=\"attachment-full size-full wp-image-3403\" alt=\"\" srcset=\"https:\/\/blackbird-moving.com\/wp-content\/uploads\/2024\/09\/Untitled-design-54.png 1080w, https:\/\/blackbird-moving.com\/wp-content\/uploads\/2024\/09\/Untitled-design-54-300x300.png 300w, https:\/\/blackbird-moving.com\/wp-content\/uploads\/2024\/09\/Untitled-design-54-1024x1024.png 1024w, https:\/\/blackbird-moving.com\/wp-content\/uploads\/2024\/09\/Untitled-design-54-150x150.png 150w\" sizes=\"auto, (max-width: 1080px) 100vw, 1080px\" \/>\n\t\t\t\t\n\t\t\t\t\n\t\t\t\t\n\t\t\t\n\t\t\t\n\t\t<\/figure>\n\n\t\t\t\t\t\t<\/div>\n\t\t\t\t<\/div>\n\t\t<style>.elementor-element-122daf85 {\n   transform: translate3d(-90px,0px,0px) scale(0.85, 0.85) rotateX(0deg) rotateY(0deg) rotateZ(0deg) skew(0deg, 0deg);\n   opacity: 0;\n}\n<\/style><script>\n\t\twindow.liquid.behaviors.push( {\n\t\t\tdataId: \"122daf85\",\n\t\t\tbehaviors:[\n\t\t\t\t{behaviorName:'liquidGetElementComputedStyles',options:{includeSelf:true,getRect:true,addGhosts:true}},{behaviorName:'liquidAnimations',options:{domain:'inview',trigger:'ghost',duration:0.65,ease:'expo.out',stagger:{each:0.065,from:'start'},delay:0.1,start:'top+=30px bottom',startElementOffset:0,startViewportOffset:0,animations:[{elements:'self',breakpointsKeyframes:{all:{keyframes:[{scaleX:1,scaleY:1,skewX:0,skewY:0,x:'0px',y:'0px',z:'0px',rotateX:0,rotateY:0,rotateZ:0,opacity:1}]}}}]}},\n\t\t\t]\n\t\t} );\n\t\t\n\t\t<\/script>\t\t<div class=\"elementor-element elementor-element-18d6563b elementor-widget__width-inherit elementor-widget elementor-widget-lqd-accordion lqd-accordion w-full\" data-id=\"18d6563b\" data-element_type=\"widget\" data-widget_type=\"lqd-accordion.default\">\n\t\t\t\t<div class=\"elementor-widget-container\">\n\t\t\t\t\t\n\t\t<div class=\"lqd-accordion-item elementor-repeater-item-24977ac transition-colors lqd-is-active\">\n\t\t\t<h3 class=\"lqd-accordion-heading m-0 p-0\" tabindex=\"-1\">\n\t\t\t\t<a class=\"lqd-accordion-trigger lqd-togglable-trigger lqd-widget-trigger flex items-center w-full cursor-pointer transition-colors justify-between lqd-is-active\" href=\"#lqd-accordion-18d6563b-content\" aria-expanded=\"true\" aria-controls=\"lqd-accordion-18d6563b-content\" tabindex=\"0\">\n\t\t\t\t\t<span class=\"lqd-accordion-heading-txt pointer-events-none\">1. Erster Kontakt und Information<\/span>\n\t\t\t\t\t<span class=\"lqd-accordion-trigger-icon inline-grid place-content-center shrink-0 pointer-events-none transition-all\">\n\t\t\t<span class=\"lqd-accordion-trigger-icon-icon lqd-accordion-trigger-icon-closed inline-flex grid-area-1-1\"><svg class=\"lqd-akar-icon w-1em h-auto lqd-menu-icon \" xmlns=\"http:\/\/www.w3.org\/2000\/svg\" width=\"36\" height=\"36\" viewBox=\"0 0 24 24\" fill=\"none\" stroke=\"currentColor\" stroke-width=\"2\" stroke-linecap=\"round\" stroke-linejoin=\"round\"><path d=\"M12 20v-8m0 0V4m0 8h8m-8 0H4\"><\/path><\/svg><\/span>\n\t\t\t<span class=\"lqd-accordion-trigger-icon-icon lqd-accordion-trigger-icon-opened inline-flex grid-area-1-1\"><svg class=\"lqd-akar-icon w-1em h-auto lqd-menu-icon \" xmlns=\"http:\/\/www.w3.org\/2000\/svg\" width=\"36\" height=\"36\" viewBox=\"0 0 24 24\" fill=\"none\" stroke=\"currentColor\" stroke-width=\"2\" stroke-linecap=\"round\" stroke-linejoin=\"round\"><path d=\"M20 12H4\"><\/path><\/svg><\/span>\n\t\t<\/span>\t\t\t\t<\/a>\n\t\t\t<\/h3>\n\t\t\t<div class=\"lqd-accordion-content-wrap lqd-togglable-element lqd-is-active\" id=\"lqd-accordion-18d6563b-content\">\n\t\t\t\t<div class=\"lqd-accordion-content\">\n\t\t\t\t\t<p>Wir nehmen Kontakt mit dem Kunden auf und erl\u00e4utern den internationalen Umzugsprozess. Alle notwendigen Schritte und Details werden klar und verst\u00e4ndlich erkl\u00e4rt.<\/p>\t\t\t\t<\/div>\n\t\t\t<\/div>\n\t\t<\/div>\n\n\t\t\n\t\t<div class=\"lqd-accordion-item elementor-repeater-item-9436b06 transition-colors\">\n\t\t\t<h3 class=\"lqd-accordion-heading m-0 p-0\" tabindex=\"-1\">\n\t\t\t\t<a class=\"lqd-accordion-trigger lqd-togglable-trigger lqd-widget-trigger flex items-center w-full cursor-pointer transition-colors justify-between\" href=\"#lqd-accordion-18d6563b-content\" aria-expanded=\"false\" aria-controls=\"lqd-accordion-18d6563b-content\" tabindex=\"0\">\n\t\t\t\t\t<span class=\"lqd-accordion-heading-txt pointer-events-none\">2. Besichtigung<\/span>\n\t\t\t\t\t<span class=\"lqd-accordion-trigger-icon inline-grid place-content-center shrink-0 pointer-events-none transition-all\">\n\t\t\t<span class=\"lqd-accordion-trigger-icon-icon lqd-accordion-trigger-icon-closed inline-flex grid-area-1-1\"><svg class=\"lqd-akar-icon w-1em h-auto lqd-menu-icon \" xmlns=\"http:\/\/www.w3.org\/2000\/svg\" width=\"36\" height=\"36\" viewBox=\"0 0 24 24\" fill=\"none\" stroke=\"currentColor\" stroke-width=\"2\" stroke-linecap=\"round\" stroke-linejoin=\"round\"><path d=\"M12 20v-8m0 0V4m0 8h8m-8 0H4\"><\/path><\/svg><\/span>\n\t\t\t<span class=\"lqd-accordion-trigger-icon-icon lqd-accordion-trigger-icon-opened inline-flex grid-area-1-1\"><svg class=\"lqd-akar-icon w-1em h-auto lqd-menu-icon \" xmlns=\"http:\/\/www.w3.org\/2000\/svg\" width=\"36\" height=\"36\" viewBox=\"0 0 24 24\" fill=\"none\" stroke=\"currentColor\" stroke-width=\"2\" stroke-linecap=\"round\" stroke-linejoin=\"round\"><path d=\"M20 12H4\"><\/path><\/svg><\/span>\n\t\t<\/span>\t\t\t\t<\/a>\n\t\t\t<\/h3>\n\t\t\t<div class=\"lqd-accordion-content-wrap lqd-togglable-element hidden\" id=\"lqd-accordion-18d6563b-content\">\n\t\t\t\t<div class=\"lqd-accordion-content\">\n\t\t\t\t\t<p>Eine Inspektion wird durchgef\u00fchrt, um das Volumen der zu transportierenden Gegenst\u00e4nde abzusch\u00e4tzen und die Zug\u00e4nglichkeit des Umzugsbereichs (z. B. Aufzugssituation) zu bewerten. Dies hilft, die Komplexit\u00e4t des Umzugs zu bestimmen.<\/p>\t\t\t\t<\/div>\n\t\t\t<\/div>\n\t\t<\/div>\n\n\t\t\n\t\t<div class=\"lqd-accordion-item elementor-repeater-item-1a17a1d transition-colors\">\n\t\t\t<h3 class=\"lqd-accordion-heading m-0 p-0\" tabindex=\"-1\">\n\t\t\t\t<a class=\"lqd-accordion-trigger lqd-togglable-trigger lqd-widget-trigger flex items-center w-full cursor-pointer transition-colors justify-between\" href=\"#lqd-accordion-18d6563b-content\" aria-expanded=\"false\" aria-controls=\"lqd-accordion-18d6563b-content\" tabindex=\"0\">\n\t\t\t\t\t<span class=\"lqd-accordion-heading-txt pointer-events-none\">3. Verbindliches Angebot<\/span>\n\t\t\t\t\t<span class=\"lqd-accordion-trigger-icon inline-grid place-content-center shrink-0 pointer-events-none transition-all\">\n\t\t\t<span class=\"lqd-accordion-trigger-icon-icon lqd-accordion-trigger-icon-closed inline-flex grid-area-1-1\"><svg class=\"lqd-akar-icon w-1em h-auto lqd-menu-icon \" xmlns=\"http:\/\/www.w3.org\/2000\/svg\" width=\"36\" height=\"36\" viewBox=\"0 0 24 24\" fill=\"none\" stroke=\"currentColor\" stroke-width=\"2\" stroke-linecap=\"round\" stroke-linejoin=\"round\"><path d=\"M12 20v-8m0 0V4m0 8h8m-8 0H4\"><\/path><\/svg><\/span>\n\t\t\t<span class=\"lqd-accordion-trigger-icon-icon lqd-accordion-trigger-icon-opened inline-flex grid-area-1-1\"><svg class=\"lqd-akar-icon w-1em h-auto lqd-menu-icon \" xmlns=\"http:\/\/www.w3.org\/2000\/svg\" width=\"36\" height=\"36\" viewBox=\"0 0 24 24\" fill=\"none\" stroke=\"currentColor\" stroke-width=\"2\" stroke-linecap=\"round\" stroke-linejoin=\"round\"><path d=\"M20 12H4\"><\/path><\/svg><\/span>\n\t\t<\/span>\t\t\t\t<\/a>\n\t\t\t<\/h3>\n\t\t\t<div class=\"lqd-accordion-content-wrap lqd-togglable-element hidden\" id=\"lqd-accordion-18d6563b-content\">\n\t\t\t\t<div class=\"lqd-accordion-content\">\n\t\t\t\t\t<p>Nach der Volumenbestimmung erh\u00e4lt der Kunde ein detailliertes und verbindliches Angebot. Dieses Angebot ist in der Regel 30 Tage g\u00fcltig. Zus\u00e4tzliche Gespr\u00e4che k\u00f6nnen gef\u00fchrt werden, um Einzelheiten zu kl\u00e4ren.<\/p>\t\t\t\t<\/div>\n\t\t\t<\/div>\n\t\t<\/div>\n\n\t\t\n\t\t<div class=\"lqd-accordion-item elementor-repeater-item-686025c transition-colors\">\n\t\t\t<h3 class=\"lqd-accordion-heading m-0 p-0\" tabindex=\"-1\">\n\t\t\t\t<a class=\"lqd-accordion-trigger lqd-togglable-trigger lqd-widget-trigger flex items-center w-full cursor-pointer transition-colors justify-between\" href=\"#lqd-accordion-18d6563b-content\" aria-expanded=\"false\" aria-controls=\"lqd-accordion-18d6563b-content\" tabindex=\"0\">\n\t\t\t\t\t<span class=\"lqd-accordion-heading-txt pointer-events-none\">4. Verpackung und Transport<\/span>\n\t\t\t\t\t<span class=\"lqd-accordion-trigger-icon inline-grid place-content-center shrink-0 pointer-events-none transition-all\">\n\t\t\t<span class=\"lqd-accordion-trigger-icon-icon lqd-accordion-trigger-icon-closed inline-flex grid-area-1-1\"><svg class=\"lqd-akar-icon w-1em h-auto lqd-menu-icon \" xmlns=\"http:\/\/www.w3.org\/2000\/svg\" width=\"36\" height=\"36\" viewBox=\"0 0 24 24\" fill=\"none\" stroke=\"currentColor\" stroke-width=\"2\" stroke-linecap=\"round\" stroke-linejoin=\"round\"><path d=\"M12 20v-8m0 0V4m0 8h8m-8 0H4\"><\/path><\/svg><\/span>\n\t\t\t<span class=\"lqd-accordion-trigger-icon-icon lqd-accordion-trigger-icon-opened inline-flex grid-area-1-1\"><svg class=\"lqd-akar-icon w-1em h-auto lqd-menu-icon \" xmlns=\"http:\/\/www.w3.org\/2000\/svg\" width=\"36\" height=\"36\" viewBox=\"0 0 24 24\" fill=\"none\" stroke=\"currentColor\" stroke-width=\"2\" stroke-linecap=\"round\" stroke-linejoin=\"round\"><path d=\"M20 12H4\"><\/path><\/svg><\/span>\n\t\t<\/span>\t\t\t\t<\/a>\n\t\t\t<\/h3>\n\t\t\t<div class=\"lqd-accordion-content-wrap lqd-togglable-element hidden\" id=\"lqd-accordion-18d6563b-content\">\n\t\t\t\t<div class=\"lqd-accordion-content\">\n\t\t\t\t\t<p>Nach Best\u00e4tigung des Angebots wird der Umzugstag geplant. Blackbird Moving stellt alle Verpackungsmaterialien bereit und \u00fcbernimmt die Verpackung sowie den Transport der Gegenst\u00e4nde. Der Transport kann je nach Kundenanforderungen per See-, Land- oder Luftweg erfolgen.<\/p>\t\t\t\t<\/div>\n\t\t\t<\/div>\n\t\t<\/div>\n\n\t\t\n\t\t<div class=\"lqd-accordion-item elementor-repeater-item-fd4da96 transition-colors\">\n\t\t\t<h3 class=\"lqd-accordion-heading m-0 p-0\" tabindex=\"-1\">\n\t\t\t\t<a class=\"lqd-accordion-trigger lqd-togglable-trigger lqd-widget-trigger flex items-center w-full cursor-pointer transition-colors justify-between\" href=\"#lqd-accordion-18d6563b-content\" aria-expanded=\"false\" aria-controls=\"lqd-accordion-18d6563b-content\" tabindex=\"0\">\n\t\t\t\t\t<span class=\"lqd-accordion-heading-txt pointer-events-none\">5. Lieferung am Zielort<\/span>\n\t\t\t\t\t<span class=\"lqd-accordion-trigger-icon inline-grid place-content-center shrink-0 pointer-events-none transition-all\">\n\t\t\t<span class=\"lqd-accordion-trigger-icon-icon lqd-accordion-trigger-icon-closed inline-flex grid-area-1-1\"><svg class=\"lqd-akar-icon w-1em h-auto lqd-menu-icon \" xmlns=\"http:\/\/www.w3.org\/2000\/svg\" width=\"36\" height=\"36\" viewBox=\"0 0 24 24\" fill=\"none\" stroke=\"currentColor\" stroke-width=\"2\" stroke-linecap=\"round\" stroke-linejoin=\"round\"><path d=\"M12 20v-8m0 0V4m0 8h8m-8 0H4\"><\/path><\/svg><\/span>\n\t\t\t<span class=\"lqd-accordion-trigger-icon-icon lqd-accordion-trigger-icon-opened inline-flex grid-area-1-1\"><svg class=\"lqd-akar-icon w-1em h-auto lqd-menu-icon \" xmlns=\"http:\/\/www.w3.org\/2000\/svg\" width=\"36\" height=\"36\" viewBox=\"0 0 24 24\" fill=\"none\" stroke=\"currentColor\" stroke-width=\"2\" stroke-linecap=\"round\" stroke-linejoin=\"round\"><path d=\"M20 12H4\"><\/path><\/svg><\/span>\n\t\t<\/span>\t\t\t\t<\/a>\n\t\t\t<\/h3>\n\t\t\t<div class=\"lqd-accordion-content-wrap lqd-togglable-element hidden\" id=\"lqd-accordion-18d6563b-content\">\n\t\t\t\t<div class=\"lqd-accordion-content\">\n\t\t\t\t\t<p>Nach Ankunft am Zielort werden die Gegenst\u00e4nde mit Unterst\u00fctzung lokaler Partner an die neue Adresse geliefert. Die M\u00f6bel und Kartons werden ausgepackt, montiert und ordnungsgem\u00e4\u00df in der Wohnung platziert.<\/p>\t\t\t\t<\/div>\n\t\t\t<\/div>\n\t\t<\/div>\n\n\t\t\n\t\t<div class=\"lqd-accordion-item elementor-repeater-item-fb21742 transition-colors\">\n\t\t\t<h3 class=\"lqd-accordion-heading m-0 p-0\" tabindex=\"-1\">\n\t\t\t\t<a class=\"lqd-accordion-trigger lqd-togglable-trigger lqd-widget-trigger flex items-center w-full cursor-pointer transition-colors justify-between\" href=\"#lqd-accordion-18d6563b-content\" aria-expanded=\"false\" aria-controls=\"lqd-accordion-18d6563b-content\" tabindex=\"0\">\n\t\t\t\t\t<span class=\"lqd-accordion-heading-txt pointer-events-none\">6. Dokumente und Zollabfertigung<\/span>\n\t\t\t\t\t<span class=\"lqd-accordion-trigger-icon inline-grid place-content-center shrink-0 pointer-events-none transition-all\">\n\t\t\t<span class=\"lqd-accordion-trigger-icon-icon lqd-accordion-trigger-icon-closed inline-flex grid-area-1-1\"><svg class=\"lqd-akar-icon w-1em h-auto lqd-menu-icon \" xmlns=\"http:\/\/www.w3.org\/2000\/svg\" width=\"36\" height=\"36\" viewBox=\"0 0 24 24\" fill=\"none\" stroke=\"currentColor\" stroke-width=\"2\" stroke-linecap=\"round\" stroke-linejoin=\"round\"><path d=\"M12 20v-8m0 0V4m0 8h8m-8 0H4\"><\/path><\/svg><\/span>\n\t\t\t<span class=\"lqd-accordion-trigger-icon-icon lqd-accordion-trigger-icon-opened inline-flex grid-area-1-1\"><svg class=\"lqd-akar-icon w-1em h-auto lqd-menu-icon \" xmlns=\"http:\/\/www.w3.org\/2000\/svg\" width=\"36\" height=\"36\" viewBox=\"0 0 24 24\" fill=\"none\" stroke=\"currentColor\" stroke-width=\"2\" stroke-linecap=\"round\" stroke-linejoin=\"round\"><path d=\"M20 12H4\"><\/path><\/svg><\/span>\n\t\t<\/span>\t\t\t\t<\/a>\n\t\t\t<\/h3>\n\t\t\t<div class=\"lqd-accordion-content-wrap lqd-togglable-element hidden\" id=\"lqd-accordion-18d6563b-content\">\n\t\t\t\t<div class=\"lqd-accordion-content\">\n\t\t\t\t\t<p>Bei internationalen Umz\u00fcgen sind Zollformalit\u00e4ten von gro\u00dfer Bedeutung. Blackbird Moving unterst\u00fctzt bei der Erstellung von Export- und Importdokumenten und stellt sicher, dass der Kunde alle erforderlichen Unterlagen f\u00fcr das Herkunfts- und Zielland erh\u00e4lt.<\/p>\t\t\t\t<\/div>\n\t\t\t<\/div>\n\t\t<\/div>\n\n\t\t\n\t\t<div class=\"lqd-accordion-item elementor-repeater-item-0c9c381 transition-colors\">\n\t\t\t<h3 class=\"lqd-accordion-heading m-0 p-0\" tabindex=\"-1\">\n\t\t\t\t<a class=\"lqd-accordion-trigger lqd-togglable-trigger lqd-widget-trigger flex items-center w-full cursor-pointer transition-colors justify-between\" href=\"#lqd-accordion-18d6563b-content\" aria-expanded=\"false\" aria-controls=\"lqd-accordion-18d6563b-content\" tabindex=\"0\">\n\t\t\t\t\t<span class=\"lqd-accordion-heading-txt pointer-events-none\">7. Zus\u00e4tzliche Dienstleistungen<\/span>\n\t\t\t\t\t<span class=\"lqd-accordion-trigger-icon inline-grid place-content-center shrink-0 pointer-events-none transition-all\">\n\t\t\t<span class=\"lqd-accordion-trigger-icon-icon lqd-accordion-trigger-icon-closed inline-flex grid-area-1-1\"><svg class=\"lqd-akar-icon w-1em h-auto lqd-menu-icon \" xmlns=\"http:\/\/www.w3.org\/2000\/svg\" width=\"36\" height=\"36\" viewBox=\"0 0 24 24\" fill=\"none\" stroke=\"currentColor\" stroke-width=\"2\" stroke-linecap=\"round\" stroke-linejoin=\"round\"><path d=\"M12 20v-8m0 0V4m0 8h8m-8 0H4\"><\/path><\/svg><\/span>\n\t\t\t<span class=\"lqd-accordion-trigger-icon-icon lqd-accordion-trigger-icon-opened inline-flex grid-area-1-1\"><svg class=\"lqd-akar-icon w-1em h-auto lqd-menu-icon \" xmlns=\"http:\/\/www.w3.org\/2000\/svg\" width=\"36\" height=\"36\" viewBox=\"0 0 24 24\" fill=\"none\" stroke=\"currentColor\" stroke-width=\"2\" stroke-linecap=\"round\" stroke-linejoin=\"round\"><path d=\"M20 12H4\"><\/path><\/svg><\/span>\n\t\t<\/span>\t\t\t\t<\/a>\n\t\t\t<\/h3>\n\t\t\t<div class=\"lqd-accordion-content-wrap lqd-togglable-element hidden\" id=\"lqd-accordion-18d6563b-content\">\n\t\t\t\t<div class=\"lqd-accordion-content\">\n\t\t\t\t\t<p>Auf Anfrage k\u00f6nnen zus\u00e4tzliche Services wie Reinigung, Malerarbeiten oder der Transport von Wertgegenst\u00e4nden (z. B. Tresore) bereitgestellt werden.<\/p>\t\t\t\t<\/div>\n\t\t\t<\/div>\n\t\t<\/div>\n\n\t\t\t\t\t\t<\/div>\n\t\t\t\t<\/div>\n\t\t<style>.elementor-element-18d6563b {\n   transform: translate3d(0px,120px,0px) scale(1, 1) rotateX(0deg) rotateY(0deg) rotateZ(0deg) skew(0deg, 0deg);\n   opacity: 0;\n}\n<\/style><script>\n\t\twindow.liquid.behaviors.push( {\n\t\t\tdataId: \"18d6563b\",\n\t\t\tbehaviors:[\n\t\t\t\t{behaviorName:'liquidToggle',options:{changePropPrefix:'lqdAccordionToggle-18d6563b',openedItems:[0],parentToChangeClassname:'.lqd-accordion-item',toggleOffActiveItem:true,ui:{togglableTriggers:'.lqd-accordion-trigger',togglableElements:'.lqd-accordion-content-wrap'}}},{behaviorName:'liquidEffectsSlideToggle',options:{changePropPrefix:'lqdAccordionToggle-18d6563b'}},{behaviorName:'liquidGetElementComputedStyles',options:{includeSelf:true,getRect:true,addGhosts:true}},{behaviorName:'liquidAnimations',options:{domain:'inview',trigger:'ghost',duration:0.65,ease:'expo.out',stagger:{each:0.065,from:'start'},delay:0,start:'top+=30px bottom',startElementOffset:0,startViewportOffset:0,animations:[{elements:'self',breakpointsKeyframes:{all:{keyframes:[{scaleX:1,scaleY:1,skewX:0,skewY:0,x:'0px',y:'0px',z:'0px',rotateX:0,rotateY:0,rotateZ:0,opacity:1}]}}}]}},\n\t\t\t]\n\t\t} );\n\t\t\n\t\t<\/script>\t\t\t<\/div>\n\t\t\t\t<\/div>\n\t\t<div class=\"elementor-element elementor-element-e592583 e-con-full e-flex e-con e-parent\" data-id=\"e592583\" data-element_type=\"container\" data-settings=\"{&quot;background_background&quot;:&quot;classic&quot;}\">\n\t\t<div class=\"elementor-element elementor-element-1c9f81c6 e-con-full e-flex e-con e-child\" data-id=\"1c9f81c6\" data-element_type=\"container\" data-settings=\"{&quot;background_background&quot;:&quot;classic&quot;}\">\n\t\t\t\t<\/div>\n\t\t<div class=\"elementor-element elementor-element-3ddc8bee e-con-full e-flex e-con e-child\" data-id=\"3ddc8bee\" data-element_type=\"container\">\n\t\t\t\t<div class=\"elementor-element elementor-element-1a717291 elementor-widget elementor-widget-heading\" data-id=\"1a717291\" data-element_type=\"widget\" data-widget_type=\"heading.default\">\n\t\t\t\t<div class=\"elementor-widget-container\">\n\t\t\t\t\t<h4 class=\"elementor-heading-title elementor-size-default\">Von Ihrer ersten Anfrage bis zur endg\u00fcltigen Lieferung wird jeder Aspekt Ihres internationalen Umzugs mit gr\u00f6\u00dfter Sorgfalt, Pr\u00e4zision und Fachkenntnis verwaltet. So gew\u00e4hrleisten wir einen reibungslosen \u00dcbergang in Ihr neues Zuhause \u2013 egal, wohin auf der Welt Sie ziehen.<\/h4>\t\t\t\t<\/div>\n\t\t\t\t<\/div>\n\t\t\t\t<div class=\"elementor-element elementor-element-62164ff elementor-widget elementor-widget-button\" data-id=\"62164ff\" data-element_type=\"widget\" data-widget_type=\"button.default\">\n\t\t\t\t<div class=\"elementor-widget-container\">\n\t\t\t\t\t\t\t\t\t<div class=\"elementor-button-wrapper\">\n\t\t\t\t\t<a class=\"elementor-button elementor-button-link elementor-size-sm\" href=\"https:\/\/blackbird-moving.com\/de\/kontaktcontact\/\">\n\t\t\t\t\t\t<span class=\"elementor-button-content-wrapper\">\n\t\t\t\t\t\t\t\t\t<span class=\"elementor-button-text\">Kontakt<\/span>\n\t\t\t\t\t<\/span>\n\t\t\t\t\t<\/a>\n\t\t\t\t<\/div>\n\t\t\t\t\t\t\t\t<\/div>\n\t\t\t\t<\/div>\n\t\t\t\t<\/div>\n\t\t\t\t<\/div>\n\t\t\t\t<\/div>\n\t\t","protected":false},"excerpt":{"rendered":"<p>Organisieren Sie Ihren Umzug Mit Blackbird International Movers ist Ihr Umzug in erfahrenen H\u00e4nden. Egal, ob Sie Ihr Zuhause oder Ihr Unternehmen verlegen \u2013 unsere Prozesse sind darauf ausgelegt, Ihnen eine reibungslose und stressfreie Erfahrung zu bieten. Von der Verpackung \u00fcber den Transport bis hin zur Zollabwicklung und finalen Lieferung k\u00fcmmern wir uns um jedes [&hellip;]<\/p>\n","protected":false},"author":3,"featured_media":0,"parent":0,"menu_order":0,"comment_status":"closed","ping_status":"closed","template":"","meta":{"_acf_changed":false,"footnotes":""},"class_list":["post-5281","page","type-page","status-publish","hentry"],"acf":[],"_links":{"self":[{"href":"https:\/\/blackbird-moving.com\/de\/wp-json\/wp\/v2\/pages\/5281","targetHints":{"allow":["GET"]}}],"collection":[{"href":"https:\/\/blackbird-moving.com\/de\/wp-json\/wp\/v2\/pages"}],"about":[{"href":"https:\/\/blackbird-moving.com\/de\/wp-json\/wp\/v2\/types\/page"}],"author":[{"embeddable":true,"href":"https:\/\/blackbird-moving.com\/de\/wp-json\/wp\/v2\/users\/3"}],"replies":[{"embeddable":true,"href":"https:\/\/blackbird-moving.com\/de\/wp-json\/wp\/v2\/comments?post=5281"}],"version-history":[{"count":16,"href":"https:\/\/blackbird-moving.com\/de\/wp-json\/wp\/v2\/pages\/5281\/revisions"}],"predecessor-version":[{"id":8366,"href":"https:\/\/blackbird-moving.com\/de\/wp-json\/wp\/v2\/pages\/5281\/revisions\/8366"}],"wp:attachment":[{"href":"https:\/\/blackbird-moving.com\/de\/wp-json\/wp\/v2\/media?parent=5281"}],"curies":[{"name":"wp","href":"https:\/\/api.w.org\/{rel}","templated":true}]}}