{"id":5219,"date":"2023-11-21T09:51:39","date_gmt":"2023-11-21T06:51:39","guid":{"rendered":"https:\/\/blackbird-moving.com\/ueber-uns\/"},"modified":"2025-08-21T15:37:18","modified_gmt":"2025-08-21T12:37:18","slug":"ueber-uns","status":"publish","type":"page","link":"https:\/\/blackbird-moving.com\/de\/ueber-uns\/","title":{"rendered":"\u00dcber uns"},"content":{"rendered":"\t\t<div data-elementor-type=\"wp-page\" data-elementor-id=\"5219\" class=\"elementor elementor-5219 elementor-914\" data-elementor-post-type=\"page\">\n\t\t\t\t<div class=\"elementor-element elementor-element-d398d9d e-flex e-con-boxed e-con e-parent\" data-id=\"d398d9d\" data-element_type=\"container\" data-settings=\"{&quot;background_background&quot;:&quot;classic&quot;}\">\n\t\t\t\t\t<div class=\"e-con-inner\">\n\t\t<div class=\"elementor-element elementor-element-9bd01c1 e-con-full e-flex e-con e-child\" data-id=\"9bd01c1\" data-element_type=\"container\">\n\t\t\t\t<div class=\"elementor-element elementor-element-ac0ef5c lqd-text-tag-h2 elementor-widget elementor-widget-lqd-text\" data-id=\"ac0ef5c\" data-element_type=\"widget\" data-widget_type=\"lqd-text.default\">\n\t\t\t\t<div class=\"elementor-widget-container\">\n\t\t\t\t\t<h2 class=\"lqd-text-el m-0 p-0\"><span class=\"lqd-text-item relative elementor-repeater-item-5e3578d\">Wir stellen Blackbird International Movers vor: Die Tradition der Exzellenz mit Karakus.ch fortf\u00fchren<\/span><\/h2>\t\t\t\t<\/div>\n\t\t\t\t<\/div>\n\t\t\t\t<div class=\"elementor-element elementor-element-bde9e71 lqd-text-tag-p elementor-widget elementor-widget-lqd-text\" data-id=\"bde9e71\" data-element_type=\"widget\" data-widget_type=\"lqd-text.default\">\n\t\t\t\t<div class=\"elementor-widget-container\">\n\t\t\t\t\t<p class=\"lqd-text-el m-0 p-0\"><span class=\"lqd-text-item relative elementor-repeater-item-5e3578d\">Als Erweiterung unseres angesehenen Erbes wurde Blackbird International Movers gegr\u00fcndet und ist stolz darauf, die Schwestergesellschaft von Karakus.ch zu sein \u2013 einem renommierten Unternehmen, das seit \u00fcber 25 Jahren in der gesamten Schweiz und Italien f\u00fcr Vertrauen und Qualit\u00e4t in der Branche steht.\n\nGest\u00e4rkt durch die umfangreiche Erfahrung und das unersch\u00fctterliche Engagement f\u00fcr Exzellenz von Karakus.ch, \u00fcbernimmt Blackbird International Movers die Tradition au\u00dfergew\u00f6hnlicher Dienstleistungen sowie das Erbe eines erfahrenen Teams, das sich nahtlosen Umzugsl\u00f6sungen verschrieben hat.\n\nMit unserem gemeinsamen Fokus auf Zuverl\u00e4ssigkeit und Kundenzufriedenheit vereinen wir das bew\u00e4hrte Erbe von Karakus.ch mit der innovativen Vision und den globalen Zielen von Blackbird International Movers. So stellen wir sicher, dass jeder unserer Kunden von der vereinten St\u00e4rke unseres Unternehmensnetzwerks profitiert.<\/span><\/p>\t\t\t\t<\/div>\n\t\t\t\t<\/div>\n\t\t\t\t<\/div>\n\t\t<div class=\"elementor-element elementor-element-f158ad5 e-con-full e-flex e-con e-child\" data-id=\"f158ad5\" data-element_type=\"container\">\n\t\t\t\t<div class=\"elementor-element elementor-element-2e20d27 elementor-widget elementor-widget-lqd-image\" data-id=\"2e20d27\" data-element_type=\"widget\" data-widget_type=\"lqd-image.default\">\n\t\t\t\t<div class=\"elementor-widget-container\">\n\t\t\t\t\t\n\t\t<figure class=\"inline-block relative align-middle overflow-hidden lqd-transform-perspective transition-colors\" data-lqd-look-at-mouse data-lqd-hover3d-el>\n\n\t\t\t\n\t\t\t\t\n\t\t\t\t<img loading=\"lazy\" decoding=\"async\" width=\"1080\" height=\"1080\" src=\"https:\/\/blackbird-moving.com\/wp-content\/uploads\/2024\/09\/Untitled-design-15.jpg\" class=\"attachment-full size-full wp-image-3451\" alt=\"\" srcset=\"https:\/\/blackbird-moving.com\/wp-content\/uploads\/2024\/09\/Untitled-design-15.jpg 1080w, https:\/\/blackbird-moving.com\/wp-content\/uploads\/2024\/09\/Untitled-design-15-300x300.jpg 300w, https:\/\/blackbird-moving.com\/wp-content\/uploads\/2024\/09\/Untitled-design-15-1024x1024.jpg 1024w, https:\/\/blackbird-moving.com\/wp-content\/uploads\/2024\/09\/Untitled-design-15-150x150.jpg 150w\" sizes=\"auto, (max-width: 1080px) 100vw, 1080px\" \/>\n\t\t\t\t\n\t\t\t\t\n\t\t\t\t\n\t\t\t\n\t\t\t\n\t\t<\/figure>\n\n\t\t\t\t\t\t<\/div>\n\t\t\t\t<\/div>\n\t\t\t\t<\/div>\n\t\t\t\t\t<\/div>\n\t\t\t\t<\/div>\n\t\t<div class=\"elementor-element elementor-element-5b973e5 e-flex e-con-boxed e-con e-parent\" data-id=\"5b973e5\" data-element_type=\"container\" data-settings=\"{&quot;background_background&quot;:&quot;classic&quot;}\">\n\t\t\t\t\t<div class=\"e-con-inner\">\n\t\t\t\t<div class=\"elementor-element elementor-element-96559c4 lqd-tabs-nav-align-v-center lqd-tabs-nav-items-align-h-center lqd-tabs-nav-placement-top lqd-tabs-nav-align-v-center lqd-tabs-nav-items-align-h-center lqd-tabs-nav-placement-top elementor-widget elementor-widget-lqd-tabs lqd-widget-container-flex w-full\" data-id=\"96559c4\" data-element_type=\"widget\" data-widget_type=\"lqd-tabs.default\">\n\t\t\t\t<div class=\"elementor-widget-container\">\n\t\t\t\t\t\t\t<nav class=\"lqd-tabs-nav flex grow-0 shrink-0 relative z-2\">\n\t\t\t\n\t\t\t<a class=\"lqd-tabs-trigger lqd-togglable-trigger lqd-widget-trigger flex basis-0 shrink bg-transparent transition-colors cursor-pointer items-center lqd-is-active elementor-repeater-item-7b6cf66\" href=\"#lqd-tabs-content-7b6cf66-7b6cf66\">\n\t\t\t\t\t<span class=\"lqd-tabs-trigger-content block grow pointer-events-none\">\t\t\t\t\t<span class=\"lqd-tabs-trigger-title block\">Unser Team<\/span>\n\t\t\t\t<\/span>\n\t\t<\/a>\n\n\t\t\n\t\t\t<a class=\"lqd-tabs-trigger lqd-togglable-trigger lqd-widget-trigger flex basis-0 shrink bg-transparent transition-colors cursor-pointer items-center elementor-repeater-item-aa0052d\" href=\"#lqd-tabs-content-aa0052d-aa0052d\">\n\t\t\t\t\t<span class=\"lqd-tabs-trigger-content block grow pointer-events-none\">\t\t\t\t\t<span class=\"lqd-tabs-trigger-title block\">Unsere Vision<\/span>\n\t\t\t\t<\/span>\n\t\t<\/a>\n\n\t\t\n\t\t\t<a class=\"lqd-tabs-trigger lqd-togglable-trigger lqd-widget-trigger flex basis-0 shrink bg-transparent transition-colors cursor-pointer items-center elementor-repeater-item-6f7e444\" href=\"#lqd-tabs-content-6f7e444-6f7e444\">\n\t\t\t\t\t<span class=\"lqd-tabs-trigger-content block grow pointer-events-none\">\t\t\t\t\t<span class=\"lqd-tabs-trigger-title block\">Unsere Mission<\/span>\n\t\t\t\t<\/span>\n\t\t<\/a>\n\n\t\t\t\t<\/nav>\n\t\t\n\t\t<div class=\"lqd-tabs-content lqd-togglable-element elementor-repeater-item-7b6cf66 lqd-is-active\" id=\"lqd-tabs-content-7b6cf66-unser-team\"><style>.elementor-5575 .elementor-element.elementor-element-2a0c530{--display:flex;--flex-direction:column;--container-widget-width:100%;--container-widget-height:initial;--container-widget-flex-grow:0;--container-widget-align-self:initial;--flex-wrap-mobile:wrap;}.elementor-5575 .elementor-element.elementor-element-a2045f0{text-align:center;}<\/style>\t\t<div data-elementor-type=\"container\" data-elementor-id=\"5575\" class=\"elementor elementor-5575 elementor-936\" data-elementor-post-type=\"elementor_library\">\n\t\t\t\t<div class=\"elementor-element elementor-element-2a0c530 e-flex e-con-boxed e-con e-parent\" data-id=\"2a0c530\" data-element_type=\"container\">\n\t\t\t\t\t<div class=\"e-con-inner\">\n\t\t\t\t<div class=\"elementor-element elementor-element-a2045f0 lqd-text-tag-p elementor-widget elementor-widget-lqd-text\" data-id=\"a2045f0\" data-element_type=\"widget\" data-widget_type=\"lqd-text.default\">\n\t\t\t\t<div class=\"elementor-widget-container\">\n\t\t\t\t\t<p class=\"lqd-text-el m-0 p-0\"><span class=\"lqd-text-item relative elementor-repeater-item-55e179c\">Bei Blackbird Moving bildet unser Team das Herz und die Seele unseres Unternehmens. Bestehend aus engagierten Fachleuten mit jahrelanger Erfahrung in der Logistikbranche, arbeiten wir nahtlos zusammen, um den Erfolg jedes einzelnen Transports zu gew\u00e4hrleisten.\n\nVon unseren Fahrern bis hin zu unseren Kundenservicemitarbeitern \u2013 jedes Teammitglied setzt sich mit Leidenschaft f\u00fcr Exzellenz und h\u00f6chste Kundenzufriedenheit ein.<\/span><\/p>\t\t\t\t<\/div>\n\t\t\t\t<\/div>\n\t\t\t\t\t<\/div>\n\t\t\t\t<\/div>\n\t\t\t\t<\/div>\n\t\t<\/div>\n\n\t\t\n\t\t<div class=\"lqd-tabs-content lqd-togglable-element elementor-repeater-item-aa0052d hidden\" id=\"lqd-tabs-content-aa0052d-unsere-vision\"><style>.elementor-5577 .elementor-element.elementor-element-199ec39d{--display:flex;--flex-direction:column;--container-widget-width:100%;--container-widget-height:initial;--container-widget-flex-grow:0;--container-widget-align-self:initial;--flex-wrap-mobile:wrap;}.elementor-5577 .elementor-element.elementor-element-8b5d392{text-align:center;}<\/style>\t\t<div data-elementor-type=\"container\" data-elementor-id=\"5577\" class=\"elementor elementor-5577 elementor-1104\" data-elementor-post-type=\"elementor_library\">\n\t\t\t\t<div class=\"elementor-element elementor-element-199ec39d e-flex e-con-boxed e-con e-parent\" data-id=\"199ec39d\" data-element_type=\"container\">\n\t\t\t\t\t<div class=\"e-con-inner\">\n\t\t\t\t<div class=\"elementor-element elementor-element-8b5d392 lqd-text-tag-p elementor-widget elementor-widget-lqd-text\" data-id=\"8b5d392\" data-element_type=\"widget\" data-widget_type=\"lqd-text.default\">\n\t\t\t\t<div class=\"elementor-widget-container\">\n\t\t\t\t\t<p class=\"lqd-text-el m-0 p-0\"><span class=\"lqd-text-item relative elementor-repeater-item-55e179c\">Unsere Vision bei Blackbird Moving ist es, die Standards im internationalen Transportwesen neu zu definieren. Wir streben danach, die erste Wahl f\u00fcr Privatpersonen und Unternehmen zu sein, die nach zuverl\u00e4ssigen, effizienten und kosteng\u00fcnstigen Transportl\u00f6sungen suchen.\n\nDurch den Einsatz modernster Technologien und bew\u00e4hrter Branchenpraktiken sind wir kontinuierlich auf der Suche nach Innovationen und Verbesserungen, um unseren Kunden den bestm\u00f6glichen Service zu bieten und ihre Erwartungen zu \u00fcbertreffen.<\/span><\/p>\t\t\t\t<\/div>\n\t\t\t\t<\/div>\n\t\t\t\t\t<\/div>\n\t\t\t\t<\/div>\n\t\t\t\t<\/div>\n\t\t<\/div>\n\n\t\t\n\t\t<div class=\"lqd-tabs-content lqd-togglable-element elementor-repeater-item-6f7e444 hidden\" id=\"lqd-tabs-content-6f7e444-unsere-mission\"><style>.elementor-5579 .elementor-element.elementor-element-1265a3eb{--display:flex;--flex-direction:column;--container-widget-width:100%;--container-widget-height:initial;--container-widget-flex-grow:0;--container-widget-align-self:initial;--flex-wrap-mobile:wrap;}.elementor-5579 .elementor-element.elementor-element-685f0993{text-align:center;}<\/style>\t\t<div data-elementor-type=\"container\" data-elementor-id=\"5579\" class=\"elementor elementor-5579 elementor-1106\" data-elementor-post-type=\"elementor_library\">\n\t\t\t\t<div class=\"elementor-element elementor-element-1265a3eb e-flex e-con-boxed e-con e-parent\" data-id=\"1265a3eb\" data-element_type=\"container\">\n\t\t\t\t\t<div class=\"e-con-inner\">\n\t\t\t\t<div class=\"elementor-element elementor-element-685f0993 lqd-text-tag-p elementor-widget elementor-widget-lqd-text\" data-id=\"685f0993\" data-element_type=\"widget\" data-widget_type=\"lqd-text.default\">\n\t\t\t\t<div class=\"elementor-widget-container\">\n\t\t\t\t\t<p class=\"lqd-text-el m-0 p-0\"><span class=\"lqd-text-item relative elementor-repeater-item-55e179c\">Unsere Mission ist es, den Transportprozess zu vereinfachen und unseren Kunden ein unvergleichliches Gef\u00fchl der Sicherheit zu bieten. Durch ma\u00dfgeschneiderte Dienstleistungen, Liebe zum Detail und ein unersch\u00fctterliches Engagement f\u00fcr Qualit\u00e4t streben wir danach, jeden Umzug mit Blackbird Moving zu einer reibungslosen und stressfreien Erfahrung zu machen.\n\nEgal, ob Sie nur eine Stra\u00dfe weiter oder ans andere Ende der Welt umziehen \u2013 Sie k\u00f6nnen darauf vertrauen, dass wir Ihre G\u00fcter sicher, zuverl\u00e4ssig und termingerecht liefern.<\/span><\/p>\t\t\t\t<\/div>\n\t\t\t\t<\/div>\n\t\t\t\t\t<\/div>\n\t\t\t\t<\/div>\n\t\t\t\t<\/div>\n\t\t<\/div>\n\n\t\t\t\t\t\t\t<\/div>\n\t\t\t\t<\/div>\n\t\t<script>\n\t\twindow.liquid.behaviors.push( {\n\t\t\tdataId: \"96559c4\",\n\t\t\tbehaviors:[\n\t\t\t\t{behaviorName:'liquidToggle',options:{openedItem:0,toggleOffActiveItem:true,keepOneItemActive:true,changePropPrefix:'lqdTabsToggle-96559c4',ui:{togglableTriggers:'.lqd-tabs-trigger',togglableElements:'.lqd-tabs-content'}}},{behaviorName:'liquidEffectsDisplayToggle',options:{changePropPrefix:'lqdTabsToggle-96559c4'}},{behaviorName:'liquidEffectsFadeToggle',options:{changePropPrefix:'lqdTabsToggle-96559c4'}},\n\t\t\t]\n\t\t} );\n\t\t\n\t\t<\/script>\t\t\t<\/div>\n\t\t\t\t<\/div>\n\t\t<div class=\"elementor-element elementor-element-b44bee9 e-flex e-con-boxed e-con e-parent\" data-id=\"b44bee9\" data-element_type=\"container\" data-settings=\"{&quot;background_background&quot;:&quot;classic&quot;}\">\n\t\t\t\t\t<div class=\"e-con-inner\">\n\t\t<div class=\"elementor-element elementor-element-74618ea e-con-full e-flex e-con e-child\" data-id=\"74618ea\" data-element_type=\"container\">\n\t\t\t\t<div class=\"elementor-element elementor-element-99f09ea lqd-text-tag-h2 elementor-widget elementor-widget-lqd-text\" data-id=\"99f09ea\" data-element_type=\"widget\" data-widget_type=\"lqd-text.default\">\n\t\t\t\t<div class=\"elementor-widget-container\">\n\t\t\t\t\t<h2 class=\"lqd-text-el m-0 p-0\"><span class=\"lqd-text-item relative elementor-repeater-item-5e3578d\">Professioneller Service in jedem Schritt<\/span><\/h2>\t\t\t\t<\/div>\n\t\t\t\t<\/div>\n\t\t\t\t<div class=\"elementor-element elementor-element-ebfb109 lqd-text-tag-p elementor-widget elementor-widget-lqd-text\" data-id=\"ebfb109\" data-element_type=\"widget\" data-widget_type=\"lqd-text.default\">\n\t\t\t\t<div class=\"elementor-widget-container\">\n\t\t\t\t\t<p class=\"lqd-text-el m-0 p-0\"><span class=\"lqd-text-item relative elementor-repeater-item-5e3578d\">Bei Blackbird Moving wissen wir, dass jeder Umzug einzigartig ist.\n\nVon der Planung \u00fcber die Verpackung und Zollabwicklung bis hin zur endg\u00fcltigen Lieferung steht Ihnen unser engagiertes Team in jeder Phase des Prozesses zur Seite. Wir verwalten jedes Detail mit gr\u00f6\u00dfter Sorgfalt, um Ihnen eine reibungslose und stressfreie Umzugserfahrung zu bieten.\n\nMit individuell angepassten L\u00f6sungen und unserem unersch\u00fctterlichen Engagement f\u00fcr Exzellenz sorgen wir daf\u00fcr, dass Ihr internationaler Umzug so effizient und m\u00fchelos wie m\u00f6glich verl\u00e4uft.<\/span><\/p>\t\t\t\t<\/div>\n\t\t\t\t<\/div>\n\t\t\t\t<div class=\"elementor-element elementor-element-1a40c0a elementor-widget elementor-widget-lqd-accordion lqd-accordion w-full\" data-id=\"1a40c0a\" data-element_type=\"widget\" data-widget_type=\"lqd-accordion.default\">\n\t\t\t\t<div class=\"elementor-widget-container\">\n\t\t\t\t\t\n\t\t<div class=\"lqd-accordion-item elementor-repeater-item-99f981c transition-colors lqd-is-active\">\n\t\t\t<h3 class=\"lqd-accordion-heading m-0 p-0\" tabindex=\"-1\">\n\t\t\t\t<a class=\"lqd-accordion-trigger lqd-togglable-trigger lqd-widget-trigger flex items-center w-full cursor-pointer transition-colors lqd-is-active\" href=\"#lqd-accordion-1a40c0a-content\" aria-expanded=\"true\" aria-controls=\"lqd-accordion-1a40c0a-content\" tabindex=\"0\">\n\t\t\t\t\t<span class=\"lqd-accordion-heading-txt pointer-events-none\">Wie gew\u00e4hrleisten Sie die Sicherheit meiner Gegenst\u00e4nde w\u00e4hrend des Transports?<\/span>\n\t\t\t\t\t\t\t\t\t<\/a>\n\t\t\t<\/h3>\n\t\t\t<div class=\"lqd-accordion-content-wrap lqd-togglable-element lqd-is-active\" id=\"lqd-accordion-1a40c0a-content\">\n\t\t\t\t<div class=\"lqd-accordion-content\">\n\t\t\t\t\t<p>Bei Blackbird Moving hat die Sicherheit und der Schutz Ihrer Gegenst\u00e4nde oberste Priorit\u00e4t.<\/p><p>Wir setzen branchenf\u00fchrende Verpackungstechniken ein, verwenden hochwertige Materialien und ergreifen strenge Qualit\u00e4tskontrollma\u00dfnahmen, um den Schutz Ihrer Besitzt\u00fcmer w\u00e4hrend des gesamten Transports zu gew\u00e4hrleisten.<\/p>\t\t\t\t<\/div>\n\t\t\t<\/div>\n\t\t<\/div>\n\n\t\t\n\t\t<div class=\"lqd-accordion-item elementor-repeater-item-222fa37 transition-colors\">\n\t\t\t<h3 class=\"lqd-accordion-heading m-0 p-0\" tabindex=\"-1\">\n\t\t\t\t<a class=\"lqd-accordion-trigger lqd-togglable-trigger lqd-widget-trigger flex items-center w-full cursor-pointer transition-colors\" href=\"#lqd-accordion-1a40c0a-content\" aria-expanded=\"false\" aria-controls=\"lqd-accordion-1a40c0a-content\" tabindex=\"0\">\n\t\t\t\t\t<span class=\"lqd-accordion-heading-txt pointer-events-none\">Was unterscheidet Blackbird Moving von anderen Transportunternehmen?<\/span>\n\t\t\t\t\t\t\t\t\t<\/a>\n\t\t\t<\/h3>\n\t\t\t<div class=\"lqd-accordion-content-wrap lqd-togglable-element hidden\" id=\"lqd-accordion-1a40c0a-content\">\n\t\t\t\t<div class=\"lqd-accordion-content\">\n\t\t\t\t\t<p>Was Blackbird Moving auszeichnet, ist unsere unersch\u00fctterliche Verpflichtung zu Professionalit\u00e4t und Kundenzufriedenheit.<\/p><p>Wir kombinieren langj\u00e4hrige Erfahrung mit einem individuellen Ansatz, um sicherzustellen, dass jeder Kunde ma\u00dfgeschneiderte L\u00f6sungen und au\u00dfergew\u00f6hnlichen Service erh\u00e4lt.<\/p><p>Wenn Sie mit uns zusammenarbeiten, k\u00f6nnen Sie sich auf Zuverl\u00e4ssigkeit, Transparenz und eine stressfreie Umzugserfahrung verlassen.<\/p>\t\t\t\t<\/div>\n\t\t\t<\/div>\n\t\t<\/div>\n\n\t\t\t\t\t\t<\/div>\n\t\t\t\t<\/div>\n\t\t<script>\n\t\twindow.liquid.behaviors.push( {\n\t\t\tdataId: \"1a40c0a\",\n\t\t\tbehaviors:[\n\t\t\t\t{behaviorName:'liquidToggle',options:{changePropPrefix:'lqdAccordionToggle-1a40c0a',openedItems:[0],parentToChangeClassname:'.lqd-accordion-item',toggleOffActiveItem:true,ui:{togglableTriggers:'.lqd-accordion-trigger',togglableElements:'.lqd-accordion-content-wrap'}}},{behaviorName:'liquidEffectsSlideToggle',options:{changePropPrefix:'lqdAccordionToggle-1a40c0a'}},\n\t\t\t]\n\t\t} );\n\t\t\n\t\t<\/script>\t\t<\/div>\n\t\t<div class=\"elementor-element elementor-element-5555d4f e-con-full e-flex e-con e-child\" data-id=\"5555d4f\" data-element_type=\"container\">\n\t\t\t\t<div class=\"elementor-element elementor-element-bab0f98 elementor-widget elementor-widget-lqd-image\" data-id=\"bab0f98\" data-element_type=\"widget\" data-widget_type=\"lqd-image.default\">\n\t\t\t\t<div class=\"elementor-widget-container\">\n\t\t\t\t\t\n\t\t<figure class=\"inline-block relative align-middle overflow-hidden lqd-transform-perspective transition-colors\" data-lqd-look-at-mouse data-lqd-hover3d-el>\n\n\t\t\t\n\t\t\t\t\n\t\t\t\t<img loading=\"lazy\" decoding=\"async\" width=\"1920\" height=\"2710\" src=\"https:\/\/blackbird-moving.com\/wp-content\/uploads\/2024\/11\/blackbirdk-moving-truck.jpg\" class=\"attachment-full size-full wp-image-4082\" alt=\"\" srcset=\"https:\/\/blackbird-moving.com\/wp-content\/uploads\/2024\/11\/blackbirdk-moving-truck.jpg 1920w, https:\/\/blackbird-moving.com\/wp-content\/uploads\/2024\/11\/blackbirdk-moving-truck-213x300.jpg 213w, https:\/\/blackbird-moving.com\/wp-content\/uploads\/2024\/11\/blackbirdk-moving-truck-725x1024.jpg 725w\" sizes=\"auto, (max-width: 1920px) 100vw, 1920px\" \/>\n\t\t\t\t\n\t\t\t\t\n\t\t\t\t\n\t\t\t\n\t\t\t\n\t\t<\/figure>\n\n\t\t\t\t\t\t<\/div>\n\t\t\t\t<\/div>\n\t\t\t\t<\/div>\n\t\t\t\t\t<\/div>\n\t\t\t\t<\/div>\n\t\t\t\t<\/div>\n\t\t","protected":false},"excerpt":{"rendered":"<p>Wir stellen Blackbird International Movers vor: Die Tradition der Exzellenz mit Karakus.ch fortf\u00fchren Als Erweiterung unseres angesehenen Erbes wurde Blackbird International Movers gegr\u00fcndet und ist stolz darauf, die Schwestergesellschaft von Karakus.ch zu sein \u2013 einem renommierten Unternehmen, das seit \u00fcber 25 Jahren in der gesamten Schweiz und Italien f\u00fcr Vertrauen und Qualit\u00e4t in der Branche [&hellip;]<\/p>\n","protected":false},"author":3,"featured_media":0,"parent":0,"menu_order":0,"comment_status":"closed","ping_status":"closed","template":"","meta":{"_acf_changed":false,"footnotes":""},"class_list":["post-5219","page","type-page","status-publish","hentry"],"acf":[],"_links":{"self":[{"href":"https:\/\/blackbird-moving.com\/de\/wp-json\/wp\/v2\/pages\/5219","targetHints":{"allow":["GET"]}}],"collection":[{"href":"https:\/\/blackbird-moving.com\/de\/wp-json\/wp\/v2\/pages"}],"about":[{"href":"https:\/\/blackbird-moving.com\/de\/wp-json\/wp\/v2\/types\/page"}],"author":[{"embeddable":true,"href":"https:\/\/blackbird-moving.com\/de\/wp-json\/wp\/v2\/users\/3"}],"replies":[{"embeddable":true,"href":"https:\/\/blackbird-moving.com\/de\/wp-json\/wp\/v2\/comments?post=5219"}],"version-history":[{"count":17,"href":"https:\/\/blackbird-moving.com\/de\/wp-json\/wp\/v2\/pages\/5219\/revisions"}],"predecessor-version":[{"id":11091,"href":"https:\/\/blackbird-moving.com\/de\/wp-json\/wp\/v2\/pages\/5219\/revisions\/11091"}],"wp:attachment":[{"href":"https:\/\/blackbird-moving.com\/de\/wp-json\/wp\/v2\/media?parent=5219"}],"curies":[{"name":"wp","href":"https:\/\/api.w.org\/{rel}","templated":true}]}}